{"id":993,"date":"2014-06-25T18:26:47","date_gmt":"2014-06-27T18:25:07","guid":{"rendered":"https:\/\/canada.ul.com\/?page_id=993"},"modified":"2020-07-17T14:11:58","modified_gmt":"2020-07-17T14:11:58","slug":"2010certificationbulletins","status":"publish","type":"page","link":"https:\/\/canada.ul.com\/fr\/2010certificationbulletins\/","title":{"rendered":"Bulletins de Certification 2010"},"content":{"rendered":"<p><a href=\"https:\/\/canada.ul.com\/wp-content\/uploads\/sites\/11\/2014\/06\/Bulletin-de-Certification_2010-01FRN-ULC-S304-06.pdf\" target=\"_blank\">Bulletin de Certification_2010-01(FRN)-ULC-S304-06<\/a>\u00a0Bulletin d&#8217;avis de report de date d&#8217;entr\u00e9e en vigueur-CAN\/ULC S304<\/p>\n<p><a href=\"https:\/\/canada.ul.com\/wp-content\/uploads\/sites\/11\/2014\/06\/Bulletin-de-Certification_2010-02FRN-ULC-S301-09.pdf\" target=\"_blank\">Bulletin de Certification_2010-02(FRN)-ULC-S301-09<\/a>\u00a0Deuxi\u00e8me \u00e9dition de la norme CAN\/ULC-S301-09, Syst\u00e8mes d&#8217;alarme antivol et op\u00e9rations de la centrale de r\u00e9ception d&#8217;alarme<\/p>\n<p>Bulletin de Certification_2010-03\u00a0VOID<\/p>\n<p><a href=\"https:\/\/canada.ul.com\/wp-content\/uploads\/sites\/11\/2014\/06\/Buleltin-de-Certification_2010-04FRN-ULC-S302-M91-ULULC-logo.pdf\" target=\"_blank\">Bulletin de Certification_2010-04 (FRN)-ULC-S302-M91<\/a>\u00a0UL,ULC Logo Connection of Ancillary Devices to a Certificated Burglar Alarm System.<\/p>\n<p><a href=\"https:\/\/canada.ul.com\/wp-content\/uploads\/sites\/11\/2014\/06\/Bulletin-de-Certification_2010-05FRN-ULC-C2166.pdf\" target=\"_blank\">Bulletin de Certification_2010-05(FRN)-ULC-C2166<\/a>\u00a0Retrait de la cat\u00e9gories GARZC<\/p>\n<p><a href=\"https:\/\/canada.ul.com\/wp-content\/uploads\/sites\/11\/2014\/06\/Bulletin-de-Certification_2010-06FRN-ULC-Subject-867.pdf\" target=\"_blank\">Bulletin de Certification_2010-06(FRN)-ULC-Subject 867<\/a>\u00a0Changement de service de type L au type R<\/p>\n","protected":false},"excerpt":{"rendered":"<p>Bulletin de Certification_2010-01(FRN)-ULC-S304-06\u00a0Bulletin d&#8217;avis de report de date d&#8217;entr\u00e9e en vigueur-CAN\/ULC S304 Bulletin de Certification_2010-02(FRN)-ULC-S301-09\u00a0Deuxi\u00e8me \u00e9dition de la norme CAN\/ULC-S301-09, Syst\u00e8mes d&#8217;alarme antivol et op\u00e9rations de la centrale de r\u00e9ception d&#8217;alarme Bulletin de Certification_2010-03\u00a0VOID Bulletin [&hellip;]<\/p>\n","protected":false},"author":197,"featured_media":0,"parent":0,"menu_order":0,"comment_status":"open","ping_status":"closed","template":"","meta":{"_acf_changed":false,"inline_featured_image":false,"footnotes":""},"class_list":["post-993","page","type-page","status-publish","hentry"],"acf":[],"_links":{"self":[{"href":"https:\/\/canada.ul.com\/fr\/wp-json\/wp\/v2\/pages\/993","targetHints":{"allow":["GET"]}}],"collection":[{"href":"https:\/\/canada.ul.com\/fr\/wp-json\/wp\/v2\/pages"}],"about":[{"href":"https:\/\/canada.ul.com\/fr\/wp-json\/wp\/v2\/types\/page"}],"author":[{"embeddable":true,"href":"https:\/\/canada.ul.com\/fr\/wp-json\/wp\/v2\/users\/197"}],"replies":[{"embeddable":true,"href":"https:\/\/canada.ul.com\/fr\/wp-json\/wp\/v2\/comments?post=993"}],"version-history":[{"count":0,"href":"https:\/\/canada.ul.com\/fr\/wp-json\/wp\/v2\/pages\/993\/revisions"}],"wp:attachment":[{"href":"https:\/\/canada.ul.com\/fr\/wp-json\/wp\/v2\/media?parent=993"}],"curies":[{"name":"wp","href":"https:\/\/api.w.org\/{rel}","templated":true}]}}