{"id":991,"date":"2014-06-27T18:21:36","date_gmt":"2014-06-26T16:44:13","guid":{"rendered":"https:\/\/canada.ul.com\/?page_id=991"},"modified":"2017-09-19T17:50:04","modified_gmt":"2017-09-19T17:50:04","slug":"newprojects","status":"publish","type":"page","link":"https:\/\/canada.ul.com\/fr\/normesulc\/standardsactivities\/newprojects\/","title":{"rendered":"Nouveaux Projets"},"content":{"rendered":"<p>Les activit\u00e9s d&#8217;\u00e9laboration de Normes ULC comprennent de nouvelles normes, de nouvelles \u00e9ditions des normes existantes, ainsi que des modifications, confirmations et retraits de normes d\u00e9j\u00e0 publi\u00e9es.<\/p>\n<p>Pour obtenir une liste de toutes les nouvelles activit\u00e9s d&#8217;\u00e9laboration de Normes ULC, consulter <a href=\"http:\/\/www.scc.ca\/fr\/normes\/avis-dintention?field_comment_period_end_date_value_op=%3E&#038;field_comment_period_end_date_value%5Bvalue%5D%5Byear%5D=&#038;field_comment_period_end_date_value%5Bvalue%5D%5Bmonth%5D=&#038;field_comment_period_end_date_value%5Bvalue%5D%5Bday%5D=&#038;field_comment_period_end_date_value%5Bmin%5D%5Byear%5D=&#038;field_comment_period_end_date_value%5Bmin%5D%5Bmonth%5D=&#038;field_comment_period_end_date_value%5Bmin%5D%5Bday%5D=&#038;field_comment_period_end_date_value%5Bmax%5D%5Byear%5D=&#038;field_comment_period_end_date_value%5Bmax%5D%5Bmonth%5D=&#038;field_comment_period_end_date_value%5Bmax%5D%5Bday%5D=&#038;type=work_program_ulc&#038;field_taxonomy_status_tid_i18n=All&#038;field_designation_number_value=&#038;title=&#038;items_per_page=10\">Avis d&#8217;intention<\/a> au Conseil canadien des normes (CCN).<\/p>\n","protected":false},"excerpt":{"rendered":"<p>Les activit\u00e9s d&#8217;\u00e9laboration de Normes ULC comprennent de nouvelles normes, de nouvelles \u00e9ditions des normes existantes, ainsi que des modifications, confirmations et retraits de normes d\u00e9j\u00e0 publi\u00e9es. Pour obtenir une liste de toutes les nouvelles [&hellip;]<\/p>\n","protected":false},"author":197,"featured_media":0,"parent":944,"menu_order":0,"comment_status":"open","ping_status":"closed","template":"","meta":{"_acf_changed":false,"inline_featured_image":false,"footnotes":""},"class_list":["post-991","page","type-page","status-publish","hentry"],"acf":[],"_links":{"self":[{"href":"https:\/\/canada.ul.com\/fr\/wp-json\/wp\/v2\/pages\/991","targetHints":{"allow":["GET"]}}],"collection":[{"href":"https:\/\/canada.ul.com\/fr\/wp-json\/wp\/v2\/pages"}],"about":[{"href":"https:\/\/canada.ul.com\/fr\/wp-json\/wp\/v2\/types\/page"}],"author":[{"embeddable":true,"href":"https:\/\/canada.ul.com\/fr\/wp-json\/wp\/v2\/users\/197"}],"replies":[{"embeddable":true,"href":"https:\/\/canada.ul.com\/fr\/wp-json\/wp\/v2\/comments?post=991"}],"version-history":[{"count":0,"href":"https:\/\/canada.ul.com\/fr\/wp-json\/wp\/v2\/pages\/991\/revisions"}],"up":[{"embeddable":true,"href":"https:\/\/canada.ul.com\/fr\/wp-json\/wp\/v2\/pages\/944"}],"wp:attachment":[{"href":"https:\/\/canada.ul.com\/fr\/wp-json\/wp\/v2\/media?parent=991"}],"curies":[{"name":"wp","href":"https:\/\/api.w.org\/{rel}","templated":true}]}}