{"id":987,"date":"2014-06-27T16:16:01","date_gmt":"2014-06-27T16:16:01","guid":{"rendered":"https:\/\/canada.ul.com\/?page_id=987"},"modified":"2019-06-28T12:58:26","modified_gmt":"2019-06-28T12:58:26","slug":"listofcommittees","status":"publish","type":"page","link":"https:\/\/canada.ul.com\/fr\/normesulc\/technicalcommittees\/listofcommittees\/","title":{"rendered":"Liste des Comit\u00e9s"},"content":{"rendered":"<p><P>La liste suivante comprend les comit\u00e9s de Normes ULC et leurs mandats respectifs<\/p>\n<div class=\"accordion-group\">\n<div class=\"accordion\"><a class=\"accordion-heading collapsed\"><span class=\"glyph glyph-chevron-down\"><\/span>Comit\u00e9 des essais de comportement au feu : ULC-S100A<\/a><\/p>\n<div class=\"collapse\" id=\"collapse1\">\n<div class=\"accordion-body\">\n<p>\u00c9laborer des m\u00e9thodes d&#8217;essai pour \u00e9valuer les mat\u00e9riaux de construction et assemblages et les ameublements utilis\u00e9s dans la construction lorsqu&#8217;ils sont expos\u00e9s \u00e0 un incendie;<\/p>\n<p>\u00c9laborer des normes qui reposent sur le comportement des mat\u00e9riaux de construction et assemblages et des ameublements soumis \u00e0 des conditions d&#8217;essai; et<\/p>\n<p>\u00c9laborer des normes pour la conception technique des assemblages et des \u00e9l\u00e9ments de structure dans des conditions d&#8217;incendie.<\/p>\n<\/div>\n<\/div>\n<\/div>\n<div class=\"accordion\"><a class=\"accordion-heading collapsed\"><span class=\"glyph glyph-chevron-down\"><\/span>Comit\u00e9 de la s\u00e9curit\u00e9, du mat\u00e9riel et des syst\u00e8mes d&#8217;alarme antivol : ULC-S300A<\/a><\/p>\n<div class=\"collapse\" id=\"collapse2\">\n<div class=\"accordion-body\">\n<p>\u00c9laborer des normes, des m\u00e9thodes d&#8217;essai et des exigences applicables relatives au mat\u00e9riel et aux syst\u00e8mes d&#8217;alarme antivol et \u00e9laborer des exigences en mati\u00e8re de classification qui ont trait \u00e0 l&#8217;installation, au fonctionnement et \u00e0 l&#8217;entretien du mat\u00e9riel et des syst\u00e8mes.<\/p>\n<\/div>\n<\/div>\n<\/div>\n<div class=\"accordion\"><a class=\"accordion-heading collapsed\"><span class=\"glyph glyph-chevron-down\"><\/span>Comit\u00e9 sur l&#8217;\u00e9quipement de protection mat\u00e9rielle : ULC-S300B<\/a><\/p>\n<div class=\"collapse\" id=\"collapse3\">\n<div class=\"accordion-body\">\n<p>\u00c9laborer et mettre \u00e0 jour des normes r\u00e9gissant le rendement de l&#8217;\u00e9quipement de protection mat\u00e9rielle, en vertu des conditions prescrites pour l&#8217;essai.<\/p>\n<\/div>\n<\/div>\n<\/div>\n<div class=\"accordion\"><a class=\"accordion-heading collapsed\"><span class=\"glyph glyph-chevron-down\"><\/span>Comit\u00e9 sur les syst\u00e8mes et les appareillages de pr\u00e9vention du vol de v\u00e9hicules automobiles : ULC-S300V<\/a><\/p>\n<div class=\"collapse\" id=\"collapse4\">\n<div class=\"accordion-body\">\n<p>\u00c9laborer et mettre \u00e0 jour des normes r\u00e9gissant le rendement et l&#8217;installation des syst\u00e8mes et appareillages de pr\u00e9vention du vol de v\u00e9hicules automobiles, en vertu des conditions prescrites pour l&#8217;essai.<\/p>\n<\/div>\n<\/div>\n<\/div>\n<div class=\"accordion\"><a class=\"accordion-heading collapsed\"><span class=\"glyph glyph-chevron-down\"><\/span>Comit\u00e9 sur le travail sous tension : ULC-S400A<\/a><\/p>\n<div class=\"collapse\" id=\"collapse5\">\n<div class=\"accordion-body\">\n<p>\u00c9laborer et mettre \u00e0 jour des normes relatives aux travaux sous tension fond\u00e9es sur les normes CEI\/TC78 en tant que Normes nationales du Canada.<\/p>\n<\/div>\n<\/div>\n<\/div>\n<div class=\"accordion\"><a class=\"accordion-heading collapsed\"><span class=\"glyph glyph-chevron-down\"><\/span>Comit\u00e9 de normes ULC sur l&#8217;\u00e9clairage \u00e0 semiconducteurs et \u00e0 DEL<\/a><\/p>\n<div class=\"collapse\" id=\"collapse6\">\n<div class=\"accordion-body\">\n<p>\u00c9laborer des normes portant sur l&#8217;\u00e9quipement \u00e0 semiconducteurs et \u00e0 diodes \u00e9lectroluminescentes (DEL) qui fait partie int\u00e9grante d&#8217;un luminaire ou d&#8217;un autre produit d&#8217;\u00e9clairage et dont le spectre visible couvre de 400 \u00e0 700\u00a0nm. Les composants de l&#8217;\u00e9quipement \u00e0 diodes \u00e9lectroluminescentes (DEL), y compris les modules pilotes pour DEL ainsi que les contr\u00f4leurs, les barrettes, les modules et les bo\u00eetiers de DEL seront \u00e9galement trait\u00e9s.<\/p>\n<\/div>\n<\/div>\n<\/div>\n<div class=\"accordion\"><a class=\"accordion-heading collapsed\"><span class=\"glyph glyph-chevron-down\"><\/span>Comit\u00e9 sur les extincteurs portatifs : ULC-S500A<\/a><\/p>\n<div class=\"collapse\" id=\"collapse7\">\n<div class=\"accordion-body\">\n<p>\u00c9laborer des normes relatives \u00e0 la construction, au rendement, \u00e0 l&#8217;indice de r\u00e9sistance au feu et \u00e0 la classification des extincteurs portatifs (\u00e0 main et sur roues), aux agents chimiques utilis\u00e9s et \u00e0 l&#8217;entretien des extincteurs.<\/p>\n<\/div>\n<\/div>\n<\/div>\n<div class=\"accordion\"><a class=\"accordion-heading collapsed\"><span class=\"glyph glyph-chevron-down\"><\/span>Comit\u00e9 sur l&#8217;\u00e9quipement et les syst\u00e8mes de protection incendie : ULC-S500B<\/a><\/p>\n<div class=\"collapse\" id=\"collapse8\">\n<div class=\"accordion-body\">\n<p>\u00c9laborer des normes relatives \u00e0 la construction et au rendement, sans toutefois s&#8217;y limiter, de l&#8217;\u00e9quipement et des syst\u00e8mes de protection incendie, notamment les engins de lutte contre l&#8217;incendie, les boyaux et raccords municipaux et forestiers, les appareils de robinetterie, etc.<\/p>\n<\/div>\n<\/div>\n<\/div>\n<div class=\"accordion\"><a class=\"accordion-heading collapsed\"><span class=\"glyph glyph-chevron-down\"><\/span>Comit\u00e9 sur l&#8217;\u00e9quipement et les r\u00e9seaux avertisseurs d&#8217;incendie et sur l&#8217;\u00e9quipement et les syst\u00e8mes de s\u00e9curit\u00e9 des personnes : ULC-S500F<\/a><\/p>\n<div class=\"collapse\" id=\"collapse9\">\n<div class=\"accordion-body\">\n<p>\u00c9laborer des normes, des lignes directrices, des m\u00e9thodes d&#8217;essai, d&#8217;installation et de mise en service de b\u00e2timents ou d&#8217;installations et des exigences applicables pour la s\u00e9curit\u00e9 des personnes concernant la protection incendie, l&#8217;\u00e9quipement et les syst\u00e8mes de d\u00e9tection et d&#8217;avertissement et interagir avec d&#8217;autres comit\u00e9s des ULC, le cas \u00e9ch\u00e9ant.<\/p>\n<\/div>\n<\/div>\n<\/div>\n<div class=\"accordion\"><a class=\"accordion-heading collapsed\"><span class=\"glyph glyph-chevron-down\"><\/span>Comit\u00e9 sur les mousses extinctrices : ULC-S500G<\/a><\/p>\n<div class=\"collapse\" id=\"collapse10\">\n<div class=\"accordion-body\"><P>\u00c9laborer et mettre \u00e0 jour des normes relatives au rendement des mousses extinctrices.<\/p>\n<\/div>\n<\/div>\n<\/div>\n<div class=\"accordion\"><a class=\"accordion-heading collapsed\"><span class=\"glyph glyph-chevron-down\"><\/span>Comit\u00e9 sur les syst\u00e8mes fixes d&#8217;extinction d&#8217;incendie : ULC-S500S<\/a><\/p>\n<div class=\"collapse\" id=\"collapse11\">\n<div class=\"accordion-body\">\n<p>\u00c9laborer et mettre \u00e0 jour des normes de produits contenant des exigences relatives \u00e0 la conception, \u00e0 la construction et au rendement des syst\u00e8mes fixes de lutte contre l&#8217;incendie \u00e0 eau, notamment les gicleurs traditionnels, \u00e0 moyenne pulv\u00e9risation, \u00e0 diffusion plate et muraux, ainsi que des syst\u00e8mes de d\u00e9senfumage dans les immeubles r\u00e9sidentiels et commerciaux.<\/p>\n<\/div>\n<\/div>\n<\/div>\n<div class=\"accordion\"><a class=\"accordion-heading collapsed\"><span class=\"glyph glyph-chevron-down\"><\/span>Comit\u00e9 sur les r\u00e9servoirs de stockage en acier stationnaires pour les liquides inflammables et combustibles : ULC-S600A<\/a><\/p>\n<div class=\"collapse\" id=\"collapse12\">\n<div class=\"accordion-body\">\n<p>\u00c9laborer et mettre \u00e0 jour des normes comportant des exigences relatives \u00e0 la conception, \u00e0 la construction, au rendement et \u00e0 la protection des r\u00e9servoirs de stockage en acier pr\u00e9fabriqu\u00e9s non pressuris\u00e9s, qui sont utilis\u00e9s pour le stockage en surface ou souterrain des liquides inflammables et combustibles, notamment l&#8217;essence, le mazout et les produits semblables; et toutes les questions connexes.<\/p>\n<\/div>\n<\/div>\n<\/div>\n<div class=\"accordion\"><a class=\"accordion-heading collapsed\"><span class=\"glyph glyph-chevron-down\"><\/span>Comit\u00e9 sur les r\u00e9servoirs de stockage non m\u00e9talliques stationnaires pour les liquides inflammables et combustibles : ULC-S600B<\/a><\/p>\n<div class=\"collapse\" id=\"collapse13\">\n<div class=\"accordion-body\">\n<p>\u00c9laborer et mettre \u00e0 jour des normes comportant des exigences relatives \u00e0 la conception, \u00e0 la construction et au rendement, dans des conditions naturelles, des r\u00e9servoirs de stockage non m\u00e9talliques pr\u00e9fabriqu\u00e9s, qui sont utilis\u00e9s pour le stockage en surface ou souterrain des liquides inflammables et combustibles.<\/p>\n<\/div>\n<\/div>\n<\/div>\n<div class=\"accordion\"><a class=\"accordion-heading collapsed\"><span class=\"glyph glyph-chevron-down\"><\/span>Comit\u00e9 sur les foyers, les chemin\u00e9es et les conduits d&#8217;\u00e9vacuation pr\u00e9fabriqu\u00e9s \u2013 ULC-S600E<\/a><\/p>\n<div class=\"collapse\" id=\"collapse14\">\n<div class=\"accordion-body\">\n<p>\u00c9laborer des normes comportant des exigences relatives \u00e0 la construction, au rendement et \u00e0 la s\u00e9curit\u00e9 des foyers \u00e0 combustibles solides pr\u00e9fabriqu\u00e9s con\u00e7us principalement pour le chauffage des constructions fixes et mobiles; et des chemin\u00e9es et conduits d&#8217;\u00e9vacuation pr\u00e9fabriqu\u00e9s con\u00e7us principalement pour transporter les gaz de combustion produits par des appareils \u00e0 combustibles gazeux, liquides et solides \u00e0 l&#8217;ext\u00e9rieur des constructions fixes et mobiles.<\/p>\n<\/div>\n<\/div>\n<\/div>\n<div class=\"accordion\"><a class=\"accordion-heading collapsed\"><span class=\"glyph glyph-chevron-down\"><\/span>Comit\u00e9 sur les raccords pour combustibles inflammables : ULC-S600H<\/a><\/p>\n<div class=\"collapse\" id=\"collapse15\">\n<div class=\"accordion-body\">\n<p>\u00c9laborer des normes, des m\u00e9thodes d&#8217;essai et des exigences applicables relatives \u00e0 des dispositifs et des raccords, y compris les composants associ\u00e9s au confinement et \u00e0 la distribution des liquides inflammables et combustibles.<\/p>\n<\/div>\n<\/div>\n<\/div>\n<div class=\"accordion\"><a class=\"accordion-heading collapsed\"><span class=\"glyph glyph-chevron-down\"><\/span>Comit\u00e9 sur l&#8217;\u00e9quipement et les syst\u00e8mes pour hotte de cuisine : ULC-S600K<\/a><\/p>\n<div class=\"collapse\" id=\"collapse16\">\n<div class=\"accordion-body\">\n<p>\u00c9laborer des normes, des m\u00e9thodes d&#8217;essai et des exigences applicables relatives \u00e0 l&#8217;\u00e9quipement d&#8217;aspiration de la fum\u00e9e et de la vapeur dans les commerces, les industries, les \u00e9tablissements et dans des secteurs similaires et \u00e9laborer des exigences relatives \u00e0 l&#8217;installation, au rendement et \u00e0 l&#8217;extinction de l&#8217;\u00e9quipement.<\/p>\n<\/div>\n<\/div>\n<\/div>\n<div class=\"accordion\"><a class=\"accordion-heading collapsed\"><span class=\"glyph glyph-chevron-down\"><\/span>Comit\u00e9 sur les s\u00e9parateurs huile-eau : ULC-S600L<\/a><\/p>\n<div class=\"collapse\" id=\"collapse17\">\n<div class=\"accordion-body\">\n<p>\u00c9laborer et mettre \u00e0 jour des normes relatives \u00e0 la conception, \u00e0 la construction et au rendement des ensembles utilis\u00e9s pour s\u00e9parer les hydrocarbures non \u00e9mulsionn\u00e9s et non solubles de l&#8217;eau.<\/p>\n<\/div>\n<\/div>\n<\/div>\n<div class=\"accordion\"><a class=\"accordion-heading collapsed\"><span class=\"glyph glyph-chevron-down\"><\/span>Comit\u00e9 sur la performance thermique et utilisation de l&#8217;\u00e9nergie en environnement b\u00e2ti : ULC-S700<\/a><\/p>\n<div class=\"collapse\" id=\"collapse18\">\n<div class=\"accordion-body\">\n<p>\u00c9laborer et mettre \u00e0 jour une seule s\u00e9rie de normes ax\u00e9es sur le rendement relatives aux mat\u00e9riaux et \u00e0 leur mise en \u0153uvre, des lignes directrices, des m\u00e9thodes d\u2019essai et des exigences applicables relatives aux mat\u00e9riaux et aux syst\u00e8mes d\u2019isolation thermique et d\u2019\u00e9tanch\u00e9it\u00e9 \u00e0 l\u2019air destin\u00e9s \u00e0 \u00eatre utilis\u00e9s dans la construction r\u00e9sidentielle, industrielle, commerciale et institutionnelle et dans d\u2019autres secteurs, en tenant compte des besoins finaux des utilisateurs. Un syst\u00e8me d\u2019\u00e9tanch\u00e9it\u00e9 \u00e0 l\u2019air est compos\u00e9 d\u2019ensembles qui sont con\u00e7us et install\u00e9s pour former une surface continue destin\u00e9e \u00e0 emp\u00eacher le passage de l\u2019air.<\/p>\n<\/div>\n<\/div>\n<\/div>\n<div class=\"accordion\"><a class=\"accordion-heading collapsed\"><span class=\"glyph glyph-chevron-down\"><\/span>Comit\u00e9 sur la s\u00e9curit\u00e9 \u00e9lectrique au travail pour les services publics d&#8217;\u00e9lectricit\u00e9 : ULC-S800A<\/a><\/p>\n<div class=\"collapse\" id=\"collapse20\">\n<div class=\"accordion-body\">\n<p>\u00c9laborer et mettre \u00e0 jour la ou les normes relatives \u00e0 la s\u00e9curit\u00e9 \u00e9lectrique au travail pour les services publics de production, de transport et de distribution d&#8217;\u00e9lectricit\u00e9.<\/p>\n<\/div>\n<\/div>\n<\/div>\n<\/div>\n","protected":false},"excerpt":{"rendered":"<p>La liste suivante comprend les comit\u00e9s de Normes ULC et leurs mandats respectifs Comit\u00e9 des essais de comportement au feu : ULC-S100A \u00c9laborer des m\u00e9thodes d&#8217;essai pour \u00e9valuer les mat\u00e9riaux de construction et assemblages et [&hellip;]<\/p>\n","protected":false},"author":197,"featured_media":0,"parent":947,"menu_order":0,"comment_status":"open","ping_status":"closed","template":"","meta":{"_acf_changed":false,"inline_featured_image":false,"footnotes":""},"class_list":["post-987","page","type-page","status-publish","hentry"],"acf":[],"_links":{"self":[{"href":"https:\/\/canada.ul.com\/fr\/wp-json\/wp\/v2\/pages\/987","targetHints":{"allow":["GET"]}}],"collection":[{"href":"https:\/\/canada.ul.com\/fr\/wp-json\/wp\/v2\/pages"}],"about":[{"href":"https:\/\/canada.ul.com\/fr\/wp-json\/wp\/v2\/types\/page"}],"author":[{"embeddable":true,"href":"https:\/\/canada.ul.com\/fr\/wp-json\/wp\/v2\/users\/197"}],"replies":[{"embeddable":true,"href":"https:\/\/canada.ul.com\/fr\/wp-json\/wp\/v2\/comments?post=987"}],"version-history":[{"count":0,"href":"https:\/\/canada.ul.com\/fr\/wp-json\/wp\/v2\/pages\/987\/revisions"}],"up":[{"embeddable":true,"href":"https:\/\/canada.ul.com\/fr\/wp-json\/wp\/v2\/pages\/947"}],"wp:attachment":[{"href":"https:\/\/canada.ul.com\/fr\/wp-json\/wp\/v2\/media?parent=987"}],"curies":[{"name":"wp","href":"https:\/\/api.w.org\/{rel}","templated":true}]}}