{"id":984,"date":"2014-06-27T15:26:59","date_gmt":"2014-06-25T22:24:46","guid":{"rendered":"https:\/\/canada.ul.com\/?page_id=984"},"modified":"2024-04-15T16:29:58","modified_gmt":"2024-04-15T16:29:58","slug":"publicreview","status":"publish","type":"page","link":"https:\/\/canada.ul.com\/fr\/normesulc\/standardsactivities\/publicreview\/","title":{"rendered":"Examen Public"},"content":{"rendered":"<p>Le Conseil canadien des normes exige que toutes les normes propos\u00e9es soient rendues disponibles pour examen public durant une p\u00e9riode de 60 jours au cours du processus d\u2019\u00e9laboration, afin de permettre une r\u00e9troaction des parties int\u00e9ress\u00e9es.<\/p>\n<p>Ces documents sont publi\u00e9s afin de susciter un examen critique et des commentaires. L&#8217;application du contenu de ces documents \u00e0 d&#8217;autres fins, comme son utilisation visant \u00e0 \u00e9tablir la conformit\u00e9 d&#8217;un produit aux exigences en vigueur ou \u00e0 en d\u00e9terminer les futurs besoins, serait pr\u00e9matur\u00e9e et pourrait induire en erreur.<\/p>\n<p>Pour consulter ces documents et soumettre vos commentaires,<br \/>\ncr\u00e9er un compte utilisateur <a href=\"https:\/\/csds.ul.com\/\" target=\"_blank\" rel=\"noopener\">ULC CSDS<\/a> et suivez la\/les norme(s).<\/p>\n<p>Vous avez des questions, avez besoin d&#8217;aide? <a href=\"mailto:Standards@UL.org\" target=\"_blank\" rel=\"noopener\">Contactez-nous<\/a>.<\/p>\n<hr \/>\n<p><b><strong>CAN\/ULC S573, Norme sur l\u2019Installation des dispositifs auxiliaires branch\u00e9s aux syst\u00e8mes d\u2019alarme incendie<\/strong><\/b><br \/>\nLa r\u00e9vision propos\u00e9e de la premi\u00e8re \u00e9dition de CAN\/ULC S573, Norme sur l\u2019Installation des dispositifs auxiliaires branch\u00e9s aux syst\u00e8mes d\u2019alarme incendie, a \u00e9t\u00e9 soumise au comit\u00e9 technique de l&#8217;ULC pour approbation par scrutin et aux autres parties int\u00e9ress\u00e9es pour commentaires.<\/p>\n<p><b>Date de publication:<\/b> 6 octobre 2023<br \/>\n<b>Date d\u2019\u00e9ch\u00e9ance: <\/b>5 d\u00e9cembre 2023<\/p>\n<hr \/>\n<p><b><strong>CAN\/ULC S646, Norme sur la s\u00e9curit\u00e9 des hottes d\u2019\u00e9vacuation pour l\u2019\u00e9quipement de cuisine commercial<\/strong><\/b><br \/>\nLe projet d&#8217;harmonisation de la troisi\u00e8me \u00e9dition de CAN\/ULC S646, Norme relative aux hottes d&#8217;aspiration et aux contr\u00f4les connexes pour le mat\u00e9riel de cuisson des cuisines professionnelles et collectives, et la sixi\u00e8me \u00e9dition de ANSI\/UL 710, Norme sur la s\u00e9curit\u00e9 des hottes d\u2019\u00e9vacuation pour l\u2019\u00e9quipement de cuisine commercial, a \u00e9t\u00e9 soumis \u00e0 Comit\u00e9 technique ULC S600K et comit\u00e9 technique UL 1046 pour approbation par scrutin et aux autres parties int\u00e9ress\u00e9es pour commentaires.<\/p>\n<p><b>Date de publication:<\/b> 27 octobre 2023<br \/>\n<b>Date d\u2019\u00e9ch\u00e9ance: <\/b>26 d\u00e9cembre 2023<\/p>\n<hr \/>\n<p><strong>CAN\/ULC S712.1, Norme sur l&#8217;isolant thermique en mousse de polyur\u00e9thane semi-rigide pulv\u00e9ris\u00e9e, de faible densit\u00e9 et \u00e0 av\u00e9oles ouverts &#8211; sp\u00e9cifications relatives au mat\u00e9riau<\/strong><br \/>\nLa r\u00e9vision propos\u00e9e de la troisi\u00e8me \u00e9dition de CAN\/ULC S712.1, Norme sur l&#8217;isolant thermique en mousse de polyur\u00e9thane semi-rigide pulv\u00e9ris\u00e9e, de faible densit\u00e9 et \u00e0 av\u00e9oles ouverts &#8211; sp\u00e9cifications relatives au mat\u00e9riau, a \u00e9t\u00e9 soumise au comit\u00e9 technique de l&#8217;ULC sur la performance thermique et l\u2019utilisation de l\u2019\u00e9nergie en environnement b\u00e2ti pour approbation par scrutin et aux autres parties int\u00e9ress\u00e9es pour commentaires.<\/p>\n<p><b>Date de publication:<\/b> 3 novembre 2023<br \/>\n<b>Date d\u2019\u00e9ch\u00e9ance: <\/b>2 janvier 2024<\/p>\n<hr \/>\n<p><strong>ANSI\/CAN\/UL\/ULC 2684, Video and Thermal Image Detectors for Fire Alarm Systems<\/strong><br \/>\nLa premi\u00e8re \u00e9dition propos\u00e9e de la norme ANSI\/CAN\/UL\/ULC 2684, Video and Thermal Image Detectors for Fire Alarm Systems, a \u00e9t\u00e9 soumise au comit\u00e9 technique de l&#8217;ULC pour approbation par scrutin et aux autres parties int\u00e9ress\u00e9es pour commentaires.<\/p>\n<p><b>Date de publication:<\/b> 3 novembre 2023<br \/>\n<b>Date d\u2019\u00e9ch\u00e9ance: <\/b>2 janvier 2024<\/p>\n<hr \/>\n<p><strong>ANSI\/CAN\/UL\/ULC 79, Norme sur les pompes \u00e0 commande \u00e9lectrique pour appareils de distribution de produits p\u00e9troliers<\/strong><br \/>\nLa propos\u00e9e de la onzi\u00e8me \u00e9dition de la norme ANSI\/CAN\/UL\/ULC 79, Norme sur les pompes \u00e0 commande \u00e9lectrique pour appareils de distribution de produits p\u00e9troliers, a \u00e9t\u00e9 soumis au comit\u00e9 technique de l\u2019ULC pour approbation par scrutin et \u00e0 d\u2019autres parties int\u00e9ress\u00e9es pour commentaires.<\/p>\n<p><b>Date de publication:<\/b> 17 novembre 2023<br \/>\n<b>Date d\u2019\u00e9ch\u00e9ance: <\/b>16 janvier 2024<\/p>\n<hr \/>\n<p><strong>ANSI\/CAN\/UL\/ULC 79A, Norme sur les pompes \u00e0 commande \u00e9lectrique pour essence et m\u00e9langes essence\/\u00e9thanol avec concentrations nominales d\u2019\u00e9thanol allant jusqu\u2019\u00e0 85 % (E0 &#8211; E85)<\/strong><br \/>\nLa propos\u00e9e de la deuxi\u00e8me \u00e9dition de la norme ANSI\/CAN\/UL\/ULC 79A, Norme sur les pompes \u00e0 commande \u00e9lectrique pour essence et m\u00e9langes essence\/\u00e9thanol avec concentrations nominales d\u2019\u00e9thanol allant jusqu\u2019\u00e0 85 % (E0 &#8211; E85), a \u00e9t\u00e9 soumis au comit\u00e9 technique de l\u2019ULC pour approbation par scrutin et \u00e0 d\u2019autres parties int\u00e9ress\u00e9es pour commentaires.<\/p>\n<p><b>Date de publication:<\/b> 17 novembre 2023<br \/>\n<b>Date d\u2019\u00e9ch\u00e9ance: <\/b>16 janvier 2024<\/p>\n<hr \/>\n<p><strong>ANSI\/CAN\/UL\/ULC 79B, Norme sur les pompes \u00e0 commande \u00e9lectrique pour carburant diesel, carburant biodiesel, m\u00e9langes diesel\/biodiesel avec concentration nominale de biodiesel allant jusqu\u2019\u00e0 20 % (B20), k\u00e9ros\u00e8ne et mazout<\/strong><br \/>\nLa propos\u00e9e de la deuxi\u00e8me \u00e9dition de la norme ANSI\/CAN\/UL\/ULC 79B, Norme sur les pompes \u00e0 commande \u00e9lectrique pour carburant diesel, carburant biodiesel, m\u00e9langes diesel\/biodiesel avec concentration nominale de biodiesel allant jusqu\u2019\u00e0 20 % (B20), k\u00e9ros\u00e8ne et mazout, a \u00e9t\u00e9 soumis au comit\u00e9 technique de l\u2019ULC pour approbation par scrutin et \u00e0 d\u2019autres parties int\u00e9ress\u00e9es pour commentaires.<\/p>\n<p><b>Date de publication:<\/b> 17 novembre 2023<br \/>\n<b>Date d\u2019\u00e9ch\u00e9ance: <\/b>16 janvier 2024<\/p>\n<hr \/>\n<p><strong>CAN\/ULC S655, Norme sur les ensembles r\u00e9servoirs prot\u00e9g\u00e9s hors sol pour les liquides inflammables et combustibles<\/strong><br \/>\nLa proposition de r\u00e9affirmation et de maintien de la deuxi\u00e8me \u00e9dition de la norme CAN\/ULC S655, Norme sur les ensembles r\u00e9servoirs prot\u00e9g\u00e9s hors sol pour les liquides inflammables et combustibles, a \u00e9t\u00e9 soumise au Comit\u00e9 technique de l\u2019ULC pour approbation par bulletin de vote et \u00e0 d\u2019autres parties int\u00e9ress\u00e9es pour commentaires.<\/p>\n<p><b>Date de publication:<\/b> 12 janvier 2024<br \/>\n<b>Date d\u2019\u00e9ch\u00e9ance: <\/b>12 mars 2024<\/p>\n<hr \/>\n<p><strong>CAN\/ULC S677, Norme sur les ensembles r\u00e9servoirs hors sol r\u00e9sistant au feu pour les liquides inflammables et combustibles<\/strong><br \/>\nLe projet de r\u00e9affirmation et de maintien de la premi\u00e8re \u00e9dition de la norme CAN\/ULC S677, Norme sur les ensembles r\u00e9servoirs hors sol r\u00e9sistant au feu pour les liquides inflammables et combustibles, a \u00e9t\u00e9 soumis au Comit\u00e9 technique de la ULC pour approbation par bulletin de vote et \u00e0 d\u2019autres parties int\u00e9ress\u00e9es pour commentaires.<\/p>\n<p><b>Date de publication:<\/b> 12 janvier 2024<br \/>\n<b>Date d\u2019\u00e9ch\u00e9ance: <\/b>12 mars 2024<\/p>\n<hr \/>\n<p><strong>CAN\/ULC S530, Norme sur les d\u00e9tecteurs d\u2019incendie a\u00e9rothermiques pour les syst\u00e8mes d\u2019alarme incendie<\/strong><br \/>\nLa deuxi\u00e8me \u00e9dition propos\u00e9e de la norme CAN\/ULC S530, Norme sur les d\u00e9tecteurs d\u2019incendie a\u00e9rothermiques pour les syst\u00e8mes d\u2019alarme incendie, a \u00e9t\u00e9 soumise au comit\u00e9 technique pour approbation par scrutin et aux autres parties int\u00e9ress\u00e9es pour commentaires.<\/p>\n<p><b>Date de publication:<\/b> 19 janvier 2024<br \/>\n<b>Date d\u2019\u00e9ch\u00e9ance: <\/b>19 mars 2024<\/p>\n<hr \/>\n<p><strong>CAN\/ULC S531, Norme sur les avertisseurs de fum\u00e9e<\/strong><br \/>\nLa cinqui\u00e8me \u00e9dition propos\u00e9e de la norme CAN\/ULC S531, Norme sur les avertisseurs de fum\u00e9e, a \u00e9t\u00e9 soumise au comit\u00e9 technique pour approbation par scrutin et aux autres parties int\u00e9ress\u00e9es pour commentaires.<\/p>\n<p><b>Date de publication:<\/b> 19 janvier 2024<br \/>\n<b>Date d\u2019\u00e9ch\u00e9ance: <\/b>19 mars 2024<\/p>\n<hr \/>\n<p><strong>CAN\/ULC S102, M\u00e9thode d&#8217;essai normalis\u00e9e caract\u00e9ristiques de combustion superficielle des mat\u00e9riaux de construction et assemblages<\/strong><br \/>\nLa proposition de r\u00e9affirmation et de maintien de la huiti\u00e8me \u00e9dition de la CAN\/ULC S102, M\u00e9thode d&#8217;essai normalis\u00e9e caract\u00e9ristiques de combustion superficielle des mat\u00e9riaux de construction et assemblages, a \u00e9t\u00e9 soumise au Comit\u00e9 technique de l\u2019ULC pour approbation par bulletin de vote et \u00e0 d\u2019autres parties int\u00e9ress\u00e9es pour commentaires.<\/p>\n<p><b>Date de publication:<\/b> 26 janvier 2024<br \/>\n<b>Date d\u2019\u00e9ch\u00e9ance: <\/b>26 mars 2024<\/p>\n<hr \/>\n<p><strong>CAN\/ULC S102.2, M\u00e9thode d\u2019essai normalis\u00e9e caract\u00e9ristiques de combustion superficielle des rev\u00eatements de sol et des divers mat\u00e9riaux et assemblages, des rev\u00eatements de sol et des mat\u00e9riaux et assemblages divers<\/strong><br \/>\nLa proposition de r\u00e9affirmation et de maintien de la huiti\u00e8me \u00e9dition de la norme CAN\/ULC S102.2, M\u00e9thode d\u2019essai normalis\u00e9e caract\u00e9ristiques de combustion superficielle des rev\u00eatements de sol et des divers mat\u00e9riaux et assemblages, des rev\u00eatements de sol et des mat\u00e9riaux et assemblages divers, a \u00e9t\u00e9 soumise au Comit\u00e9 technique de l\u2019ULC pour approbation par bulletin de vote et \u00e0 d\u2019autres parties int\u00e9ress\u00e9es pour commentaires.<\/p>\n<p><b>Date de publication:<\/b> 31 janvier 2024<br \/>\n<b>Date d\u2019\u00e9ch\u00e9ance: <\/b>31 mars 2024<\/p>\n<hr \/>\n<p><strong>CAN\/ULC S553, Norme sur l\u2019installation des avertisseurs de fum\u00e9e<\/strong><br \/>\nLa proposition de r\u00e9affirmation et de maintien de la troisi\u00e8me \u00e9dition de la norme CAN\/ULC S553, Norme sur l\u2019installation des avertisseurs de fum\u00e9e, a \u00e9t\u00e9 soumise au Comit\u00e9 technique de la SIC pour approbation par bulletin de vote et \u00e0 d\u2019autres parties int\u00e9ress\u00e9es pour commentaires.<\/p>\n<p><b>Date de publication:<\/b> 31 janvier 2024<br \/>\n<b>Date d\u2019\u00e9ch\u00e9ance: <\/b>31 mars 2024<\/p>\n<hr \/>\n<p><strong>CAN\/ULC S107, M\u00e9thodes normalis\u00e9es d&#8217;essai de r\u00e9sistance au feu des mat\u00e9riaux de couverture<\/strong><br \/>\nLa proposition de r\u00e9affirmation et de maintien de la quatri\u00e8me \u00e9dition de la norme CAN\/ULC S107, M\u00e9thodes normalis\u00e9es d&#8217;essai de r\u00e9sistance au feu des mat\u00e9riaux de couverture, a \u00e9t\u00e9 soumise au Comit\u00e9 technique de la ULC pour approbation par bulletin de vote et \u00e0 d\u2019autres parties int\u00e9ress\u00e9es pour commentaires.<\/p>\n<p><b>Date de publication:<\/b> 31 janvier 2024<br \/>\n<b>Date d\u2019\u00e9ch\u00e9ance: <\/b>31 mars 2024<\/p>\n<hr \/>\n<p><strong>CAN\/ULC S126, M\u00e9thode normalis\u00e9e d&#8217;essai propagation des flammes sous les platelages de toits<\/strong><br \/>\nLa proposition de r\u00e9affirmation et de maintien de la troisi\u00e8me \u00e9dition de la norme CAN\/ULC S126, M\u00e9thode normalis\u00e9e d&#8217;essai propagation des flammes sous les platelages de toits, a \u00e9t\u00e9 soumise au Comit\u00e9 technique de la ULC pour approbation par bulletin de vote et \u00e0 d\u2019autres parties int\u00e9ress\u00e9es pour commentaires.<\/p>\n<p><b>Date de publication:<\/b> 31 janvier 2024<br \/>\n<b>Date d\u2019\u00e9ch\u00e9ance: <\/b>31 mars 2024<\/p>\n<hr \/>\n<p><strong>CAN\/ULC S143, M\u00e9thode d\u2019essai normalis\u00e9e de comportement au feu des syst\u00e8mes de canalisation non m\u00e9talliques pour c\u00e2bles \u00e9lectriques et \u00e0 fibres optiques<\/strong><br \/>\nLa proposition de r\u00e9affirmation et de maintien de la deuxi\u00e8me \u00e9dition de la norme CAN\/ULC S143, M\u00e9thode d\u2019essai normalis\u00e9e de comportement au feu des syst\u00e8mes de canalisation non m\u00e9talliques pour c\u00e2bles \u00e9lectriques et \u00e0 fibres optiques, a \u00e9t\u00e9 soumise au Comit\u00e9 technique de la ULC pour approbation par bulletin de vote et \u00e0 d\u2019autres parties int\u00e9ress\u00e9es pour commentaires.<\/p>\n<p><b>Date de publication:<\/b> 31 janvier 2024<br \/>\n<b>Date d\u2019\u00e9ch\u00e9ance: <\/b>31 mars 2024<\/p>\n<hr \/>\n<p><strong>CAN\/ULC S590, Norme sur la conception, l\u2019installation, l\u2019inspection, la mise \u00e0 l\u2019essai et l\u2019entretien de syst\u00e8mes de signalisation de s\u00e9curit\u00e9<\/strong><br \/>\nLe projet de r\u00e9affirmation et de maintien de la premi\u00e8re \u00e9dition de la norme CAN\/ULC S590, Norme sur la conception, l\u2019installation, l\u2019inspection, la mise \u00e0 l\u2019essai et l\u2019entretien de syst\u00e8mes de signalisation de s\u00e9curit\u00e9, a \u00e9t\u00e9 soumise au Comit\u00e9 technique de la ULC pour approbation par bulletin de vote et \u00e0 d\u2019autres parties int\u00e9ress\u00e9es pour commentaires.<\/p>\n<p><b>Date de publication:<\/b> 31 janvier 2024<br \/>\n<b>Date d\u2019\u00e9ch\u00e9ance: <\/b>31 mars 2024<\/p>\n<hr \/>\n<p><strong>CAN\/ULC S135, Standard Test Method for the Determination of Combustibility Parameters of Building Materials Using an Oxygen Consumption Calorimeter (Cone Calorimeter)<\/strong><br \/>\nLa r\u00e9vision propos\u00e9e de la deuxi\u00e8me \u00e9dition de la norme CAN\/ULC S135, Standard Test Method for the Determination of Combustibility Parameters of Building Materials Using an Oxygen Consumption Calorimeter (Cone Calorimeter), a \u00e9t\u00e9 soumise au comit\u00e9 technique de l&#8217;ULC sur les essais au feu, TC S100A, pour approbation par scrutin et aux autres parties int\u00e9ress\u00e9es pour commentaires.<\/p>\n<p><b>Date de publication:<\/b> 9 f\u00e9vrier 2024<br \/>\n<b>Date d\u2019\u00e9ch\u00e9ance: <\/b>9 avril 2024<\/p>\n<hr \/>\n<p><strong>ANSI\/CAN\/UL\/ULC 1370, Norme sur les appareils d\u00e9coratifs non raccord\u00e9s fonctionnant \u00e0 l\u2019alcool carburant<\/strong><br \/>\nLa propos\u00e9e de la premi\u00e8re \u00e9dition de la norme ANSI\/CAN\/UL\/ULC 1370, Norme sur les appareils d\u00e9coratifs non raccord\u00e9s fonctionnant \u00e0 l\u2019alcool carburant, a \u00e9t\u00e9 soumise au comit\u00e9 de Normes ULC sur les appareils d\u00e9coratifs non raccord\u00e9s fonctionnant \u00e0 l\u2019alcool carburant pour approbation par bulletin de vote et aux autres parties int\u00e9ress\u00e9es aux fins d\u2019obtention de commentaires.<\/p>\n<p><b>Date de publication:<\/b> 9 f\u00e9vrier 2024<br \/>\n<b>Date d\u2019\u00e9ch\u00e9ance: <\/b>9 avril 2024<\/p>\n<hr \/>\n<p><strong>ANSI\/CAN\/UL\/ULC 567, Norme sur les raccords \u00e0 rupture d\u2019urgence, les raccords pivotants et les raccords de tuyau pour les produits p\u00e9troliers et le propane<\/strong><br \/>\nLa r\u00e9vision propos\u00e9e de la onzi\u00e8me \u00e9dition de la norme ANSI\/CAN\/UL\/ULC 567, Norme sur les raccords \u00e0 rupture d\u2019urgence, les raccords pivotants et les raccords de tuyau pour les produits p\u00e9troliers et le propane, a \u00e9t\u00e9 soumise au comit\u00e9 technique de l&#8217;ULC pour approbation par scrutin et aux autres parties int\u00e9ress\u00e9es pour commentaires.<\/p>\n<p><b>Date de publication:<\/b> 16 f\u00e9vrier 2024<br \/>\n<b>Date d\u2019\u00e9ch\u00e9ance: <\/b>16 avril 2024<\/p>\n","protected":false},"excerpt":{"rendered":"<p>Le Conseil canadien des normes exige que toutes les normes propos\u00e9es soient rendues disponibles pour examen public durant une p\u00e9riode de 60 jours au cours du processus d\u2019\u00e9laboration, afin de permettre une r\u00e9troaction des parties [&hellip;]<\/p>\n","protected":false},"author":3,"featured_media":0,"parent":944,"menu_order":2,"comment_status":"open","ping_status":"open","template":"","meta":{"_acf_changed":false,"inline_featured_image":false,"footnotes":""},"class_list":["post-984","page","type-page","status-publish","hentry"],"acf":[],"_links":{"self":[{"href":"https:\/\/canada.ul.com\/fr\/wp-json\/wp\/v2\/pages\/984","targetHints":{"allow":["GET"]}}],"collection":[{"href":"https:\/\/canada.ul.com\/fr\/wp-json\/wp\/v2\/pages"}],"about":[{"href":"https:\/\/canada.ul.com\/fr\/wp-json\/wp\/v2\/types\/page"}],"author":[{"embeddable":true,"href":"https:\/\/canada.ul.com\/fr\/wp-json\/wp\/v2\/users\/3"}],"replies":[{"embeddable":true,"href":"https:\/\/canada.ul.com\/fr\/wp-json\/wp\/v2\/comments?post=984"}],"version-history":[{"count":191,"href":"https:\/\/canada.ul.com\/fr\/wp-json\/wp\/v2\/pages\/984\/revisions"}],"predecessor-version":[{"id":35989,"href":"https:\/\/canada.ul.com\/fr\/wp-json\/wp\/v2\/pages\/984\/revisions\/35989"}],"up":[{"embeddable":true,"href":"https:\/\/canada.ul.com\/fr\/wp-json\/wp\/v2\/pages\/944"}],"wp:attachment":[{"href":"https:\/\/canada.ul.com\/fr\/wp-json\/wp\/v2\/media?parent=984"}],"curies":[{"name":"wp","href":"https:\/\/api.w.org\/{rel}","templated":true}]}}