{"id":982,"date":"2014-09-12T08:10:13","date_gmt":"2014-09-12T08:10:13","guid":{"rendered":"https:\/\/canada.ul.com\/?page_id=982"},"modified":"2019-12-17T15:40:00","modified_gmt":"2019-12-17T15:40:00","slug":"becomingaulclistedalarmservicecompany","status":"publish","type":"page","link":"https:\/\/canada.ul.com\/fr\/programmesulc\/fireandsecurityalarmcertificateprograms\/becomingaulclistedalarmservicecompany\/","title":{"rendered":"Devenir une Soci\u00e9t\u00e9 de Services des Syst\u00e8mes D&#8217;alarme Inscrite Aupr\u00e8s d&#8217;ULC"},"content":{"rendered":"<p>De nombreux fournisseurs de services des syst\u00e8mes d&#8217;alarme sont d&#8217;avis qu&#8217;\u00e9largir leurs activit\u00e9s signifie effectuer des installations ou la surveillance pour des clients commerciaux. Si votre entreprise se trouve \u00e0 cette \u00e9tape de son d\u00e9veloppement, vous serez \u00e0 m\u00eame de constater que certains clients doivent poss\u00e9der un syst\u00e8me d&#8217;alarme certifi\u00e9 par ULC pour satisfaire aux exigences \u00e9tablies par les autorit\u00e9s comp\u00e9tentes, les organismes gouvernementaux et les fournisseurs d&#8217;assurance. C&#8217;est souvent le cas lorsque vos clients doivent prot\u00e9ger des biens de grande valeur. Les syst\u00e8mes d&#8217;alarme certifi\u00e9s par ULC aident les fournisseurs d&#8217;assurance \u00e0 r\u00e9duire les risques auxquels ils sont expos\u00e9s et aident les autorit\u00e9s comp\u00e9tentes et les organismes gouvernementaux \u00e0 g\u00e9rer la s\u00e9curit\u00e9 des personnes et des biens au sein de leur territoire.<\/p>\n<p>On nous dit souvent que les syst\u00e8mes d&#8217;alarme certifi\u00e9s par ULC pr\u00e9sentent un meilleur dossier que les syst\u00e8mes non certifi\u00e9s en ce qui a trait \u00e0 des questions importantes comme les temps de r\u00e9ponse et les fausses alarmes. Cela est probablement d\u00fb au fait que chaque composante du syst\u00e8me au complet fonctionne comme le d\u00e9finissent les normes nationales relatives \u00e0 l&#8217;\u00e9quipement, les normes relatives \u00e0 l&#8217;installation et \u00e0 la surveillance et, le cas \u00e9ch\u00e9ant, les normes relatives \u00e0 l&#8217;intervention des gardiens d&#8217;ULC Standards, de sorte que le service qui en r\u00e9sulte satisfait aux crit\u00e8res de rendement d\u00e9finis.<\/p>\n<p>Devenir un fournisseur de services des syst\u00e8mes d&#8217;alarme inscrit aupr\u00e8s d&#8217;ULC permet \u00e0 votre entreprise d&#8217;offrir des certificats ULC pour des syst\u00e8mes d&#8217;alarme qualifi\u00e9s. Dans le cadre du processus d&#8217;inscription, qui est tr\u00e8s simple, ULC effectuera une v\u00e9rification de trois (3)\u00a0installations qui satisfont aux exigences applicables des normes suivantes\u00a0:<\/p>\n<ul type=\"disc\">\n<li>Installation et services &#8211; syst\u00e8mes et centrales de r\u00e9ception d&#8217;alarme incendie (CAN\/ULC-S561-13)<\/li>\n<li>Syst\u00e8mes d&#8217;alarme antivol et op\u00e9rations de la centrale de\u00a0r\u00e9ception d&#8217;alarme\u00a0(CAN\/ULC\u2011S301-09)<\/li>\n<li>Norme pour l&#8217;installation, l&#8217;inspection et les mises \u00e0 l\u2019essai de syst\u00e8mes d&#8217;alarme intrusion (CAN\/ULC-S302-14)<\/li>\n<li>Inspection et mise \u00e0 l&#8217;essai des r\u00e9seaux avertisseurs d&#8217;incendie (CAN\/ULC-S536-13)<\/li>\n<\/ul>\n<p>Le nom des soci\u00e9t\u00e9s d&#8217;alarme inscrites aupr\u00e8s d&#8217;ULC est indiqu\u00e9 dans\u00a0<a href=\"http:\/\/database.ul.com\/cgi-bin\/XYV\/template\/LISCANADA\/1FRAME\/index.html\" target=\"_blank\">les R\u00e9pertoires en ligne\u00a0d&#8217;\u00e9quipement et de mat\u00e9riaux d&#8217;ULC<\/a>. Les soci\u00e9t\u00e9s peuvent y r\u00e9f\u00e9rer leurs clients afin qu&#8217;ils puissent consulter leur inscription aupr\u00e8s d&#8217;ULC en ligne.<\/p>\n<p>Pour savoir comment devenir une soci\u00e9t\u00e9 inscrite, veuillez remplir la pi\u00e8ce jointe ci-dessous et la retourner \u00e0\u00a0<a href=\"mailto:TRT.certificate@ca.ul.com\">TRT.Certificate@ul.com<\/a><\/p>\n<p><strong><a href=\"https:\/\/canada.ul.com\/wp-content\/uploads\/sites\/11\/2014\/06\/listinginquiryform_FRN.doc\" target=\"_blank\">FORMULAIRE DE DEMANDE D&#8217;INSCRIPTION AUPR\u00c8S D&#8217;ULC<\/a><\/strong><\/p>\n","protected":false},"excerpt":{"rendered":"<p>De nombreux fournisseurs de services des syst\u00e8mes d&#8217;alarme sont d&#8217;avis qu&#8217;\u00e9largir leurs activit\u00e9s signifie effectuer des installations ou la surveillance pour des clients commerciaux. Si votre entreprise se trouve \u00e0 cette \u00e9tape de son d\u00e9veloppement, [&hellip;]<\/p>\n","protected":false},"author":197,"featured_media":0,"parent":962,"menu_order":0,"comment_status":"open","ping_status":"closed","template":"page-ulcp.php","meta":{"_acf_changed":false,"inline_featured_image":false,"footnotes":""},"class_list":["post-982","page","type-page","status-publish","hentry"],"acf":[],"_links":{"self":[{"href":"https:\/\/canada.ul.com\/fr\/wp-json\/wp\/v2\/pages\/982","targetHints":{"allow":["GET"]}}],"collection":[{"href":"https:\/\/canada.ul.com\/fr\/wp-json\/wp\/v2\/pages"}],"about":[{"href":"https:\/\/canada.ul.com\/fr\/wp-json\/wp\/v2\/types\/page"}],"author":[{"embeddable":true,"href":"https:\/\/canada.ul.com\/fr\/wp-json\/wp\/v2\/users\/197"}],"replies":[{"embeddable":true,"href":"https:\/\/canada.ul.com\/fr\/wp-json\/wp\/v2\/comments?post=982"}],"version-history":[{"count":0,"href":"https:\/\/canada.ul.com\/fr\/wp-json\/wp\/v2\/pages\/982\/revisions"}],"up":[{"embeddable":true,"href":"https:\/\/canada.ul.com\/fr\/wp-json\/wp\/v2\/pages\/962"}],"wp:attachment":[{"href":"https:\/\/canada.ul.com\/fr\/wp-json\/wp\/v2\/media?parent=982"}],"curies":[{"name":"wp","href":"https:\/\/api.w.org\/{rel}","templated":true}]}}