{"id":975,"date":"2014-06-27T15:06:24","date_gmt":"2014-06-27T15:06:24","guid":{"rendered":"https:\/\/canada.ul.com\/?page_id=975"},"modified":"2019-12-17T15:40:01","modified_gmt":"2019-12-17T15:40:01","slug":"ulcsupportservices","status":"publish","type":"page","link":"https:\/\/canada.ul.com\/fr\/programmesulc\/fireandsecurityalarmcertificateprograms\/ulcsupportservices\/","title":{"rendered":"Services de Soutien"},"content":{"rendered":"<p>Le Groupe &#8211; Syst\u00e8mes de protection incendie et de s\u00e9curit\u00e9 d&#8217;ULC est constitu\u00e9 d&#8217;un groupe distinct de personnes qualifi\u00e9es responsables des nouvelles enqu\u00eates portant sur les travaux, des v\u00e9rifications de suivi et des contacts avec les autorit\u00e9s comp\u00e9tentes, les organismes gouvernementaux et les fournisseurs d&#8217;assurance. Le groupe est \u00e9galement responsable de fournir des renseignements de relations publiques et d&#8217;offrir des colloques d&#8217;information et des pr\u00e9sentations aux clients et aux autres parties int\u00e9ress\u00e9es. Ce regroupement de services vise \u00e0 assurer que les syst\u00e8mes couverts par les certificats ULC sont d&#8217;une tr\u00e8s grande fiabilit\u00e9 et que leur installation et leur entretien sont effectu\u00e9s conform\u00e9ment aux codes nationaux applicables.<\/p>\n<p>ULC offre aux autorit\u00e9s comp\u00e9tentes, aux organismes gouvernementaux et aux fournisseurs d&#8217;assurance une gamme de services visant \u00e0 faciliter l&#8217;int\u00e9gration de l&#8217;utilisation des certificats dans les processus de gestion de la conformit\u00e9 aux codes, de limitation des pertes et de s\u00e9lection des risques. Cela comprend diff\u00e9rents rapports imprim\u00e9s ainsi qu&#8217;un acc\u00e8s en ligne gratuit au Service de v\u00e9rification des certificats d&#8217;ULC. Les autorit\u00e9s ont ainsi acc\u00e8s aux renseignements les plus r\u00e9cents de la base de donn\u00e9es de certificats.<\/p>\n<p>En plus de notre \u00e9quipe, le personnel des Services de r\u00e9glementation et du service \u00e0 la client\u00e8le est \u00e9galement \u00e0 votre disposition pour r\u00e9pondre \u00e0 vos besoins. UL\u00a0Knowledge Services\u00a0offre \u00e9galement des ateliers publics et priv\u00e9s sur les r\u00e9seaux avertisseurs d&#8217;incendie et les syst\u00e8mes de s\u00e9curit\u00e9 ainsi que sur les installations.<\/p>\n<p>Pour obtenir un exemplaire de n&#8217;importe quelle norme nationale CAN\/ULC, veuillez visiter le\u00a0<a href=\"https:\/\/smp.gilmore.ca\/RunCmd?cmd=UserLoginCmd&amp;custId=871&amp;userId=ccuser&amp;password=ulcanada\" target=\"_blank\" rel=\"noopener\">magasin en ligne d&#8217;ULC<\/a>\u00a0ou communiquer avec\u00a0le service \u00e0 la client\u00e8le\u00a0au num\u00e9ro\u00a0<span class=\"baec5a81-e4d6-4674-97f3-e9220f0136c1\">1.866.937.3852<\/span>. De nombreuses normes relatives aux r\u00e9seaux avertisseurs d&#8217;incendie et aux syst\u00e8mes de s\u00e9curit\u00e9 sont offertes sans frais aux soci\u00e9t\u00e9s inscrites.<\/p>\n<p style=\"color: #595959\">Vous pouvez communiquer avec le\u00a0<b>Groupe &#8211; Syst\u00e8mes de protection incendie et de s\u00e9curit\u00e9<\/b>\u00a0en vous adressant aux personnes suivantes\u00a0:<\/p>\n<p><strong>Alan Cavers<\/strong><br \/>\nDirecteur de l&#8217;ing\u00e9nierie<br \/>\n1.866.937.3852 poste\u00a061207<\/p>\n<p><strong>Cheryl Cerqua<\/strong><br \/>\nCoordonnatrice administrative<br \/>\n1.866.937.3852 poste\u00a061224<br \/>\n<a href=\"mailto:TRT.Certificate@ul.com\">TRT.Certificate@ul.com<\/a><\/p>\n<p><strong>David Hannah<\/strong><br \/>\nIng\u00e9nieur en chef<br \/>\n1.416.697.3746<\/p>\n<p><strong>Louis-Philippe Gagnon<\/strong><br \/>\nAuditeur de syst\u00e8me d&#8217;alarme<br \/>\n1.514.214.7303<\/p>\n<p><strong>Joe Klampfer<\/strong><br \/>\nAuditeur de syst\u00e8me d&#8217;alarme<br \/>\n1.604.787.7848<\/p>\n<p><strong>Javed Chaudhry<\/strong><br \/>\nAuditeur de syst\u00e8me d&#8217;alarme<br \/>\n1.416.527.1037<\/p>\n<p><strong>Daniel Kearns<\/strong><br \/>\nAuditeur de syst\u00e8me d&#8217;alarme<br \/>\n1.403.464.9661<\/p>\n<p><strong>Paul Riberdy<\/strong><br \/>\nAuditeur de syst\u00e8me d&#8217;alarme<br \/>\n1.416.288.2547<\/p>\n<p><strong>Justin Mansbridge<\/strong><br \/>\nAuditeur de syst\u00e8me d&#8217;alarme<br \/>\n1.403.462.0678<\/p>\n","protected":false},"excerpt":{"rendered":"<p>Le Groupe &#8211; Syst\u00e8mes de protection incendie et de s\u00e9curit\u00e9 d&#8217;ULC est constitu\u00e9 d&#8217;un groupe distinct de personnes qualifi\u00e9es responsables des nouvelles enqu\u00eates portant sur les travaux, des v\u00e9rifications de suivi et des contacts avec [&hellip;]<\/p>\n","protected":false},"author":197,"featured_media":0,"parent":962,"menu_order":0,"comment_status":"closed","ping_status":"closed","template":"page-ulcp.php","meta":{"_acf_changed":false,"inline_featured_image":false,"footnotes":""},"class_list":["post-975","page","type-page","status-publish","hentry"],"acf":[],"_links":{"self":[{"href":"https:\/\/canada.ul.com\/fr\/wp-json\/wp\/v2\/pages\/975","targetHints":{"allow":["GET"]}}],"collection":[{"href":"https:\/\/canada.ul.com\/fr\/wp-json\/wp\/v2\/pages"}],"about":[{"href":"https:\/\/canada.ul.com\/fr\/wp-json\/wp\/v2\/types\/page"}],"author":[{"embeddable":true,"href":"https:\/\/canada.ul.com\/fr\/wp-json\/wp\/v2\/users\/197"}],"replies":[{"embeddable":true,"href":"https:\/\/canada.ul.com\/fr\/wp-json\/wp\/v2\/comments?post=975"}],"version-history":[{"count":0,"href":"https:\/\/canada.ul.com\/fr\/wp-json\/wp\/v2\/pages\/975\/revisions"}],"up":[{"embeddable":true,"href":"https:\/\/canada.ul.com\/fr\/wp-json\/wp\/v2\/pages\/962"}],"wp:attachment":[{"href":"https:\/\/canada.ul.com\/fr\/wp-json\/wp\/v2\/media?parent=975"}],"curies":[{"name":"wp","href":"https:\/\/api.w.org\/{rel}","templated":true}]}}