{"id":971,"date":"2014-06-27T14:59:35","date_gmt":"2014-06-27T14:59:35","guid":{"rendered":"https:\/\/canada.ul.com\/?page_id=971"},"modified":"2019-12-17T15:40:01","modified_gmt":"2019-12-17T15:40:01","slug":"requestingcertificates","status":"publish","type":"page","link":"https:\/\/canada.ul.com\/fr\/programmesulc\/fireandsecurityalarmcertificateprograms\/requestingcertificates\/","title":{"rendered":"Formulaires de Demande de Certificat"},"content":{"rendered":"<p><strong>Les Certificats ULC sont maintenant \u00e9mis\u00a0\u00e0 partir de notre\u00a0portail en ligne ULwebCerts.<\/strong><\/p>\n<p>Les entreprises en Service Complet ont maintenant la possibilit\u00e9 d\u2019\u00e9mettre leurs propres certificats apr\u00e8s s\u2019avoir inscrit \u00e0 un compte MyHome.<\/p>\n<p>Les entreprises d\u2019installations homologu\u00e9es devront toujours utilis\u00e9es les liens ci-dessous afin de compl\u00e9ter une demande de nouveau certificat et de la transmettre \u00e0 la centrale de surveillance pour traitement. Les r\u00e9visions ou annulations de certificats existants peuvent-\u00eatre trait\u00e9es en transmettant un courriel \u00e0 la centrale de surveillance.<\/p>\n<p><a href=\"https:\/\/canada.ul.com\/wp-content\/uploads\/sites\/11\/2014\/06\/certreq_commercialburglaralarmsystem_FRN2.doc\">SYST\u00c8ME D&#8217;ALARME ANTIVOL DE TYPE COMMERCIAL<\/a><\/p>\n<p><a href=\"https:\/\/canada.ul.com\/wp-content\/uploads\/sites\/11\/2014\/06\/certreq_financialburglaralarmsystem_FRN2.doc\">SYST\u00c8ME D&#8217;ALARME ANTIVOL DE TYPE FINANCIER<\/a><\/p>\n<p><a href=\"https:\/\/canada.ul.com\/wp-content\/uploads\/sites\/11\/2014\/06\/certreq_protectivesignallingservice_FRN2.doc\">SYST\u00c8ME D&#8217;AVERTISSEMENT DE PROTECTION INCENDIE (GICLEURS ET PANNEAUX DE COMMANDE D&#8217;ALARME INCENDIE)<\/a><\/p>\n<p><a href=\"https:\/\/canada.ul.com\/wp-content\/uploads\/sites\/11\/2014\/06\/certreq_firealarmsystem_FRN2.doc\">INSPECTION ET MISE \u00c0 L&#8217;ESSAI DES R\u00c9SEAUX AVERTISSEURS INCENDIE<\/a><\/p>\n<p><a href=\"https:\/\/canada.ul.com\/wp-content\/uploads\/sites\/11\/2014\/06\/certreq_alarmresponseguardservice_FRN.doc\" target=\"_blank\">SERVICE D&#8217;INTERVENTION DES GARDIENS EN CAS D&#8217;ALARME<\/a><\/p>\n<p>Voici quelques-uns des avantages \u00e0 passer au portail en ligne pour la d\u00e9livrance de certificats ULC:<\/p>\n<ul>\n<li>Les centrales de surveillance pourront recevoir votre certificat imm\u00e9diatement en format PDF pour une remise rapide \u00e0 votre client\u00e8le<\/li>\n<li>Cr\u00e9er, renouveler et annuler des certificats 24\/7<\/li>\n<li>G\u00e9n\u00e9rer des rapports d\u00e9taill\u00e9s des comptes ULC actifs en cas de besoin<\/li>\n<li>Imprimer votre certificat de conformit\u00e9 ULC.<\/li>\n<\/ul>\n<p>Bien que l\u2019apparence a chang\u00e9, tous les types de certificats sont toujours valides et il n&#8217;y a pas d&#8217;exigence UL pour r\u00e9imprimer en raison de cette am\u00e9lioration. Les certificats ont une apparence diff\u00e9rentes mais peu importe leur style ils sont encore des certificats officiels.<\/p>\n<p>Pour plus d&#8217;informations sur l&#8217;inscription \u00e0 MyHome et ULwebCerts s&#8217;il vous pla\u00eet contactez <strong>TRT.Certificate@ul.com<\/strong><\/p>\n<p>&nbsp;<\/p>\n","protected":false},"excerpt":{"rendered":"<p>Les Certificats ULC sont maintenant \u00e9mis\u00a0\u00e0 partir de notre\u00a0portail en ligne ULwebCerts. Les entreprises en Service Complet ont maintenant la possibilit\u00e9 d\u2019\u00e9mettre leurs propres certificats apr\u00e8s s\u2019avoir inscrit \u00e0 un compte MyHome. Les entreprises d\u2019installations [&hellip;]<\/p>\n","protected":false},"author":197,"featured_media":0,"parent":962,"menu_order":0,"comment_status":"open","ping_status":"closed","template":"page-ulcp.php","meta":{"_acf_changed":false,"inline_featured_image":false,"footnotes":""},"class_list":["post-971","page","type-page","status-publish","hentry"],"acf":[],"_links":{"self":[{"href":"https:\/\/canada.ul.com\/fr\/wp-json\/wp\/v2\/pages\/971","targetHints":{"allow":["GET"]}}],"collection":[{"href":"https:\/\/canada.ul.com\/fr\/wp-json\/wp\/v2\/pages"}],"about":[{"href":"https:\/\/canada.ul.com\/fr\/wp-json\/wp\/v2\/types\/page"}],"author":[{"embeddable":true,"href":"https:\/\/canada.ul.com\/fr\/wp-json\/wp\/v2\/users\/197"}],"replies":[{"embeddable":true,"href":"https:\/\/canada.ul.com\/fr\/wp-json\/wp\/v2\/comments?post=971"}],"version-history":[{"count":0,"href":"https:\/\/canada.ul.com\/fr\/wp-json\/wp\/v2\/pages\/971\/revisions"}],"up":[{"embeddable":true,"href":"https:\/\/canada.ul.com\/fr\/wp-json\/wp\/v2\/pages\/962"}],"wp:attachment":[{"href":"https:\/\/canada.ul.com\/fr\/wp-json\/wp\/v2\/media?parent=971"}],"curies":[{"name":"wp","href":"https:\/\/api.w.org\/{rel}","templated":true}]}}