{"id":965,"date":"2014-09-12T14:56:43","date_gmt":"2014-09-12T14:56:43","guid":{"rendered":"https:\/\/canada.ul.com\/?page_id=965"},"modified":"2019-12-17T15:40:00","modified_gmt":"2019-12-17T15:40:00","slug":"certificateserviceprocedures","status":"publish","type":"page","link":"https:\/\/canada.ul.com\/fr\/programmesulc\/fireandsecurityalarmcertificateprograms\/certificateserviceprocedures\/","title":{"rendered":"Cat\u00e9gories D&#8217;inscription et Proc\u00e9dures des Services de Certification"},"content":{"rendered":"<p>Les proc\u00e9dures des services de certification sont des documents utilis\u00e9s par les soci\u00e9t\u00e9s d&#8217;alarme inscrites aupr\u00e8s d&#8217;ULC. Ces proc\u00e9dures fournissent aux soci\u00e9t\u00e9s d&#8217;alarme des directives sur la fa\u00e7on de tenir \u00e0 jour leur inscription sous une classification d&#8217;inscription ou un code de cat\u00e9gorie (CCN) particulier.<\/p>\n<p>Ce document est utilis\u00e9 conjointement avec la proc\u00e9dure de description des inscriptions aupr\u00e8s d&#8217;ULC qui est fournie \u00e0 la soci\u00e9t\u00e9 d&#8217;alarme inscrite aupr\u00e8s d&#8217;ULC, une fois l&#8217;enqu\u00eate relative \u00e0 son inscription termin\u00e9e avec succ\u00e8s.<\/p>\n<table class=\"table\">\n<tbody>\n<tr class=\"rowAlt\">\n<td>\u00a0<strong>CAT\u00c9GORIE<\/strong><\/td>\n<td>\n<p style=\"color: #595959;\" align=\"center\">\u00a0<strong>PROGRAMME DE CERTIFICATION<\/strong><\/p>\n<\/td>\n<td>\u00a0<\/td>\n<\/tr>\n<tr>\n<td>\u00a0UWJSC<\/td>\n<td>\n<ul style=\"color: #595959;\">\n<li>INSPECTION ET MISE \u00c0 L&#8217;ESSAI DES R\u00c9SEAUX AVERTISSEURS D&#8217;INCENDIE<\/li>\n<\/ul>\n<\/td>\n<td>\u00a0\u00a0<a style=\"font-weight: inherit; font-style: inherit; color: #b10820;\" href=\"https:\/\/canada.ul.com\/wp-content\/uploads\/sites\/11\/2014\/06\/csp_uwjsc_ENG2.pdf\" target=\"_blank\"><img decoding=\"async\" src=\"https:\/\/canada.ul.com\/wp-content\/uploads\/sites\/11\/2015\/06\/acrobat_icon.png\" alt=\"\" \/><\/a><\/td>\n<\/tr>\n<tr class=\"rowAlt\">\n<td>\u00a0CPVAC<\/td>\n<td>\n<ul style=\"color: #595959;\">\n<li>ENTREPRISES DE SERVICES D&#8217;INTERVENTION DES GARDIENS EN CAS D&#8217;ALARME<\/li>\n<\/ul>\n<\/td>\n<td>\u00a0<a style=\"font-weight: inherit; font-style: inherit; color: #b10820;\" href=\"https:\/\/canada.ul.com\/wp-content\/uploads\/sites\/11\/2014\/09\/csp_cpvac_ENG.pdf\" target=\"_blank\"><img decoding=\"async\" src=\"https:\/\/canada.ul.com\/wp-content\/uploads\/sites\/11\/2015\/06\/acrobat_icon.png\" alt=\"\" \/><\/a><\/td>\n<\/tr>\n<tr>\n<td>\u00a0CPVXC<\/td>\n<td>\n<ul style=\"color: #595959;\">\n<li>CENTRALES DE R\u00c9CEPTION D&#8217;ALARME \u00c0 SERVICE COMPLET DE TYPE COMMERCIAL<\/li>\n<li>CENTRALES DE R\u00c9CEPTION D&#8217;ALARME \u00c0 SERVICE PARTAG\u00c9 DE TYPE COMMERCIAL<\/li>\n<li>CENTRES SATELLITES \u00c0 SERVICE COMPLET DE TYPE COMMERCIAL<\/li>\n<li>CENTRES SATELLITES \u00c0 SERVICE PARTAG\u00c9 DE TYPE COMMERCIAL<\/li>\n<li>CENTRES DE SERVICE DES VENTES \u00c0 SERVICE COMPLET DE TYPE COMMERCIAL<\/li>\n<\/ul>\n<\/td>\n<td>\u00a0<a style=\"font-weight: inherit; font-style: inherit; color: #b10820;\" href=\"https:\/\/canada.ul.com\/wp-content\/uploads\/sites\/11\/2015\/06\/csp_cpvxc_ENG.pdf\" target=\"_blank\"><img decoding=\"async\" src=\"https:\/\/canada.ul.com\/wp-content\/uploads\/sites\/11\/2015\/06\/acrobat_icon.png\" alt=\"\" \/><\/a><\/td>\n<\/tr>\n<tr class=\"rowAlt\">\n<td>\u00a0CPWFC<\/td>\n<td>\n<ul style=\"color: #595959;\">\n<li>\u00a0ENTREPRISES D&#8217;INSTALLATION DE TYPE COMMERCIAL, \u00c0 SERVICE PARTAG\u00c9 ET LOCAL<\/li>\n<\/ul>\n<\/td>\n<td>\u00a0<a style=\"font-weight: inherit; font-style: inherit; color: #b10820;\" href=\"https:\/\/canada.ul.com\/wp-content\/uploads\/sites\/11\/2015\/06\/csp_cpwfc_ENG.pdf\" target=\"_blank\"><img decoding=\"async\" src=\"https:\/\/canada.ul.com\/wp-content\/uploads\/sites\/11\/2015\/06\/acrobat_icon.png\" alt=\"\" \/><\/a><\/td>\n<\/tr>\n<tr>\n<td>\u00a0CRXXC<\/td>\n<td>\n<ul style=\"color: #595959;\">\n<li>CENTRALES DE R\u00c9CEPTION D&#8217;ALARME \u00c0 SERVICE COMPLET DE TYPE FINANCIER<\/li>\n<li>CENTRALES DE R\u00c9CEPTION D&#8217;ALARME \u00c0 SERVICE PARTAG\u00c9 DE TYPE FINANCIER<\/li>\n<li>CENTRES SATELLITES \u00c0 SERVICE COMPLET DE TYPE FINANCIER<\/li>\n<li>CENTRES SATELLITES \u00c0 SERVICE PARTAG\u00c9 DE TYPE FINANCIER<\/li>\n<li>CENTRES DE SERVICE DES VENTES \u00c0 SERVICE COMPLET DE TYPE FINANCIER<\/li>\n<\/ul>\n<\/td>\n<td>\u00a0<a style=\"font-weight: inherit; font-style: inherit; color: #b10820;\" href=\"https:\/\/canada.ul.com\/wp-content\/uploads\/sites\/11\/2015\/06\/csp_crxxc_ENG.pdf\" target=\"_blank\"><img decoding=\"async\" src=\"https:\/\/canada.ul.com\/wp-content\/uploads\/sites\/11\/2015\/06\/acrobat_icon.png\" alt=\"\" \/><\/a><\/td>\n<\/tr>\n<tr class=\"rowAlt\">\n<td>\u00a0CRYHC<\/td>\n<td>\n<ul style=\"color: #595959;\">\n<li>\u00a0ENTREPRISES D&#8217;INSTALLATION DE TYPE FINANCIER, \u00c0 SERVICE PARTAG\u00c9 ET LOCAL<\/li>\n<\/ul>\n<\/td>\n<td>\u00a0<a style=\"font-weight: inherit; font-style: inherit; color: #b10820;\" href=\"https:\/\/canada.ul.com\/wp-content\/uploads\/sites\/11\/2015\/06\/csp_cryhc_ENG.pdf\" target=\"_blank\"><img decoding=\"async\" src=\"https:\/\/canada.ul.com\/wp-content\/uploads\/sites\/11\/2015\/06\/acrobat_icon.png\" alt=\"\" \/><\/a><\/td>\n<\/tr>\n<tr>\n<td>\u00a0DAXWC<\/td>\n<td>\n<ul style=\"color: #595959;\">\n<li>\u00a0LOGICIEL D&#8217;AUTOMATISATION DE CENTRALE DE R\u00c9CEPTION D&#8217;ALARME<\/li>\n<\/ul>\n<\/td>\n<td>\u00a0<a style=\"font-weight: inherit; font-style: inherit; color: #b10820;\" href=\"https:\/\/canada.ul.com\/wp-content\/uploads\/sites\/11\/2014\/06\/csp_daxwc_ENG.pdf\" target=\"_blank\"><img decoding=\"async\" src=\"https:\/\/canada.ul.com\/wp-content\/uploads\/sites\/11\/2015\/06\/acrobat_icon.png\" alt=\"\" \/><\/a><\/td>\n<\/tr>\n<tr class=\"rowAlt\">\n<td>\u00a0DAYIC<\/td>\n<td>\n<ul style=\"color: #595959;\">\n<li>CENTRALES DE R\u00c9CEPTION D&#8217;ALARME INCENDIE \u00c0 SERVICE COMPLET DE TYPE AVERTISSEMENT DE PROTECTION INCENDIE<\/li>\n<li>CENTRALES DE R\u00c9CEPTION D&#8217;ALARME INCENDIE \u00c0 SERVICE PARTAG\u00c9 DE TYPE AVERTISSEMENT DE PROTECTION INCENDIE<\/li>\n<li>CENTRES SATELLITES \u00c0 SERVICE COMPLET DE TYPE AVERTISSEMENT DE PROTECTION INCENDIE<\/li>\n<li>CENTRES SATELLITES \u00c0 SERVICE PARTAG\u00c9 DE TYPE AVERTISSEMENT DE PROTECTION INCENDIE<\/li>\n<li>CENTRES DE SERVICE DES VENTES \u00c0 SERVICE COMPLET DE TYPE AVERTISSEMENT DE PROTECTION INCENDIE<\/li>\n<\/ul>\n<\/td>\n<td>\u00a0<a style=\"font-weight: inherit; font-style: inherit; color: #b10820;\" href=\"https:\/\/canada.ul.com\/wp-content\/uploads\/sites\/11\/2014\/06\/csp_dayic_ENG.pdf\" target=\"_blank\"><img decoding=\"async\" src=\"https:\/\/canada.ul.com\/wp-content\/uploads\/sites\/11\/2015\/06\/acrobat_icon.png\" alt=\"\" \/><\/a><\/td>\n<\/tr>\n<tr>\n<td>\u00a0DAYYC<\/td>\n<td>\n<ul style=\"color: #595959;\">\n<li>\u00a0SYST\u00c8ME D&#8217;AVERTISSEMENT DE PROTECTION INCENDIE &#8211; INSTALLATION \u00c0 SERVICE PARTAG\u00c9<\/li>\n<\/ul>\n<\/td>\n<td>\u00a0<a style=\"font-weight: inherit; font-style: inherit; color: #b10820;\" href=\"https:\/\/canada.ul.com\/wp-content\/uploads\/sites\/11\/2014\/06\/csp_dayyc_ENG.pdf\" target=\"_blank\"><img decoding=\"async\" src=\"https:\/\/canada.ul.com\/wp-content\/uploads\/sites\/11\/2015\/06\/acrobat_icon.png\" alt=\"\" \/><\/a><\/td>\n<\/tr>\n<\/tbody>\n<\/table>\n<p>&nbsp;<\/p>\n","protected":false},"excerpt":{"rendered":"<p>Les proc\u00e9dures des services de certification sont des documents utilis\u00e9s par les soci\u00e9t\u00e9s d&#8217;alarme inscrites aupr\u00e8s d&#8217;ULC. Ces proc\u00e9dures fournissent aux soci\u00e9t\u00e9s d&#8217;alarme des directives sur la fa\u00e7on de tenir \u00e0 jour leur inscription sous [&hellip;]<\/p>\n","protected":false},"author":197,"featured_media":0,"parent":962,"menu_order":0,"comment_status":"open","ping_status":"closed","template":"page-ulcp.php","meta":{"_acf_changed":false,"inline_featured_image":false,"footnotes":""},"class_list":["post-965","page","type-page","status-publish","hentry"],"acf":[],"_links":{"self":[{"href":"https:\/\/canada.ul.com\/fr\/wp-json\/wp\/v2\/pages\/965","targetHints":{"allow":["GET"]}}],"collection":[{"href":"https:\/\/canada.ul.com\/fr\/wp-json\/wp\/v2\/pages"}],"about":[{"href":"https:\/\/canada.ul.com\/fr\/wp-json\/wp\/v2\/types\/page"}],"author":[{"embeddable":true,"href":"https:\/\/canada.ul.com\/fr\/wp-json\/wp\/v2\/users\/197"}],"replies":[{"embeddable":true,"href":"https:\/\/canada.ul.com\/fr\/wp-json\/wp\/v2\/comments?post=965"}],"version-history":[{"count":0,"href":"https:\/\/canada.ul.com\/fr\/wp-json\/wp\/v2\/pages\/965\/revisions"}],"up":[{"embeddable":true,"href":"https:\/\/canada.ul.com\/fr\/wp-json\/wp\/v2\/pages\/962"}],"wp:attachment":[{"href":"https:\/\/canada.ul.com\/fr\/wp-json\/wp\/v2\/media?parent=965"}],"curies":[{"name":"wp","href":"https:\/\/api.w.org\/{rel}","templated":true}]}}