{"id":962,"date":"2014-06-25T19:28:08","date_gmt":"2014-06-25T19:28:08","guid":{"rendered":"https:\/\/canada.ul.com\/?page_id=962"},"modified":"2023-12-05T15:43:16","modified_gmt":"2023-12-05T15:43:16","slug":"fireandsecurityalarmcertificateprograms","status":"publish","type":"page","link":"https:\/\/canada.ul.com\/fr\/programmesulc\/fireandsecurityalarmcertificateprograms\/","title":{"rendered":"Programmes de Certification des R\u00e9seaux Avertisseurs D&#8217;incendie et des Syst\u00e8mes de S\u00e9curit\u00e9"},"content":{"rendered":"<p><a class=\"btn btn-primary\" style=\"color: #fff;\" role=\"button\" href=\"https:\/\/www.ul.com\/fr-ca\/contact-us\" target=\"_blank\" rel=\"noopener noreferrer\">Nous joindre<\/a><\/p>\n<p>Les programmes de certification des r\u00e9seaux avertisseurs d&#8217;incendie et des syst\u00e8mes de s\u00e9curit\u00e9 ULC offrent aux autorit\u00e9s comp\u00e9tentes, aux compagnies d&#8217;assurance ainsi qu&#8217;aux municipalit\u00e9s ou au gouvernement un moyen pratique et fiable d&#8217;identifier les r\u00e9seaux avertisseurs d&#8217;incendie et les syst\u00e8mes de s\u00e9curit\u00e9 qui sont conformes aux codes. Gr\u00e2ce \u00e0 ces programmes, un syst\u00e8me install\u00e9 peut porter un certificat sur lequel figure la marque ULC, qui est largement reconnue. Bon nombre d&#8217;autorit\u00e9s comp\u00e9tentes, d&#8217;organismes gouvernementaux et d&#8217;assureurs provenant de partout au Canada ont constat\u00e9 que ces programmes \u00e9taient extr\u00eamement utiles pour \u00e9valuer les risques et d\u00e9terminer la conformit\u00e9 aux codes en vigueur.<\/p>\n<p>ULC inscrit des soci\u00e9t\u00e9s d&#8217;alarme pour d\u00e9terminer si elles sont conformes aux normes ULC et aux codes reconnus \u00e0 l&#8217;\u00e9chelle nationale. D\u00e8s qu&#8217;une soci\u00e9t\u00e9 a franchi les diff\u00e9rentes \u00e9tapes de ce processus d&#8217;\u00e9valuation, elle est en mesure de d\u00e9livrer des certificats dans les limites de sa cat\u00e9gorie d&#8217;inscription. Ces certificats sont g\u00e9n\u00e9ralement d\u00e9livr\u00e9s lorsqu&#8217;un organisme requ\u00e9rant, souhaitant assurer sa conformit\u00e9 aux normes nationales, en fait la demande. Ce site comprend les documents requis par la soci\u00e9t\u00e9 pour qu&#8217;elle puisse prendre les dispositions n\u00e9cessaires en vue de l&#8217;inspection ainsi que les formulaires n\u00e9cessaires pour faire la demande de certificats. Les certificats ULC ne peuvent \u00eatre d\u00e9livr\u00e9s que par des soci\u00e9t\u00e9s inscrites aupr\u00e8s d&#8217;ULC.<\/p>\n<p><strong>Programmes de certification<\/strong><\/p>\n<p>Les programmes de certification des r\u00e9seaux avertisseurs d&#8217;incendie et des syst\u00e8mes de s\u00e9curit\u00e9 ULC comprennent notamment:<\/p>\n<div class=\"accordion-group\">\n<div class=\"accordion\"><a class=\"accordion-heading collapsed\">INSTALLATION ET SURVEILLANCE DES SYST\u00c8MES D&#8217;ALARME ANTIVOL \u2013 COMMERCIAUX, FINANCIERS ET R\u00c9SIDENTIELS<\/a><\/p>\n<div id=\"collapseOne\" class=\"collapse\">\n<div class=\"accordion-body\">\n<ul>\n<li>La surveillance des syst\u00e8mes d&#8217;alarme antivol comprend les propri\u00e9t\u00e9s commerciales, financi\u00e8res et r\u00e9sidentielles.<\/li>\n<li>L&#8217;installation, la surveillance et l&#8217;entretien des syst\u00e8mes de surveillance des syst\u00e8mes d&#8217;alarme antivol sont d\u00e9crits dans les normes ULC CAN\/ULC-S301-09, Syst\u00e8mes d&#8217;alarme antivol et op\u00e9rations de la centrale de r\u00e9ception d&#8217;alarme et CAN\/ULC-S302-14, Norme pour l&#8217;installation, l&#8217;inspection et les mises \u00e0 l\u2019essai de syst\u00e8mes d&#8217;alarme intrusion.<\/li>\n<li>Comprend l&#8217;\u00e9metteur du lieu prot\u00e9g\u00e9, la m\u00e9thode de communication et l&#8217;installation et l&#8217;utilisation de l&#8217;\u00e9quipement des centrales de r\u00e9ception d&#8217;alarme.<\/li>\n<\/ul>\n<\/div>\n<\/div>\n<\/div>\n<div class=\"accordion\"><a class=\"accordion-heading collapsed\">INSPECTION ET MISE \u00c0 L&#8217;ESSAI DES R\u00c9SEAUX AVERTISSEURS D&#8217;INCENDIE<\/a><\/p>\n<div id=\"collapseTwo\" class=\"collapse\">\n<div class=\"accordion-body\">\n<ul>\n<li>L&#8217;inspection et la mise \u00e0 l&#8217;essai des r\u00e9seaux avertisseurs d&#8217;incendie d&#8217;un b\u00e2timent sont d\u00e9crites dans la norme ULC CAN\/ULC-S536-13, Inspection et mise \u00e0 l&#8217;essai des r\u00e9seaux avertisseurs d&#8217;incendie.<\/li>\n<li>Comprend le poste de contr\u00f4le, les annonciateurs, les dispositifs de d\u00e9clenchement et les signaux sonores et visuels.<\/li>\n<li>Une fois les dossiers initiaux en place, la soci\u00e9t\u00e9 doit suivre la norme ULC CAN\/ULC-S536-13 pour conna\u00eetre les m\u00e9thodes d&#8217;inspection et de mise \u00e0 l&#8217;essai du r\u00e9seau qui devront \u00eatre suivies par la suite.<\/li>\n<li>Au cours du processus d&#8217;inspection, la soci\u00e9t\u00e9 a la responsabilit\u00e9 de rep\u00e9rer et de documenter les lacunes et\/ou les changements apport\u00e9s au r\u00e9seau.<\/li>\n<\/ul>\n<\/div>\n<\/div>\n<\/div>\n<div class=\"accordion\"><a class=\"accordion-heading collapsed\">SYST\u00c8MES D&#8217;AVERTISSEMENT DE PROTECTION INCENDIE (GICLEURS ET PANNEAUX DE COMMANDE D&#8217;ALARME INCENDIE)<\/a><\/p>\n<div id=\"collapseThree\" class=\"collapse\">\n<div class=\"accordion-body\">\n<ul>\n<li>Les syst\u00e8mes d&#8217;avertissement de protection incendie comprennent la surveillance des r\u00e9seaux avertisseurs d&#8217;incendie et des syst\u00e8mes de gicleurs.<\/li>\n<li>L&#8217;installation, la surveillance et l&#8217;entretien des syst\u00e8mes de surveillance des r\u00e9seaux avertisseurs d&#8217;incendie et des syst\u00e8mes de surveillance des syst\u00e8mes de gicleurs sont d\u00e9crits dans la norme ULC CAN\/ULC-S561-13, Installation et services &#8211; syst\u00e8mes et centrales de r\u00e9ception d&#8217;alarme incendie.<\/li>\n<li>Comprend l&#8217;\u00e9metteur du lieu prot\u00e9g\u00e9, la m\u00e9thode de communication et l&#8217;\u00e9quipement des centrales de r\u00e9ception d&#8217;alarme.<\/li>\n<li>L&#8217;\u00e9quipement satisfait aux exigences de la norme CAN\/ULC-S559-13, \u00c9quipement des syst\u00e8mes et des centrales de r\u00e9ception d&#8217;alarme incendie.<\/li>\n<\/ul>\n<\/div>\n<\/div>\n<\/div>\n<div class=\"accordion\"><a class=\"accordion-heading collapsed\">SERVICE D&#8217;INTERVENTION DES GARDIENS EN CAS D&#8217;ALARME<\/a><\/p>\n<div id=\"collapseFour\" class=\"collapse\">\n<div class=\"accordion-body\">\n<ul>\n<li>Le service d&#8217;intervention des gardiens en cas d&#8217;alarme peut \u00eatre utilis\u00e9, conjointement avec le programme de certification du syst\u00e8me d&#8217;alarme antivol, au lieu de faire appel au service de police.<\/li>\n<li>Les exigences sont d\u00e9crites dans la norme ULC CAN\/ULC-S301-09, Syst\u00e8mes d&#8217;alarme antivol et op\u00e9rations de la centrale de r\u00e9ception d&#8217;alarme.<\/li>\n<li>Fournit des interventions certifi\u00e9es relativement aux syst\u00e8mes d&#8217;alarme antivol.<\/li>\n<\/ul>\n<\/div>\n<\/div>\n<\/div>\n<div class=\"accordion\"><a class=\"accordion-heading collapsed\">LOGICIEL D&#8217;AUTOMATISATION DU POSTE<\/a><\/p>\n<div id=\"collapseFive\" class=\"collapse\">\n<div class=\"accordion-body\">\n<ul>\n<li>Le logiciel d&#8217;automatisation du poste (LAP) est utilis\u00e9 par les centrales de r\u00e9ception d&#8217;alarme incendie pour traiter l&#8217;activit\u00e9 des signaux provenant des syst\u00e8mes d&#8217;alarme antivol et des syst\u00e8mes d&#8217;avertissement de protection incendie.<\/li>\n<li>Le fonctionnement du logiciel d&#8217;automatisation du poste et la consignation respectent les exigences d\u00e9crites dans la norme ULC CAN\/ULC-S301-09, Syst\u00e8mes d&#8217;alarme antivol et op\u00e9rations de la centrale de r\u00e9ception d&#8217;alarme.<\/li>\n<li>Les certificats sont d\u00e9livr\u00e9s par l&#8217;\u00e9diteur du logiciel d&#8217;automatisation du poste pour identifier les exemplaires du progiciel LAP qui sont inscrits aupr\u00e8s d&#8217;U\u200eLC.<\/li>\n<\/ul>\n<\/div>\n<\/div>\n<\/div>\n<div class=\"accordion\"><a class=\"accordion-heading collapsed\">COMPOSANTES DES PROGRAMMES<\/a><\/p>\n<div id=\"collapseSix\" class=\"collapse\">\n<div class=\"accordion-body\">\n<ul>\n<li>Les soci\u00e9t\u00e9s d&#8217;installation et de surveillance de syst\u00e8mes d&#8217;alarme doivent \u00eatre inscrites aupr\u00e8s d&#8217;ULC; et ces soci\u00e9t\u00e9s sont soumises \u00e0 des inspections annuelles.<\/li>\n<li>Des contrats d&#8217;entretien pour la surveillance et\/ou l&#8217;entretien doivent \u00eatre pass\u00e9s avec l&#8217;occupant.<\/li>\n<li>Des dossiers d&#8217;entretien doivent \u00eatre conserv\u00e9s et ces dossiers seront v\u00e9rifi\u00e9s par ULC.<\/li>\n<li>Dans le cadre des programmes de syst\u00e8mes d&#8217;alarme antivol et de syst\u00e8mes d&#8217;avertissement de protection incendie, des certificats peuvent \u00eatre d\u00e9livr\u00e9s en tant que Service complet dans le cas d&#8217;une soci\u00e9t\u00e9 unique qui sera responsable de l&#8217;entretien et de la surveillance ou en tant que Service partag\u00e9 dans le cas o\u00f9 des soci\u00e9t\u00e9s distinctes seront responsables de l&#8217;entretien et de la surveillance, selon les soci\u00e9t\u00e9s d&#8217;alarme inscrites aupr\u00e8s d&#8217;ULC.<\/li>\n<\/ul>\n<\/div>\n<\/div>\n<\/div>\n<div class=\"accordion\"><a class=\"accordion-heading collapsed\">AVANTAGES DES CERTIFICATS ULC<\/a><\/p>\n<div id=\"collapseSeven\" class=\"collapse\">\n<div class=\"accordion-body\">\n<p>Les programmes de services de certification ULC sont utilis\u00e9s par les autorit\u00e9s comp\u00e9tentes, les organismes gouvernementaux et le monde de l&#8217;assurance pour v\u00e9rifier si les niveaux de protection, de rendement et de maintenance r\u00e9guli\u00e8re sont appropri\u00e9s. Les principaux avantages pour ces groupes comprennent notamment:<\/p>\n<ul>\n<li>Un certificat ULC indique que l&#8217;installation est inspect\u00e9e, mise \u00e0 l&#8217;essai et entretenue par la soci\u00e9t\u00e9 de services des syst\u00e8mes d&#8217;alarme inscrite.<\/li>\n<li>Des dispositions indiquant que toutes les composantes d&#8217;un programme sont en place et que le syst\u00e8me fait partie de la base de donn\u00e9es ULC.<\/li>\n<li>La v\u00e9rification par une tierce partie des soci\u00e9t\u00e9s faisant partie du programme fait en sorte que tous les participants sont \u00e9valu\u00e9s \u00e9quitablement; de plus, les participants ont l&#8217;assurance que ULC effectue une v\u00e9rification des soci\u00e9t\u00e9s d&#8217;alarme.<\/li>\n<\/ul>\n<p>Savoir que les soci\u00e9t\u00e9s d&#8217;alarme et de surveillance font l&#8217;objet d&#8217;une v\u00e9rification aide les compagnies d&#8217;assurance et les organismes de r\u00e9glementation \u00e0 d\u00e9cider du<\/p>\n<ul>\n<li>nombre d&#8217;effectifs qu&#8217;ils d\u00e9ploieront pour effectuer leur propre surveillance des soci\u00e9t\u00e9s et l&#8217;acceptation de ces derni\u00e8res.<\/li>\n<li>Savoir que ULC enqu\u00eatera sur quelque probl\u00e8me que ce soit qui pourrait survenir avec les certificats ou les soci\u00e9t\u00e9s d&#8217;alarme inscrites, et que ULC signalera ce probl\u00e8me \u00e0 l&#8217;organisme requ\u00e9rant un certificat.<\/li>\n<li>D\u00e8s qu&#8217;une enqu\u00eate visant \u00e0 \u00e9valuer la conformit\u00e9 aux exigences du programme et aux normes nationales du Canada applicables est termin\u00e9e, la soci\u00e9t\u00e9 d&#8217;alarme est inscrite aupr\u00e8s d&#8217;ULC et autoris\u00e9e \u00e0 d\u00e9livrer des certificats ULC aux installations qui respectent les exigences relatives \u00e0 la classification particuli\u00e8re du service. Le nom des clients inscrits est indiqu\u00e9 dans les <a href=\"http:\/\/database.ul.com\/cgi-bin\/XYV\/template\/LISCANADA\/1FRAME\/index.html\">R\u00e9pertoires en ligne des \u00e9quipements et des mat\u00e9riaux ULC<\/a>.<\/li>\n<\/ul>\n<p>\u200eLes syst\u00e8mes d&#8217;alarme certifi\u00e9s doivent \u00eatre entretenus par le service d&#8217;entretien et d&#8217;inspection de la soci\u00e9t\u00e9 de services des syst\u00e8mes d&#8217;alarme qui a d\u00e9livr\u00e9 le certificat. Un certificat ULC indique que l&#8217;installation est inspect\u00e9e, mise \u00e0 l&#8217;essai et entretenue par la soci\u00e9t\u00e9 de services des syst\u00e8mes d&#8217;alarme inscrite. Bien qu&#8217;il soit important que les soci\u00e9t\u00e9s installatrices soient inscrites, il est encore plus important de demander que chaque syst\u00e8me soit certifi\u00e9 et soumis \u00e0 un processus d&#8217;inspection annuelle par ULC pour assurer sa conformit\u00e9 aux codes.<\/p>\n<p>Les inscriptions de certificats ULC ne comprennent que les syst\u00e8mes d&#8217;alarme dont le certificat est actif et en vigueur. Une soci\u00e9t\u00e9 de services des syst\u00e8mes d&#8217;alarme qui a \u00e9t\u00e9 inscrite par ULC en vertu du service n&#8217;est pas oblig\u00e9e de d\u00e9livrer des certificats pour tous ses syst\u00e8mes. Seuls les syst\u00e8mes couverts par un certificat peuvent \u00eatre inspect\u00e9s par ULC en accord avec les exigences du programme.<\/p>\n<p>Pour obtenir un exemplaire de n&#8217;importe laquelle des normes nationales CAN\/ULC mentionn\u00e9es ci-dessus, veuillez visiter <a href=\"https:\/\/canada.ul.com\/fr\/normesulc\/aboutus\/salesofulcstandardsmaterials\/\">le magasin en ligne d&#8217;ULC<\/a>. De nombreuses normes relatives aux r\u00e9seaux avertisseurs d&#8217;incendie et aux syst\u00e8mes de s\u00e9curit\u00e9 sont offertes sans frais aux soci\u00e9t\u00e9s inscrites aupr\u00e8s d&#8217;ULC.<\/p>\n<\/div>\n<\/div>\n<\/div>\n<\/div>\n","protected":false},"excerpt":{"rendered":"<p>Nous joindre Les programmes de certification des r\u00e9seaux avertisseurs d&#8217;incendie et des syst\u00e8mes de s\u00e9curit\u00e9 ULC offrent aux autorit\u00e9s comp\u00e9tentes, aux compagnies d&#8217;assurance ainsi qu&#8217;aux municipalit\u00e9s ou au gouvernement un moyen pratique et fiable d&#8217;identifier [&hellip;]<\/p>\n","protected":false},"author":6,"featured_media":34955,"parent":877,"menu_order":10,"comment_status":"open","ping_status":"closed","template":"page-ulcp.php","meta":{"_acf_changed":false,"inline_featured_image":false,"footnotes":""},"class_list":["post-962","page","type-page","status-publish","has-post-thumbnail","hentry"],"acf":[],"_links":{"self":[{"href":"https:\/\/canada.ul.com\/fr\/wp-json\/wp\/v2\/pages\/962","targetHints":{"allow":["GET"]}}],"collection":[{"href":"https:\/\/canada.ul.com\/fr\/wp-json\/wp\/v2\/pages"}],"about":[{"href":"https:\/\/canada.ul.com\/fr\/wp-json\/wp\/v2\/types\/page"}],"author":[{"embeddable":true,"href":"https:\/\/canada.ul.com\/fr\/wp-json\/wp\/v2\/users\/6"}],"replies":[{"embeddable":true,"href":"https:\/\/canada.ul.com\/fr\/wp-json\/wp\/v2\/comments?post=962"}],"version-history":[{"count":3,"href":"https:\/\/canada.ul.com\/fr\/wp-json\/wp\/v2\/pages\/962\/revisions"}],"predecessor-version":[{"id":35867,"href":"https:\/\/canada.ul.com\/fr\/wp-json\/wp\/v2\/pages\/962\/revisions\/35867"}],"up":[{"embeddable":true,"href":"https:\/\/canada.ul.com\/fr\/wp-json\/wp\/v2\/pages\/877"}],"wp:featuredmedia":[{"embeddable":true,"href":"https:\/\/canada.ul.com\/fr\/wp-json\/wp\/v2\/media\/34955"}],"wp:attachment":[{"href":"https:\/\/canada.ul.com\/fr\/wp-json\/wp\/v2\/media?parent=962"}],"curies":[{"name":"wp","href":"https:\/\/api.w.org\/{rel}","templated":true}]}}