{"id":953,"date":"2014-06-27T14:28:30","date_gmt":"2014-06-25T17:55:39","guid":{"rendered":"https:\/\/canada.ul.com\/?page_id=953"},"modified":"2021-02-19T19:15:06","modified_gmt":"2021-02-19T19:15:06","slug":"recognitionofulc","status":"publish","type":"page","link":"https:\/\/canada.ul.com\/fr\/aproposdenous\/recognitionofulc\/","title":{"rendered":"RECONNAISSANCE DE ULC"},"content":{"rendered":"<p>Les Laboratoires des assureurs du Canada (ULC) offrent une homologation de produits de type 4, \u00e0 l\u2019exception de l\u2019homologation de produits de type 1 pour la compatibilit\u00e9 \u00e9lectromagn\u00e9tique et de type 1b dans le cas des homologations sur place conform\u00e9ment \u00e0 la d\u00e9finition contenue dans la norme ISO\/IEC 17067.<\/p>\n<table class=\"table\">\n<thead>\n<tr>\n<th width=\"33%\">Accr\u00e9ditation et liens vers les principaux sites Web<\/th>\n<th width=\"33%\">Aper\u00e7u de la port\u00e9e ou du but; Reconnaissance<\/th>\n<th width=\"33%\">\n<p align=\"left\"><b>Renvoi aux normes<\/b><\/p>\n<\/th>\n<\/tr>\n<\/thead>\n<tbody>\n<tr>\n<td><a href=\"http:\/\/www.scc.ca\/\" target=\"_blank\" rel=\"noopener\">Conseil canadien des normes &#8211; CCN<\/a><\/td>\n<td>Comme organisme d\u2019homologation (OC) accr\u00e9dit\u00e9<\/td>\n<td>ISO\/IEC 17065<\/td>\n<\/tr>\n<tr>\n<td><a href=\"http:\/\/www.iasonline.org\/\">International Accreditation Service &#8211; IAS<\/a> LE-213<\/p>\n<p><a href=\"http:\/\/www.iasonline.org\/\">International Accreditation Service &#8211; IAS<\/a> LE-850 &amp; 851<\/p>\n<p><a href=\"http:\/\/www.iasonline.org\/\">International Accreditation Service &#8211; IAS<\/a> LE-904<\/p>\n<p><a href=\"http:\/\/www.iasonline.org\/\">International Accreditation Service &#8211; IAS<\/a> CL-223<\/td>\n<td>\u00c0 titre d\u2019organisme d\u2019essais (OE) accr\u00e9dit\u00e9<\/p>\n<p>\u00c0 titre d\u2019organisme d\u2019essais (OE) accr\u00e9dit\u00e9<\/p>\n<p>\u00c0 titre d\u2019organisme d\u2019essais (OE) accr\u00e9dit\u00e9<\/p>\n<p>En tant que laboratoire d&#8217;\u00e9talonnage accr\u00e9dit\u00e9<\/td>\n<td>ISO\/IEC 17025<\/p>\n<p>&nbsp;<\/p>\n<p>ISO\/IEC 17025<\/p>\n<p>ISO\/IEC 17025<\/p>\n<p>&nbsp;<\/p>\n<p>ISO\/IEC 17025<\/td>\n<\/tr>\n<tr>\n<td><a href=\"http:\/\/www.scc.ca\/\" target=\"_blank\" rel=\"noopener\">Conseil canadien des normes &#8211; CCN<\/a><\/td>\n<td>\u00c0 titre d\u2019organisme d\u2019\u00e9laboration de normes accr\u00e9dit\u00e9e (OEN)<\/td>\n<td>Exigences et lignes directrices du CCN et OMC\/Accord OTC, Annexe\u00a03<\/td>\n<\/tr>\n<tr>\n<td><a href=\"http:\/\/www.scc.ca\/\" target=\"_blank\" rel=\"noopener\">Conseil canadien des normes &#8211; CCN<\/a><\/td>\n<td>\u00c0 titre d\u2019organisme d\u2019inspection (OI) accr\u00e9dit\u00e9<\/td>\n<td>ISO\/IEC 17020<\/td>\n<\/tr>\n<tr>\n<td><a href=\"http:\/\/www.scc.ca\/\" target=\"_blank\" rel=\"noopener\">Conseil canadien des normes \u2013 CCN<\/a><\/td>\n<td>\u00c0 titre d\u2019organisme d\u2019homologation (OH) accr\u00e9dit\u00e9 selon la port\u00e9e d\u2019accr\u00e9ditation de UL LLC (entit\u00e9 juridique am\u00e9ricaine) et consid\u00e9r\u00e9 comme un emplacement cl\u00e9<\/td>\n<td>ISO\/IEC 17065<\/td>\n<\/tr>\n<tr>\n<td><a href=\"https:\/\/www.osha.gov\/\" target=\"_blank\" rel=\"noopener\">U.S. OSHA<\/a><\/td>\n<td>En tant que site reconnu effectuant des activit\u00e9s d\u2019homologation couvertes par la port\u00e9e de la reconnaissance accord\u00e9e \u00e0 Underwriters Laboratories Inc. (entit\u00e9 juridique am\u00e9ricaine)<\/td>\n<td style=\"color: #595959;text-align: left\" valign=\"top\" width=\"211\">Exigences du programme NRTL de l\u2019OSHA<\/td>\n<\/tr>\n<tr>\n<td><a href=\"https:\/\/www.ansi.org\/\" target=\"_blank\" rel=\"noopener\">ANSI<\/a><\/td>\n<td>\u00c0 titre d\u2019organisme d\u2019homologation (OH) reconnu selon la port\u00e9e d\u2019accr\u00e9ditation de UL LLC (entit\u00e9 juridique am\u00e9ricaine) et consid\u00e9r\u00e9 comme un emplacement cl\u00e9<\/td>\n<td>ISO\/IEC 17065<\/td>\n<\/tr>\n<tr>\n<td><a href=\"https:\/\/www.iecee.org\/\" target=\"_blank\" rel=\"noopener\">Sch\u00e9ma d\u2019organisme d\u2019homologation du Syst\u00e8me CEI d\u2019essais de conformit\u00e9 aux normes de s\u00e9curit\u00e9 de l\u2019\u00e9quipement \u00e9lectrique<\/a><\/td>\n<td>Cat\u00e9gorie de produit\u00a0:<\/td>\n<td>Syst\u00e8me CEI d\u2019essais de conformit\u00e9 aux normes de s\u00e9curit\u00e9 de l\u2019\u00e9quipement \u00e9lectrique\u00a0: <a href=\"https:\/\/www.iecee.org\/dyn\/www\/f?p=106:9:0::::FSP_ORG_ID:13337\" target=\"_blank\" rel=\"noopener\">Port\u00e9e NCB UL(CA)<\/a><\/td>\n<\/tr>\n<tr>\n<td>Organisme d\u2019homologation national et laboratoire d\u2019essai d\u2019organisme d\u2019homologation reconnus par le Syst\u00e8me CEI d\u2019essais de conformit\u00e9 aux normes de s\u00e9curit\u00e9 de l\u2019\u00e9quipement \u00e9lectrique<\/td>\n<td>D\u00e9sactiv\u00e9\u00a0: Mat\u00e9riel informatique et de bureau<\/td>\n<td><\/td>\n<\/tr>\n<tr>\n<td><a href=\"https:\/\/www.iecee.org\/\" target=\"_blank\" rel=\"noopener\">Sch\u00e9ma d\u2019organisme d\u2019homologation du Syst\u00e8me CEI d\u2019essais de conformit\u00e9 aux normes de s\u00e9curit\u00e9 de l\u2019\u00e9quipement \u00e9lectrique<\/a><\/td>\n<td>Cat\u00e9gorie de produit\u00a0:<\/td>\n<td><\/td>\n<\/tr>\n<tr>\n<td>Organisme d\u2019homologation national et laboratoire d\u2019essai d\u2019organisme d\u2019homologation reconnus par le Syst\u00e8me CEI d\u2019essais de conformit\u00e9 aux normes de s\u00e9curit\u00e9 de l\u2019\u00e9quipement \u00e9lectrique<\/td>\n<td>ITAV. Technologie de l&#8217;information Audio\u00a0Vid\u00e9o<\/td>\n<td><\/td>\n<\/tr>\n<tr>\n<td><a href=\"https:\/\/www.iecee.org\/\" target=\"_blank\" rel=\"noopener\">Sch\u00e9ma d\u2019organisme d\u2019homologation du Syst\u00e8me CEI d\u2019essais de conformit\u00e9 aux normes de s\u00e9curit\u00e9 de l\u2019\u00e9quipement \u00e9lectrique<\/a><\/td>\n<td>Cat\u00e9gorie de produit\u00a0:<\/td>\n<td><\/td>\n<\/tr>\n<tr>\n<td>Organisme d\u2019homologation national et laboratoire d\u2019essai d\u2019organisme d\u2019homologation reconnus par le Syst\u00e8me CEI d\u2019essais de conformit\u00e9 aux normes de s\u00e9curit\u00e9 de l\u2019\u00e9quipement \u00e9lectrique<\/td>\n<td>MEAS\u00a0: \u00c9quipement de mesure<\/td>\n<td><\/td>\n<\/tr>\n<tr>\n<td><a href=\"https:\/\/www.iecee.org\/\" target=\"_blank\" rel=\"noopener\">Sch\u00e9ma d\u2019organisme d\u2019homologation du Syst\u00e8me CEI d\u2019essais de conformit\u00e9 aux normes de s\u00e9curit\u00e9 de l\u2019\u00e9quipement \u00e9lectrique<\/a><\/td>\n<td>Cat\u00e9gorie de produit\u00a0:<\/td>\n<td><\/td>\n<\/tr>\n<tr>\n<td>Organisme d\u2019homologation national et laboratoire d\u2019essai d\u2019organisme d\u2019homologation reconnus par le Syst\u00e8me CEI d\u2019essais de conformit\u00e9 aux normes de s\u00e9curit\u00e9 de l\u2019\u00e9quipement \u00e9lectrique<\/td>\n<td>TRON\u00a0: \u00c9quipement \u00e9lectronique, de divertissement<\/td>\n<td><\/td>\n<\/tr>\n<tr>\n<td>BSMI<\/td>\n<td>Cat\u00e9gorie de produit\u00a0:<\/td>\n<td><\/td>\n<\/tr>\n<tr>\n<td>Minist\u00e8re des Affaires \u00e9conomiques, Ta\u00efwan<\/td>\n<td>D\u00e9sactiv\u00e9\u00a0: Mat\u00e9riel informatique et de bureau<\/td>\n<td><\/td>\n<\/tr>\n<tr>\n<td>Organisme d\u2019homologation national ULC (OH 046) et laboratoire d\u2019essai d\u2019organisme d\u2019homologation (LE 105)<\/td>\n<td><\/td>\n<td><\/td>\n<\/tr>\n<tr>\n<td>BSMI<\/td>\n<td>Cat\u00e9gorie de produit\u00a0:<\/td>\n<td><\/td>\n<\/tr>\n<tr>\n<td>Minist\u00e8re des Affaires \u00e9conomiques, Ta\u00efwan<\/td>\n<td>TRON\u00a0: \u00c9quipement \u00e9lectronique, de divertissement<\/td>\n<td><\/td>\n<\/tr>\n<tr>\n<td>Organisme d\u2019homologation national ULC (OH 046) et laboratoire d\u2019essai d\u2019organisme d\u2019homologation (LE 105)<\/td>\n<td><\/td>\n<td><\/td>\n<\/tr>\n<tr>\n<td>\u00a0CERTIgaz<\/td>\n<td>Laboratoire d\u2019essai reconnu pour les appareils et l\u2019\u00e9quipement au gaz<\/td>\n<td><\/td>\n<\/tr>\n<tr>\n<td>\u00a0Ville de New York<\/p>\n<p>Num\u00e9ro MEA 81-80-L<\/td>\n<td>La reconnaissance porte sur les caract\u00e9ristiques de combustion superficielle, les degr\u00e9s de r\u00e9sistance au feu, les portes et fen\u00eatres coupe-feu et l\u2019\u00e9quipement de chauffage au gaz et \u00e0 l\u2019huile<\/td>\n<td><\/td>\n<\/tr>\n<tr>\n<td>\u00c9tat du New Hampshire<\/td>\n<td>La reconnaissance couvre tous les domaines d\u2019essais en vertu des programmes d\u2019homologation des Laboratoires des assureurs du Canada<\/td>\n<td><\/td>\n<\/tr>\n<tr>\n<td>\u00a0\u00c9tat du Connecticut<\/td>\n<td>La reconnaissance couvre\u00a0: les foyers \u00e0 feu ouvert pr\u00e9fabriqu\u00e9s (ULC-S610)<\/p>\n<p>les foyers autonomes pr\u00e9fabriqu\u00e9s (ULC-S611)<\/p>\n<p>les syst\u00e8mes de chauffage \u00e0 combustibles solides (ULC-S627)<\/td>\n<td><\/td>\n<\/tr>\n<tr>\n<td>\u00a0Garde c\u00f4ti\u00e8re des \u00c9tats-Unis, d\u00e9partement des Transports<\/td>\n<td>La reconnaissance porte sur les extincteurs<\/td>\n<td><\/td>\n<\/tr>\n<tr>\n<td>\u00a0Commonwealth de l\u2019\u00c9tat de la Pennsylvanie<\/td>\n<td>La reconnaissance porte sur tous les domaines d\u2019essai en vertu du programme d\u2019homologation de ULC<\/td>\n<td><\/td>\n<\/tr>\n<tr>\n<td>\u00a0Maritime and Coast Guard Agency, R.-U. (MCA)<\/td>\n<td>Laboratoire d\u2019essais reconnu<\/td>\n<td><\/td>\n<\/tr>\n<tr>\n<td>\u00a0Quality Assurance Services, Australie<\/td>\n<td>Essai des types, homologation de produits<\/td>\n<td><\/td>\n<\/tr>\n<\/tbody>\n<\/table>\n","protected":false},"excerpt":{"rendered":"<p>Les Laboratoires des assureurs du Canada (ULC) offrent une homologation de produits de type 4, \u00e0 l\u2019exception de l\u2019homologation de produits de type 1 pour la compatibilit\u00e9 \u00e9lectromagn\u00e9tique et de type 1b dans le cas [&hellip;]<\/p>\n","protected":false},"author":6,"featured_media":22108,"parent":832,"menu_order":1,"comment_status":"closed","ping_status":"closed","template":"","meta":{"_acf_changed":false,"inline_featured_image":false,"footnotes":""},"class_list":["post-953","page","type-page","status-publish","has-post-thumbnail","hentry"],"acf":[],"_links":{"self":[{"href":"https:\/\/canada.ul.com\/fr\/wp-json\/wp\/v2\/pages\/953","targetHints":{"allow":["GET"]}}],"collection":[{"href":"https:\/\/canada.ul.com\/fr\/wp-json\/wp\/v2\/pages"}],"about":[{"href":"https:\/\/canada.ul.com\/fr\/wp-json\/wp\/v2\/types\/page"}],"author":[{"embeddable":true,"href":"https:\/\/canada.ul.com\/fr\/wp-json\/wp\/v2\/users\/6"}],"replies":[{"embeddable":true,"href":"https:\/\/canada.ul.com\/fr\/wp-json\/wp\/v2\/comments?post=953"}],"version-history":[{"count":0,"href":"https:\/\/canada.ul.com\/fr\/wp-json\/wp\/v2\/pages\/953\/revisions"}],"up":[{"embeddable":true,"href":"https:\/\/canada.ul.com\/fr\/wp-json\/wp\/v2\/pages\/832"}],"wp:featuredmedia":[{"embeddable":true,"href":"https:\/\/canada.ul.com\/fr\/wp-json\/wp\/v2\/media\/22108"}],"wp:attachment":[{"href":"https:\/\/canada.ul.com\/fr\/wp-json\/wp\/v2\/media?parent=953"}],"curies":[{"name":"wp","href":"https:\/\/api.w.org\/{rel}","templated":true}]}}