{"id":950,"date":"2014-06-27T14:26:38","date_gmt":"2014-06-27T14:26:38","guid":{"rendered":"https:\/\/canada.ul.com\/?page_id=950"},"modified":"2018-01-26T15:50:52","modified_gmt":"2018-01-26T15:50:52","slug":"becomeatechnicalcommitteemember","status":"publish","type":"page","link":"https:\/\/canada.ul.com\/fr\/programmesulc\/becomeatechnicalcommitteemember\/","title":{"rendered":"Devenez Membre du Comit\u00e9s Techniques"},"content":{"rendered":"<h3>Qui sont nos membres?<\/h3>\n<p>Les comit\u00e9s techniques de Normes ULC sont form\u00e9s de sp\u00e9cialistes repr\u00e9sentant diff\u00e9rentes cat\u00e9gories d\u2019int\u00e9r\u00eat. Ces sp\u00e9cialistes sont des b\u00e9n\u00e9voles qui consacrent g\u00e9n\u00e9reusement temps et expertise \u00e0 \u00e9laborer des normes en travaillant de concert avec le personnel de Normes ULC. Une fois la norme publi\u00e9e, le comit\u00e9 sur les normes est responsable de s&#8217;assurer que la norme fait l&#8217;objet d&#8217;un examen r\u00e9gulier et qu&#8217;elle est maintenue \u00e0 jour. <\/p>\n<p>Les membres b\u00e9n\u00e9voles des comit\u00e9s jouent un r\u00f4le inestimable dans le processus d&#8217;\u00e9laboration des normes et ULC consid\u00e8re leur participation comme essentielle. En contrepartie de leurs services, les b\u00e9n\u00e9voles acquerront une exp\u00e9rience importante qui pourra \u00e9galement les aider dans leur cheminement professionnel. Ils pourront \u00e9galement rencontrer d&#8217;autres personnes \u0153uvrant dans le m\u00eame domaine ou le m\u00eame type d&#8217;industrie et partager leurs connaissances avec elles.<\/p>\n<h3>Devenez membre du comit\u00e9s techniques<\/h3>\n<p>Si vous \u00eates int\u00e9ress\u00e9 \u00e0 devenir membre de l&#8217;un des comit\u00e9s techniques de Normes ULC ou si vous souhaitez obtenir plus de renseignements sur l&#8217;une ou l&#8217;autre de nos diff\u00e9rentes normes, ULC aimerait avoir de vos nouvelles.<\/p>\n<p>Les intervenants doivent remplir<a href=\"https:\/\/csds.ul.com\/STPInfo\/Application.aspx?UserGroup=2\"> une demande d&#8217;adh\u00e9sion \u00e0 norme ULC<\/a>. Si vous avez des questions concernant l&#8217;adh\u00e9sion, veuillez contacter Mark Ramlochan \u00e0 <a href=\"mailto:Mark.Ramlochan@ul.com\">Mark.Ramlochan@ul.com<\/a>.<\/p>\n<p>Les comit\u00e9s techniques de Normes ULC doivent maintenir une repr\u00e9sentation \u00e9quilibr\u00e9e parmi les cat\u00e9gories d&#8217;int\u00e9r\u00eat. L&#8217;adh\u00e9sion est par cons\u00e9quent sujette \u00e0 la disponibilit\u00e9.<\/p>\n<h3>Les cat\u00e9gories d\u2019int\u00e9r\u00eat<\/h3>\n<p>\nAUTORIT\u00c9 COMP\u00c9TENTE ET ORGANISME DE R\u00c9GLEMENTATION : Ceux qui participent \u00e0 la r\u00e9glementation ou \u00e0 l\u2019application des exigences des codes et des normes \u00e0 l\u2019\u00e9chelle r\u00e9gionale (p. ex. \u00e9tat ou province) ou locale. L\u2019autorit\u00e9 comp\u00e9tente ou l\u2019organisme de r\u00e9glementation peut \u00eatre un minist\u00e8re r\u00e9gional ou local ou une personne, comme un chef de service d\u2019incendie, un commissaire des incendies, le chef d\u2019une division de la pr\u00e9vention des incendies, un fonctionnaire du minist\u00e8re des Assurances, du Travail ou de la Sant\u00e9, un directeur de la construction, un inspecteur en \u00e9lectricit\u00e9 ou d\u2019autres personnes qui d\u00e9tiennent un pouvoir l\u00e9gal.<\/p>\n<p>CHA\u00ceNE D\u2019APPROVISIONNEMENT : Les producteurs d\u2019un composant faisant partie d\u2019un STP ou d\u2019un TC responsable des normes concernant les produits finaux ou les producteurs de produits finaux faisant partie d\u2019un STP ou d\u2019un TC responsable des normes concernant les composants et les installateurs, les distributeurs et les d\u00e9taillants. Les fabricants qui n\u2019ont pas d\u2019installations de fabrication pour les produits vis\u00e9s par le STP ou le TC, et qui recourent uniquement \u00e0 des sous-traitants pour fabriquer leurs produits sont consid\u00e9r\u00e9s comme faisant partie de la cat\u00e9gorie de la cha\u00eene d\u2019approvisionnement. Les revendeurs en gros ou de d\u00e9tail de produits fabriqu\u00e9s par d\u2019autres entreprises sont aussi consid\u00e9r\u00e9s comme faisant partie de la cat\u00e9gorie de la cha\u00eene d\u2019approvisionnement.<\/p>\n<p>CONSOMMATEUR : Les organismes de d\u00e9fense des consommateurs, les d\u00e9partements des sciences de la consommation des universit\u00e9s, les d\u00e9partements d\u2019\u00e9conomie domestique des universit\u00e9s, les consommateurs professionnels, les personnes qui utilisent le produit ou le service pour gagner leur vie et qui ne sont pas admissibles \u00e0 devenir membres d\u2019un STP ou d\u2019un TC en vertu d\u2019une autre cat\u00e9gorie d\u2019int\u00e9r\u00eat.<\/p>\n<p>D\u00c9L\u00c9GU\u00c9 INTERNATIONAL : Une personne qui repr\u00e9sente un organisme de normalisation national \u00e0 l\u2019ext\u00e9rieur des \u00c9tats-Unis et du Canada (p. ex. le JISC, le DIN, le BSI). Cette personne est d\u00e9sign\u00e9e par l\u2019organisme de normalisation national et approuv\u00e9e par le pr\u00e9sident du STP ou du TC. Chaque STP ou TC ne peut compter qu\u2019un seul d\u00e9l\u00e9gu\u00e9 international par organisme de normalisation national. Un d\u00e9l\u00e9gu\u00e9 international n\u2019aura pas le droit de vote si son entreprise ou son organisme est d\u00e9j\u00e0 membre du STP ou du TC.<\/p>\n<p>INT\u00c9R\u00caTS DIVERS : Les membres d\u2019un STP ou d\u2019un TC qui ont un int\u00e9r\u00eat manifeste et une expertise pertinente qui n\u2019ont aucun lien avec la production, la distribution, l\u2019usage direct ou la r\u00e9glementation des produits, des mat\u00e9riaux ou des services. Cette cat\u00e9gorie comprend les conseillers, les membres du milieu universitaire, les scientifiques, les sp\u00e9cialistes, les repr\u00e9sentants de soci\u00e9t\u00e9s professionnelles, les repr\u00e9sentants d\u2019associations professionnelles, les repr\u00e9sentants d\u2019organisations non gouvernementales, les repr\u00e9sentants d\u2019entreprises qui vendent uniquement des produits de marque maison (fabriqu\u00e9s par un autre fabricant) vis\u00e9s par le STP ou le TC et les personnes qui ne rel\u00e8vent d\u2019aucune autre cat\u00e9gorie de participation.<\/p>\n<p>MEMBRE ASSOCI\u00c9 (SANS DROIT DE VOTE) : Un membre d\u2019un STP ou d\u2019un TC qui n\u2019a pas le droit de voter et qui est ajout\u00e9 \u00e0 un STP ou \u00e0 un TC si le pr\u00e9sident le juge utile. Les membres sans droit de vote peuvent jouer un r\u00f4le de conseiller, de correspondant ou de liaison. Les membres sans droit de vote comprennent notamment les membres des comit\u00e9s parall\u00e8les du CCN et des comit\u00e9s qui \u00e9laborent les normes ISO et CEI, les membres de la CPSC et les membres de la NEMA. Cette cat\u00e9gorie n\u2019est pas pr\u00e9vue pour englober les repr\u00e9sentants suppl\u00e9mentaires d\u2019un organisme d\u00e9j\u00e0 repr\u00e9sent\u00e9 dans le STP ou le TC.<\/p>\n<p>ORGANISME D\u2019ESSAIS ET DE NORMALISATION : Les organismes qui mettent \u00e0 l\u2019essai ou certifient les produits, les services ou les syst\u00e8mes vis\u00e9s par la norme ou qui \u00e9laborent des normes ou des codes relatifs aux produits, aux services ou aux syst\u00e8mes soumis \u00e0 la norme.<\/p>\n<p>ORGANISME PUBLIC : Les membres d\u2019un STP ou d\u2019un TC qui repr\u00e9sentent des organismes publics nationaux. Les repr\u00e9sentants d\u2019organismes publics r\u00e9gionaux (p. ex. \u00e9tat, province, territoire) ou locaux qui ne rel\u00e8vent pas de la cat\u00e9gorie des organismes de r\u00e9glementation. Pour les repr\u00e9sentants des \u00c9tats-Unis, cette cat\u00e9gorie peut comprendre la CPSC, la FDA, l\u2019EPA, le d\u00e9partement des Transports des \u00c9tats-Unis, le d\u00e9partement de l\u2019\u00c9nergie, le d\u00e9partement de la D\u00e9fense, le NIST, etc. <\/p>\n<p>PRODUCTEUR : Les producteurs membres d\u2019un STP ou d\u2019un TC qui sont principalement responsables de la production, de la promotion, de la vente au d\u00e9tail ou de la distribution des produits, des mat\u00e9riaux ou des services qui sont vis\u00e9s par le comit\u00e9. Un repr\u00e9sentant d\u2019une entreprise qui participe \u00e0 la fabrication des produits soumis \u00e0 la norme, pour les normes qui d\u00e9finissent les exigences du produit. Un repr\u00e9sentant d\u2019une entreprise qui participe \u00e0 l\u2019installation ou \u00e0 l\u2019entretien des syst\u00e8mes, pour les normes qui d\u00e9finissent les exigences relatives \u00e0 l\u2019installation ou \u00e0 l\u2019entretien des produits ou des syst\u00e8mes. Une entreprise qui recourt \u00e0 l\u2019impartition d\u2019op\u00e9rations (comme la fabrication ou l\u2019assemblage pour la fabrication de produits), mais qui garde un certain contr\u00f4le sur le processus g\u00e9n\u00e9ral (qui s\u2019occupe par exemple, de certaines fonctions principales comme la recherche et l\u2019\u00e9laboration, la conception, l\u2019ordonnancement de la production, le contr\u00f4le de la qualit\u00e9 et la distribution en gros et est propri\u00e9taire d\u2019outils et de matrices pour la fabrication de produits) est \u00e9galement consid\u00e9r\u00e9e comme \u00e9tant un producteur. Un conseiller ou un agent qui repr\u00e9sente un producteur est consid\u00e9r\u00e9 comme un producteur.<\/p>\n<p>UTILISATEURS COMMERCIAUX OU INDUSTRIELS : Les organismes qui utilisent le produit, le syst\u00e8me ou le service concern\u00e9 par les normes applicables en vertu du STP ou du TC dans un contexte commercial ou industriel. Par exemple, un propri\u00e9taire de restaurant ou un restaurateur membre d\u2019un STP ou d\u2019un TC visant de l\u2019\u00e9quipement de cuisine commercial ou un propri\u00e9taire ou un exploitant d\u2019une station-service membre d\u2019un STP ou d\u2019un TC visant les r\u00e9servoirs de stockage de liquides inflammables. Les repr\u00e9sentants d\u2019organismes qui produisent des produits, des syst\u00e8mes ou des services soumis \u00e0 la norme, dont l\u2019organisme utilise \u00e9galement les produits, les syst\u00e8mes ou les services, ne sont pas admissibles \u00e0 devenir membre d\u2019un STP ou d\u2019un TC dans cette cat\u00e9gorie.<\/p>\n","protected":false},"excerpt":{"rendered":"<p>Qui sont nos membres? Les comit\u00e9s techniques de Normes ULC sont form\u00e9s de sp\u00e9cialistes repr\u00e9sentant diff\u00e9rentes cat\u00e9gories d\u2019int\u00e9r\u00eat. Ces sp\u00e9cialistes sont des b\u00e9n\u00e9voles qui consacrent g\u00e9n\u00e9reusement temps et expertise \u00e0 \u00e9laborer des normes en travaillant [&hellip;]<\/p>\n","protected":false},"author":197,"featured_media":0,"parent":877,"menu_order":3,"comment_status":"closed","ping_status":"closed","template":"","meta":{"_acf_changed":false,"inline_featured_image":false,"footnotes":""},"class_list":["post-950","page","type-page","status-publish","hentry"],"acf":[],"_links":{"self":[{"href":"https:\/\/canada.ul.com\/fr\/wp-json\/wp\/v2\/pages\/950","targetHints":{"allow":["GET"]}}],"collection":[{"href":"https:\/\/canada.ul.com\/fr\/wp-json\/wp\/v2\/pages"}],"about":[{"href":"https:\/\/canada.ul.com\/fr\/wp-json\/wp\/v2\/types\/page"}],"author":[{"embeddable":true,"href":"https:\/\/canada.ul.com\/fr\/wp-json\/wp\/v2\/users\/197"}],"replies":[{"embeddable":true,"href":"https:\/\/canada.ul.com\/fr\/wp-json\/wp\/v2\/comments?post=950"}],"version-history":[{"count":0,"href":"https:\/\/canada.ul.com\/fr\/wp-json\/wp\/v2\/pages\/950\/revisions"}],"up":[{"embeddable":true,"href":"https:\/\/canada.ul.com\/fr\/wp-json\/wp\/v2\/pages\/877"}],"wp:attachment":[{"href":"https:\/\/canada.ul.com\/fr\/wp-json\/wp\/v2\/media?parent=950"}],"curies":[{"name":"wp","href":"https:\/\/api.w.org\/{rel}","templated":true}]}}