{"id":947,"date":"2014-06-27T14:25:27","date_gmt":"2014-06-27T14:25:27","guid":{"rendered":"https:\/\/canada.ul.com\/?page_id=947"},"modified":"2017-09-26T23:34:40","modified_gmt":"2017-09-26T23:34:40","slug":"technicalcommittees","status":"publish","type":"page","link":"https:\/\/canada.ul.com\/fr\/normesulc\/technicalcommittees\/","title":{"rendered":"Comit\u00e9s Techniques"},"content":{"rendered":"<p>Les comit\u00e9s techniques de Normes ULC jouent un r\u00f4le essentiel dans la pertinence, la qualit\u00e9 et le succ\u00e8s de la publication de nos normes. Les comit\u00e9s sont compos\u00e9s de sp\u00e9cialistes b\u00e9n\u00e9voles qui repr\u00e9sentent un groupe \u00e9quilibr\u00e9 de cat\u00e9gories d&#8217;int\u00e9r\u00eats tant au niveau national et r\u00e9gional et qui travaillent de concert pour apporter de la fa\u00e7on la plus efficace possible la s\u00e9curit\u00e9 et les avantages attendus \u00e0 l&#8217;ensemble du Canada.<\/p>\n<p>En plus des membres de plein droit du comit\u00e9 qui votent sur tous les sujets cl\u00e9s, les b\u00e9n\u00e9voles qui font partie des comit\u00e9s des normes ULC comprennent \u00e9galement les membres associ\u00e9s sans droit de vote comme les membres des comit\u00e9s consultatifs canadiens (CCC) sur les normes ISO et des sous-comit\u00e9s canadiens (SCC) sur les normes CEI harmonis\u00e9s.<\/p>\n<p>Les responsabilit\u00e9s d&#8217;un comit\u00e9 technique de Normes ULC comprennent l&#8217;examen du besoin de nouvelles normes et la mise \u00e0 jour des normes existantes, l&#8217;\u00e9laboration du texte int\u00e9gral des normes, l&#8217;\u00e9tude des propositions ou des demandes de r\u00e9visions ou de modifications \u00e0 des normes existantes et l&#8217;interpr\u00e9tation des exigences de normes particuli\u00e8res.<\/p>\n<p>Les t\u00e2ches qui incombent aux membres de chaque comit\u00e9 technique de Normes U\u200eLC comprennent la participation aux r\u00e9unions (habituellement deux fois par ann\u00e9e) et une r\u00e9ponse rapide \u00e0 toutes les demandes de commentaires ou de vote sur des projets de normes. De plus, les membres du comit\u00e9 peuvent \u00eatre invit\u00e9s \u00e0 participer au travail de r\u00e9daction des textes des projets de norme par les sous-comit\u00e9s ou les groupes de travail.<\/p>\n","protected":false},"excerpt":{"rendered":"<p>Les comit\u00e9s techniques de Normes ULC jouent un r\u00f4le essentiel dans la pertinence, la qualit\u00e9 et le succ\u00e8s de la publication de nos normes. Les comit\u00e9s sont compos\u00e9s de sp\u00e9cialistes b\u00e9n\u00e9voles qui repr\u00e9sentent un groupe [&hellip;]<\/p>\n","protected":false},"author":197,"featured_media":24818,"parent":921,"menu_order":8,"comment_status":"open","ping_status":"open","template":"","meta":{"_acf_changed":false,"inline_featured_image":false,"footnotes":""},"class_list":["post-947","page","type-page","status-publish","has-post-thumbnail","hentry"],"acf":[],"_links":{"self":[{"href":"https:\/\/canada.ul.com\/fr\/wp-json\/wp\/v2\/pages\/947","targetHints":{"allow":["GET"]}}],"collection":[{"href":"https:\/\/canada.ul.com\/fr\/wp-json\/wp\/v2\/pages"}],"about":[{"href":"https:\/\/canada.ul.com\/fr\/wp-json\/wp\/v2\/types\/page"}],"author":[{"embeddable":true,"href":"https:\/\/canada.ul.com\/fr\/wp-json\/wp\/v2\/users\/197"}],"replies":[{"embeddable":true,"href":"https:\/\/canada.ul.com\/fr\/wp-json\/wp\/v2\/comments?post=947"}],"version-history":[{"count":0,"href":"https:\/\/canada.ul.com\/fr\/wp-json\/wp\/v2\/pages\/947\/revisions"}],"up":[{"embeddable":true,"href":"https:\/\/canada.ul.com\/fr\/wp-json\/wp\/v2\/pages\/921"}],"wp:featuredmedia":[{"embeddable":true,"href":"https:\/\/canada.ul.com\/fr\/wp-json\/wp\/v2\/media\/24818"}],"wp:attachment":[{"href":"https:\/\/canada.ul.com\/fr\/wp-json\/wp\/v2\/media?parent=947"}],"curies":[{"name":"wp","href":"https:\/\/api.w.org\/{rel}","templated":true}]}}