{"id":944,"date":"2014-06-27T14:23:00","date_gmt":"2014-06-27T14:23:00","guid":{"rendered":"https:\/\/canada.ul.com\/?page_id=944"},"modified":"2020-09-11T12:40:42","modified_gmt":"2020-09-11T12:40:42","slug":"standardsactivities","status":"publish","type":"page","link":"https:\/\/canada.ul.com\/fr\/normesulc\/standardsactivities\/","title":{"rendered":"Activit\u00e9s des Normes"},"content":{"rendered":"<p>Dans le cadre de l&#8217;obligation du Conseil canadien des normes (CNN) d&#8217;offrir un acc\u00e8s raisonnable au processus d&#8217;\u00e9laboration de normes \u00e0 toutes les parties concern\u00e9es, le public doit \u00eatre inform\u00e9 \u00e0 des stades pr\u00e9cis du processus, y compris aux \u00e9tapes suivantes :<\/p>\n<p>a) au moment de l&#8217;\u00e9laboration d&#8217;une nouvelle norme ou de la publication d&#8217;une nouvelle \u00e9dition ou de la modification, de la confirmation ou du retrait de normes d\u00e9j\u00e0 publi\u00e9es;<\/p>\n<p>b) lorsque le projet de norme est disponible pour un examen public;<\/p>\n<p>c) au moment de la publication de la norme approuv\u00e9e.<\/p>\n<p>Afin de remplir cette obligation, Normes ULC a cr\u00e9\u00e9 trois (3) notifications distinctes :<\/p>\n<div style=\"margin-left:34px\"><a class=\"red_link\" href=\"https:\/\/canada.ul.com\/fr\/normesulc\/standardsactivities\/newprojects\/\">Nouveaux projets<\/a><br \/>\n<a class=\"red_link\" href=\"https:\/\/canada.ul.com\/fr\/ulcstandards\/publicreview\/\">Examen public<\/a><br \/>\n<a class=\"red_link\" href=\"https:\/\/canada.ul.com\/fr\/normesulc\/standardsactivities\/recentlypublished-2\/\">Normes r\u00e9cemment publi\u00e9es<\/a><\/div>\n","protected":false},"excerpt":{"rendered":"<p>Dans le cadre de l&#8217;obligation du Conseil canadien des normes (CNN) d&#8217;offrir un acc\u00e8s raisonnable au processus d&#8217;\u00e9laboration de normes \u00e0 toutes les parties concern\u00e9es, le public doit \u00eatre inform\u00e9 \u00e0 des stades pr\u00e9cis du [&hellip;]<\/p>\n","protected":false},"author":197,"featured_media":0,"parent":921,"menu_order":3,"comment_status":"open","ping_status":"open","template":"","meta":{"_acf_changed":false,"inline_featured_image":false,"footnotes":""},"class_list":["post-944","page","type-page","status-publish","hentry"],"acf":[],"_links":{"self":[{"href":"https:\/\/canada.ul.com\/fr\/wp-json\/wp\/v2\/pages\/944","targetHints":{"allow":["GET"]}}],"collection":[{"href":"https:\/\/canada.ul.com\/fr\/wp-json\/wp\/v2\/pages"}],"about":[{"href":"https:\/\/canada.ul.com\/fr\/wp-json\/wp\/v2\/types\/page"}],"author":[{"embeddable":true,"href":"https:\/\/canada.ul.com\/fr\/wp-json\/wp\/v2\/users\/197"}],"replies":[{"embeddable":true,"href":"https:\/\/canada.ul.com\/fr\/wp-json\/wp\/v2\/comments?post=944"}],"version-history":[{"count":0,"href":"https:\/\/canada.ul.com\/fr\/wp-json\/wp\/v2\/pages\/944\/revisions"}],"up":[{"embeddable":true,"href":"https:\/\/canada.ul.com\/fr\/wp-json\/wp\/v2\/pages\/921"}],"wp:attachment":[{"href":"https:\/\/canada.ul.com\/fr\/wp-json\/wp\/v2\/media?parent=944"}],"curies":[{"name":"wp","href":"https:\/\/api.w.org\/{rel}","templated":true}]}}