{"id":942,"date":"2014-06-27T14:22:05","date_gmt":"2014-06-25T22:09:17","guid":{"rendered":"https:\/\/canada.ul.com\/?page_id=942"},"modified":"2017-09-19T18:01:08","modified_gmt":"2017-09-19T18:01:08","slug":"standardsbulletins","status":"publish","type":"page","link":"https:\/\/canada.ul.com\/fr\/normesulc\/standardsbulletins\/","title":{"rendered":"Bulletins Sur les Normes"},"content":{"rendered":"<p>Normes ULC publie des Bulletins sur les normes pour annoncer publiquement la publication de nouvelles normes, les modifications apport\u00e9es aux normes, les confirmations de normes et les retraits de normes. Ces bulletins contiennent une br\u00e8ve description du domaine d&#8217;application de la norme, les modifications apport\u00e9es \u00e0 la norme et des renseignements relatifs \u00e0 l&#8217;achat.<\/p>\n<p>Pour plus de d\u00e9tails, veuillez s\u00e9lectionner l&#8217;ann\u00e9e de publication appropri\u00e9e<\/p>\n","protected":false},"excerpt":{"rendered":"<p>Normes ULC publie des Bulletins sur les normes pour annoncer publiquement la publication de nouvelles normes, les modifications apport\u00e9es aux normes, les confirmations de normes et les retraits de normes. Ces bulletins contiennent une br\u00e8ve [&hellip;]<\/p>\n","protected":false},"author":197,"featured_media":24816,"parent":921,"menu_order":4,"comment_status":"open","ping_status":"closed","template":"","meta":{"_acf_changed":false,"inline_featured_image":false,"footnotes":""},"class_list":["post-942","page","type-page","status-publish","has-post-thumbnail","hentry"],"acf":[],"_links":{"self":[{"href":"https:\/\/canada.ul.com\/fr\/wp-json\/wp\/v2\/pages\/942","targetHints":{"allow":["GET"]}}],"collection":[{"href":"https:\/\/canada.ul.com\/fr\/wp-json\/wp\/v2\/pages"}],"about":[{"href":"https:\/\/canada.ul.com\/fr\/wp-json\/wp\/v2\/types\/page"}],"author":[{"embeddable":true,"href":"https:\/\/canada.ul.com\/fr\/wp-json\/wp\/v2\/users\/197"}],"replies":[{"embeddable":true,"href":"https:\/\/canada.ul.com\/fr\/wp-json\/wp\/v2\/comments?post=942"}],"version-history":[{"count":0,"href":"https:\/\/canada.ul.com\/fr\/wp-json\/wp\/v2\/pages\/942\/revisions"}],"up":[{"embeddable":true,"href":"https:\/\/canada.ul.com\/fr\/wp-json\/wp\/v2\/pages\/921"}],"wp:featuredmedia":[{"embeddable":true,"href":"https:\/\/canada.ul.com\/fr\/wp-json\/wp\/v2\/media\/24816"}],"wp:attachment":[{"href":"https:\/\/canada.ul.com\/fr\/wp-json\/wp\/v2\/media?parent=942"}],"curies":[{"name":"wp","href":"https:\/\/api.w.org\/{rel}","templated":true}]}}