{"id":936,"date":"2014-06-27T14:19:04","date_gmt":"2014-06-25T20:27:47","guid":{"rendered":"https:\/\/canada.ul.com\/?page_id=936"},"modified":"2023-12-22T04:16:08","modified_gmt":"2023-12-22T04:16:08","slug":"programme-de-travail","status":"publish","type":"page","link":"https:\/\/canada.ul.com\/fr\/normesulc\/programme-de-travail\/","title":{"rendered":"Programme de Travail"},"content":{"rendered":"<p>Le <a class=\"text-grey link-arrow-double\" href=\"https:\/\/canada.ul.com\/wp-content\/uploads\/sites\/11\/2023\/12\/SCC-Work-Program-ULC-Combined.pdf\"><strong>programme de travail sur les normes ULC<\/strong><\/a> pour la p\u00e9riode en cours.<\/p>\n<p>Pour une liste d\u00e9taill\u00e9e et une description des codes d&#8217;\u00e9tape de projet des Normes ULC, veuillez cliquer sur le lien suivant : <a class=\"text-grey link-arrow-double\" href=\"https:\/\/canada.ul.com\/wp-content\/uploads\/sites\/11\/2014\/06\/ULC-PROJECT-STAGES.pdf\"><strong>Codes d&#8217;\u00e9tape de projet ULC<\/strong><\/a><\/p>\n<hr \/>\n<p>&nbsp;<\/p>\n","protected":false},"excerpt":{"rendered":"<p>Le programme de travail sur les normes ULC pour la p\u00e9riode en cours. Pour une liste d\u00e9taill\u00e9e et une description des codes d&#8217;\u00e9tape de projet des Normes ULC, veuillez cliquer sur le lien suivant : [&hellip;]<\/p>\n","protected":false},"author":3,"featured_media":22116,"parent":921,"menu_order":5,"comment_status":"open","ping_status":"closed","template":"","meta":{"_acf_changed":false,"inline_featured_image":false,"footnotes":""},"class_list":["post-936","page","type-page","status-publish","has-post-thumbnail","hentry"],"acf":[],"_links":{"self":[{"href":"https:\/\/canada.ul.com\/fr\/wp-json\/wp\/v2\/pages\/936","targetHints":{"allow":["GET"]}}],"collection":[{"href":"https:\/\/canada.ul.com\/fr\/wp-json\/wp\/v2\/pages"}],"about":[{"href":"https:\/\/canada.ul.com\/fr\/wp-json\/wp\/v2\/types\/page"}],"author":[{"embeddable":true,"href":"https:\/\/canada.ul.com\/fr\/wp-json\/wp\/v2\/users\/3"}],"replies":[{"embeddable":true,"href":"https:\/\/canada.ul.com\/fr\/wp-json\/wp\/v2\/comments?post=936"}],"version-history":[{"count":27,"href":"https:\/\/canada.ul.com\/fr\/wp-json\/wp\/v2\/pages\/936\/revisions"}],"predecessor-version":[{"id":35895,"href":"https:\/\/canada.ul.com\/fr\/wp-json\/wp\/v2\/pages\/936\/revisions\/35895"}],"up":[{"embeddable":true,"href":"https:\/\/canada.ul.com\/fr\/wp-json\/wp\/v2\/pages\/921"}],"wp:featuredmedia":[{"embeddable":true,"href":"https:\/\/canada.ul.com\/fr\/wp-json\/wp\/v2\/media\/22116"}],"wp:attachment":[{"href":"https:\/\/canada.ul.com\/fr\/wp-json\/wp\/v2\/media?parent=936"}],"curies":[{"name":"wp","href":"https:\/\/api.w.org\/{rel}","templated":true}]}}