{"id":932,"date":"2014-06-27T13:22:24","date_gmt":"2014-06-27T13:22:24","guid":{"rendered":"https:\/\/canada.ul.com\/?page_id=932"},"modified":"2017-09-19T19:51:45","modified_gmt":"2017-09-19T19:51:45","slug":"standardsdevelopmentprocess","status":"publish","type":"page","link":"https:\/\/canada.ul.com\/fr\/normesulc\/aboutus-2\/standardsdevelopmentprocess\/","title":{"rendered":"Processus D&#8217;\u00e9laboration des Normes"},"content":{"rendered":"<p>Toutes les normes de Normes ULC sont \u00e9labor\u00e9es par des comit\u00e9s techniques compos\u00e9s d&#8217;une repr\u00e9sentation \u00e9quilibr\u00e9e de producteurs, d&#8217;utilisateurs, d&#8217;autorit\u00e9s responsables de l&#8217;inspection et du grand public qui ont \u00e9t\u00e9 choisis selon les principaux champs d&#8217;int\u00e9r\u00eat au Canada.<\/p>\n<p><strong>Une norme doit franchir trois \u00e9tapes importantes avant de pouvoir \u00eatre d\u00e9sign\u00e9e en tant que norme de Normes ULC ou en tant que Norme nationale du Canada :<\/strong><\/p>\n<p><P>1. Les comit\u00e9s techniques de Normes ULC doivent voter sur les exigences de la norme. Un vote est consid\u00e9r\u00e9 comme positif lorsqu&#8217;une majorit\u00e9 d&#8217;au moins deux tiers des votes est en faveur ou lorsque 50 % plus 1 (majorit\u00e9 simple) des membres admissibles \u00e0 voter sont en faveur, selon la valeur la plus \u00e9lev\u00e9e. Les votes n\u00e9gatifs sans commentaires et les abstentions ne sont pas pris en compte.<\/p>\n<p>2. La norme est ensuite soumise \u00e0 un vote de deuxi\u00e8me niveau par le Conseil d&#8217;examen des normes pour s&#8217;assurer que toutes les proc\u00e9dures d&#8217;\u00e9laboration des normes accr\u00e9dit\u00e9es de Normes ULC sont satisfaites, que les exigences du document CAN-P-1 du Conseil canadien des normes sont satisfaites et, en plus, pour les Normes nationales du Canada, que les crit\u00e8res du document CAN-P-2 du Conseil canadien des normes sont satisfaits. Pour que la norme soit approuv\u00e9e, une majorit\u00e9 des deux tiers du Conseil d&#8217;examen des normes est requise.<\/p>\n<p><P>3. Lorsque les votes re\u00e7us du comit\u00e9 technique de Normes ULC et du Conseil d&#8217;examen des normes sont positifs, l&#8217;\u00e9tape finale se d\u00e9roule comme suit :<\/p>\n<p><P>a) Publication en tant que norme de Normes ULC; ou<\/p>\n<p><P>b) Demande officielle soumise au Conseil canadien des normes aux fins d&#8217;approbation en tant que Norme nationale du Canada.<\/p>\n<p><P>La confirmation des normes existantes est effectu\u00e9e au moins tous les cinq ans ou, dans le cas d&#8217;une adoption \u00e0 l&#8217;identique d&#8217;une norme CEI, conform\u00e9ment au cycle de maintenance de la CEI.<\/p>\n","protected":false},"excerpt":{"rendered":"<p>Toutes les normes de Normes ULC sont \u00e9labor\u00e9es par des comit\u00e9s techniques compos\u00e9s d&#8217;une repr\u00e9sentation \u00e9quilibr\u00e9e de producteurs, d&#8217;utilisateurs, d&#8217;autorit\u00e9s responsables de l&#8217;inspection et du grand public qui ont \u00e9t\u00e9 choisis selon les principaux champs [&hellip;]<\/p>\n","protected":false},"author":197,"featured_media":24820,"parent":928,"menu_order":3,"comment_status":"open","ping_status":"open","template":"","meta":{"_acf_changed":false,"inline_featured_image":false,"footnotes":""},"class_list":["post-932","page","type-page","status-publish","has-post-thumbnail","hentry"],"acf":[],"_links":{"self":[{"href":"https:\/\/canada.ul.com\/fr\/wp-json\/wp\/v2\/pages\/932","targetHints":{"allow":["GET"]}}],"collection":[{"href":"https:\/\/canada.ul.com\/fr\/wp-json\/wp\/v2\/pages"}],"about":[{"href":"https:\/\/canada.ul.com\/fr\/wp-json\/wp\/v2\/types\/page"}],"author":[{"embeddable":true,"href":"https:\/\/canada.ul.com\/fr\/wp-json\/wp\/v2\/users\/197"}],"replies":[{"embeddable":true,"href":"https:\/\/canada.ul.com\/fr\/wp-json\/wp\/v2\/comments?post=932"}],"version-history":[{"count":0,"href":"https:\/\/canada.ul.com\/fr\/wp-json\/wp\/v2\/pages\/932\/revisions"}],"up":[{"embeddable":true,"href":"https:\/\/canada.ul.com\/fr\/wp-json\/wp\/v2\/pages\/928"}],"wp:featuredmedia":[{"embeddable":true,"href":"https:\/\/canada.ul.com\/fr\/wp-json\/wp\/v2\/media\/24820"}],"wp:attachment":[{"href":"https:\/\/canada.ul.com\/fr\/wp-json\/wp\/v2\/media?parent=932"}],"curies":[{"name":"wp","href":"https:\/\/api.w.org\/{rel}","templated":true}]}}