{"id":930,"date":"2014-06-27T13:20:38","date_gmt":"2014-06-27T13:20:38","guid":{"rendered":"https:\/\/canada.ul.com\/?page_id=930"},"modified":"2017-09-19T19:52:15","modified_gmt":"2017-09-19T19:52:15","slug":"importanceofstandards","status":"publish","type":"page","link":"https:\/\/canada.ul.com\/fr\/normesulc\/aboutus-2\/importanceofstandards\/","title":{"rendered":"Importance des Normes"},"content":{"rendered":"<p><P>Les normes sont partout. Sans normes, notre soci\u00e9t\u00e9 ne fonctionnerait pas.<\/p>\n<p><P>Une norme est un document \u00e9tabli par consensus qui comprend des r\u00e8gles, des lignes directrices ou des caract\u00e9ristiques relatives \u00e0 des produits, \u00e0 des services et \u00e0 des syst\u00e8mes. Gr\u00e2ce aux normes, des choses simples que nous tenons pour acquises, comme les feux de circulation ou les unit\u00e9s de mesure, sont les m\u00eames partout.<\/p>\n<p><P>Les normes sont essentielles pour aider \u00e0 assurer la s\u00e9curit\u00e9 publique et avoir la confiance du public. Elles r\u00e9duisent les co\u00fbts, am\u00e9liorent la qualit\u00e9 et permettent de commercialiser les produits et les services. ULC soumet \u00e0 l&#8217;essai de nombreux produits ainsi que leurs composants pour s&#8217;assurer que chacun d&#8217;entre eux r\u00e9pond aux exigences pertinentes en mati\u00e8re de s\u00e9curit\u00e9. Gr\u00e2ce \u00e0 ces normes de s\u00e9curit\u00e9, le public peut vivre et travailler dans un milieu plus s\u00e9curitaire, durable et plus fiable.<\/p>\n<p><P>Normes ULC est accr\u00e9dit\u00e9 \u00e0 titre d&#8217;organisme d&#8217;\u00e9laboration de normes par le Conseil canadien des normes (CNN), une soci\u00e9t\u00e9 d&#8217;\u00c9tat f\u00e9d\u00e9rale qui encadre le Syst\u00e8me national de normes du Canada. Au Canada, les normes sont \u00e9labor\u00e9es par consensus entre des comit\u00e9s \u00e9quilibr\u00e9s de parties int\u00e9ress\u00e9es, et sont soumises \u00e0 un examen public avant leur publication.<\/p>\n","protected":false},"excerpt":{"rendered":"<p>Les normes sont partout. Sans normes, notre soci\u00e9t\u00e9 ne fonctionnerait pas. Une norme est un document \u00e9tabli par consensus qui comprend des r\u00e8gles, des lignes directrices ou des caract\u00e9ristiques relatives \u00e0 des produits, \u00e0 des [&hellip;]<\/p>\n","protected":false},"author":197,"featured_media":24820,"parent":928,"menu_order":1,"comment_status":"open","ping_status":"closed","template":"","meta":{"_acf_changed":false,"inline_featured_image":false,"footnotes":""},"class_list":["post-930","page","type-page","status-publish","has-post-thumbnail","hentry"],"acf":[],"_links":{"self":[{"href":"https:\/\/canada.ul.com\/fr\/wp-json\/wp\/v2\/pages\/930","targetHints":{"allow":["GET"]}}],"collection":[{"href":"https:\/\/canada.ul.com\/fr\/wp-json\/wp\/v2\/pages"}],"about":[{"href":"https:\/\/canada.ul.com\/fr\/wp-json\/wp\/v2\/types\/page"}],"author":[{"embeddable":true,"href":"https:\/\/canada.ul.com\/fr\/wp-json\/wp\/v2\/users\/197"}],"replies":[{"embeddable":true,"href":"https:\/\/canada.ul.com\/fr\/wp-json\/wp\/v2\/comments?post=930"}],"version-history":[{"count":0,"href":"https:\/\/canada.ul.com\/fr\/wp-json\/wp\/v2\/pages\/930\/revisions"}],"up":[{"embeddable":true,"href":"https:\/\/canada.ul.com\/fr\/wp-json\/wp\/v2\/pages\/928"}],"wp:featuredmedia":[{"embeddable":true,"href":"https:\/\/canada.ul.com\/fr\/wp-json\/wp\/v2\/media\/24820"}],"wp:attachment":[{"href":"https:\/\/canada.ul.com\/fr\/wp-json\/wp\/v2\/media?parent=930"}],"curies":[{"name":"wp","href":"https:\/\/api.w.org\/{rel}","templated":true}]}}