{"id":928,"date":"2014-06-25T20:20:32","date_gmt":"2014-06-25T20:20:32","guid":{"rendered":"https:\/\/canada.ul.com\/?page_id=928"},"modified":"2017-09-19T18:00:21","modified_gmt":"2017-09-19T18:00:21","slug":"aboutus-2","status":"publish","type":"page","link":"https:\/\/canada.ul.com\/fr\/normesulc\/aboutus-2\/","title":{"rendered":"Au Sujet de Normes ULC"},"content":{"rendered":"<p>Normes ULC publie des normes destin\u00e9es aux Canadiens depuis plus de 60 ans. En tant que l&#8217;un des organismes d&#8217;\u00e9laboration de normes (OEN) accr\u00e9dit\u00e9s par le <a style=\"color: #b10820\" href=\"http:\/\/www.scc.ca\/\" target=\"_blank\">Conseil canadien des normes<\/strong><\/a>\u00a0(CNN), nous nous conformons \u00e0 des principes fond\u00e9s sur le consensus en vertu du document CAN-P-1 (Accr\u00e9ditation des organismes d&#8217;\u00e9laboration de normes). Normes ULC est \u00e9galement signataire de <a style=\"color: #b10820\" href=\"http:\/\/www.wto.org\/french\/docs_f\/legal_f\/17-tbt_f.htm\" target=\"_blank\"><strong style=\"font-style: inherit\">l&#8217;Accord sur les obstacles techniques au commerce de l&#8217;OMC<\/strong><\/a>\u00a0qui pr\u00e9sente \u00e0 l&#8217;Annexe\u00a03 le Code de pratique pour l&#8217;\u00e9laboration, l&#8217;adoption et l&#8217;application des normes. ULC compte 18\u00a0comit\u00e9s principaux sur les normes. Ces comit\u00e9s, responsables de l&#8217;\u00e9laboration de plus de 200\u00a0normes, regroupent plus de 400\u00a0membres. Chaque comit\u00e9 rel\u00e8ve d&#8217;un secr\u00e9tariat U\u200eLC, faisant partie du service des normes ULC. Normes ULC utilise des syst\u00e8mes de publication et de communication \u00e9lectroniques pour cr\u00e9er un milieu d&#8217;\u00e9laboration des normes efficace. En suivant les liens connexes fournis, vous pourrez en apprendre davantage sur le travail de chaque comit\u00e9 ULC, les normes ULC, la fa\u00e7on de devenir membre et le contenu de chaque norme.<\/p>\n","protected":false},"excerpt":{"rendered":"<p>Normes ULC publie des normes destin\u00e9es aux Canadiens depuis plus de 60 ans. En tant que l&#8217;un des organismes d&#8217;\u00e9laboration de normes (OEN) accr\u00e9dit\u00e9s par le Conseil canadien des normes\u00a0(CNN), nous nous conformons \u00e0 des [&hellip;]<\/p>\n","protected":false},"author":197,"featured_media":0,"parent":921,"menu_order":1,"comment_status":"open","ping_status":"closed","template":"","meta":{"_acf_changed":false,"inline_featured_image":false,"footnotes":""},"class_list":["post-928","page","type-page","status-publish","hentry"],"acf":[],"_links":{"self":[{"href":"https:\/\/canada.ul.com\/fr\/wp-json\/wp\/v2\/pages\/928","targetHints":{"allow":["GET"]}}],"collection":[{"href":"https:\/\/canada.ul.com\/fr\/wp-json\/wp\/v2\/pages"}],"about":[{"href":"https:\/\/canada.ul.com\/fr\/wp-json\/wp\/v2\/types\/page"}],"author":[{"embeddable":true,"href":"https:\/\/canada.ul.com\/fr\/wp-json\/wp\/v2\/users\/197"}],"replies":[{"embeddable":true,"href":"https:\/\/canada.ul.com\/fr\/wp-json\/wp\/v2\/comments?post=928"}],"version-history":[{"count":0,"href":"https:\/\/canada.ul.com\/fr\/wp-json\/wp\/v2\/pages\/928\/revisions"}],"up":[{"embeddable":true,"href":"https:\/\/canada.ul.com\/fr\/wp-json\/wp\/v2\/pages\/921"}],"wp:attachment":[{"href":"https:\/\/canada.ul.com\/fr\/wp-json\/wp\/v2\/media?parent=928"}],"curies":[{"name":"wp","href":"https:\/\/api.w.org\/{rel}","templated":true}]}}