{"id":921,"date":"2014-06-26T22:23:58","date_gmt":"2014-06-25T20:19:10","guid":{"rendered":"https:\/\/canada.ul.com\/?page_id=921"},"modified":"2020-07-17T14:22:58","modified_gmt":"2020-07-17T14:22:58","slug":"normesulc","status":"publish","type":"page","link":"https:\/\/canada.ul.com\/fr\/normesulc\/","title":{"rendered":"Normes ULC"},"content":{"rendered":"<div class=\"row top-block ulc-standards\">\n<div class=\"col col-sm-8 top-block-left\">Normes ULC \u00e9labore et publie des normes et des sp\u00e9cifications concernant des produits qui ont quelque rapport avec les risques d\u2019incendie, la s\u00e9curit\u00e9 et la protection des personnes, la pr\u00e9vention du crime, l\u2019efficacit\u00e9 \u00e9nerg\u00e9tique, la s\u00e9curit\u00e9 environnementale, la s\u00e9curit\u00e9 des biens et des installations, la s\u00e9curit\u00e9 des travaux sous tension et des lieux de travail et d\u2019autres domaines. Normes ULC est accr\u00e9dit\u00e9 par le Conseil canadien des normes \u00e0 titre d\u2019organisme d\u2019\u00e9laboration de normes ax\u00e9 sur le consensus en vertu du Syst\u00e8me national de normes du Canada.<br \/>\nSi vous souhaitez prendre part \u00e0 l\u2019\u00e9laboration des normes, veuillez communiquer avec le gestionnaire des normes. Si vous voulez qu\u2019une norme soit \u00e9labor\u00e9e, veuillez communiquer avec le Directeur, Service des normes, Normes ULC.<\/div>\n<div class=\"col col-sm-4 top-block-right\">\n<p><a class=\"grey-block\" href=\"https:\/\/canada.ul.com\/fr\/normesulc\/salesofulcstandardsmaterials\/\">CONNECTEZ AVEC NORMES ULC<\/a><strong>Suivez Normes ULC <\/strong><\/p>\n<ul>\n<li><a href=\"https:\/\/twitter.com\/ulc_standards\" target=\"_blank\" rel=\"noopener noreferrer\"><img loading=\"lazy\" decoding=\"async\" class=\"alignnone wp-image-20020\" src=\"https:\/\/canada.ul.com\/wp-content\/uploads\/sites\/11\/2014\/06\/Twitter.png\" alt=\"twitter\" width=\"22\" height=\"22\" \/> Twitter <\/a><\/li>\n<li><a href=\"https:\/\/www.linkedin.com\/groups\/8580081\" target=\"_blank\" rel=\"noopener noreferrer\"><img loading=\"lazy\" decoding=\"async\" class=\"alignnone wp-image-20430\" src=\"https:\/\/canada.ul.com\/wp-content\/uploads\/sites\/11\/2014\/06\/linkedin.jpg\" alt=\"\" width=\"27\" height=\"25\" \/> LinkedIn <\/a><\/li>\n<\/ul>\n<\/div>\n<\/div>\n<hr \/>\n<section class=\"listing ulc-standards\">\n<ul class=\"row listing-cards\">\n<li class=\"col-xs-12 col-sm-6 col-md-6 col-lg-6\">\n<a href=\"https:\/\/canada.ul.com\/fr\/selected-ulc-standards-publications-related-to-petroleum-storage-tank-systems-public-access-at-no-charge\/\"><\/p>\n<div class=\"list-image-thumb\"><\/div>\n<h4>T\u00c9L\u00c9CHARGER<\/h4>\n<p>Normes ULC gratuites sur les syst\u00e8mes de stockage de p\u00e9trole<\/p>\n<p><\/a>\n<\/li>\n<li class=\"col-xs-12 col-sm-6 col-md-6 col-lg-6\">\n<a href=\"https:\/\/canada.ul.com\/fr\/download-ansicanululc-1201-sensor-operated-backwater-prevention-system-public-access-at-no-charge\/\"><\/p>\n<div class=\"list-image-thumb\"><\/div>\n<h4>T\u00c9L\u00c9CHARGER<\/h4>\n<p>ANSI\/CAN\/UL\/ULC 1201, Syst\u00e8me de pr\u00e9vention des eaux us\u00e9es par capteur<\/p>\n<p><\/a>\n<\/li>\n<li class=\"col-xs-12 col-sm-6 col-md-6 col-lg-6\">\n<a href=\"https:\/\/canada.ul.com\/wp-content\/uploads\/canada\/ULC-External-Communication_DigitalView_FR.pdf\"><\/p>\n<div class=\"list-image-thumb\"><\/div>\n<h4>T\u00c9L\u00c9CHARGER<\/h4>\n<p>Vue num\u00e9rique des normes maintenant disponible<\/p>\n<p><\/a>\n<\/li>\n<\/ul>\n<\/section>\n<hr \/>\n<h5>LIENS UTILES<\/h5>\n<p>&nbsp;<\/p>\n<div class=\"row ulc-standards\">\n<div class=\"col col-sm-4\">\n<div class=\"featured\">\n<p><strong>Liens aux Membres des comit\u00e9s<\/strong><\/p>\n<ul class=\"red\">\n<li><a href=\"http:\/\/csds.ul.com\/Home\/Default.aspx?UserGroup=2\" target=\"_blank\" rel=\"noopener\">ULC CSDS<\/a><\/li>\n<li><a href=\"https:\/\/forums.scc.ca\/\" target=\"_blank\" rel=\"noopener\">SCC Forums <\/a><\/li>\n<li><a href=\"https:\/\/canada.ul.com\/fr\/normesulc\/workprogram\/\">Programme de travail<\/a><\/li>\n<\/ul>\n<\/div>\n<\/div>\n<div class=\"col col-sm-4\">\n<div class=\"featured\">\n<p><strong>Partenaires de Normes ULC<\/strong><\/p>\n<ul class=\"red\">\n<li><a href=\"http:\/\/www.scc.ca\/fr\" target=\"_blank\" rel=\"noopener\">SCC <\/a><\/li>\n<li><a href=\"http:\/\/www.iso.org\/fr\/home.html\" target=\"_blank\" rel=\"noopener\">ISO <\/a><\/li>\n<li><a href=\"http:\/\/www.iec.ch\/\" target=\"_blank\" rel=\"noopener\">IEC <\/a><\/li>\n<li><a href=\"http:\/\/www.nationalcodes.ca\/ncd_home_e.shtml\" target=\"_blank\" rel=\"noopener\">Canadian Codes Centre <\/a><\/li>\n<\/ul>\n<\/div>\n<\/div>\n<div class=\"col col-sm-4\">\n<div class=\"featured\">\n<p><strong>Normes ULC \u2013 Communiqu\u00e9s<\/strong><\/p>\n<ul class=\"red\">\n<li><a href=\"https:\/\/canada.ul.com\/fr\/normesulc\/standardsactivities\/newprojects\/\">Nouveaux projets<\/a><\/li>\n<li><a href=\"https:\/\/canada.ul.com\/fr\/?page_id=28737\">Normes r\u00e9cemment publi\u00e9es<\/a><\/li>\n<li><a href=\"https:\/\/canada.ul.com\/fr\/normesulc\/standardsbulletins\/\">Bulletins sur les normes<\/a><\/li>\n<li><a href=\"https:\/\/canada.ul.com\/fr\/ulcstandards\/publicreview\/\">Examen public<\/a><\/li>\n<li><a href=\"https:\/\/canada.ul.com\/fr\/normesulc\/salesofulcstandardsmaterials\/\">Ventes de publications de Normes ULC <\/a><\/li>\n<li><a href=\"https:\/\/standardscatalog.ul.com\/standards\/fr\" target=\"_blank\" rel=\"noopener\">Catalogue et domaine d&#8217;application des Normes ULC <\/a><\/li>\n<\/ul>\n<\/div>\n<\/div>\n<\/div>\n","protected":false},"excerpt":{"rendered":"<p>Normes ULC \u00e9labore et publie des normes et des sp\u00e9cifications concernant des produits qui ont quelque rapport avec les risques d\u2019incendie, la s\u00e9curit\u00e9 et la protection des personnes, la pr\u00e9vention du crime, l\u2019efficacit\u00e9 \u00e9nerg\u00e9tique, la [&hellip;]<\/p>\n","protected":false},"author":197,"featured_media":24814,"parent":0,"menu_order":158,"comment_status":"open","ping_status":"open","template":"page-ulcstandards.php","meta":{"_acf_changed":false,"inline_featured_image":false,"footnotes":""},"class_list":["post-921","page","type-page","status-publish","has-post-thumbnail","hentry"],"acf":[],"_links":{"self":[{"href":"https:\/\/canada.ul.com\/fr\/wp-json\/wp\/v2\/pages\/921","targetHints":{"allow":["GET"]}}],"collection":[{"href":"https:\/\/canada.ul.com\/fr\/wp-json\/wp\/v2\/pages"}],"about":[{"href":"https:\/\/canada.ul.com\/fr\/wp-json\/wp\/v2\/types\/page"}],"author":[{"embeddable":true,"href":"https:\/\/canada.ul.com\/fr\/wp-json\/wp\/v2\/users\/197"}],"replies":[{"embeddable":true,"href":"https:\/\/canada.ul.com\/fr\/wp-json\/wp\/v2\/comments?post=921"}],"version-history":[{"count":0,"href":"https:\/\/canada.ul.com\/fr\/wp-json\/wp\/v2\/pages\/921\/revisions"}],"wp:featuredmedia":[{"embeddable":true,"href":"https:\/\/canada.ul.com\/fr\/wp-json\/wp\/v2\/media\/24814"}],"wp:attachment":[{"href":"https:\/\/canada.ul.com\/fr\/wp-json\/wp\/v2\/media?parent=921"}],"curies":[{"name":"wp","href":"https:\/\/api.w.org\/{rel}","templated":true}]}}