{"id":915,"date":"2014-06-26T22:19:12","date_gmt":"2014-06-26T22:19:12","guid":{"rendered":"https:\/\/canada.ul.com\/?page_id=915"},"modified":"2014-06-26T22:19:12","modified_gmt":"2014-06-26T22:19:12","slug":"ulcplandusite","status":"publish","type":"page","link":"https:\/\/canada.ul.com\/fr\/ulcplandusite\/","title":{"rendered":"ULC Plan du Site"},"content":{"rendered":"<ul>\n<li><a href=\"https:\/\/canada.ul.com\/fr\/\">Page d&#8217;accueil ULC<\/a>\n<ul>\n<li><a href=\"https:\/\/canada.ul.com\/fr\/aproposdenous\/\">\u00c0 propos de nous<\/a>\n<ul>\n<li><a href=\"https:\/\/canada.ul.com\/fr\/aproposdenous\/directionsandmaps\/\">Itin\u00e9raire et cartes<\/a><\/li>\n<li><a href=\"https:\/\/canada.ul.com\/fr\/aproposdenous\/frequentlyaskedquestions\/\">Foire aux questions<\/a><\/li>\n<li><a href=\"https:\/\/canada.ul.com\/fr\/aproposdenous\/recognitionofulc\/\">Reconnaissance par les organismes d&#8217;accr\u00e9ditation et de r\u00e9glementation<\/a><\/li>\n<li><a href=\"https:\/\/canada.ul.com\/fr\/aproposdenous\/ulcmarkproductcertification\/\">Certification des produits de marque ULC<\/a><\/li>\n<\/ul>\n<\/li>\n<li><a href=\"https:\/\/canada.ul.com\/fr\/programmesulc\/\">Programmes ULC<\/a>\n<ul>\n<li><a href=\"https:\/\/canada.ul.com\/fr\/programmesulc\/buildingandconstructionmaterials\/\">Mat\u00e9riaux de construction et d\u2019immeubles<\/a><\/li>\n<li><a href=\"https:\/\/canada.ul.com\/fr\/programmesulc\/fireresistantandfirestopproductsandsystems\/\">Produits et syst\u00e8mes coupe-feu et r\u00e9sistants au feu<\/a><\/li>\n<li><a href=\"https:\/\/canada.ul.com\/fr\/programmesulc\/firesuppression\/\">Extinction des incendies<\/a><\/li>\n<li><a href=\"https:\/\/canada.ul.com\/fr\/programmesulc\/tanks\/\">R\u00e9servoirs<\/a><\/li>\n<li><a href=\"https:\/\/canada.ul.com\/fr\/programmesulc\/personalprotectiveequipment\/\">\u00c9quipement de protection individuel<\/a><\/li>\n<li><a href=\"https:\/\/canada.ul.com\/fr\/programmesulc\/securityandsignaling\/\">S\u00e9curit\u00e9 et signalisation<\/a><\/li>\n<li><a href=\"https:\/\/canada.ul.com\/fr\/programmesulc\/qualifiedcontractorprograms\/\">Programmes pour les entrepreneurs qualifi\u00e9s<\/a><\/li>\n<li><a href=\"https:\/\/canada.ul.com\/fr\/programmesulc\/fireandsecurityalarmcertificateprograms\/\">Programmes de certification des r\u00e9seaux avertisseurs d&#8217;incendie et des syst\u00e8mes de s\u00e9curit\u00e9<\/a><\/li>\n<li><a href=\"https:\/\/canada.ul.com\/fr\/programmesulc\/emc\/\">EMC<\/a><\/li>\n<li><a title=\"\u00c9valuation Sur Le Terrain (FE)\" href=\"https:\/\/canada.ul.com\/fr\/programmesulc\/specialinspection\/\">\u00c9valuation sur\u00a0le terrain<\/a><\/li>\n<li><a href=\"https:\/\/canada.ul.com\/fr\/programmesulc\/cbscheme\/\">Le syst\u00e8me CB<\/a><\/li>\n<li>Surface Burning Characteristics of Building Materials and Assemblies<\/li>\n<\/ul>\n<\/li>\n<li><a href=\"https:\/\/canada.ul.com\/fr\/normesulc\/\">Normes ULC<\/a>\n<ul>\n<li><a href=\"https:\/\/canada.ul.com\/fr\/normesulc\/aboutus\/\">Au sujet de Normes ULC<\/a><\/li>\n<li><a href=\"https:\/\/canada.ul.com\/fr\/normesulc\/aboutus\/salesofulcstandardsmaterials\/\">Ventes de publications de Normes ULC<\/a><\/li>\n<li><a href=\"https:\/\/canada.ul.com\/fr\/normesulc\/standardsactivities\/\">Activit\u00e9s des normes<\/a><\/li>\n<li><a href=\"https:\/\/canada.ul.com\/fr\/normesulc\/standardsbulletins\/\">Bulletins sur les normes<\/a><\/li>\n<li><a href=\"https:\/\/canada.ul.com\/fr\/normesulc\/workprogram\/\">Programme de travail<\/a><\/li>\n<li><a href=\"https:\/\/canada.ul.com\/fr\/normesulc\/technicalcommittees\/\">Comit\u00e9s techniques<\/a><\/li>\n<li><a href=\"https:\/\/canada.ul.com\/ulcstandards\/standardsmanuals\/\">ULC Standards Manuals<\/a><\/li>\n<\/ul>\n<\/li>\n<li><a href=\"https:\/\/canada.ul.com\/fr\/organismesresponsabledescodes\/\">Organismes de r\u00e9glementation<\/a>\n<ul>\n<li><a href=\"https:\/\/canada.ul.com\/fr\/organismesresponsabledescodes\/productincidentreports\/\">Comptes rendus d&#8217;incident de produit<\/a><\/li>\n<li><a href=\"https:\/\/canada.ul.com\/fr\/publicnotices\/\">Alertes de s\u00e9curit\u00e9 ULC et UL<\/a><\/li>\n<li><a href=\"https:\/\/canada.ul.com\/fr\/organismesresponsabledescodes\/codeauthoritiesincanada\/\">Organismes de r\u00e9glementation au Canada<\/a><\/li>\n<li><a href=\"https:\/\/canada.ul.com\/fr\/organismesresponsabledescodes\/anticounterfeitingoperations\/\">Campagne anti-contrefa\u00e7on<\/a><\/li>\n<li><a href=\"https:\/\/canada.ul.com\/fr\/normesulc\/standardsbulletins\/\">Bulletins sur les normes<\/a><\/li>\n<li><a href=\"http:\/\/www.ul.com\/aboutul\/marks\">Marques de certification<\/a><\/li>\n<li><a href=\"https:\/\/canada.ul.com\/fr\/organismesresponsabledescodes\/certificationbulletins\/\">Bulletins de certification<\/a><\/li>\n<\/ul>\n<\/li>\n<li><a href=\"http:\/\/database.ul.com\/cgi-bin\/XYV\/template\/LISCANADA\/1FRAME\/index.html\">R\u00e9pertoires en ligne ULC<\/a><\/li>\n<li><a href=\"http:\/\/www.ul.com\/marks\">Marques de certification<\/a><\/li>\n<li><a href=\"https:\/\/canada.ul.com\/fr\/news\/\">Actualit\u00e9s<\/a><\/li>\n<li><a href=\"https:\/\/canada.ul.com\/fr\/events\/\">\u00c9v\u00e9nements<\/a><\/li>\n<li><a href=\"https:\/\/smp.gilmore.ca\/RunCmd?cmd=UserLoginCmd&amp;custId=871&amp;userId=ccuser&amp;password=ulcanada\">Magasin en ligne ULC<\/a><\/li>\n<\/ul>\n<\/li>\n<\/ul>\n","protected":false},"excerpt":{"rendered":"<p>Page d&#8217;accueil ULC \u00c0 propos de nous Itin\u00e9raire et cartes Foire aux questions Reconnaissance par les organismes d&#8217;accr\u00e9ditation et de r\u00e9glementation Certification des produits de marque ULC Programmes ULC Mat\u00e9riaux de construction et d\u2019immeubles Produits [&hellip;]<\/p>\n","protected":false},"author":197,"featured_media":0,"parent":0,"menu_order":160,"comment_status":"open","ping_status":"open","template":"","meta":{"_acf_changed":false,"inline_featured_image":false,"footnotes":""},"class_list":["post-915","page","type-page","status-publish","hentry"],"acf":[],"_links":{"self":[{"href":"https:\/\/canada.ul.com\/fr\/wp-json\/wp\/v2\/pages\/915","targetHints":{"allow":["GET"]}}],"collection":[{"href":"https:\/\/canada.ul.com\/fr\/wp-json\/wp\/v2\/pages"}],"about":[{"href":"https:\/\/canada.ul.com\/fr\/wp-json\/wp\/v2\/types\/page"}],"author":[{"embeddable":true,"href":"https:\/\/canada.ul.com\/fr\/wp-json\/wp\/v2\/users\/197"}],"replies":[{"embeddable":true,"href":"https:\/\/canada.ul.com\/fr\/wp-json\/wp\/v2\/comments?post=915"}],"version-history":[{"count":0,"href":"https:\/\/canada.ul.com\/fr\/wp-json\/wp\/v2\/pages\/915\/revisions"}],"wp:attachment":[{"href":"https:\/\/canada.ul.com\/fr\/wp-json\/wp\/v2\/media?parent=915"}],"curies":[{"name":"wp","href":"https:\/\/api.w.org\/{rel}","templated":true}]}}