{"id":901,"date":"2014-06-26T22:05:39","date_gmt":"2014-06-26T22:05:39","guid":{"rendered":"https:\/\/canada.ul.com\/?page_id=901"},"modified":"2024-10-01T16:33:47","modified_gmt":"2024-10-01T16:33:47","slug":"fieldevaluation","status":"publish","type":"page","link":"https:\/\/canada.ul.com\/fr\/programmesulc\/fieldevaluation\/","title":{"rendered":"Services d\u2019\u00e9valuation sur place"},"content":{"rendered":"<p>Les exigences r\u00e9glementaires f\u00e9d\u00e9rales, provinciales et municipales imposent que les \u00e9quipements au gaz et les produits \u00e9lectriques soient certifi\u00e9s ou \u00e9valu\u00e9s par un tiers reconnu avant de pouvoir \u00eatre approuv\u00e9s. Pour les produits qui ne poss\u00e8dent pas de certification ou qui ont \u00e9t\u00e9 modifi\u00e9s sur place, une \u00e9valuation sur place effectu\u00e9e par ULC procure l\u2019\u00e9valuation n\u00e9cessaire. Ce processus est destin\u00e9 aux produits qui sont d\u00e9j\u00e0 install\u00e9s ou qui sont destin\u00e9s \u00e0 l\u2019installation sur un site d\u00e9sign\u00e9 pour l\u2019utilisation finale.<\/p>\n<p>Pour programmer une inspection sp\u00e9ciale, un service d\u2019\u00e9valuation in-situ, veuillez cliquer sur \u00ab Commencez d\u00e8s aujourd\u2019hui \u00bb pour fournir vos coordonn\u00e9es ou contactez-nous au <a href=\"tel:+18554317884\">1-855-431-7884<\/a>.<\/p>\n<p><a href=\"https:\/\/canada.ul.com\/fr\/contact-us\/\" target=\"_blank\" rel=\"noopener noreferrer\"><img loading=\"lazy\" decoding=\"async\" class=\"alignnone wp-image-29497\" src=\"https:\/\/canada.ul.com\/wp-content\/uploads\/sites\/11\/2020\/03\/Get-started-today_FR.jpg\" alt=\"\" width=\"242\" height=\"46\" srcset=\"https:\/\/canada.ul.com\/wp-content\/uploads\/sites\/11\/2020\/03\/Get-started-today_FR.jpg 469w, https:\/\/canada.ul.com\/wp-content\/uploads\/sites\/11\/2020\/03\/Get-started-today_FR-300x57.jpg 300w, https:\/\/canada.ul.com\/wp-content\/uploads\/sites\/11\/2020\/03\/Get-started-today_FR-400x76.jpg 400w\" sizes=\"auto, (max-width: 242px) 100vw, 242px\" \/><\/a><\/p>\n<p><img loading=\"lazy\" decoding=\"async\" class=\" wp-image-28693\" src=\"https:\/\/canada.ul.com\/wp-content\/uploads\/sites\/11\/2019\/08\/iStock-1094005786-1024x328.jpg\" alt=\"\" width=\"755\" height=\"425\" srcset=\"https:\/\/canada.ul.com\/wp-content\/uploads\/sites\/11\/2019\/08\/iStock-1094005786-1024x328.jpg 650w, https:\/\/canada.ul.com\/wp-content\/uploads\/sites\/11\/2019\/08\/iStock-1094005786-1024x328-300x169.jpg 300w, https:\/\/canada.ul.com\/wp-content\/uploads\/sites\/11\/2019\/08\/iStock-1094005786-1024x328-400x225.jpg 400w\" sizes=\"auto, (max-width: 755px) 100vw, 755px\" \/><\/p>\n<p>Dans le cas de produits qui ne pr\u00e9sentent pas de certification acceptable pour l\u2019autorit\u00e9 comp\u00e9tente, pour le propri\u00e9taire ou pour tout autre organisme de r\u00e9gulation, une \u00e9valuation sur place est un processus selon lequel les produits peuvent \u00eatre \u00e9valu\u00e9s en fonction des normes de s\u00e9curit\u00e9 applicables pour l\u2019application sp\u00e9cifique et pour l\u2019emplacement du produit. Le processus comprend l\u2019inspection de la construction, des composants, de l\u2019assemblage, du marquage, puis des essais non destructifs limit\u00e9s pour terminer l\u2019\u00e9valuation en vue de l\u2019utilisation.<\/p>\n<p>La majorit\u00e9 des \u00e9quipements install\u00e9s sont admissibles au service d\u2019\u00e9valuation sur place. Les produits \u00e9lectriques et les \u00e9quipements au gaz les plus couramment \u00e9valu\u00e9s sur place comprennent\u00a0:<\/p>\n<ul>\n<li>Les panneaux de commande industriels (ICP)<\/li>\n<li>L\u2019\u00e9quipement de fabrication, d\u2019assemblage et d\u2019emballage automatis\u00e9<\/li>\n<li>L\u2019\u00e9quipement de fabrication de semiconducteurs<\/li>\n<li>Les luminaires, les panneaux et les vitrines<\/li>\n<li>Les tableaux de distribution, les panneaux et les centres de commande des moteurs<\/li>\n<li>Les v\u00e9hicules \u00e0 guidage automatique (VGA), les dispositifs d\u2019assistance intelligents (IAD), les robots et l\u2019\u00e9quipement robotique<\/li>\n<li>L\u2019\u00e9quipement de chauffage et de refroidissement<\/li>\n<li>L\u2019\u00e9quipement de service de restauration et de cuisine commerciale<\/li>\n<li>L\u2019\u00e9quipement de production d\u00e9centralis\u00e9e<\/li>\n<li>L\u2019\u00e9quipement de technologie de l\u2019information<\/li>\n<li>L\u2019\u00e9quipement de laboratoire<\/li>\n<li>Les appareils ou \u00e9quipements au gaz qui ne sont pas couverts par le champ d\u2019application d\u2019une norme de certification compl\u00e8te<\/li>\n<li>Les appareils stationnaires<\/li>\n<li>Certains types d\u2019\u00e9quipements mobiles sur autorisation des autorit\u00e9s comp\u00e9tentes<\/li>\n<\/ul>\n<p>L\u2019\u00e9tiquette d\u2019\u00e9valuation sur place propos\u00e9e par UL est l\u2019\u00e9tiquette d\u2019\u00e9valuation effectu\u00e9e par un tiers la plus largement reconnue et accept\u00e9e en Am\u00e9rique du Nord, et elle est le moyen le plus s\u00fbr pour que les produits soient accept\u00e9s par les autorit\u00e9s, les organismes de r\u00e9glementation et les fournisseurs. Nous faisons uniquement appel \u00e0 du personnel technique qualifi\u00e9 et travaillant \u00e0 plein temps pour fournir des services d\u2019\u00e9valuation sur place. Notre personnel sur le terrain a un acc\u00e8s direct aux ing\u00e9nieurs principaux d\u00e9sign\u00e9s d\u2019UL (experts en la mati\u00e8re) et aux ing\u00e9nieurs de recherches lorsqu\u2019une assistance technique est n\u00e9cessaire.<\/p>\n<p>Consultez nos services d\u2019\u00e9valuation sur place pour les produits \u00e9lectriques et les \u00e9quipements au gaz et laissez-nous vous aider pour vos besoins de conformit\u00e9. Pour programmer une inspection sp\u00e9ciale, un service d\u2019\u00e9valuation in-situ, veuillez cliquer sur \u00ab Commencez d\u00e8s aujourd\u2019hui \u00bb pour fournir vos coordonn\u00e9es ou contactez-nous au <a href=\"tel:+18554317884\">1-855-431-7884<\/a>.<\/p>\n<p><a href=\"https:\/\/canada.ul.com\/fr\/contact-us\/\" target=\"_blank\" rel=\"noopener noreferrer\"><img loading=\"lazy\" decoding=\"async\" class=\"alignnone wp-image-29497\" src=\"https:\/\/canada.ul.com\/wp-content\/uploads\/sites\/11\/2020\/03\/Get-started-today_FR.jpg\" alt=\"\" width=\"242\" height=\"46\" srcset=\"https:\/\/canada.ul.com\/wp-content\/uploads\/sites\/11\/2020\/03\/Get-started-today_FR.jpg 469w, https:\/\/canada.ul.com\/wp-content\/uploads\/sites\/11\/2020\/03\/Get-started-today_FR-300x57.jpg 300w, https:\/\/canada.ul.com\/wp-content\/uploads\/sites\/11\/2020\/03\/Get-started-today_FR-400x76.jpg 400w\" sizes=\"auto, (max-width: 242px) 100vw, 242px\" \/><\/a><\/p>\n","protected":false},"excerpt":{"rendered":"<p>Les exigences r\u00e9glementaires f\u00e9d\u00e9rales, provinciales et municipales imposent que les \u00e9quipements au gaz et les produits \u00e9lectriques soient certifi\u00e9s ou \u00e9valu\u00e9s par un tiers reconnu avant de pouvoir \u00eatre approuv\u00e9s. Pour les produits qui ne [&hellip;]<\/p>\n","protected":false},"author":144,"featured_media":28694,"parent":877,"menu_order":11,"comment_status":"open","ping_status":"closed","template":"page-ulcp.php","meta":{"_acf_changed":false,"inline_featured_image":false,"footnotes":""},"class_list":["post-901","page","type-page","status-publish","has-post-thumbnail","hentry"],"acf":[],"_links":{"self":[{"href":"https:\/\/canada.ul.com\/fr\/wp-json\/wp\/v2\/pages\/901","targetHints":{"allow":["GET"]}}],"collection":[{"href":"https:\/\/canada.ul.com\/fr\/wp-json\/wp\/v2\/pages"}],"about":[{"href":"https:\/\/canada.ul.com\/fr\/wp-json\/wp\/v2\/types\/page"}],"author":[{"embeddable":true,"href":"https:\/\/canada.ul.com\/fr\/wp-json\/wp\/v2\/users\/144"}],"replies":[{"embeddable":true,"href":"https:\/\/canada.ul.com\/fr\/wp-json\/wp\/v2\/comments?post=901"}],"version-history":[{"count":2,"href":"https:\/\/canada.ul.com\/fr\/wp-json\/wp\/v2\/pages\/901\/revisions"}],"predecessor-version":[{"id":36377,"href":"https:\/\/canada.ul.com\/fr\/wp-json\/wp\/v2\/pages\/901\/revisions\/36377"}],"up":[{"embeddable":true,"href":"https:\/\/canada.ul.com\/fr\/wp-json\/wp\/v2\/pages\/877"}],"wp:featuredmedia":[{"embeddable":true,"href":"https:\/\/canada.ul.com\/fr\/wp-json\/wp\/v2\/media\/28694"}],"wp:attachment":[{"href":"https:\/\/canada.ul.com\/fr\/wp-json\/wp\/v2\/media?parent=901"}],"curies":[{"name":"wp","href":"https:\/\/api.w.org\/{rel}","templated":true}]}}