{"id":899,"date":"2014-06-26T22:04:58","date_gmt":"2014-06-26T22:04:58","guid":{"rendered":"https:\/\/canada.ul.com\/?page_id=899"},"modified":"2019-12-17T15:39:58","modified_gmt":"2019-12-17T15:39:58","slug":"buildingandconstructionmaterials","status":"publish","type":"page","link":"https:\/\/canada.ul.com\/fr\/programmesulc\/buildingandconstructionmaterials\/","title":{"rendered":"B\u00e2timents et mat\u00e9riaux de construction"},"content":{"rendered":"<p><strong>Essai des portes coupe-feu et des baies d\u2019incendie<\/strong><\/p>\n<p><strong>Services de certification complets<\/strong><\/p>\n<p>ULC offre des services de certification complets pour les portes coupe-feu, la quincaillerie des portes coupe-feu et les baies d\u2019incendie qui permettent aux entreprises de d\u00e9montrer leur conformit\u00e9 aux exigences de protection des ouvertures du <em>Code national du b\u00e2timent du Canada<\/em> et de divers codes du b\u00e2timent provinciaux. De plus grandes ouvertures de four permettent aux clients de maximiser le nombre de portes mises \u00e0 l\u2019essai dans un d\u00e9lai et \u00e0 des frais minimaux. En plus de la certification des portes et fen\u00eatres traditionnelles, ULC offre \u00e9galement des services sp\u00e9cialis\u00e9s pour les produits surdimensionn\u00e9s ou sur mesure, des essais de l\u2019Organisation maritime internationale (OMI) pour les portes et le vitrage ainsi que d\u2019autres programmes comme la mise \u00e0 l\u2019essai de quincaillerie de porte et la r\u00e9sistance aux balles. ULC propose \u00e9galement des essais relatifs \u00e0 la science du b\u00e2timent pour v\u00e9rifier le rendement thermique, des essais par intemp\u00e9ries et des essais d\u2019infiltration d\u2019air et d\u2019eau. Une fois votre produit r\u00e9pertori\u00e9, il figurera dans un r\u00e9pertoire de produits ULC en ligne et dans nos outils de sp\u00e9cification de produits. Ces r\u00e9pertoires sont cit\u00e9s tous les ans comme sources de r\u00e9f\u00e9rence par des centaines d\u2019autorit\u00e9s comp\u00e9tentes, d\u2019agents responsables de la mise en application des codes et d\u2019architectes.<\/p>\n<p>Services<\/p>\n<ul>\n<li>Capacit\u00e9s compl\u00e8tes d\u2019essai de comportement au feu\u00a0\u2013 grands et petits fours disponibles<\/li>\n<li>\u00c9tiquetage sur place\u00a0\u2013 inspections et \u00e9valuations<\/li>\n<li>Distributeurs de portes d\u2019acier\u00a0\u2013 vastes capacit\u00e9s d\u2019\u00e9tiquetage<\/li>\n<li>Sciences du b\u00e2timent, notamment les essais thermiques, l\u2019infiltration d\u2019air et d\u2019eau et les applications par intemp\u00e9ries<\/li>\n<li>Mise \u00e0 l\u2019essai de quincaillerie de porte selon les m\u00e9thodes d\u2019essai UL, ULC et BHMA<\/li>\n<\/ul>\n<p><strong>Normes d\u2019essai<\/strong><\/p>\n<p><strong>Portes coupe-feu<\/strong><\/p>\n<ul>\n<li>CAN\/ULC-S104, Essais de comportement au feu des portes<\/li>\n<li>CAN\/ULC-S113, Sp\u00e9cification de norme, Portes \u00e0 \u00e2me de bois satisfaisant aux exigences de rendement de CAN\/ULC-S104 pour les dispositifs de fermeture ayant un degr\u00e9 de r\u00e9sistance au feu de vingt minutes<\/li>\n<li>CAN\/ULC-S105, Norme sur les cadres de porte coupe-feu satisfaisant aux exigences de rendement de la norme\u00a0CAN\/ULC-S104<\/li>\n<li>ANSI\/UL10C, Essais de comportement au feu des portes en pression positive<\/li>\n<li>ANSI\/UL10B, Essais de comportement au feu des portes<\/li>\n<\/ul>\n<p><strong>Baies d\u2019incendie<\/strong><\/p>\n<ul>\n<li>CAN4-S106, M\u00e9thode normalis\u00e9e des essais de comportement au feu des fen\u00eatres et des briques de verre<\/li>\n<li>ANSI\/UL9, Essais de comportement au feu des fen\u00eatres<\/li>\n<\/ul>\n<p><strong>Caract\u00e9ristiques de combustion superficielle des mat\u00e9riaux et syst\u00e8mes de rev\u00eatements int\u00e9rieurs<\/strong><\/p>\n<p>Les produits de construction utilis\u00e9s comme mat\u00e9riaux de rev\u00eatement int\u00e9rieur sont \u00e9valu\u00e9s conform\u00e9ment \u00e0 la norme CAN\/ULC-S102. Les essais sont r\u00e9alis\u00e9s dans le tunnel Steiner. Ce four de 25\u00a0pi mesure la propagation des flammes et la formation de fum\u00e9e. En fonction du type de construction pr\u00e9sente dans les b\u00e2timents et de l\u2019utilisation du four, les produits de construction peuvent \u00e9galement faire l\u2019objet d\u2019essais par rapport \u00e0 d\u2019autres normes relatives aux essais de comportement au feu reconnues au pays. Certaines de ces normes utilisent des constructions pr\u00e9sentes dans les b\u00e2timents comme des pi\u00e8ces, des coins ouverts ou des murs. D\u2019autres proc\u00e9dures d\u2019essai \u00e0 petite \u00e9chelle permettent de recueillir des donn\u00e9es relatives aux propri\u00e9t\u00e9s d\u2019allumage des mat\u00e9riaux. Une fois votre produit r\u00e9pertori\u00e9, il figurera dans un r\u00e9pertoire de produits ULC. Ces r\u00e9pertoires sont cit\u00e9s comme sources de r\u00e9f\u00e9rence par des centaines d\u2019autorit\u00e9s comp\u00e9tentes, d\u2019agents responsables de la mise en application des codes et d\u2019architectes.<\/p>\n<p><strong>Normes d\u2019essai<\/strong><\/p>\n<p><strong>Caract\u00e9ristiques de combustion superficielle<\/strong><\/p>\n<ul>\n<li>CAN\/ULC-S102, Caract\u00e9ristiques de combustion superficielle des mat\u00e9riaux de construction et assemblages<\/li>\n<li>CAN\/ULC-S102.2, Caract\u00e9ristiques de combustion superficielle des rev\u00eatements de sol et des divers mat\u00e9riaux et assemblages<\/li>\n<li>CAN\/ULC-S127, M\u00e9thode d\u2019essai normalis\u00e9e d\u2019allumage en coin visant \u00e0 d\u00e9terminer les caract\u00e9ristiques d\u2019inflammabilit\u00e9 des mat\u00e9riaux de construction en mousse plastique \u00e0 l\u2019\u00e9preuve de la fusion<\/li>\n<li>UL723, Essai des caract\u00e9ristiques de combustion superficielle des mat\u00e9riaux de construction (ASTM E84\/NFPA\u00a0255)<\/li>\n<\/ul>\n<p><strong>Rev\u00eatements protecteurs pour mousses plastiques<\/strong><\/p>\n<ul>\n<li>CAN\/ULC-S124, \u00c9valuation des rev\u00eatements protecteurs des mousses plastiques<\/li>\n<\/ul>\n<p><strong>Propagation du feu dans les panneaux de construction isol\u00e9s<\/strong><\/p>\n<ul>\n<li>CAN\/ULC-S138, M\u00e9thode d\u2019essai normalis\u00e9e de la propagation du feu dans les panneaux de construction isol\u00e9s d\u2019une configuration de pi\u00e8ces \u00e0 l\u2019\u00e9chelle r\u00e9elle<\/li>\n<\/ul>\n<p><strong>Propri\u00e9t\u00e9s combustibles<\/strong><\/p>\n<ul>\n<li>CAN\/ULC-S114, M\u00e9thode d\u2019essai normalis\u00e9e pour la d\u00e9termination de l\u2019incombustibilit\u00e9 des mat\u00e9riaux de construction<\/li>\n<li>ULC-S135, M\u00e9thode d\u2019essai normalis\u00e9e pour la d\u00e9termination des param\u00e8tres de combustibilit\u00e9 des mat\u00e9riaux de construction \u00e0 l\u2019aide d\u2019un calorim\u00e8tre \u00e0 consommation d\u2019oxyg\u00e8ne.<\/li>\n<\/ul>\n<p><strong>Essai \u00e0 \u00e9chelle interm\u00e9diaire sur plusieurs \u00e9tages<\/strong><\/p>\n<ul>\n<li>CAN\/ULC-S134, Essais de comportement au feu des ensembles de murs ext\u00e9rieurs.<\/li>\n<\/ul>\n<p><strong>Produits et syst\u00e8mes r\u00e9sistants au feu et coupe-feu<\/strong><\/p>\n<ul>\n<li>CAN\/ULC-S101, Essais de r\u00e9sistance au feu pour les b\u00e2timents et les mat\u00e9riaux de construction<\/li>\n<li>UL263, Norme d\u2019essais de comportement au feu pour les b\u00e2timents et les mat\u00e9riaux de construction<\/li>\n<li>CAN\/ULC-S115, M\u00e9thode normalis\u00e9e d\u2019essai de comportement au feu des syst\u00e8mes coupe-feu<\/li>\n<li>UL1479, Norme d\u2019essais de comportement au feu pour les dispositifs coupe-feu des \u00e9l\u00e9ments passants<\/li>\n<\/ul>\n<p><strong>Syst\u00e8mes de joints<\/strong><\/p>\n<ul>\n<li>UL2079, Norme d\u2019essai de r\u00e9sistance au feu des syst\u00e8mes de joints des b\u00e2timents<\/li>\n<li>CAN\/ULC-S115, M\u00e9thode normalis\u00e9e d\u2019essai de comportement au feu des syst\u00e8mes coupe-feu<\/li>\n<\/ul>\n<p><strong>Mat\u00e9riaux de couverture<\/strong><\/p>\n<ul>\n<li>CAN\/ULC-S126, M\u00e9thode d\u2019essai normalis\u00e9e de propagation des flammes sous les platelages de toits.<\/li>\n<li>CAN\/ULC-S107, M\u00e9thode normalis\u00e9e d\u2019essai de comportement au feu des couvertures<\/li>\n<\/ul>\n","protected":false},"excerpt":{"rendered":"<p>Essai des portes coupe-feu et des baies d\u2019incendie Services de certification complets ULC offre des services de certification complets pour les portes coupe-feu, la quincaillerie des portes coupe-feu et les baies d\u2019incendie qui permettent aux [&hellip;]<\/p>\n","protected":false},"author":197,"featured_media":0,"parent":877,"menu_order":7,"comment_status":"closed","ping_status":"closed","template":"page-ulcp.php","meta":{"_acf_changed":false,"inline_featured_image":false,"footnotes":""},"class_list":["post-899","page","type-page","status-publish","hentry"],"acf":[],"_links":{"self":[{"href":"https:\/\/canada.ul.com\/fr\/wp-json\/wp\/v2\/pages\/899","targetHints":{"allow":["GET"]}}],"collection":[{"href":"https:\/\/canada.ul.com\/fr\/wp-json\/wp\/v2\/pages"}],"about":[{"href":"https:\/\/canada.ul.com\/fr\/wp-json\/wp\/v2\/types\/page"}],"author":[{"embeddable":true,"href":"https:\/\/canada.ul.com\/fr\/wp-json\/wp\/v2\/users\/197"}],"replies":[{"embeddable":true,"href":"https:\/\/canada.ul.com\/fr\/wp-json\/wp\/v2\/comments?post=899"}],"version-history":[{"count":0,"href":"https:\/\/canada.ul.com\/fr\/wp-json\/wp\/v2\/pages\/899\/revisions"}],"up":[{"embeddable":true,"href":"https:\/\/canada.ul.com\/fr\/wp-json\/wp\/v2\/pages\/877"}],"wp:attachment":[{"href":"https:\/\/canada.ul.com\/fr\/wp-json\/wp\/v2\/media?parent=899"}],"curies":[{"name":"wp","href":"https:\/\/api.w.org\/{rel}","templated":true}]}}