{"id":896,"date":"2014-06-26T21:53:57","date_gmt":"2014-06-25T19:08:55","guid":{"rendered":"https:\/\/canada.ul.com\/?page_id=896"},"modified":"2020-02-10T15:41:21","modified_gmt":"2020-02-10T15:41:21","slug":"securityandsignaling","status":"publish","type":"page","link":"https:\/\/canada.ul.com\/fr\/programmesulc\/securityandsignaling\/","title":{"rendered":"S\u00e9curit\u00e9 et s\u00fbret\u00e9 de la vie"},"content":{"rendered":"<p>Au Canada, ULC est le premier organisme tiers d&#8217;homologation de produits et de syst\u00e8mes de s\u00e9curit\u00e9 et de signalisation. Gr\u00e2ce \u00e0 l&#8217;homologation d&#8217;ULC, les produits sont rapidement reconnus par les autorit\u00e9s de r\u00e9glementation, les compagnies d&#8217;assurances, les organismes d&#8217;application de la loi, le gouvernement, les d\u00e9taillants et les consommateurs. ULC est agr\u00e9e par IAS comme une organisation d&#8217;essai et par\u00a0le Conseil des normes du Canada en tant qu&#8217;organisme d&#8217;\u00e9valuation et d&#8217;homologation. La marque ULC est la plus largement reconnue au Canada en mati\u00e8re d&#8217;installation de produits et de syst\u00e8mes de s\u00e9curit\u00e9 et de signalisation. Les soci\u00e9t\u00e9s ULC et UL proposent des solutions d&#8217;acc\u00e8s au march\u00e9 qui vous garantissent l&#8217;acc\u00e8s au march\u00e9 nord-am\u00e9ricain pour l&#8217;installation de produits et de syst\u00e8mes de s\u00e9curit\u00e9 et de signalisation. Des renseignements suppl\u00e9mentaires au sujet des services d&#8217;UL sont disponibles sur la page <a href=\"http:\/\/industries.ul.com\/life-safety-and-security\/\" target=\"_blank\" rel=\"noopener\">S\u00e9curit\u00e9 et s\u00fbret\u00e9 de la vie<\/a>.<\/p>\n<p>Quelles que soient vos exigences, notre personnel qualifi\u00e9 sera en mesure de vous aider \u00e0 effectuer le processus d&#8217;homologation de produits rapidement et facilement. Veuillez communiquer avec l&#8217;un de nos <a href=\"http:\/\/www.ul.com\/aboutul\/locations\" target=\"_blank\" rel=\"noopener\">professionnels\u00a0du\u00a0Service\u00a0\u00e0\u00a0la\u00a0client\u00e8le<\/a>, au centre de services r\u00e9gional le plus pr\u00e8s de chez vous, pour obtenir de plus amples renseignements.<\/p>\n","protected":false},"excerpt":{"rendered":"<p>Au Canada, ULC est le premier organisme tiers d&#8217;homologation de produits et de syst\u00e8mes de s\u00e9curit\u00e9 et de signalisation. Gr\u00e2ce \u00e0 l&#8217;homologation d&#8217;ULC, les produits sont rapidement reconnus par les autorit\u00e9s de r\u00e9glementation, les compagnies [&hellip;]<\/p>\n","protected":false},"author":197,"featured_media":22129,"parent":877,"menu_order":9,"comment_status":"open","ping_status":"closed","template":"page-ulcp.php","meta":{"_acf_changed":false,"inline_featured_image":false,"footnotes":""},"class_list":["post-896","page","type-page","status-publish","has-post-thumbnail","hentry"],"acf":[],"_links":{"self":[{"href":"https:\/\/canada.ul.com\/fr\/wp-json\/wp\/v2\/pages\/896","targetHints":{"allow":["GET"]}}],"collection":[{"href":"https:\/\/canada.ul.com\/fr\/wp-json\/wp\/v2\/pages"}],"about":[{"href":"https:\/\/canada.ul.com\/fr\/wp-json\/wp\/v2\/types\/page"}],"author":[{"embeddable":true,"href":"https:\/\/canada.ul.com\/fr\/wp-json\/wp\/v2\/users\/197"}],"replies":[{"embeddable":true,"href":"https:\/\/canada.ul.com\/fr\/wp-json\/wp\/v2\/comments?post=896"}],"version-history":[{"count":0,"href":"https:\/\/canada.ul.com\/fr\/wp-json\/wp\/v2\/pages\/896\/revisions"}],"up":[{"embeddable":true,"href":"https:\/\/canada.ul.com\/fr\/wp-json\/wp\/v2\/pages\/877"}],"wp:featuredmedia":[{"embeddable":true,"href":"https:\/\/canada.ul.com\/fr\/wp-json\/wp\/v2\/media\/22129"}],"wp:attachment":[{"href":"https:\/\/canada.ul.com\/fr\/wp-json\/wp\/v2\/media?parent=896"}],"curies":[{"name":"wp","href":"https:\/\/api.w.org\/{rel}","templated":true}]}}