{"id":892,"date":"2014-06-26T21:49:44","date_gmt":"2014-06-26T21:49:44","guid":{"rendered":"https:\/\/canada.ul.com\/?page_id=892"},"modified":"2023-12-05T15:43:21","modified_gmt":"2023-12-05T15:43:21","slug":"firesuppression","status":"publish","type":"page","link":"https:\/\/canada.ul.com\/fr\/programmesulc\/firesuppression\/","title":{"rendered":"Extinction des Incendies"},"content":{"rendered":"<p><a class=\"btn btn-primary\" style=\"color: #fff;\" role=\"button\" href=\"https:\/\/www.ul.com\/fr-ca\/contact-us\" target=\"_blank\" rel=\"noopener noreferrer\">Nous joindre<\/a><\/p>\n<p>L&#8217;\u00e9quipe \u0153uvrant au sein de la division de protection contre l&#8217;incendie soutient les fabricants, les autorit\u00e9s ayant juridiction, les propri\u00e9taires d&#8217;immeubles et les compagnies d&#8217;assurances en leur proposant des services personnalis\u00e9s d&#8217;\u00e9valuation et d&#8217;homologation dans les cat\u00e9gories suivantes\u00a0:<\/p>\n<ul>\n<li>Gicleurs automatiques<\/li>\n<li>Unit\u00e9s centrales d&#8217;extincteurs<\/li>\n<li>Extincteurs d&#8217;incendies<\/li>\n<li>\u00c9quipement principal destin\u00e9 au service des incendies<\/li>\n<li>Pompes \u00e0 incendie et autopompes<\/li>\n<li>Gicleurs r\u00e9sidentiels<\/li>\n<li>R\u00e9seaux de distribution des extincteurs<\/li>\n<li>Valves destin\u00e9es aux syst\u00e8mes d&#8217;extinction des incendies<\/li>\n<li>Buses de brumisateurs d&#8217;eau<\/li>\n<\/ul>\n<p>En effectuant vos \u00e9valuations de produits chez ULC, vous profitez d&#8217;un avantage unique; votre produit figure au R\u00e9pertoire de produits ULC\/UL List\u00e9s. Le R\u00e9pertoire de produits constitue une ressource fiable pour d\u00e9terminer les applications ad\u00e9quates d&#8217;un produit ou d&#8217;un syst\u00e8me. Un R\u00e9pertoire de produits contient les noms des entreprises qualifi\u00e9es pour utiliser les marques ULC sur des produits conformes aux exigences d&#8217;ULC\/UL.<\/p>\n<p>De nombreuses entit\u00e9s se fient \u00e0 notre R\u00e9pertoire de produits pour consulter des renseignements essentiels li\u00e9s aux produits qui portent les marques ULC\/UL. Par exemple, des architectes, des autorit\u00e9s ayant juridiction, des commissionnaires d&#8217;achats, etc.<\/p>\n<p>Nos Services r\u00e9glementaires sont responsables de la promotion du R\u00e9pertoire de produits directement aupr\u00e8s des entit\u00e9s officielles correspondantes. La reconnaissance des R\u00e9pertoires de produits r\u00e9duit la dur\u00e9e du processus et les retards en construction.<\/p>\n<p>Si votre produit figure au R\u00e9pertoire de produits ULC\/UL List\u00e9s, il devient imm\u00e9diatement accessible \u00e0 plus de 2\u00a0500\u00a0autorit\u00e9s ayant juridiction et administrateurs de codes officiels.<\/p>\n","protected":false},"excerpt":{"rendered":"<p>Nous joindre L&#8217;\u00e9quipe \u0153uvrant au sein de la division de protection contre l&#8217;incendie soutient les fabricants, les autorit\u00e9s ayant juridiction, les propri\u00e9taires d&#8217;immeubles et les compagnies d&#8217;assurances en leur proposant des services personnalis\u00e9s d&#8217;\u00e9valuation et [&hellip;]<\/p>\n","protected":false},"author":6,"featured_media":0,"parent":877,"menu_order":8,"comment_status":"closed","ping_status":"closed","template":"page-ulcp.php","meta":{"_acf_changed":false,"inline_featured_image":false,"footnotes":""},"class_list":["post-892","page","type-page","status-publish","hentry"],"acf":[],"_links":{"self":[{"href":"https:\/\/canada.ul.com\/fr\/wp-json\/wp\/v2\/pages\/892","targetHints":{"allow":["GET"]}}],"collection":[{"href":"https:\/\/canada.ul.com\/fr\/wp-json\/wp\/v2\/pages"}],"about":[{"href":"https:\/\/canada.ul.com\/fr\/wp-json\/wp\/v2\/types\/page"}],"author":[{"embeddable":true,"href":"https:\/\/canada.ul.com\/fr\/wp-json\/wp\/v2\/users\/6"}],"replies":[{"embeddable":true,"href":"https:\/\/canada.ul.com\/fr\/wp-json\/wp\/v2\/comments?post=892"}],"version-history":[{"count":3,"href":"https:\/\/canada.ul.com\/fr\/wp-json\/wp\/v2\/pages\/892\/revisions"}],"predecessor-version":[{"id":35869,"href":"https:\/\/canada.ul.com\/fr\/wp-json\/wp\/v2\/pages\/892\/revisions\/35869"}],"up":[{"embeddable":true,"href":"https:\/\/canada.ul.com\/fr\/wp-json\/wp\/v2\/pages\/877"}],"wp:attachment":[{"href":"https:\/\/canada.ul.com\/fr\/wp-json\/wp\/v2\/media?parent=892"}],"curies":[{"name":"wp","href":"https:\/\/api.w.org\/{rel}","templated":true}]}}