{"id":877,"date":"2014-06-25T19:01:15","date_gmt":"2014-06-26T21:30:13","guid":{"rendered":"https:\/\/canada.ul.com\/?page_id=877"},"modified":"2024-11-05T20:33:53","modified_gmt":"2024-11-05T20:33:53","slug":"programmesulc","status":"publish","type":"page","link":"https:\/\/canada.ul.com\/fr\/programmesulc\/","title":{"rendered":"Programmes d\u2019UL Solutions"},"content":{"rendered":"<p>Lorsqu&#8217;une marque ULC ou UL est appos\u00e9e sur un produit, cela signifie qu&#8217;ULC ou UL a soumis \u00e0 l&#8217;essai et \u00e9valu\u00e9 des \u00e9chantillons repr\u00e9sentatifs de ce produit et qu&#8217;il a d\u00e9termin\u00e9 qu&#8217;ils satisfaisaient aux exigences d&#8217;ULC\/UL. Les produits sont \u00e9galement v\u00e9rifi\u00e9s p\u00e9riodiquement par ULC\/UL \u00e0 l&#8217;installation de fabrication pour s&#8217;assurer qu&#8217;ils continuent de satisfaire aux exigences d&#8217;ULC et\/ou d&#8217;UL.<\/p>\n<p>Il existe plusieurs types de marques UL et ULC. Chaque marque a sa propre signification. La seule fa\u00e7on de d\u00e9terminer si un produit a \u00e9t\u00e9 certifi\u00e9 par UL ou ULC est de rechercher la marque UL et\/ou ULC sur le produit m\u00eame. Dans certains cas, il peut arriver que la marque UL ou ULC ne figure que sur l&#8217;emballage d&#8217;un produit.<\/p>\n<p>La marque ULC ne peut \u00eatre utilis\u00e9e que sur des produits certifi\u00e9s par ULC ou reli\u00e9s \u00e0 ceux-ci et en vertu des modalit\u00e9s de l&#8217;entente \u00e9crite conclue avec ULC.<\/p>\n<p>La marque UL ne peut \u00eatre utilis\u00e9e que sur des produits certifi\u00e9s par UL ou reli\u00e9s \u00e0 ceux-ci et en vertu des modalit\u00e9s de l&#8217;entente \u00e9crite conclue avec UL.<\/p>\n<p>En plus de ces marques, ULC et UL fournissent \u00e9galement un acc\u00e8s aux marques requises dans plusieurs autres march\u00e9s mondiaux cl\u00e9s.<\/p>\n<p><a style=\"color: #b7011a; font-weight: 900,;\" href=\"https:\/\/canada.ul.com\/fr\/normesulc\/\">En savoir plus sur les normes ULC<\/a><\/p>\n","protected":false},"excerpt":{"rendered":"<p>Lorsqu&#8217;une marque ULC ou UL est appos\u00e9e sur un produit, cela signifie qu&#8217;ULC ou UL a soumis \u00e0 l&#8217;essai et \u00e9valu\u00e9 des \u00e9chantillons repr\u00e9sentatifs de ce produit et qu&#8217;il a d\u00e9termin\u00e9 qu&#8217;ils satisfaisaient aux exigences [&hellip;]<\/p>\n","protected":false},"author":144,"featured_media":628,"parent":0,"menu_order":162,"comment_status":"open","ping_status":"closed","template":"page-ulcprograms.php","meta":{"_acf_changed":false,"inline_featured_image":false,"footnotes":""},"class_list":["post-877","page","type-page","status-publish","has-post-thumbnail","hentry"],"acf":[],"_links":{"self":[{"href":"https:\/\/canada.ul.com\/fr\/wp-json\/wp\/v2\/pages\/877","targetHints":{"allow":["GET"]}}],"collection":[{"href":"https:\/\/canada.ul.com\/fr\/wp-json\/wp\/v2\/pages"}],"about":[{"href":"https:\/\/canada.ul.com\/fr\/wp-json\/wp\/v2\/types\/page"}],"author":[{"embeddable":true,"href":"https:\/\/canada.ul.com\/fr\/wp-json\/wp\/v2\/users\/144"}],"replies":[{"embeddable":true,"href":"https:\/\/canada.ul.com\/fr\/wp-json\/wp\/v2\/comments?post=877"}],"version-history":[{"count":2,"href":"https:\/\/canada.ul.com\/fr\/wp-json\/wp\/v2\/pages\/877\/revisions"}],"predecessor-version":[{"id":36450,"href":"https:\/\/canada.ul.com\/fr\/wp-json\/wp\/v2\/pages\/877\/revisions\/36450"}],"wp:featuredmedia":[{"embeddable":true,"href":"https:\/\/canada.ul.com\/fr\/wp-json\/wp\/v2\/media\/628"}],"wp:attachment":[{"href":"https:\/\/canada.ul.com\/fr\/wp-json\/wp\/v2\/media?parent=877"}],"curies":[{"name":"wp","href":"https:\/\/api.w.org\/{rel}","templated":true}]}}