{"id":871,"date":"2014-06-25T18:24:14","date_gmt":"2014-06-25T18:24:14","guid":{"rendered":"https:\/\/canada.ul.com\/?page_id=871"},"modified":"2020-07-17T14:23:41","modified_gmt":"2020-07-17T14:23:41","slug":"certificationbulletins","status":"publish","type":"page","link":"https:\/\/canada.ul.com\/fr\/organismesresponsabledescodes\/certificationbulletins\/","title":{"rendered":"Bulletins de Certification"},"content":{"rendered":"<p>Les bulletins de certification et d&#8217;information peuvent \u00eatre t\u00e9l\u00e9charg\u00e9s \u00e0 partir de ce site Web.<\/p>\n<p>Pour obtenir des exemplaires des bulletins des ann\u00e9es 2003 et ant\u00e9rieures, veuillez communiquer avec le service \u00e0 la client\u00e8le d&#8217;ULC par courriel \u00e0 l&#8217;adresse customerservice@ulc.ca ou par t\u00e9l\u00e9phone au num\u00e9ro 1 866 937-3852.<\/p>\n","protected":false},"excerpt":{"rendered":"<p>Les bulletins de certification et d&#8217;information peuvent \u00eatre t\u00e9l\u00e9charg\u00e9s \u00e0 partir de ce site Web. Pour obtenir des exemplaires des bulletins des ann\u00e9es 2003 et ant\u00e9rieures, veuillez communiquer avec le service \u00e0 la client\u00e8le d&#8217;ULC [&hellip;]<\/p>\n","protected":false},"author":197,"featured_media":24827,"parent":859,"menu_order":0,"comment_status":"open","ping_status":"closed","template":"","meta":{"_acf_changed":false,"inline_featured_image":false,"footnotes":""},"class_list":["post-871","page","type-page","status-publish","has-post-thumbnail","hentry"],"acf":[],"_links":{"self":[{"href":"https:\/\/canada.ul.com\/fr\/wp-json\/wp\/v2\/pages\/871","targetHints":{"allow":["GET"]}}],"collection":[{"href":"https:\/\/canada.ul.com\/fr\/wp-json\/wp\/v2\/pages"}],"about":[{"href":"https:\/\/canada.ul.com\/fr\/wp-json\/wp\/v2\/types\/page"}],"author":[{"embeddable":true,"href":"https:\/\/canada.ul.com\/fr\/wp-json\/wp\/v2\/users\/197"}],"replies":[{"embeddable":true,"href":"https:\/\/canada.ul.com\/fr\/wp-json\/wp\/v2\/comments?post=871"}],"version-history":[{"count":0,"href":"https:\/\/canada.ul.com\/fr\/wp-json\/wp\/v2\/pages\/871\/revisions"}],"up":[{"embeddable":true,"href":"https:\/\/canada.ul.com\/fr\/wp-json\/wp\/v2\/pages\/859"}],"wp:featuredmedia":[{"embeddable":true,"href":"https:\/\/canada.ul.com\/fr\/wp-json\/wp\/v2\/media\/24827"}],"wp:attachment":[{"href":"https:\/\/canada.ul.com\/fr\/wp-json\/wp\/v2\/media?parent=871"}],"curies":[{"name":"wp","href":"https:\/\/api.w.org\/{rel}","templated":true}]}}