{"id":859,"date":"2016-06-06T18:12:38","date_gmt":"2016-06-06T18:12:38","guid":{"rendered":"https:\/\/canada.ul.com\/?page_id=859"},"modified":"2025-04-09T20:17:50","modified_gmt":"2025-04-09T20:17:50","slug":"organismesresponsabledescodes","status":"publish","type":"page","link":"https:\/\/canada.ul.com\/fr\/organismesresponsabledescodes\/","title":{"rendered":"Organismes responsable des codes"},"content":{"rendered":"<p>&nbsp;<\/p>\n<p>Les autorit\u00e9s comp\u00e9tentes (AC) canadiennes soutiennent l&#8217;ULC en lui fournissant une assistance technique et l&#8217;interpr\u00e9tation des normes.<\/p>\n<p>Le personnel des services r\u00e9glementaires est \u00e0 votre disposition pour vous aider.<\/p>\n<hr \/>\n<div class=\"row\">\n<div class=\"col col-sm-6\">\n<h2>Services r\u00e9glementaires<\/h2>\n<p><a class=\"btn btn-primary\" style=\"color: #fff;\" role=\"button\" href=\"https:\/\/www.ul.com\/fr-ca\/contact-us\" target=\"_blank\" rel=\"noopener noreferrer\">Contactez les services r\u00e9glementaires<\/a><\/p>\n<\/div>\n<\/div>\n<div class=\"row\">\n<div class=\"col col-sm-6\">\n<h2>Normes ULC<\/h2>\n<p>Normes ULC \u00e9labore et publie des normes et des sp\u00e9cifications concernant des produits qui ont quelque rapport avec les risques d\u2019incendie, la s\u00e9curit\u00e9 et la protection des personnes, la pr\u00e9vention du crime, l\u2019efficacit\u00e9 \u00e9nerg\u00e9tique, la s\u00e9curit\u00e9 environnementale, la s\u00e9curit\u00e9 des biens et des installations, la s\u00e9curit\u00e9 des travaux sous tension et des lieux de travail et d\u2019autres domaines.<br \/>\n<a href=\"https:\/\/ulse.org\/\">Lire la suite<\/a><\/p>\n<h2>UL Product IQ<\/h2>\n<div id=\"attachment_32238\" style=\"width: 1049px\" class=\"wp-caption alignnone\"><img loading=\"lazy\" decoding=\"async\" aria-describedby=\"caption-attachment-32238\" class=\"wp-image-32238 size-full\" src=\"https:\/\/canada.ul.com\/wp-content\/uploads\/sites\/11\/2020\/08\/UL-Product-IQ.jpg\" alt=\"\" width=\"1039\" height=\"691\" srcset=\"https:\/\/canada.ul.com\/wp-content\/uploads\/sites\/11\/2020\/08\/UL-Product-IQ.jpg 1039w, https:\/\/canada.ul.com\/wp-content\/uploads\/sites\/11\/2020\/08\/UL-Product-IQ-300x200.jpg 300w, https:\/\/canada.ul.com\/wp-content\/uploads\/sites\/11\/2020\/08\/UL-Product-IQ-1024x681.jpg 1024w, https:\/\/canada.ul.com\/wp-content\/uploads\/sites\/11\/2020\/08\/UL-Product-IQ-768x511.jpg 768w, https:\/\/canada.ul.com\/wp-content\/uploads\/sites\/11\/2020\/08\/UL-Product-IQ-391x260.jpg 391w\" sizes=\"auto, (max-width: 1039px) 100vw, 1039px\" \/><p id=\"caption-attachment-32238\" class=\"wp-caption-text\">Product iQ est l&#8217;emplacement en ligne d&#8217;UL Solutions pour les informations de certification. Il combine les donn\u00e9es de nombreuses logiciels existantes d&#8217;UL Solutions , notamment le r\u00e9pertoire de certification en ligne, Product Spec et plusieurs bases de donn\u00e9es iQ, en une seule exp\u00e9rience simplifi\u00e9e. Un compte gratuit de Product iQ permet aux utilisateurs de v\u00e9rifier la certification UL des produits et des composants, de localiser les informations du guide UL Solutions et de rechercher d&#8217;autres produits certifi\u00e9s.<\/p><\/div>\n<p><a href=\"https:\/\/productiq.ulprospector.com\/fr\">Lire la suite<\/a><\/p>\n<\/div>\n<div class=\"col col-sm-6\"><\/div>\n<\/div>\n<hr \/>\n","protected":false},"excerpt":{"rendered":"<p>&nbsp; Les autorit\u00e9s comp\u00e9tentes (AC) canadiennes soutiennent l&#8217;ULC en lui fournissant une assistance technique et l&#8217;interpr\u00e9tation des normes. Le personnel des services r\u00e9glementaires est \u00e0 votre disposition pour vous aider. Services r\u00e9glementaires Contactez les services [&hellip;]<\/p>\n","protected":false},"author":6,"featured_media":0,"parent":0,"menu_order":64,"comment_status":"closed","ping_status":"closed","template":"page-codeauthorities.php","meta":{"_acf_changed":false,"inline_featured_image":false,"footnotes":""},"class_list":["post-859","page","type-page","status-publish","hentry"],"acf":[],"_links":{"self":[{"href":"https:\/\/canada.ul.com\/fr\/wp-json\/wp\/v2\/pages\/859","targetHints":{"allow":["GET"]}}],"collection":[{"href":"https:\/\/canada.ul.com\/fr\/wp-json\/wp\/v2\/pages"}],"about":[{"href":"https:\/\/canada.ul.com\/fr\/wp-json\/wp\/v2\/types\/page"}],"author":[{"embeddable":true,"href":"https:\/\/canada.ul.com\/fr\/wp-json\/wp\/v2\/users\/6"}],"replies":[{"embeddable":true,"href":"https:\/\/canada.ul.com\/fr\/wp-json\/wp\/v2\/comments?post=859"}],"version-history":[{"count":6,"href":"https:\/\/canada.ul.com\/fr\/wp-json\/wp\/v2\/pages\/859\/revisions"}],"predecessor-version":[{"id":36539,"href":"https:\/\/canada.ul.com\/fr\/wp-json\/wp\/v2\/pages\/859\/revisions\/36539"}],"wp:attachment":[{"href":"https:\/\/canada.ul.com\/fr\/wp-json\/wp\/v2\/media?parent=859"}],"curies":[{"name":"wp","href":"https:\/\/api.w.org\/{rel}","templated":true}]}}