{"id":832,"date":"2014-06-25T16:42:25","date_gmt":"2014-06-25T16:42:25","guid":{"rendered":"https:\/\/canada.ul.com\/?page_id=832"},"modified":"2020-07-17T14:14:10","modified_gmt":"2020-07-17T14:14:10","slug":"aproposdenous","status":"publish","type":"page","link":"https:\/\/canada.ul.com\/fr\/aproposdenous\/","title":{"rendered":"\u00c0 propos de nous"},"content":{"rendered":"<div class=\"row\">\n<div class=\"col-8\">\n<h6><span style=\"color: #800000\"><strong>UL Canada &#8211; Travailler \u00e0 l&#8217;av\u00e8nement d&#8217;un monde plus s\u00fbr<\/strong><\/span><\/h6>\n<p>Les Laboratoires des assureurs du Canada (UL Canada) est un organisme de certification et d&#8217;inspection ind\u00e9pendant qui effectue la mise \u00e0 l&#8217;essai de produits afin d&#8217;assurer leur s\u00e9curit\u00e9. Nous avons pour vocation de mettre \u00e0 l&#8217;essai des produits depuis 100\u00a0ans et sommes accr\u00e9dit\u00e9s par le Conseil canadien des normes et l&#8217;International Accreditation Service.<\/p>\n<p>Fond\u00e9 en 1920, UL Canada est un artisan important du syst\u00e8me de s\u00e9curit\u00e9 nationale du Canada qui est administr\u00e9 par le Conseil canadien des normes (CCN). Le syst\u00e8me \u00e9prouv\u00e9 d&#8217;UL Canada appuie les r\u00e8glements gouvernementaux relatifs \u00e0 la s\u00e9curit\u00e9 des produits et compl\u00e8te les initiatives en mati\u00e8re de s\u00e9curit\u00e9 publique f\u00e9d\u00e9rale, provinciales et municipales. ULC travaille \u00e9galement avec d&#8217;autres gouvernements et d&#8217;autres syst\u00e8mes de s\u00e9curit\u00e9 internationaux pour favoriser davantage le commerce international dans le respect des exigences locales et internationales en mati\u00e8re de s\u00e9curit\u00e9.<\/p>\n<h6><span style=\"color: #800000\"><strong>Normes pour la s\u00e9curit\u00e9<\/strong><\/span><\/h6>\n<p>Normes ULC est un organisme d&#8217;\u00e9laboration de normes ind\u00e9pendant et sans but lucratif. Normes ULC a \u00e9labor\u00e9 des normes et des sp\u00e9cifications de s\u00e9curit\u00e9 et de rendement depuis plus de 100\u00a0ans et est accr\u00e9dit\u00e9 par le Conseil canadien des normes en vertu du Syst\u00e8me de normes nationales.<\/p>\n<p>Normes ULC publie et met \u00e0 jour pr\u00e8s de 300\u00a0normes de s\u00e9curit\u00e9 et autres documents connexes canadiens. Ces normes jouent un r\u00f4le important \u00e0 l&#8217;\u00e9gard de l&#8217;am\u00e9lioration de la s\u00e9curit\u00e9 publique. Normes ULC fait appel \u00e0 un processus ax\u00e9 sur le consensus pour \u00e9laborer des normes de s\u00e9curit\u00e9 des produits efficaces en s&#8217;inspirant des suggestions recueillies aupr\u00e8s des consommateurs, des fabricants, des organismes gouvernementaux, des utilisateurs, des organismes de r\u00e9glementation et des autres parties int\u00e9ress\u00e9es.<\/p>\n<h6><span style=\"color: #800000\"><strong>Rendre les produits s\u00e9curitaires pour la collectivit\u00e9<\/strong><\/span><\/h6>\n<p>UL Canada \u00e9value la conformit\u00e9 \u00e0 des exigences sp\u00e9cifiques pour un large \u00e9ventail de produits, composants, mat\u00e9riaux et syst\u00e8mes. De nos jours, UL Canada aide les entreprises \u00e0 fabriquer et proposer des produits plus s\u00e9curitaires \u00e0 l&#8217;intention du march\u00e9 canadien et des autres march\u00e9s mondiaux.<\/p>\n<p>Les services d&#8217;homologation de la s\u00e9curit\u00e9 d&#8217;UL Canada comprennent la mise \u00e0 l&#8217;\u00e9preuve et l&#8217;\u00e9valuation des produits, ainsi que la surveillance des produits en usine, au regard des normes de s\u00e9curit\u00e9 canadiennes et internationales.\u00a0Ces homologations valorisent l&#8217;aspect s\u00e9curitaire des produits et garantissent au public que les produits homologu\u00e9s sont conformes aux normes. Les consommateurs, d\u00e9taillants, assureurs, distributeurs et les organismes de r\u00e9glementation sont tous familiers de nos \u00ab\u00a0Marques\u00a0\u00bb qui sont synonymes de s\u00e9curit\u00e9.<\/p>\n<h6><span style=\"color: #800000\"><strong>Les \u00ab\u00a0Marques\u00a0\u00bb qui apparaissent sur les produits canadiens comprennent<\/strong><\/span><\/h6>\n<div class=\"row\">\n<div class=\"col-8\"><a href=\"https:\/\/canada.ul.com\/wp-content\/uploads\/sites\/11\/2019\/08\/Marks-1.png\"><img loading=\"lazy\" decoding=\"async\" class=\"alignnone wp-image-28663\" src=\"https:\/\/canada.ul.com\/wp-content\/uploads\/sites\/11\/2019\/08\/Marks-1.png\" alt=\"\" width=\"749\" height=\"208\" srcset=\"https:\/\/canada.ul.com\/wp-content\/uploads\/sites\/11\/2019\/08\/Marks-1.png 1663w, https:\/\/canada.ul.com\/wp-content\/uploads\/sites\/11\/2019\/08\/Marks-1-300x83.png 300w, https:\/\/canada.ul.com\/wp-content\/uploads\/sites\/11\/2019\/08\/Marks-1-768x213.png 768w, https:\/\/canada.ul.com\/wp-content\/uploads\/sites\/11\/2019\/08\/Marks-1-1024x284.png 1024w, https:\/\/canada.ul.com\/wp-content\/uploads\/sites\/11\/2019\/08\/Marks-1-400x111.png 400w\" sizes=\"auto, (max-width: 749px) 100vw, 749px\" \/><\/a><\/div>\n<\/div>\n<p>L&#8217;ensemble du programme d&#8217;UL Canada participe et contribue au bien-\u00eatre de la collectivit\u00e9; le programme consiste \u00e0 \u00e9valuer la s\u00e9curit\u00e9 des produits et \u00e0 collaborer au d\u00e9veloppement d&#8217;un code national. Nos marques sont pr\u00e9sentes partout. La preuve, c&#8217;est que vous trouverez facilement l&#8217;une de nos marques sur de nombreux produits dans votre domicile, \u00e0 port\u00e9e de main.<\/p>\n<p>La pr\u00e9vention des accidents repr\u00e9sente la plus grande r\u00e9ussite d&#8217;UL Canada. Lorsqu&#8217;un appareil r\u00e9sidentiel n&#8217;\u00e9lectrocute pas son utilisateur ou qu&#8217;un extincteur de feu fonctionne bien en cas de besoin, ce sont tous des exemples du pr\u00e9cieux h\u00e9ritage laiss\u00e9 par UL Canada. En effet, l&#8217;apport d&#8217;UL Canada est form\u00e9 de contributions invisibles qui profitent \u00e0 la s\u00e9curit\u00e9 publique, \u00e0 la sant\u00e9 et \u00e0 la protection de l&#8217;environnement.<\/p>\n<\/div>\n<\/div>\n","protected":false},"excerpt":{"rendered":"<p>UL Canada &#8211; Travailler \u00e0 l&#8217;av\u00e8nement d&#8217;un monde plus s\u00fbr Les Laboratoires des assureurs du Canada (UL Canada) est un organisme de certification et d&#8217;inspection ind\u00e9pendant qui effectue la mise \u00e0 l&#8217;essai de produits afin [&hellip;]<\/p>\n","protected":false},"author":197,"featured_media":36759,"parent":0,"menu_order":46,"comment_status":"closed","ping_status":"closed","template":"","meta":{"_acf_changed":false,"inline_featured_image":false,"footnotes":""},"class_list":["post-832","page","type-page","status-publish","has-post-thumbnail","hentry"],"acf":[],"_links":{"self":[{"href":"https:\/\/canada.ul.com\/fr\/wp-json\/wp\/v2\/pages\/832","targetHints":{"allow":["GET"]}}],"collection":[{"href":"https:\/\/canada.ul.com\/fr\/wp-json\/wp\/v2\/pages"}],"about":[{"href":"https:\/\/canada.ul.com\/fr\/wp-json\/wp\/v2\/types\/page"}],"author":[{"embeddable":true,"href":"https:\/\/canada.ul.com\/fr\/wp-json\/wp\/v2\/users\/197"}],"replies":[{"embeddable":true,"href":"https:\/\/canada.ul.com\/fr\/wp-json\/wp\/v2\/comments?post=832"}],"version-history":[{"count":0,"href":"https:\/\/canada.ul.com\/fr\/wp-json\/wp\/v2\/pages\/832\/revisions"}],"wp:featuredmedia":[{"embeddable":true,"href":"https:\/\/canada.ul.com\/fr\/wp-json\/wp\/v2\/media\/36759"}],"wp:attachment":[{"href":"https:\/\/canada.ul.com\/fr\/wp-json\/wp\/v2\/media?parent=832"}],"curies":[{"name":"wp","href":"https:\/\/api.w.org\/{rel}","templated":true}]}}