{"id":36706,"date":"2025-07-24T17:29:49","date_gmt":"2025-07-24T17:29:49","guid":{"rendered":"https:\/\/canada.ul.com\/?page_id=36706"},"modified":"2025-07-24T17:36:51","modified_gmt":"2025-07-24T17:36:51","slug":"bulletins-de-certification-2025","status":"publish","type":"page","link":"https:\/\/canada.ul.com\/fr\/organismesresponsabledescodes\/certificationbulletins\/bulletins-de-certification-2025\/","title":{"rendered":"Bulletins de Certification 2025"},"content":{"rendered":"<p><strong><a href=\"https:\/\/canada.ul.com\/wp-content\/uploads\/sites\/11\/2025\/07\/Bulletin-de-Certification_2025-07FRN-ULC-ORD-C1474Superseded_20250718.pdf\" target=\"_blank\" rel=\"noopener\">Bulletin d&#8217;Accr\u00e9ditation 2025-07<\/a>&#8211; ULC\/ORD-C1474-03, Adjustable Drop Nipples for Sprinkler Systems Certified for Canada a \u00e9t\u00e9 remplac\u00e9 par ANSI\/CAN\/UL\/ULC-2443:2024<\/strong><\/p>\n<p><strong><a href=\"https:\/\/canada.ul.com\/wp-content\/uploads\/sites\/11\/2025\/07\/Bulletin-de-Certification_2025-06FRN-ULC-ORD-C193Superseded_20250718.pdf\" target=\"_blank\" rel=\"noopener\">Bulletin d&#8217;Accr\u00e9ditation 2025-06<\/a> &#8211; ULC\/ORD-C193-75, Guide for the Investigation of Alarm Valves for Fire-Protection Service a \u00e9t\u00e9 remplac\u00e9 par ANSI\/CAN\/UL-193:2024<\/strong><\/p>\n<p><strong><a href=\"https:\/\/canada.ul.com\/wp-content\/uploads\/sites\/11\/2025\/07\/Bulletin-de-Certification_2025-05FRN-ULC-ORD-C668Superseded_20250718.pdf\" target=\"_blank\" rel=\"noopener\">Bulletin d&#8217;Accr\u00e9ditation 2025-05<\/a> &#8211; ULC\/ORD-C668-75, Guide for the Investigation of Hose Valves for Fire-Protection Service a \u00e9t\u00e9 remplac\u00e9 par ANSI\/CAN\/UL\/ULC-668:2025<\/strong><\/p>\n<p><strong><a href=\"https:\/\/canada.ul.com\/wp-content\/uploads\/sites\/11\/2025\/07\/Bulletin-de-Certification_2025-04FRN-ULC-ORD-C260Superseded_20250718.pdf\" target=\"_blank\" rel=\"noopener\">Bulletin d&#8217;Accr\u00e9ditation 2025-04<\/a> &#8211; ULC\/ORD-C260-75, Guide for the Investigation of Dry Pipe, Deluge and Pre-Action Valves for Fire Protection Service a \u00e9t\u00e9 remplac\u00e9 par ANSI\/CAN\/UL-260:2023<\/strong><\/p>\n<p><strong><a href=\"https:\/\/canada.ul.com\/wp-content\/uploads\/sites\/11\/2025\/07\/Bulletin-de-Certification_2025-03FRN-ULC-ORD-C1285Superseded_20250718.pdf\" target=\"_blank\" rel=\"noopener\">Bulletin d&#8217;Accr\u00e9ditation 2025-03<\/a> &#8211; ULC\/ORD-C1285-03, Piping and Couplings, Polyvinyl Chloride (PVC) for Underground Fire Service a \u00e9t\u00e9 remplac\u00e9 par ANSI\/CAN\/UL\/ULC-1285:2022<\/strong><\/p>\n<p><strong><a href=\"https:\/\/canada.ul.com\/wp-content\/uploads\/sites\/11\/2025\/07\/Bulletin-de-Certification_2025-02FRN-ULC-ORD-C1091Superseded_20250718.pdf\" target=\"_blank\" rel=\"noopener\">Bulletin d&#8217;Accr\u00e9ditation 2025-02<\/a> &#8211; ULC\/ORD-C1091-74, Preliminary Standard for Butterfly Valves for Fire Protection Service a \u00e9t\u00e9 remplac\u00e9 par ANSI\/CAN\/UL\/ULC-1091:2022<\/strong><\/p>\n<p><strong><a href=\"https:\/\/canada.ul.com\/wp-content\/uploads\/sites\/11\/2025\/07\/Bulletin-de-Certification_2025-01FRN-ULC-ORD-C312Superseded_20250718.pdf\" target=\"_blank\" rel=\"noopener\">Bulletin d&#8217;Accr\u00e9ditation 2025-01<\/a> &#8211; ULC\/ORD-C312-07, Check Valves for Fire Protection Service a \u00e9t\u00e9 remplac\u00e9 par ANSI\/CAN\/UL\/ULC-312:2022<\/strong><\/p>\n","protected":false},"excerpt":{"rendered":"<p>Bulletin d&#8217;Accr\u00e9ditation 2025-07&#8211; ULC\/ORD-C1474-03, Adjustable Drop Nipples for Sprinkler Systems Certified for Canada a \u00e9t\u00e9 remplac\u00e9 par ANSI\/CAN\/UL\/ULC-2443:2024 Bulletin d&#8217;Accr\u00e9ditation 2025-06 &#8211; ULC\/ORD-C193-75, Guide for the Investigation of Alarm Valves for Fire-Protection Service a \u00e9t\u00e9 [&hellip;]<\/p>\n","protected":false},"author":49,"featured_media":0,"parent":871,"menu_order":-13,"comment_status":"closed","ping_status":"closed","template":"","meta":{"_acf_changed":false,"inline_featured_image":false,"footnotes":""},"class_list":["post-36706","page","type-page","status-publish","hentry"],"acf":[],"_links":{"self":[{"href":"https:\/\/canada.ul.com\/fr\/wp-json\/wp\/v2\/pages\/36706","targetHints":{"allow":["GET"]}}],"collection":[{"href":"https:\/\/canada.ul.com\/fr\/wp-json\/wp\/v2\/pages"}],"about":[{"href":"https:\/\/canada.ul.com\/fr\/wp-json\/wp\/v2\/types\/page"}],"author":[{"embeddable":true,"href":"https:\/\/canada.ul.com\/fr\/wp-json\/wp\/v2\/users\/49"}],"replies":[{"embeddable":true,"href":"https:\/\/canada.ul.com\/fr\/wp-json\/wp\/v2\/comments?post=36706"}],"version-history":[{"count":6,"href":"https:\/\/canada.ul.com\/fr\/wp-json\/wp\/v2\/pages\/36706\/revisions"}],"predecessor-version":[{"id":36712,"href":"https:\/\/canada.ul.com\/fr\/wp-json\/wp\/v2\/pages\/36706\/revisions\/36712"}],"up":[{"embeddable":true,"href":"https:\/\/canada.ul.com\/fr\/wp-json\/wp\/v2\/pages\/871"}],"wp:attachment":[{"href":"https:\/\/canada.ul.com\/fr\/wp-json\/wp\/v2\/media?parent=36706"}],"curies":[{"name":"wp","href":"https:\/\/api.w.org\/{rel}","templated":true}]}}