{"id":36485,"date":"2025-01-23T04:54:04","date_gmt":"2025-01-23T04:54:04","guid":{"rendered":"https:\/\/canada.ul.com\/?page_id=36485"},"modified":"2025-01-23T04:54:04","modified_gmt":"2025-01-23T04:54:04","slug":"accueil-et-ressources-des-nouveaux-clients","status":"publish","type":"page","link":"https:\/\/canada.ul.com\/fr\/aproposdenous\/accueil-et-ressources-des-nouveaux-clients\/","title":{"rendered":"Accueil et ressources des nouveaux clients"},"content":{"rendered":"\r\n<p class=\"has-text-color\" style=\"color: #ffffff;\">&#8212;<\/p>\r\n\r\n\r\n\r\n<h2 class=\"has-text-color wp-block-heading\" style=\"color: #c02032;\">Bienvenue dans l\u2019\u00e9quipe d\u2019UL Solutions!<\/h2>\r\n\r\n\r\n\r\n<p>Chez UL Solutions, nous nous effor\u00e7ons de vous fournir les meilleurs services et ressources pour vous aider \u00e0 r\u00e9ussir. Pour nous appeler directement, veuillez acc\u00e9der \u00e0 notre <a href=\"\/fr\/locations\/\" target=\"_blank\" rel=\"noreferrer noopener\">page des emplacements.<\/a>.<\/p>\r\n\r\n\r\n\r\n<p>Nous vous aiderons \u00e0 d\u00e9marrer en cinq \u00e9tapes faciles!<\/p>\r\n\r\n\r\n<hr class=\"wp-block-separator\" \/>\r\n\r\n\r\n<h2 class=\"wp-block-heading\">\u2713\u00a0D\u00e9couvrez notre processus de certification des produits<\/h2>\r\n\r\n\r\n\r\n<p>Bien que les projets individuels varient, l\u2019\u00e9valuation typique d\u2019un produit pour la marque UL est un processus de collaboration. D\u00e9couvrez le <a href=\"https:\/\/www.ul.com\/resources\/preparing-your-ul-mark-evaluation-us-and-canada\">cycle de vie<\/a> de notre certification pour un nouveau produit, du devis au suivi en passant par les essais. Si vous souhaitez mettre \u00e0 niveau la certification UL de vos produits existants, laissez notre \u00e9quipe d\u00e9di\u00e9e vous aider.<\/p>\r\n\r\n\r\n\r\n<img loading=\"lazy\" decoding=\"async\" width=\"3200\" height=\"1792\" src=\"https:\/\/canada.ul.com\/wp-content\/uploads\/sites\/11\/2025\/01\/comment_obtenir-_la_certification_UL-1.png\" alt=\"Comment obtenir  la certification UL\" class=\"aligncenter size-full wp-image-36495\" srcset=\"https:\/\/canada.ul.com\/wp-content\/uploads\/sites\/11\/2025\/01\/comment_obtenir-_la_certification_UL-1.png 3200w, https:\/\/canada.ul.com\/wp-content\/uploads\/sites\/11\/2025\/01\/comment_obtenir-_la_certification_UL-1-300x168.png 300w, https:\/\/canada.ul.com\/wp-content\/uploads\/sites\/11\/2025\/01\/comment_obtenir-_la_certification_UL-1-1024x573.png 1024w, https:\/\/canada.ul.com\/wp-content\/uploads\/sites\/11\/2025\/01\/comment_obtenir-_la_certification_UL-1-768x430.png 768w, https:\/\/canada.ul.com\/wp-content\/uploads\/sites\/11\/2025\/01\/comment_obtenir-_la_certification_UL-1-1536x860.png 1536w, https:\/\/canada.ul.com\/wp-content\/uploads\/sites\/11\/2025\/01\/comment_obtenir-_la_certification_UL-1-2048x1147.png 2048w, https:\/\/canada.ul.com\/wp-content\/uploads\/sites\/11\/2025\/01\/comment_obtenir-_la_certification_UL-1-400x224.png 400w\" sizes=\"auto, (max-width: 3200px) 100vw, 3200px\" \/>\r\n\r\n\r\n<hr class=\"wp-block-separator\" \/>\r\n\r\n\r\n<h2 class=\"wp-block-heading\">\u2713\u00a0Cr\u00e9ez votre compte dans le portail myUL\u2122<\/h2>\r\n\r\n\r\n\r\n<p><a href=\"https:\/\/www.ul.com\/apps\/myul-client-portal\">Visitez myUL<\/a> d\u00e8s aujourd\u2019hui pour cr\u00e9er votre compte dans ce portail facile \u00e0 utiliser pour consulter vos devis, vos commandes, vos documents, vos \u00e9chantillons, vos emplacements et vos avis de variation. Veuillez noter que vous aurez besoin de votre num\u00e9ro de site d\u2019entreprise pour cr\u00e9er votre compte.<\/p>\r\n\r\n\r\n\r\n<ul class=\"wp-block-list\">\r\n<li>Utilisez une connexion s\u00e9curis\u00e9e pour acc\u00e9der \u00e0 vos fichiers, consulter vos projets et prendre des d\u00e9cisions \u00e9clair\u00e9es qui auront un effet positif sur vos r\u00e9sultats.<\/li>\r\n<li>Acc\u00e9l\u00e9rez votre mise sur le march\u00e9 en informant toute votre \u00e9quipe de l\u2019\u00e9tat d\u2019avancement de vos projets UL Solutions et en recevant des notifications sur votre activit\u00e9 UL Solutions.<\/li>\r\n<li>Ajoutez des signets \u00e0 d\u2019autres pages Web d\u2019UL Solutions gr\u00e2ce \u00e0 la fonctionnalit\u00e9 \u00ab Favoris \u00bb.<\/li>\r\n<\/ul>\r\n\r\n\r\n<hr class=\"wp-block-separator\" \/>\r\n\r\n\r\n<h2 class=\"wp-block-heading\">\u2713\u00a0Cr\u00e9ez votre compte Product iQ\u2122<\/h2>\r\n\r\n\r\n\r\n<p>Gr\u00e2ce \u00e0 votre acc\u00e8s gratuit \u00e0 <a href=\"https:\/\/productiq.ulprospector.com\/fr\">Product iQ<\/a>, notre base de donn\u00e9es de certification, vous pouvez identifier des produits plus s\u00fbrs et plus conformes, et v\u00e9rifier les certifications de milliers de produits et de composants.<\/p>\r\n\r\n\r\n\r\n<p>Vous pouvez \u00e9galement l\u2019utiliser pour promouvoir vos produits aupr\u00e8s d\u2019acheteurs potentiels, notamment des milliers d\u2019autorit\u00e9s r\u00e9glementaires, de propri\u00e9taires de b\u00e2timents et de soci\u00e9t\u00e9s d\u2019assurance.<\/p>\r\n\r\n\r\n\r\n<ul class=\"wp-block-list\">\r\n<li>Acc\u00e9dez \u00e0 des renseignements fiables sur les guides UL dans une interface conviviale pour les appareils mobiles.<\/li>\r\n<li>Utilisez les fonctionnalit\u00e9s de recherche avanc\u00e9e par produit ou par entreprise.<\/li>\r\n<li>Effectuez des recherches sur des produits de remplacement.<\/li>\r\n<li>Personnalisez les recherches et les \u00e9tiquettes de votre compte pour gagner du temps et travailler plus efficacement.<\/li>\r\n<li>Recevez des avis et des mises \u00e0 jour sur les recherches ou les fichiers.<\/li>\r\n<li>Obtenez des preuves de conformit\u00e9 gr\u00e2ce \u00e0 des lettres de certification faciles \u00e0 imprimer.<\/li>\r\n<\/ul>\r\n\r\n\r\n<hr class=\"wp-block-separator\" \/>\r\n\r\n\r\n<h2 class=\"wp-block-heading\">\u2713\u00a0Consultez les normes UL<\/h2>\r\n\r\n\r\n\r\n<p>Dans notre <a href=\"https:\/\/www.shopulstandards.com\/\">catalogue Normes et lignes directrices UL<\/a>, vous pouvez consulter les normes ou effectuer une recherche par num\u00e9ro ou par mot-cl\u00e9, par exemple, \u00e9clairage, pour trouver des normes pertinentes.<\/p>\r\n\r\n\r\n\r\n<p><a href=\"https:\/\/www.shopulstandards.com\/WhatsNew.aspx\">Restez inform\u00e9<\/a> sur nos normes gr\u00e2ce \u00e0 une vue d\u2019ensemble ou consultez les derni\u00e8res annonces.<\/p>\r\n\r\n\r\n<hr class=\"wp-block-separator\" \/>\r\n\r\n\r\n<h2 class=\"wp-block-heading\">\u2713\u00a0Visitez la page Marques et \u00e9tiquettes UL<\/h2>\r\n\r\n\r\n\r\n<p>Visitez notre site <a href=\"https:\/\/markshub.ul.com\/home\">Marques et \u00e9tiquettes<\/a> pour obtenir des directives sur les marques du r\u00e9pertoire et de la classification UL, les \u00e9tiquettes standard et d\u2019autres badges pour tous les types de produits. Vous y d\u00e9couvrirez:<\/p>\r\n\r\n\r\n\r\n<ul class=\"wp-block-list\">\r\n<li>les diff\u00e9rentes marques UL et leur signification;<\/li>\r\n<li>les processus de conception et de commande des marques du r\u00e9pertoire et de la classification UL;<\/li>\r\n<li>les lignes directrices pour la promotion de la marque UL;<\/li>\r\n<li>les marques UL t\u00e9l\u00e9chargeables;<\/li>\r\n<li>les marques de certification UL am\u00e9lior\u00e9es.<\/li>\r\n<\/ul>\r\n\r\n\r\n\r\n<p>Notre centre d\u2019\u00e9tiquetage vous permet de commander rapidement et facilement des \u00e9tiquettes (standard ou personnalis\u00e9es).<\/p>\r\n\r\n\r\n\r\n<p>Besoin de plus d\u2019informations? Visitez notre site <a href=\"https:\/\/ultraining.myabsorb.com\/#\/public-dashboard\" target=\"_blank\" rel=\"noopener\">UL Knowledge Solutions<\/a> pour obtenir des cours de formation gratuits.<\/p>\r\n\r\n\r\n<hr class=\"wp-block-separator\" \/>\r\n\r\n\r\n<h2 class=\"wp-block-heading\">Prochaine \u00e9tape, les services de suivi<\/h2>\r\n\r\n\r\n\r\n<p>Une fois que vos produits seront d\u00e9sign\u00e9s pour la certification UL, notre \u00e9quipe collaborera avec vous pour organiser l\u2019inspection initiale de vos produits et les services de suivi. Apprenez-en plus sur l\u2019 <a href=\"https:\/\/www.ul.com\/fr-ca\/resources\/follow-up-services\">assistance et la formation personnalis\u00e9es sur site<\/a> pour soutenir votre marque UL.<\/p>\r\n\r\n\r\n\r\n<p>Les fabricants b\u00e9n\u00e9ficient d\u2019une ressource d\u00e9di\u00e9e pour les aider \u00e0 pr\u00e9parer leur premi\u00e8re visite dans le cadre du programme de services d\u2019ing\u00e9nierie sur site d\u2019UL Solutions, <a href=\"https:\/\/collateral-library-production.s3.amazonaws.com\/uploads\/asset_file\/attachment\/58715\/FUStart_Overview_-_Sep_2023_French_Canadian.pdf\">FUStart<\/a>.<\/p>\r\n","protected":false},"excerpt":{"rendered":"<p>&#8212; Bienvenue dans l\u2019\u00e9quipe d\u2019UL Solutions! Chez UL Solutions, nous nous effor\u00e7ons de vous fournir les meilleurs services et ressources pour vous aider \u00e0 r\u00e9ussir. Pour nous appeler directement, veuillez acc\u00e9der \u00e0 notre page des [&hellip;]<\/p>\n","protected":false},"author":80,"featured_media":33062,"parent":832,"menu_order":0,"comment_status":"closed","ping_status":"closed","template":"","meta":{"_acf_changed":false,"inline_featured_image":false,"footnotes":""},"class_list":["post-36485","page","type-page","status-publish","has-post-thumbnail","hentry"],"acf":[],"_links":{"self":[{"href":"https:\/\/canada.ul.com\/fr\/wp-json\/wp\/v2\/pages\/36485","targetHints":{"allow":["GET"]}}],"collection":[{"href":"https:\/\/canada.ul.com\/fr\/wp-json\/wp\/v2\/pages"}],"about":[{"href":"https:\/\/canada.ul.com\/fr\/wp-json\/wp\/v2\/types\/page"}],"author":[{"embeddable":true,"href":"https:\/\/canada.ul.com\/fr\/wp-json\/wp\/v2\/users\/80"}],"replies":[{"embeddable":true,"href":"https:\/\/canada.ul.com\/fr\/wp-json\/wp\/v2\/comments?post=36485"}],"version-history":[{"count":10,"href":"https:\/\/canada.ul.com\/fr\/wp-json\/wp\/v2\/pages\/36485\/revisions"}],"predecessor-version":[{"id":36500,"href":"https:\/\/canada.ul.com\/fr\/wp-json\/wp\/v2\/pages\/36485\/revisions\/36500"}],"up":[{"embeddable":true,"href":"https:\/\/canada.ul.com\/fr\/wp-json\/wp\/v2\/pages\/832"}],"wp:featuredmedia":[{"embeddable":true,"href":"https:\/\/canada.ul.com\/fr\/wp-json\/wp\/v2\/media\/33062"}],"wp:attachment":[{"href":"https:\/\/canada.ul.com\/fr\/wp-json\/wp\/v2\/media?parent=36485"}],"curies":[{"name":"wp","href":"https:\/\/api.w.org\/{rel}","templated":true}]}}