{"id":36405,"date":"2024-10-18T20:10:40","date_gmt":"2024-10-18T20:10:40","guid":{"rendered":"https:\/\/canada.ul.com\/?page_id=36405"},"modified":"2024-11-04T17:57:00","modified_gmt":"2024-11-04T17:57:00","slug":"marque-de-certification-de-produits-ul-pour-le-marche-canadien","status":"publish","type":"page","link":"https:\/\/canada.ul.com\/fr\/programmesulc\/marque-de-certification-de-produits-ul-pour-le-marche-canadien\/","title":{"rendered":"Marque de certification de produits UL pour le march\u00e9 canadien"},"content":{"rendered":"<h2><img loading=\"lazy\" decoding=\"async\" class=\"aligncenter wp-image-36280 size-full\" src=\"https:\/\/canada.ul.com\/wp-content\/uploads\/sites\/11\/2024\/09\/CS1420900-ULC_Canada_Mark_Certification_Service_Page-ULcom-HEADER-1200x470-1.png\" alt=\"Collage of 3 images\" width=\"1200\" height=\"470\" srcset=\"https:\/\/canada.ul.com\/wp-content\/uploads\/sites\/11\/2024\/09\/CS1420900-ULC_Canada_Mark_Certification_Service_Page-ULcom-HEADER-1200x470-1.png 1200w, https:\/\/canada.ul.com\/wp-content\/uploads\/sites\/11\/2024\/09\/CS1420900-ULC_Canada_Mark_Certification_Service_Page-ULcom-HEADER-1200x470-1-300x118.png 300w, https:\/\/canada.ul.com\/wp-content\/uploads\/sites\/11\/2024\/09\/CS1420900-ULC_Canada_Mark_Certification_Service_Page-ULcom-HEADER-1200x470-1-1024x401.png 1024w, https:\/\/canada.ul.com\/wp-content\/uploads\/sites\/11\/2024\/09\/CS1420900-ULC_Canada_Mark_Certification_Service_Page-ULcom-HEADER-1200x470-1-768x301.png 768w, https:\/\/canada.ul.com\/wp-content\/uploads\/sites\/11\/2024\/09\/CS1420900-ULC_Canada_Mark_Certification_Service_Page-ULcom-HEADER-1200x470-1-400x157.png 400w\" sizes=\"auto, (max-width: 1200px) 100vw, 1200px\" \/><\/h2>\n<p><a href=\"https:\/\/canada.ul.com\/contact-us\/\"><img loading=\"lazy\" decoding=\"async\" class=\"alignleft size-medium wp-image-29495\" src=\"https:\/\/canada.ul.com\/wp-content\/uploads\/sites\/11\/2019\/10\/Contact-us_FR.jpg\" alt=\"\" width=\"300\" height=\"57\" \/><\/a><\/p>\n<h2><span style=\"color: #b10800;\">Cr\u00e9dibilit\u00e9 sur le march\u00e9 Canadien<\/span><\/h2>\n<p>La marque UL est un symbole fiable de s\u00e9curit\u00e9 et de performance dans les pays du monde entier. \u00c0 l\u2019\u00e9chelle mondiale, la marque UL appara\u00eet sur des milliards de produits chaque ann\u00e9e.<\/p>\n<p>La certification des produits pour le Canada avec la marque UL signifie que votre produit a \u00e9t\u00e9 test\u00e9 et certifi\u00e9 conforme aux exigences applicables sp\u00e9cifi\u00e9es dans les normes et codes canadiens. La marque UL est accept\u00e9e par les autorit\u00e9s canadiennes charg\u00e9es des codes, les autorit\u00e9s comp\u00e9tentes et les organismes de r\u00e9glementation. UL Solutions au Canada teste des produits pour la s\u00e9curit\u00e9 publique depuis plus de 100 ans.<\/p>\n<p>Nous vous aidons \u00e0 maintenir une conformit\u00e9 continue aux exigences canadiennes gr\u00e2ce \u00e0 des contr\u00f4les p\u00e9riodiques sur le site de fabrication.<\/p>\n<h2><span style=\"color: #b10800;\">Soutenir l\u2019acc\u00e8s au march\u00e9 mondial<\/span><\/h2>\n<p><a href=\"https:\/\/canada.ul.com\/wp-content\/uploads\/sites\/11\/2024\/09\/G968819844-Container_cargo_ship-ULcom-1200x900-1.jpg\"><img loading=\"lazy\" decoding=\"async\" class=\"size-medium wp-image-36238 alignright\" src=\"https:\/\/canada.ul.com\/wp-content\/uploads\/sites\/11\/2024\/09\/G968819844-Container_cargo_ship-ULcom-1200x900-1-300x225.jpg\" alt=\"\" width=\"300\" height=\"225\" srcset=\"https:\/\/canada.ul.com\/wp-content\/uploads\/sites\/11\/2024\/09\/G968819844-Container_cargo_ship-ULcom-1200x900-1-300x225.jpg 300w, https:\/\/canada.ul.com\/wp-content\/uploads\/sites\/11\/2024\/09\/G968819844-Container_cargo_ship-ULcom-1200x900-1-1024x768.jpg 1024w, https:\/\/canada.ul.com\/wp-content\/uploads\/sites\/11\/2024\/09\/G968819844-Container_cargo_ship-ULcom-1200x900-1-768x576.jpg 768w, https:\/\/canada.ul.com\/wp-content\/uploads\/sites\/11\/2024\/09\/G968819844-Container_cargo_ship-ULcom-1200x900-1-347x260.jpg 347w, https:\/\/canada.ul.com\/wp-content\/uploads\/sites\/11\/2024\/09\/G968819844-Container_cargo_ship-ULcom-1200x900-1-267x200.jpg 267w, https:\/\/canada.ul.com\/wp-content\/uploads\/sites\/11\/2024\/09\/G968819844-Container_cargo_ship-ULcom-1200x900-1.jpg 1200w\" sizes=\"auto, (max-width: 300px) 100vw, 300px\" \/><\/a><\/p>\n<p>En plus de vous permettre d\u2019acc\u00e9der au march\u00e9 Canadien, la certification des produits portant la marque UL, reconnue et respect\u00e9e dans le monde entier, peut vous aider \u00e0 acc\u00e9der \u00e0 des march\u00e9s et \u00e0 vous conformer \u00e0 des exigences r\u00e9glementaires dans le monde entier.<\/p>\n<p>Si vous souhaitez p\u00e9n\u00e9trer plusieurs march\u00e9s, la collaboration avec un fournisseur de services expert comme UL Solutions peut vous permettre de r\u00e9duire les temps et la complexit\u00e9, contribuant ainsi \u00e0 optimiser le processus d&#8217;entr\u00e9e sur le march\u00e9.<\/p>\n<h2><span style=\"color: #b10800;\">Une certification compl\u00e8te pour consolider la confiance<\/span><\/h2>\n<p><a href=\"https:\/\/canada.ul.com\/wp-content\/uploads\/sites\/11\/2024\/09\/G1352428670-Automotive_Industrial_Manufacturing_Facility-ULcom-1200x900-1.jpg\"><img loading=\"lazy\" decoding=\"async\" class=\"size-medium wp-image-36267 alignright\" src=\"https:\/\/canada.ul.com\/wp-content\/uploads\/sites\/11\/2024\/09\/G1352428670-Automotive_Industrial_Manufacturing_Facility-ULcom-1200x900-1-300x225.jpg\" alt=\"Two engineers in hard hats talking\" width=\"300\" height=\"225\" srcset=\"https:\/\/canada.ul.com\/wp-content\/uploads\/sites\/11\/2024\/09\/G1352428670-Automotive_Industrial_Manufacturing_Facility-ULcom-1200x900-1-300x225.jpg 300w, https:\/\/canada.ul.com\/wp-content\/uploads\/sites\/11\/2024\/09\/G1352428670-Automotive_Industrial_Manufacturing_Facility-ULcom-1200x900-1-1024x768.jpg 1024w, https:\/\/canada.ul.com\/wp-content\/uploads\/sites\/11\/2024\/09\/G1352428670-Automotive_Industrial_Manufacturing_Facility-ULcom-1200x900-1-768x576.jpg 768w, https:\/\/canada.ul.com\/wp-content\/uploads\/sites\/11\/2024\/09\/G1352428670-Automotive_Industrial_Manufacturing_Facility-ULcom-1200x900-1-347x260.jpg 347w, https:\/\/canada.ul.com\/wp-content\/uploads\/sites\/11\/2024\/09\/G1352428670-Automotive_Industrial_Manufacturing_Facility-ULcom-1200x900-1-267x200.jpg 267w, https:\/\/canada.ul.com\/wp-content\/uploads\/sites\/11\/2024\/09\/G1352428670-Automotive_Industrial_Manufacturing_Facility-ULcom-1200x900-1.jpg 1200w\" sizes=\"auto, (max-width: 300px) 100vw, 300px\" \/><\/a><\/p>\n<p>En distinguant vos produits par une certification portant la marque UL, signifie que les produits ont \u00e9t\u00e9 test\u00e9s et certifi\u00e9s conform\u00e9ment aux exigences de s\u00e9curit\u00e9 li\u00e9es aux risques d\u2019incendie, de choc et de blessure, en accord avec les exigences techniques et r\u00e9glementaires en vigueur sur le march\u00e9 canadien.<\/p>\n<p>Nous g\u00e9rons notre programme de certification conform\u00e9ment aux exigences de la s\u00e9rie de normes ISO\/IEC 17000 reconnues \u00e0 l\u2019\u00e9chelle internationale, y compris :<\/p>\n<ul>\n<li>Rapports de test et d\u2019\u00e9valuation<\/li>\n<li>udit initial en usine<\/li>\n<li>Examen ind\u00e9pendant et prise de d\u00e9cision<\/li>\n<li>Certification<\/li>\n<li>Surveillance continue de la production<\/li>\n<\/ul>\n<h2><span style=\"color: #b10800;\">Avantages de la certification des produits pour les fabricants<\/span><\/h2>\n<p><a href=\"https:\/\/canada.ul.com\/wp-content\/uploads\/sites\/11\/2024\/09\/G664209688-Factory_interior-ULcom-1200x900-1.jpg\"><img loading=\"lazy\" decoding=\"async\" class=\"size-medium wp-image-36236 alignright\" src=\"https:\/\/canada.ul.com\/wp-content\/uploads\/sites\/11\/2024\/09\/G664209688-Factory_interior-ULcom-1200x900-1-300x225.jpg\" alt=\"\" width=\"300\" height=\"225\" srcset=\"https:\/\/canada.ul.com\/wp-content\/uploads\/sites\/11\/2024\/09\/G664209688-Factory_interior-ULcom-1200x900-1-300x225.jpg 300w, https:\/\/canada.ul.com\/wp-content\/uploads\/sites\/11\/2024\/09\/G664209688-Factory_interior-ULcom-1200x900-1-1024x768.jpg 1024w, https:\/\/canada.ul.com\/wp-content\/uploads\/sites\/11\/2024\/09\/G664209688-Factory_interior-ULcom-1200x900-1-768x576.jpg 768w, https:\/\/canada.ul.com\/wp-content\/uploads\/sites\/11\/2024\/09\/G664209688-Factory_interior-ULcom-1200x900-1-347x260.jpg 347w, https:\/\/canada.ul.com\/wp-content\/uploads\/sites\/11\/2024\/09\/G664209688-Factory_interior-ULcom-1200x900-1-267x200.jpg 267w, https:\/\/canada.ul.com\/wp-content\/uploads\/sites\/11\/2024\/09\/G664209688-Factory_interior-ULcom-1200x900-1.jpg 1200w\" sizes=\"auto, (max-width: 300px) 100vw, 300px\" \/><\/a><\/p>\n<p>Vous vous portez garant de vos produits et vous vous efforcez de maintenir la r\u00e9putation de votre marque sur le march\u00e9. Cela signifie que vous vous efforcez d&#8217;\u00e9tablir la confiance avec vos clients, que vous fabriquez avec int\u00e9grit\u00e9 et que vous d\u00e9montrez votre engagement permanent en faveur de la s\u00e9curit\u00e9. Vous \u00eates \u00e9galement confront\u00e9 \u00e0 un nombre croissant de questions relatives \u00e0 la conformit\u00e9 des produits et \u00e0 des demandes de preuves \u00e0 l\u2019appui de vos efforts.<\/p>\n<p><strong>La certification des produits portant la marque UL vous permet\u00a0:<\/strong><\/p>\n<ul>\n<li>de d\u00e9montrer la conformit\u00e9;<\/li>\n<li>d\u2019offrir \u00e0 vos clients une confiance permanente gr\u00e2ce \u00e0 des \u00e9valuations de conformit\u00e9;<\/li>\n<li>de faciliter un acc\u00e8s efficace au march\u00e9 gr\u00e2ce \u00e0 un partenaire de certification qui renforce la confiance.<\/li>\n<\/ul>\n<h2 class=\"section__title\"><span style=\"color: #b10800;\">Avantages de la certification des produits pour les constructeurs et les installateurs<\/span><\/h2>\n<p><a href=\"https:\/\/canada.ul.com\/wp-content\/uploads\/sites\/11\/2024\/09\/G1418361363-Real_estate_development-ULcom-1200x900-1.jpg\"><img loading=\"lazy\" decoding=\"async\" class=\"size-medium wp-image-36234 alignright\" src=\"https:\/\/canada.ul.com\/wp-content\/uploads\/sites\/11\/2024\/09\/G1418361363-Real_estate_development-ULcom-1200x900-1-300x225.jpg\" alt=\"\" width=\"300\" height=\"225\" srcset=\"https:\/\/canada.ul.com\/wp-content\/uploads\/sites\/11\/2024\/09\/G1418361363-Real_estate_development-ULcom-1200x900-1-300x225.jpg 300w, https:\/\/canada.ul.com\/wp-content\/uploads\/sites\/11\/2024\/09\/G1418361363-Real_estate_development-ULcom-1200x900-1-1024x768.jpg 1024w, https:\/\/canada.ul.com\/wp-content\/uploads\/sites\/11\/2024\/09\/G1418361363-Real_estate_development-ULcom-1200x900-1-768x576.jpg 768w, https:\/\/canada.ul.com\/wp-content\/uploads\/sites\/11\/2024\/09\/G1418361363-Real_estate_development-ULcom-1200x900-1-347x260.jpg 347w, https:\/\/canada.ul.com\/wp-content\/uploads\/sites\/11\/2024\/09\/G1418361363-Real_estate_development-ULcom-1200x900-1-267x200.jpg 267w, https:\/\/canada.ul.com\/wp-content\/uploads\/sites\/11\/2024\/09\/G1418361363-Real_estate_development-ULcom-1200x900-1.jpg 1200w\" sizes=\"auto, (max-width: 300px) 100vw, 300px\" \/><\/a><\/p>\n<p>Vous op\u00e9rez sur un march\u00e9 concurrentiel o\u00f9 les marges sont \u00e9troites et les choix de produits nombreux. Il est essentiel de d\u00e9montrer l\u2019engagement de votre marque en faveur de la s\u00e9curit\u00e9 en r\u00e9alisant des projets avec int\u00e9grit\u00e9 et en obtenant des performances optimales pour vos actifs construits. Cependant, l\u2019accent \u00e9tant mis de plus en plus sur l\u2019am\u00e9lioration de la documentation relative \u00e0 la conformit\u00e9, la d\u00e9monstration de cet engagement n\u00e9cessite plus de temps et d\u2019attention, ce qui peut augmenter les co\u00fbts et affecter les \u00e9ch\u00e9ances.<\/p>\n<p><strong>La certification des produits portant la marque UL vous permet de\u00a0:<\/strong><\/p>\n<ul>\n<li>r\u00e9duire la quantit\u00e9 d\u2019informations contradictoires que vous recevez sur les produits;<\/li>\n<li>gagner en confiance dans les produits que vous s\u00e9lectionnez en vous appuyant sur une source ind\u00e9pendante et mondialement respect\u00e9e d\u2019informations relatives \u00e0 la certification des produits.<\/li>\n<\/ul>\n<h2><span style=\"color: #b10800;\">Avantages de la certification des produits pour les inspecteurs du b\u00e2timent et les autorit\u00e9s<\/span><\/h2>\n<p>Chaque jour, vous prenez des d\u00e9cisions en mati\u00e8re d\u2019approbation de la conception et de la construction, et vous \u00eates charg\u00e9 de veiller \u00e0 ce que tout soit conforme et respecte les normes et r\u00e9glementations r\u00e9gionales. Confront\u00e9s \u00e0 des informations incoh\u00e9rentes sur les produits, vous posez davantage de questions sur leur ad\u00e9quation afin d\u2019avoir confiance en votre travail. La certification UL et la marque UL s\u2019appuient sur l\u2019expertise technique respect\u00e9e d\u2019UL\u00a0Solutions.<\/p>\n<h2><span style=\"color: #b10800;\">Certification de produits durables<\/span><\/h2>\n<p><a href=\"https:\/\/canada.ul.com\/wp-content\/uploads\/sites\/11\/2024\/11\/GettyImages-1341043151-green-globe-HEADER-1200x900-1.jpg\"><img loading=\"lazy\" decoding=\"async\" class=\"alignright size-medium wp-image-36443\" src=\"https:\/\/canada.ul.com\/wp-content\/uploads\/sites\/11\/2024\/11\/GettyImages-1341043151-green-globe-HEADER-1200x900-1-300x225.jpg\" alt=\"A glass globe with a green leaf\" width=\"300\" height=\"225\" srcset=\"https:\/\/canada.ul.com\/wp-content\/uploads\/sites\/11\/2024\/11\/GettyImages-1341043151-green-globe-HEADER-1200x900-1-300x225.jpg 300w, https:\/\/canada.ul.com\/wp-content\/uploads\/sites\/11\/2024\/11\/GettyImages-1341043151-green-globe-HEADER-1200x900-1-1024x768.jpg 1024w, https:\/\/canada.ul.com\/wp-content\/uploads\/sites\/11\/2024\/11\/GettyImages-1341043151-green-globe-HEADER-1200x900-1-768x576.jpg 768w, https:\/\/canada.ul.com\/wp-content\/uploads\/sites\/11\/2024\/11\/GettyImages-1341043151-green-globe-HEADER-1200x900-1-347x260.jpg 347w, https:\/\/canada.ul.com\/wp-content\/uploads\/sites\/11\/2024\/11\/GettyImages-1341043151-green-globe-HEADER-1200x900-1-267x200.jpg 267w, https:\/\/canada.ul.com\/wp-content\/uploads\/sites\/11\/2024\/11\/GettyImages-1341043151-green-globe-HEADER-1200x900-1.jpg 1200w\" sizes=\"auto, (max-width: 300px) 100vw, 300px\" \/><\/a>La certification de produits durables d&#8217;UL Solutions vous permet de montrer aux consommateurs soucieux de l&#8217;environnement comment vos produits les aident \u00e0 vivre de mani\u00e8re plus s\u00fbre, plus s\u00e9curis\u00e9 et plus durable.<\/p>\n<p>Nous aidons les fabricants et les d\u00e9taillants \u00e0 qualifier et \u00e0 certifier la durabilit\u00e9 de leurs produits et \u00e0 communiquer cette information aux consommateurs, aux fournisseurs et aux investisseurs.\u00a0Nos certifications et validations cr\u00e9dibles et ind\u00e9pendantes envoient un signal aux parties prenantes qui sert de sceau d\u2019approbation en mati\u00e8re de d\u00e9veloppement durable.<\/p>\n<p>&nbsp;<\/p>\n<h2 style=\"text-align: center;\"><strong>Marques UL susceptibles de vous int\u00e9resser :<\/strong><\/h2>\n<p>&nbsp;<\/p>\n<table>\n<tbody>\n<tr>\n<td>\n<h3 style=\"text-align: center;\">Marque UL Listed<\/h3>\n<\/td>\n<td>\n<h3 style=\"text-align: center;\">Marque UL Enhanced avec les codes pays des \u00c9tats-Unis et du Canada<\/h3>\n<\/td>\n<td>\n<h3 style=\"text-align: center;\">Marque ULC<\/h3>\n<\/td>\n<\/tr>\n<tr>\n<td><img loading=\"lazy\" decoding=\"async\" class=\"aligncenter size-full wp-image-36319\" src=\"https:\/\/canada.ul.com\/wp-content\/uploads\/sites\/11\/2024\/09\/UL-Listed-d.png\" alt=\"\" width=\"748\" height=\"300\" srcset=\"https:\/\/canada.ul.com\/wp-content\/uploads\/sites\/11\/2024\/09\/UL-Listed-d.png 748w, https:\/\/canada.ul.com\/wp-content\/uploads\/sites\/11\/2024\/09\/UL-Listed-d-300x120.png 300w, https:\/\/canada.ul.com\/wp-content\/uploads\/sites\/11\/2024\/09\/UL-Listed-d-400x160.png 400w\" sizes=\"auto, (max-width: 748px) 100vw, 748px\" \/><\/td>\n<td><img loading=\"lazy\" decoding=\"async\" class=\"aligncenter wp-image-36315\" src=\"https:\/\/canada.ul.com\/wp-content\/uploads\/sites\/11\/2024\/09\/UL-Enhanced-Mark-with-US-and-CA-country-codes-c.png\" alt=\"\" width=\"686\" height=\"275\" srcset=\"https:\/\/canada.ul.com\/wp-content\/uploads\/sites\/11\/2024\/09\/UL-Enhanced-Mark-with-US-and-CA-country-codes-c.png 748w, https:\/\/canada.ul.com\/wp-content\/uploads\/sites\/11\/2024\/09\/UL-Enhanced-Mark-with-US-and-CA-country-codes-c-300x120.png 300w, https:\/\/canada.ul.com\/wp-content\/uploads\/sites\/11\/2024\/09\/UL-Enhanced-Mark-with-US-and-CA-country-codes-c-400x160.png 400w\" sizes=\"auto, (max-width: 686px) 100vw, 686px\" \/><\/td>\n<td><img loading=\"lazy\" decoding=\"async\" class=\"aligncenter size-full wp-image-36306\" src=\"https:\/\/canada.ul.com\/wp-content\/uploads\/sites\/11\/2024\/09\/ULC-Mark-b.png\" alt=\"\" width=\"748\" height=\"150\" srcset=\"https:\/\/canada.ul.com\/wp-content\/uploads\/sites\/11\/2024\/09\/ULC-Mark-b.png 748w, https:\/\/canada.ul.com\/wp-content\/uploads\/sites\/11\/2024\/09\/ULC-Mark-b-300x60.png 300w, https:\/\/canada.ul.com\/wp-content\/uploads\/sites\/11\/2024\/09\/ULC-Mark-b-400x80.png 400w\" sizes=\"auto, (max-width: 748px) 100vw, 748px\" \/><\/td>\n<\/tr>\n<tr>\n<td><a href=\"https:\/\/canada.ul.com\/wp-content\/uploads\/sites\/11\/2024\/09\/blank.png\"><img loading=\"lazy\" decoding=\"async\" class=\"aligncenter size-full wp-image-36336\" src=\"https:\/\/canada.ul.com\/wp-content\/uploads\/sites\/11\/2024\/09\/blank.png\" alt=\"\" width=\"499\" height=\"100\" srcset=\"https:\/\/canada.ul.com\/wp-content\/uploads\/sites\/11\/2024\/09\/blank.png 499w, https:\/\/canada.ul.com\/wp-content\/uploads\/sites\/11\/2024\/09\/blank-300x60.png 300w, https:\/\/canada.ul.com\/wp-content\/uploads\/sites\/11\/2024\/09\/blank-400x80.png 400w\" sizes=\"auto, (max-width: 499px) 100vw, 499px\" \/><\/a><\/td>\n<td><\/td>\n<td><\/td>\n<\/tr>\n<tr>\n<td>\n<h3 style=\"text-align: center;\">Marque UL Enhanced pour les \u00c9tats-Unis, le Canada et l\u2019Europe<\/h3>\n<\/td>\n<td>\n<h3 style=\"text-align: center;\">Marque UL Classified<\/h3>\n<\/td>\n<td>\n<h3 style=\"text-align: center;\">Marque UL combin\u00e9e pour l\u2019Europe, le Canada et les \u00c9tats-Unis<\/h3>\n<\/td>\n<\/tr>\n<tr>\n<td><img loading=\"lazy\" decoding=\"async\" class=\"aligncenter size-full wp-image-36332\" src=\"https:\/\/canada.ul.com\/wp-content\/uploads\/sites\/11\/2024\/09\/UL-Enhanced-Mark-for-the-United-States-Canada-and-Europe-c.png\" alt=\"\" width=\"748\" height=\"300\" srcset=\"https:\/\/canada.ul.com\/wp-content\/uploads\/sites\/11\/2024\/09\/UL-Enhanced-Mark-for-the-United-States-Canada-and-Europe-c.png 748w, https:\/\/canada.ul.com\/wp-content\/uploads\/sites\/11\/2024\/09\/UL-Enhanced-Mark-for-the-United-States-Canada-and-Europe-c-300x120.png 300w, https:\/\/canada.ul.com\/wp-content\/uploads\/sites\/11\/2024\/09\/UL-Enhanced-Mark-for-the-United-States-Canada-and-Europe-c-400x160.png 400w\" sizes=\"auto, (max-width: 748px) 100vw, 748px\" \/><\/td>\n<td><img loading=\"lazy\" decoding=\"async\" class=\"aligncenter size-full wp-image-36328\" src=\"https:\/\/canada.ul.com\/wp-content\/uploads\/sites\/11\/2024\/09\/UL-Classified-Mark-d.png\" alt=\"\" width=\"748\" height=\"300\" srcset=\"https:\/\/canada.ul.com\/wp-content\/uploads\/sites\/11\/2024\/09\/UL-Classified-Mark-d.png 748w, https:\/\/canada.ul.com\/wp-content\/uploads\/sites\/11\/2024\/09\/UL-Classified-Mark-d-300x120.png 300w, https:\/\/canada.ul.com\/wp-content\/uploads\/sites\/11\/2024\/09\/UL-Classified-Mark-d-400x160.png 400w\" sizes=\"auto, (max-width: 748px) 100vw, 748px\" \/><\/td>\n<td><img loading=\"lazy\" decoding=\"async\" class=\"aligncenter wp-image-36311\" src=\"https:\/\/canada.ul.com\/wp-content\/uploads\/sites\/11\/2024\/09\/Combined-UL-Mark-for-Europe-Canada-and-US-c.png\" alt=\"\" width=\"686\" height=\"275\" srcset=\"https:\/\/canada.ul.com\/wp-content\/uploads\/sites\/11\/2024\/09\/Combined-UL-Mark-for-Europe-Canada-and-US-c.png 748w, https:\/\/canada.ul.com\/wp-content\/uploads\/sites\/11\/2024\/09\/Combined-UL-Mark-for-Europe-Canada-and-US-c-300x120.png 300w, https:\/\/canada.ul.com\/wp-content\/uploads\/sites\/11\/2024\/09\/Combined-UL-Mark-for-Europe-Canada-and-US-c-400x160.png 400w\" sizes=\"auto, (max-width: 686px) 100vw, 686px\" \/><\/td>\n<\/tr>\n<tr>\n<td><a href=\"https:\/\/canada.ul.com\/wp-content\/uploads\/sites\/11\/2024\/09\/blank.png\"><img loading=\"lazy\" decoding=\"async\" class=\"aligncenter size-full wp-image-36336\" src=\"https:\/\/canada.ul.com\/wp-content\/uploads\/sites\/11\/2024\/09\/blank.png\" alt=\"\" width=\"499\" height=\"100\" srcset=\"https:\/\/canada.ul.com\/wp-content\/uploads\/sites\/11\/2024\/09\/blank.png 499w, https:\/\/canada.ul.com\/wp-content\/uploads\/sites\/11\/2024\/09\/blank-300x60.png 300w, https:\/\/canada.ul.com\/wp-content\/uploads\/sites\/11\/2024\/09\/blank-400x80.png 400w\" sizes=\"auto, (max-width: 499px) 100vw, 499px\" \/><\/a><\/td>\n<td><\/td>\n<td><\/td>\n<\/tr>\n<tr>\n<td>\n<h3 style=\"text-align: center;\">Marque de composant reconnu par UL<\/h3>\n<\/td>\n<td><\/td>\n<td>\n<h3 style=\"text-align: center;\">Le texte suivant, qui varie en fonction de la classification concern\u00e9e, accompagne la marque de classification :<\/h3>\n<h3 style=\"text-align: center;\">Marque ULC<\/h3>\n<\/td>\n<\/tr>\n<tr>\n<td><img loading=\"lazy\" decoding=\"async\" class=\"aligncenter size-full wp-image-36300\" src=\"https:\/\/canada.ul.com\/wp-content\/uploads\/sites\/11\/2024\/09\/RUS-Mark-b.png\" alt=\"\" width=\"748\" height=\"150\" srcset=\"https:\/\/canada.ul.com\/wp-content\/uploads\/sites\/11\/2024\/09\/RUS-Mark-b.png 748w, https:\/\/canada.ul.com\/wp-content\/uploads\/sites\/11\/2024\/09\/RUS-Mark-b-300x60.png 300w, https:\/\/canada.ul.com\/wp-content\/uploads\/sites\/11\/2024\/09\/RUS-Mark-b-400x80.png 400w\" sizes=\"auto, (max-width: 748px) 100vw, 748px\" \/><\/td>\n<td><\/td>\n<td><img loading=\"lazy\" decoding=\"async\" class=\"aligncenter size-full wp-image-36324\" src=\"https:\/\/canada.ul.com\/wp-content\/uploads\/sites\/11\/2024\/09\/Text-Clasification-Mark-c.png\" alt=\"\" width=\"748\" height=\"300\" srcset=\"https:\/\/canada.ul.com\/wp-content\/uploads\/sites\/11\/2024\/09\/Text-Clasification-Mark-c.png 748w, https:\/\/canada.ul.com\/wp-content\/uploads\/sites\/11\/2024\/09\/Text-Clasification-Mark-c-300x120.png 300w, https:\/\/canada.ul.com\/wp-content\/uploads\/sites\/11\/2024\/09\/Text-Clasification-Mark-c-400x160.png 400w\" sizes=\"auto, (max-width: 748px) 100vw, 748px\" \/><\/td>\n<\/tr>\n<tr>\n<td><a href=\"https:\/\/canada.ul.com\/wp-content\/uploads\/sites\/11\/2024\/09\/blank.png\"><img loading=\"lazy\" decoding=\"async\" class=\"aligncenter size-full wp-image-36336\" src=\"https:\/\/canada.ul.com\/wp-content\/uploads\/sites\/11\/2024\/09\/blank.png\" alt=\"\" width=\"499\" height=\"100\" srcset=\"https:\/\/canada.ul.com\/wp-content\/uploads\/sites\/11\/2024\/09\/blank.png 499w, https:\/\/canada.ul.com\/wp-content\/uploads\/sites\/11\/2024\/09\/blank-300x60.png 300w, https:\/\/canada.ul.com\/wp-content\/uploads\/sites\/11\/2024\/09\/blank-400x80.png 400w\" sizes=\"auto, (max-width: 499px) 100vw, 499px\" \/><\/a><\/td>\n<td><\/td>\n<td><\/td>\n<\/tr>\n<tr>\n<td>\n<h3 style=\"text-align: center;\">Certification UL GREENGUARD<\/h3>\n<\/td>\n<td>\n<h3 style=\"text-align: center;\">Certification De D\u00e9claration Environnementale De Produit UL Solutions<\/h3>\n<\/td>\n<td>\n<h3 style=\"text-align: center;\">UL Solutions ECOLOGO<\/h3>\n<\/td>\n<\/tr>\n<tr>\n<td><img loading=\"lazy\" decoding=\"async\" class=\"aligncenter wp-image-36425\" src=\"https:\/\/canada.ul.com\/wp-content\/uploads\/sites\/11\/2024\/10\/GreenGuardLabel.png\" alt=\"GreenGuardLabel\" width=\"997\" height=\"400\" srcset=\"https:\/\/canada.ul.com\/wp-content\/uploads\/sites\/11\/2024\/10\/GreenGuardLabel.png 748w, https:\/\/canada.ul.com\/wp-content\/uploads\/sites\/11\/2024\/10\/GreenGuardLabel-300x120.png 300w, https:\/\/canada.ul.com\/wp-content\/uploads\/sites\/11\/2024\/10\/GreenGuardLabel-400x160.png 400w\" sizes=\"auto, (max-width: 997px) 100vw, 997px\" \/><\/td>\n<td><img loading=\"lazy\" decoding=\"async\" class=\"aligncenter wp-image-36423\" src=\"https:\/\/canada.ul.com\/wp-content\/uploads\/sites\/11\/2024\/10\/EPD-Mark.png\" alt=\"EPD Mark\" width=\"997\" height=\"400\" srcset=\"https:\/\/canada.ul.com\/wp-content\/uploads\/sites\/11\/2024\/10\/EPD-Mark.png 748w, https:\/\/canada.ul.com\/wp-content\/uploads\/sites\/11\/2024\/10\/EPD-Mark-300x120.png 300w, https:\/\/canada.ul.com\/wp-content\/uploads\/sites\/11\/2024\/10\/EPD-Mark-400x160.png 400w\" sizes=\"auto, (max-width: 997px) 100vw, 997px\" \/><\/td>\n<td><img loading=\"lazy\" decoding=\"async\" class=\"aligncenter wp-image-36421\" src=\"https:\/\/canada.ul.com\/wp-content\/uploads\/sites\/11\/2024\/10\/ECOLOGO.png\" alt=\"ECOLOGO label\" width=\"997\" height=\"400\" srcset=\"https:\/\/canada.ul.com\/wp-content\/uploads\/sites\/11\/2024\/10\/ECOLOGO.png 748w, https:\/\/canada.ul.com\/wp-content\/uploads\/sites\/11\/2024\/10\/ECOLOGO-300x120.png 300w, https:\/\/canada.ul.com\/wp-content\/uploads\/sites\/11\/2024\/10\/ECOLOGO-400x160.png 400w\" sizes=\"auto, (max-width: 997px) 100vw, 997px\" \/><\/td>\n<\/tr>\n<\/tbody>\n<\/table>\n<p>&nbsp;<\/p>\n<p>&nbsp;<\/p>\n<p><strong>Contactez-nous d\u00e8s aujourd\u2019hui pour en savoir plus!<\/strong><\/p>\n<p><a href=\"https:\/\/canada.ul.com\/contact-us\/\"><img loading=\"lazy\" decoding=\"async\" class=\"alignleft size-medium wp-image-29495\" src=\"https:\/\/canada.ul.com\/wp-content\/uploads\/sites\/11\/2019\/10\/Contact-us_FR.jpg\" alt=\"\" width=\"300\" height=\"57\" \/><\/a><\/p>\n","protected":false},"excerpt":{"rendered":"<p>Cr\u00e9dibilit\u00e9 sur le march\u00e9 Canadien La marque UL est un symbole fiable de s\u00e9curit\u00e9 et de performance dans les pays du monde entier. \u00c0 l\u2019\u00e9chelle mondiale, la marque UL appara\u00eet sur des milliards de produits [&hellip;]<\/p>\n","protected":false},"author":49,"featured_media":0,"parent":877,"menu_order":6,"comment_status":"closed","ping_status":"closed","template":"","meta":{"_acf_changed":false,"inline_featured_image":false,"footnotes":""},"class_list":["post-36405","page","type-page","status-publish","hentry"],"acf":[],"_links":{"self":[{"href":"https:\/\/canada.ul.com\/fr\/wp-json\/wp\/v2\/pages\/36405","targetHints":{"allow":["GET"]}}],"collection":[{"href":"https:\/\/canada.ul.com\/fr\/wp-json\/wp\/v2\/pages"}],"about":[{"href":"https:\/\/canada.ul.com\/fr\/wp-json\/wp\/v2\/types\/page"}],"author":[{"embeddable":true,"href":"https:\/\/canada.ul.com\/fr\/wp-json\/wp\/v2\/users\/49"}],"replies":[{"embeddable":true,"href":"https:\/\/canada.ul.com\/fr\/wp-json\/wp\/v2\/comments?post=36405"}],"version-history":[{"count":7,"href":"https:\/\/canada.ul.com\/fr\/wp-json\/wp\/v2\/pages\/36405\/revisions"}],"predecessor-version":[{"id":36445,"href":"https:\/\/canada.ul.com\/fr\/wp-json\/wp\/v2\/pages\/36405\/revisions\/36445"}],"up":[{"embeddable":true,"href":"https:\/\/canada.ul.com\/fr\/wp-json\/wp\/v2\/pages\/877"}],"wp:attachment":[{"href":"https:\/\/canada.ul.com\/fr\/wp-json\/wp\/v2\/media?parent=36405"}],"curies":[{"name":"wp","href":"https:\/\/api.w.org\/{rel}","templated":true}]}}