{"id":36182,"date":"2024-07-11T19:37:58","date_gmt":"2024-07-11T19:37:58","guid":{"rendered":"https:\/\/canada.ul.com\/?page_id=36182"},"modified":"2025-06-09T17:56:55","modified_gmt":"2025-06-09T17:56:55","slug":"bulletins-de-certification-2024","status":"publish","type":"page","link":"https:\/\/canada.ul.com\/fr\/organismesresponsabledescodes\/certificationbulletins\/bulletins-de-certification-2024\/","title":{"rendered":"Bulletins de Certification 2024"},"content":{"rendered":"<p><a href=\"https:\/\/canada.ul.com\/wp-content\/uploads\/sites\/11\/2024\/07\/Information-Bulletin-2024-FR-UL-Solutions-FSSS-Service-Terms.pdf\">Bulletin d&#8217;Information 2024-01<\/a> &#8211; Fire &amp; Security Systems Solutions (FSSS)<\/p>\n<p><a href=\"https:\/\/canada.ul.com\/wp-content\/uploads\/sites\/11\/2024\/12\/Certification-Bulletin-2024-02FR-ULC-S512.2007.pdf\">Bulletin de Certification 2024-02<\/a> &#8211; Poursuite De L\u2019\u00e9num\u00e9ration de la Marque ULC Pour Les Extincteurs \u00c0 Gaz Liqu\u00e9fi\u00e9 De Type Agent Halog\u00e9n\u00e9<\/p>\n","protected":false},"excerpt":{"rendered":"<p>Bulletin d&#8217;Information 2024-01 &#8211; Fire &amp; Security Systems Solutions (FSSS) Bulletin de Certification 2024-02 &#8211; Poursuite De L\u2019\u00e9num\u00e9ration de la Marque ULC Pour Les Extincteurs \u00c0 Gaz Liqu\u00e9fi\u00e9 De Type Agent Halog\u00e9n\u00e9<\/p>\n","protected":false},"author":49,"featured_media":0,"parent":871,"menu_order":-15,"comment_status":"closed","ping_status":"closed","template":"","meta":{"_acf_changed":false,"inline_featured_image":false,"footnotes":""},"class_list":["post-36182","page","type-page","status-publish","hentry"],"acf":[],"_links":{"self":[{"href":"https:\/\/canada.ul.com\/fr\/wp-json\/wp\/v2\/pages\/36182","targetHints":{"allow":["GET"]}}],"collection":[{"href":"https:\/\/canada.ul.com\/fr\/wp-json\/wp\/v2\/pages"}],"about":[{"href":"https:\/\/canada.ul.com\/fr\/wp-json\/wp\/v2\/types\/page"}],"author":[{"embeddable":true,"href":"https:\/\/canada.ul.com\/fr\/wp-json\/wp\/v2\/users\/49"}],"replies":[{"embeddable":true,"href":"https:\/\/canada.ul.com\/fr\/wp-json\/wp\/v2\/comments?post=36182"}],"version-history":[{"count":5,"href":"https:\/\/canada.ul.com\/fr\/wp-json\/wp\/v2\/pages\/36182\/revisions"}],"predecessor-version":[{"id":36650,"href":"https:\/\/canada.ul.com\/fr\/wp-json\/wp\/v2\/pages\/36182\/revisions\/36650"}],"up":[{"embeddable":true,"href":"https:\/\/canada.ul.com\/fr\/wp-json\/wp\/v2\/pages\/871"}],"wp:attachment":[{"href":"https:\/\/canada.ul.com\/fr\/wp-json\/wp\/v2\/media?parent=36182"}],"curies":[{"name":"wp","href":"https:\/\/api.w.org\/{rel}","templated":true}]}}