{"id":35998,"date":"2024-04-29T18:47:49","date_gmt":"2024-04-29T18:47:49","guid":{"rendered":"https:\/\/canada.ul.com\/?page_id=35998"},"modified":"2024-07-08T16:47:40","modified_gmt":"2024-07-08T16:47:40","slug":"ul-solutions-au-canada-certifiee-comme-un-lieu-de-travail-ideal","status":"publish","type":"page","link":"https:\/\/canada.ul.com\/fr\/aproposdenous\/ul-solutions-au-canada-certifiee-comme-un-lieu-de-travail-ideal\/","title":{"rendered":"UL Solutions au Canada certifi\u00e9e comme un \u00ab Lieu de travail id\u00e9al \u00bb"},"content":{"rendered":"<p>UL\u00a0Solutions au Canada, une entreprise mondiale de premier plan dans le domaine des sciences de la s\u00e9curit\u00e9, a \u00e9t\u00e9 reconnue comme une entreprise Great Place to Work\u00ae Certified\u2122 par\u00a0<a href=\"https:\/\/www.greatplacetowork.ca\/fr\/\" target=\"_blank\" rel=\"noopener\" data-cke-saved-href=\"https:\/\/www.greatplacetowork.ca\/en\/\">Great Place to Work (GPTW) Canada<\/a>, une autorit\u00e9 mondiale en mati\u00e8re de cr\u00e9ation, de maintien et de reconnaissance de cultures d\u2019entreprise \u00e0 haut niveau de confiance et de performance.<\/p>\n<p>Cette reconnaissance est le fruit des r\u00e9sultats d\u2019un sondage r\u00e9alis\u00e9 aupr\u00e8s des membres du personnel d\u2019UL Solutions au Canada, qui ont particip\u00e9 de mani\u00e8re anonyme. Les membres du personnel ont r\u00e9pondu au sondage Trust Index\u00a9, qui se concentresur la culture du lieu de travail et couvre des cat\u00e9gories telles que le respect, l\u2019\u00e9quit\u00e9, la fiert\u00e9 et la cr\u00e9dibilit\u00e9, ainsi qu\u2019un indice de gestion qui mesure la satisfaction des membres du personnel \u00e0 l\u2019\u00e9gard de leurs gestionnaires directs. Selon GPTW, 83 % des membres du personnel ont indiqu\u00e9 qu\u2019UL Solutions au Canada est un endroit o\u00f9 il fait bon travailler.<\/p>\n<p>L\u2019effectif de l\u2019entreprise comprend des scientifiques, des techniciens de laboratoire, des ing\u00e9nieurs, du personnel d\u2019entreprise, des inspecteurs sur le terrain, des gestionnaires et des dirigeants. Les r\u00e9sultats du sondage refl\u00e8tent les commentaires positifs des membres du personnel concernant une culture de travail inclusive.<\/p>\n<p>\u00ab\u00a0Cette reconnaissance refl\u00e8te notre engagement \u00e0 cr\u00e9er un lieu de travail inclusif et innovant qui favorise l\u2019espritd&#8217;entreprise\u00bb, a d\u00e9clar\u00e9 David Lefebvre, directeur r\u00e9gional d\u2019UL\u00a0Solutions au Canada. \u00ab\u00a0Notre entreprise est un partenaire de confiance pour nos clients, qui les aide \u00e0 r\u00e9soudre des d\u00e9fis complexes li\u00e9s \u00e0 la s\u00e9curit\u00e9, \u00e0 la s\u00fbret\u00e9 et au d\u00e9veloppement durable. La diversit\u00e9 de notre \u00e9quipe est l\u2019une de nos principales forces, qui nous permet de fournir un service exceptionnel \u00e0 notre client\u00e8le partout dans le monde.\u00a0\u00bb<\/p>\n<p>Selon les donn\u00e9es compil\u00e9es par GPTW, les entreprises ayant une culture de travail saine ont tendance \u00e0 b\u00e9n\u00e9ficier d\u2019une meilleure performance financi\u00e8re, d\u2019une r\u00e9duction du taux de rotation du personnel et d\u2019une innovation accrue. Les entreprises qui d\u00e9veloppent une culture de \u00ab\u00a0l\u2019innovation par tous\u00a0\u00bb connaissent une plus grande rapidit\u00e9 de mise en \u0153uvre, ce qui se traduit par une croissance du chiffre d\u2019affaires 5,5\u00a0fois sup\u00e9rieure \u00e0 celle des entreprises dont l\u2019approche de l\u2019innovation est moins inclusive.<\/p>\n<p>Obtenir la reconnaissance en tant qu\u2019entreprise certifi\u00e9e Great Place to Work est tr\u00e8s convoit\u00e9 et largement reconnu au Canada. La recherche GPTW a montr\u00e9 qu\u2019\u00ab\u00a0un lieu de travail formidable est li\u00e9 au niveau de confiance que les membres du personnel \u00e9prouvent \u00e0 l\u2019\u00e9gard de leurs dirigeants, au niveau de fiert\u00e9 qu\u2019ils \u00e9prouvent \u00e0 l\u2019\u00e9gard de leur travail et \u00e0 la mesure dans laquelle ils appr\u00e9cient leurs coll\u00e8gues.\u00a0\u00bb<\/p>\n<p>Pour en savoir plus, visitez la page des\u00a0<a href=\"https:\/\/fa-eups-saasfaprod1.fa.ocs.oraclecloud.com\/hcmUI\/CandidateExperience\/fr-CA\/sites\/ULSolutionsCareers\/\" target=\"_blank\" rel=\"noopener\" data-cke-saved-href=\"https:\/\/www.ul.com\/careers\">carri\u00e8res d\u2019UL\u00a0Solutions<\/a>.<\/p>\n<h5><strong>Lecture suppl\u00e9mentaire<\/strong><\/h5>\n<p>2021 \u2013\u00a0<a href=\"\/news\/ul-certified-great-place-work-canada\" data-cke-saved-href=\"\/news\/ul-certified-great-place-work-canada\">UL\u00a0Solutions\u00a0Canada \u2013 A Great Place to Work<\/a><\/p>\n<p><a href=\"https:\/\/www.greatplacetowork.ca\/en\/certification-menu\/certified-organizations-updated#certified-organizations2\/view-sub-list-details70\/5e3dcd313cce9900151c6110\/\">Entreprises certifi\u00e9es Great Place to Work\u2122<\/a><\/p>\n","protected":false},"excerpt":{"rendered":"<p>UL\u00a0Solutions au Canada, une entreprise mondiale de premier plan dans le domaine des sciences de la s\u00e9curit\u00e9, a \u00e9t\u00e9 reconnue comme une entreprise Great Place to Work\u00ae Certified\u2122 par\u00a0Great Place to Work (GPTW) Canada, une [&hellip;]<\/p>\n","protected":false},"author":49,"featured_media":0,"parent":832,"menu_order":0,"comment_status":"closed","ping_status":"closed","template":"","meta":{"_acf_changed":false,"inline_featured_image":false,"footnotes":""},"class_list":["post-35998","page","type-page","status-publish","hentry"],"acf":[],"_links":{"self":[{"href":"https:\/\/canada.ul.com\/fr\/wp-json\/wp\/v2\/pages\/35998","targetHints":{"allow":["GET"]}}],"collection":[{"href":"https:\/\/canada.ul.com\/fr\/wp-json\/wp\/v2\/pages"}],"about":[{"href":"https:\/\/canada.ul.com\/fr\/wp-json\/wp\/v2\/types\/page"}],"author":[{"embeddable":true,"href":"https:\/\/canada.ul.com\/fr\/wp-json\/wp\/v2\/users\/49"}],"replies":[{"embeddable":true,"href":"https:\/\/canada.ul.com\/fr\/wp-json\/wp\/v2\/comments?post=35998"}],"version-history":[{"count":6,"href":"https:\/\/canada.ul.com\/fr\/wp-json\/wp\/v2\/pages\/35998\/revisions"}],"predecessor-version":[{"id":36174,"href":"https:\/\/canada.ul.com\/fr\/wp-json\/wp\/v2\/pages\/35998\/revisions\/36174"}],"up":[{"embeddable":true,"href":"https:\/\/canada.ul.com\/fr\/wp-json\/wp\/v2\/pages\/832"}],"wp:attachment":[{"href":"https:\/\/canada.ul.com\/fr\/wp-json\/wp\/v2\/media?parent=35998"}],"curies":[{"name":"wp","href":"https:\/\/api.w.org\/{rel}","templated":true}]}}