{"id":35470,"date":"2023-04-17T15:18:11","date_gmt":"2023-04-17T15:18:11","guid":{"rendered":"https:\/\/canada.ul.com\/?page_id=35470"},"modified":"2025-06-09T17:56:23","modified_gmt":"2025-06-09T17:56:23","slug":"bulletins-de-certification-2023","status":"publish","type":"page","link":"https:\/\/canada.ul.com\/fr\/organismesresponsabledescodes\/certificationbulletins\/bulletins-de-certification-2023\/","title":{"rendered":"Bulletins de Certification 2023"},"content":{"rendered":"<p><a href=\"https:\/\/canada.ul.com\/wp-content\/uploads\/sites\/11\/2024\/08\/Bulletin-de-certification-2023-05FR_ULC-FSSS-Changes-to-Alarm-Response-Guard-Program.pdf\">Bulletin D\u2019accr\u00e9ditation 2023-05<\/a> &#8211; Modifications Apport\u00e9es Au Programme De Service De Certification D\u2019entreprise D\u2019intervention Des Gardiens En Cas D\u2019alarme<\/p>\n<p><a href=\"https:\/\/canada.ul.com\/wp-content\/uploads\/sites\/11\/2024\/08\/Bulletin-de-certification-2023-04FR_ULC-FSSS-Adoption-of-Standards.pdf\">Bulletin D\u2019accr\u00e9ditation 2023-04<\/a> &#8211; Adoption des Normes pour les Programmes de Services de Certification ULC<\/p>\n<p><a href=\"https:\/\/canada.ul.com\/wp-content\/uploads\/sites\/11\/2023\/05\/Bulletin-de-certification-2023-03_FR-ULC-ORD-C1058.18-Remplace.pdf\">Bulletin D\u2019accr\u00e9ditation 2023-03<\/a> &#8211; ULC\/ORD-C1058.18, Servicing of Halon and Clean Agent Extinguishing Systems a \u00e9t\u00e9 remplac\u00e9 par CAN\/ULC-S593: 2021<\/p>\n<p><a href=\"https:\/\/canada.ul.com\/wp-content\/uploads\/sites\/11\/2023\/05\/Bulletin-de-certification-2023-02_FRN-ULC-ORD-C1254.18-Remplace.pdf\">Bulletin D\u2019accr\u00e9ditation 2023-02<\/a> &#8211; ULC\/ORD-C1254.18, Servicing of Restaurant Cooking Area Extinguishing Systems a \u00e9t\u00e9 remplac\u00e9 par CAN\/ULC-S594: 2021<\/p>\n<p><a href=\"https:\/\/canada.ul.com\/wp-content\/uploads\/sites\/11\/2023\/04\/Bulletin-de-Certification-2023-01FR-ULC-S301.S302.S561.S536.S537.pdf\">Bulletin D\u2019accr\u00e9ditation 2023-01<\/a> &#8211; Programmes d\u2019enregistrement d\u2019emplacements de services de sous-traitants autoris\u00e9s et de techniciens de soci\u00e9t\u00e9 distante ajout de types d\u2019inscriptions \u00e0 service partag\u00e9 au sein de la cat\u00e9gorie priv\u00e9e du programme de services de certification<\/p>\n","protected":false},"excerpt":{"rendered":"<p>Bulletin D\u2019accr\u00e9ditation 2023-05 &#8211; Modifications Apport\u00e9es Au Programme De Service De Certification D\u2019entreprise D\u2019intervention Des Gardiens En Cas D\u2019alarme Bulletin D\u2019accr\u00e9ditation 2023-04 &#8211; Adoption des Normes pour les Programmes de Services de Certification ULC Bulletin [&hellip;]<\/p>\n","protected":false},"author":49,"featured_media":0,"parent":871,"menu_order":0,"comment_status":"closed","ping_status":"closed","template":"","meta":{"_acf_changed":false,"inline_featured_image":false,"footnotes":""},"class_list":["post-35470","page","type-page","status-publish","hentry"],"acf":[],"_links":{"self":[{"href":"https:\/\/canada.ul.com\/fr\/wp-json\/wp\/v2\/pages\/35470","targetHints":{"allow":["GET"]}}],"collection":[{"href":"https:\/\/canada.ul.com\/fr\/wp-json\/wp\/v2\/pages"}],"about":[{"href":"https:\/\/canada.ul.com\/fr\/wp-json\/wp\/v2\/types\/page"}],"author":[{"embeddable":true,"href":"https:\/\/canada.ul.com\/fr\/wp-json\/wp\/v2\/users\/49"}],"replies":[{"embeddable":true,"href":"https:\/\/canada.ul.com\/fr\/wp-json\/wp\/v2\/comments?post=35470"}],"version-history":[{"count":10,"href":"https:\/\/canada.ul.com\/fr\/wp-json\/wp\/v2\/pages\/35470\/revisions"}],"predecessor-version":[{"id":36649,"href":"https:\/\/canada.ul.com\/fr\/wp-json\/wp\/v2\/pages\/35470\/revisions\/36649"}],"up":[{"embeddable":true,"href":"https:\/\/canada.ul.com\/fr\/wp-json\/wp\/v2\/pages\/871"}],"wp:attachment":[{"href":"https:\/\/canada.ul.com\/fr\/wp-json\/wp\/v2\/media?parent=35470"}],"curies":[{"name":"wp","href":"https:\/\/api.w.org\/{rel}","templated":true}]}}