{"id":34409,"date":"2022-01-12T22:52:44","date_gmt":"2022-01-12T22:52:44","guid":{"rendered":"https:\/\/canada.ul.com\/?page_id=34409"},"modified":"2025-06-09T17:55:31","modified_gmt":"2025-06-09T17:55:31","slug":"bulletins-de-certification-2021-2","status":"publish","type":"page","link":"https:\/\/canada.ul.com\/fr\/organismesresponsabledescodes\/certificationbulletins\/bulletins-de-certification-2021-2\/","title":{"rendered":"Bulletins de Certification 2022"},"content":{"rendered":"<p><a href=\"https:\/\/canada.ul.com\/wp-content\/uploads\/sites\/11\/2022\/01\/Bulletin-de-Certification-2022-02FRN-ULC-ORD-C420Retire.pdf\" target=\"\" rel=\"noopener\">Bulletin De Certification 2022 02(FRN) ULC ORD C420(Retir\u00e9)<\/a> ULC\/ORD-C420, Retrait de Light Emitting Diode (DEL) \u00c9quipement pour l&#8217;utilisation des produits d&#8217;\u00e9clairage<\/p>\n<p><a href=\"https:\/\/canada.ul.com\/wp-content\/uploads\/sites\/11\/2022\/01\/Bulletin-de-Certification-2022-01FRN-ULC-ORD-C25Remplace.pdf\" target=\"\" rel=\"noopener\">Bulletin De Certification 2022 01(FRN) ULC ORD C25(Remplac\u00e9)<\/a> ULC\/ORD-C25, Compteurs pour liquides inflammables et combustibles et Propane a \u00e9t\u00e9 remplac\u00e9 par ANSI\/CAN\/UL\/ULC 25\u00a0: 2021<\/p>\n","protected":false},"excerpt":{"rendered":"<p>Bulletin De Certification 2022 02(FRN) ULC ORD C420(Retir\u00e9) ULC\/ORD-C420, Retrait de Light Emitting Diode (DEL) \u00c9quipement pour l&#8217;utilisation des produits d&#8217;\u00e9clairage Bulletin De Certification 2022 01(FRN) ULC ORD C25(Remplac\u00e9) ULC\/ORD-C25, Compteurs pour liquides inflammables et [&hellip;]<\/p>\n","protected":false},"author":5,"featured_media":0,"parent":871,"menu_order":0,"comment_status":"closed","ping_status":"closed","template":"","meta":{"_acf_changed":false,"inline_featured_image":false,"footnotes":""},"class_list":["post-34409","page","type-page","status-publish","hentry"],"acf":[],"_links":{"self":[{"href":"https:\/\/canada.ul.com\/fr\/wp-json\/wp\/v2\/pages\/34409","targetHints":{"allow":["GET"]}}],"collection":[{"href":"https:\/\/canada.ul.com\/fr\/wp-json\/wp\/v2\/pages"}],"about":[{"href":"https:\/\/canada.ul.com\/fr\/wp-json\/wp\/v2\/types\/page"}],"author":[{"embeddable":true,"href":"https:\/\/canada.ul.com\/fr\/wp-json\/wp\/v2\/users\/5"}],"replies":[{"embeddable":true,"href":"https:\/\/canada.ul.com\/fr\/wp-json\/wp\/v2\/comments?post=34409"}],"version-history":[{"count":5,"href":"https:\/\/canada.ul.com\/fr\/wp-json\/wp\/v2\/pages\/34409\/revisions"}],"predecessor-version":[{"id":36648,"href":"https:\/\/canada.ul.com\/fr\/wp-json\/wp\/v2\/pages\/34409\/revisions\/36648"}],"up":[{"embeddable":true,"href":"https:\/\/canada.ul.com\/fr\/wp-json\/wp\/v2\/pages\/871"}],"wp:attachment":[{"href":"https:\/\/canada.ul.com\/fr\/wp-json\/wp\/v2\/media?parent=34409"}],"curies":[{"name":"wp","href":"https:\/\/api.w.org\/{rel}","templated":true}]}}