{"id":34295,"date":"2021-10-20T17:53:38","date_gmt":"2021-10-20T17:53:38","guid":{"rendered":"https:\/\/canada.ul.com\/?page_id=34295"},"modified":"2024-06-12T15:09:07","modified_gmt":"2024-06-12T15:09:07","slug":"documents-techniques-ulc-pour-examen","status":"publish","type":"page","link":"https:\/\/canada.ul.com\/fr\/documents-techniques-ulc-pour-examen\/","title":{"rendered":"DOCUMENTS TECHNIQUES ULC POUR EXAMEN"},"content":{"rendered":"<p>UL Canada invite les parties int\u00e9ress\u00e9es \u00e0 examiner les \u00e9bauches suivantes de sp\u00e9cifications techniques, de rapports techniques et de guides techniques ULC. Vous pouvez demander une copie de l&#8217;\u00e9bauche technique une fois qu&#8217;elle sera disponible pour examen public.<\/p>\n<p>Ces documents sont publi\u00e9s dans le but de g\u00e9n\u00e9rer un examen critique et des commentaires. L&#8217;utilisation du mat\u00e9riel contenu dans ces documents \u00e0 d&#8217;autres fins, telles que son utilisation pour \u00e9valuer la conformit\u00e9 d&#8217;un produit aux exigences actuelles ou d\u00e9terminer les besoins futurs du produit, serait pr\u00e9matur\u00e9e et pourrait induire en erreur.<\/p>\n<p>Tous les documents techniques disponibles pour examen seront affich\u00e9s ci-dessous.<\/p>\n<p><strong>Proposition d&#8217;ULC TS-2723, Sp\u00e9cification technique sur le Projet pour le d\u00e9veloppement responsable de l\u2019industrie de l&#8217;exploration mini\u00e8re:<\/strong><\/p>\n<p>\u2013 <a href=\"https:\/\/canada.ul.com\/wp-content\/uploads\/sites\/11\/2021\/10\/EN-ECOLOGO-MINERAL-EXPLORATION-PUBLIC-CONSULTATION-DRAFT.docx\" target=\"_blank\" rel=\"noopener\">T\u00c9L\u00c9CHARGER L&#8217;ANGLAIS<\/a><br \/>\n\u2013 <a href=\"https:\/\/canada.ul.com\/wp-content\/uploads\/sites\/11\/2021\/10\/FR-ECOLOGO-EXPLORATION-MINIE%CC%80RE-CONSULTATION-PUBLIQUE.docx\" target=\"_blank\" rel=\"noopener\">T\u00c9L\u00c9CHARGER EN FRAN\u00c7AIS<\/a><\/p>\n<p><strong>Commenter les documents techniques<\/strong><\/p>\n<p>Veuillez soumettre vos commentaires et modifications propos\u00e9es en utilisant le \u00ab formulaire de commentaires sur les documents techniques ULC \u00bb et par courriel \u00e0 <a href=\"mailto:Global.ECOLOGOTechnicalDocuments@ul.com\" target=\"_blank\" rel=\"noopener\">Global.ECOLOGOTechnicalDocuments@ul.com<\/a>.<\/p>\n<p>\u2013 <a href=\"https:\/\/canada.ul.com\/wp-content\/uploads\/sites\/11\/2019\/12\/ULC-TD-Comment-Form.doc\" target=\"_blank\" rel=\"noopener\">T\u00c9L\u00c9CHARGER L&#8217;ANGLAIS<\/a><br \/>\n\u2013 <a href=\"https:\/\/canada.ul.com\/wp-content\/uploads\/sites\/11\/2021\/10\/ULC-TD-Comment-Form-FR_JC-Clean-1.docx\" target=\"_blank\" rel=\"noopener\">T\u00c9L\u00c9CHARGER EN FRAN\u00c7AIS<\/a><\/p>\n<h2>DOCUMENTS TECHNIQUES ULC PUBLI\u00c9S<\/h2>\n<h3><strong>ULC TS-2723:2024, ECOLOGO\u00ae Programme de certification pour le d\u00e9veloppement responsable de l&#8217;industrie de l&#8217;exploration min\u00e9rale<\/strong><\/h3>\n<p>UL Solutions au Canada a le plaisir d&#8217;annoncer la publication de la premi\u00e8re \u00e9dition de la sp\u00e9cification technique nationale ULC TS 2723:2024, Programme de certification ECOLOGO\u00ae pour le d\u00e9veloppement responsable de l&#8217;industrie de l&#8217;exploration mini\u00e8re.<\/p>\n<p>Veuillez consulter <a href=\"https:\/\/canada.ul.com\/wp-content\/uploads\/sites\/11\/2024\/06\/BEX24CS1500509-Information-Bulletin-FR-ULC-TS-May-7-2024.pdf\">le Bulletin d&#8217;information 2024-01<\/a> pour plus de d\u00e9tails <a href=\"https:\/\/canada.ul.com\/wp-content\/uploads\/sites\/11\/2024\/06\/BEX24CS1500509-Information-Bulletin-FR-ULC-TS-May-7-2024.pdf\">ici<\/a>.<\/p>\n<p>Pour <a href=\"https:\/\/canada.ul.com\/wp-content\/uploads\/sites\/11\/2024\/06\/ULC-Specification-technique-ULC-2723_FR-2024-06-10.pdf\">acc\u00e9der \u00e0 la sp\u00e9cification technique<\/a>, veuillez cliquer <a href=\"https:\/\/canada.ul.com\/wp-content\/uploads\/sites\/11\/2024\/06\/ULC-Specification-technique-ULC-2723_FR-2024-06-10.pdf\">ici<\/a>.<\/p>\n<p>Pour toute question concernant cette sp\u00e9cification technique, veuillez contacter Tess Espejo \u00e0 l&#8217;adresse <a href=\"mailto:theresa.espejo@ul.com\">theresa.espejo@ul.com<\/a>.<\/p>\n<p>&nbsp;<\/p>\n<p>&nbsp;<\/p>\n","protected":false},"excerpt":{"rendered":"<p>UL Canada invite les parties int\u00e9ress\u00e9es \u00e0 examiner les \u00e9bauches suivantes de sp\u00e9cifications techniques, de rapports techniques et de guides techniques ULC. Vous pouvez demander une copie de l&#8217;\u00e9bauche technique une fois qu&#8217;elle sera disponible [&hellip;]<\/p>\n","protected":false},"author":49,"featured_media":0,"parent":0,"menu_order":0,"comment_status":"closed","ping_status":"closed","template":"","meta":{"_acf_changed":false,"inline_featured_image":false,"footnotes":""},"class_list":["post-34295","page","type-page","status-publish","hentry"],"acf":[],"_links":{"self":[{"href":"https:\/\/canada.ul.com\/fr\/wp-json\/wp\/v2\/pages\/34295","targetHints":{"allow":["GET"]}}],"collection":[{"href":"https:\/\/canada.ul.com\/fr\/wp-json\/wp\/v2\/pages"}],"about":[{"href":"https:\/\/canada.ul.com\/fr\/wp-json\/wp\/v2\/types\/page"}],"author":[{"embeddable":true,"href":"https:\/\/canada.ul.com\/fr\/wp-json\/wp\/v2\/users\/49"}],"replies":[{"embeddable":true,"href":"https:\/\/canada.ul.com\/fr\/wp-json\/wp\/v2\/comments?post=34295"}],"version-history":[{"count":3,"href":"https:\/\/canada.ul.com\/fr\/wp-json\/wp\/v2\/pages\/34295\/revisions"}],"predecessor-version":[{"id":36168,"href":"https:\/\/canada.ul.com\/fr\/wp-json\/wp\/v2\/pages\/34295\/revisions\/36168"}],"wp:attachment":[{"href":"https:\/\/canada.ul.com\/fr\/wp-json\/wp\/v2\/media?parent=34295"}],"curies":[{"name":"wp","href":"https:\/\/api.w.org\/{rel}","templated":true}]}}