{"id":33843,"date":"2021-03-17T20:02:36","date_gmt":"2021-03-17T20:02:36","guid":{"rendered":"https:\/\/canada.ul.com\/?page_id=33843"},"modified":"2021-03-17T20:04:33","modified_gmt":"2021-03-17T20:04:33","slug":"services-dessais-et-de-certifications-des-appareils-et-des-systemes-de-chauffage-de-ventilation-et-de-climatisation-hvac","status":"publish","type":"page","link":"https:\/\/canada.ul.com\/fr\/services-dessais-et-de-certifications-des-appareils-et-des-systemes-de-chauffage-de-ventilation-et-de-climatisation-hvac\/","title":{"rendered":"Services d\u2019essais et de certifications des appareils et des syst\u00e8mes de chauffage, de ventilation et de climatisation (HVAC)"},"content":{"rendered":"<h6><span style=\"color: #800000\">Nous sommes des experts de confiance en mati\u00e8re de s\u00e9curit\u00e9 des produits, de performance et de contr\u00f4le des \u00e9missions. Travaillez avec nous pour renforcer et prot\u00e9ger votre marque, et att\u00e9nuer les risques li\u00e9s \u00e0 la commercialisation de produits techniquement complexes et innovants.<\/span><\/h6>\n<p><a href=\"https:\/\/canada.ul.com\/fr\/contact-us\/\" target=\"_blank\" rel=\"noopener\"><img loading=\"lazy\" decoding=\"async\" class=\"alignnone wp-image-29497 \" src=\"https:\/\/canada.ul.com\/wp-content\/uploads\/sites\/11\/2020\/03\/Get-started-today_FR.jpg\" alt=\"\" width=\"242\" height=\"46\" srcset=\"https:\/\/canada.ul.com\/wp-content\/uploads\/sites\/11\/2020\/03\/Get-started-today_FR.jpg 469w, https:\/\/canada.ul.com\/wp-content\/uploads\/sites\/11\/2020\/03\/Get-started-today_FR-300x57.jpg 300w, https:\/\/canada.ul.com\/wp-content\/uploads\/sites\/11\/2020\/03\/Get-started-today_FR-400x76.jpg 400w\" sizes=\"auto, (max-width: 242px) 100vw, 242px\" \/><\/a><\/p>\n<p><span style=\"color: #800000\"><strong>Services d\u2019essais et de certifications des appareils et des syst\u00e8mes HVAC<\/strong><\/span><\/p>\n<p>Nos ing\u00e9nieurs peuvent vous aider \u00e0 maximiser votre retour sur investissement gr\u00e2ce \u00e0 des offres qui comprennent\u00a0:<\/p>\n<ul>\n<li>Essais et certifications pour assurer la s\u00e9curit\u00e9<\/li>\n<li>Essais et v\u00e9rifications de la performance et de l\u2019efficacit\u00e9 \u00e9nerg\u00e9tique<\/li>\n<li>Essais et v\u00e9rifications des \u00e9missions<\/li>\n<li>Essais sur les r\u00e9frig\u00e9rants inflammables<\/li>\n<li>Directives sur les \u00e9quipements sous pression (PED)<\/li>\n<li>Services consultatifs<\/li>\n<li>Solutions en mati\u00e8re d&#8217;acc\u00e8s au march\u00e9 mondial<\/li>\n<li>Technologies connect\u00e9es et cybers\u00e9curit\u00e9<\/li>\n<\/ul>\n<p><span style=\"color: #800000\"><strong>Services d&#8217;essais et de certifications pour une industrie diversifi\u00e9e d&#8217;appareils et de syst\u00e8mes HVAC<\/strong><\/span><\/p>\n<ul>\n<li>Appareils \u00e9lectrom\u00e9nagers<\/li>\n<li>Appareils commerciaux et professionnels<\/li>\n<li>Petits appareils<\/li>\n<li>Outils \u00e9lectriques et \u00e9quipements pour pelouse et jardin<\/li>\n<li>Composants et contr\u00f4les<\/li>\n<li>Piscines et spas<\/li>\n<li>Chauffage<\/li>\n<li>Ventilation<\/li>\n<li>Climatisation<\/li>\n<li>R\u00e9frig\u00e9ration commerciale<\/li>\n<\/ul>\n<p><span style=\"color: #800000\"><strong>Avantages de travailler avec les responsables de la conformit\u00e9 des appareils et des syst\u00e8mes HVAC<\/strong><\/span><\/p>\n<p>Notre gamme compl\u00e8te de services vous aide \u00e0 atteindre vos objectifs d\u2019affaires et \u00e0 renforcer la confiance en\u00a0:<\/p>\n<ul>\n<li>Fournissant des d\u00e9cennies d\u2019expertise technique et r\u00e9glementaire internationale de pointe<\/li>\n<li>Aidant \u00e0 r\u00e9soudre les probl\u00e8mes critiques de s\u00fbret\u00e9, de s\u00e9curit\u00e9, de durabilit\u00e9 et d\u2019interop\u00e9rabilit\u00e9<\/li>\n<li>Fournissant des conseils pour naviguer dans la r\u00e9glementation et la conformit\u00e9 du march\u00e9 mondial<\/li>\n<li>Contribuant \u00e0 garantir que vos produits sont s\u00fbrs et s\u00e9curitaires pour \u00eatre d\u00e9ploy\u00e9s pour une utilisation dans un environnement de plus en plus connect\u00e9 et centr\u00e9 sur l\u2019utilisateur final<\/li>\n<li>Offrant une formation de calibre mondial sur la conformit\u00e9 pour aider l\u2019industrie \u00e0 r\u00e9pondre aux attentes r\u00e9glementaires mondiales en constante \u00e9volution<\/li>\n<li>Offrant notre d\u00e9vouement et notre soutien \u00e0 l\u2019innovation, aux technologies \u00e9mergentes et \u00e0 la gestion des risques associ\u00e9s aux appareils connect\u00e9s<\/li>\n<\/ul>\n<p><span style=\"color: #800000\"><strong>Pourquoi se fier \u00e0 UL pour la conformit\u00e9 des appareils et des syst\u00e8mes HVAC<\/strong><\/span><\/p>\n<p>Nous aiderons vos produits \u00e0 se d\u00e9marquer sur un march\u00e9 de plus en plus mondialis\u00e9 et concurrentiel. De l\u2019environnement commercial \u00e0 l\u2019environnement r\u00e9sidentiel, nos services peuvent renforcer la confiance dans la s\u00e9curit\u00e9 et la performance de vos offres les plus innovantes, vous aidant \u00e0 atteindre efficacement vos march\u00e9s cibles et \u00e0 fid\u00e9liser vos clients. Travaillez avec nous pour\u00a0:<\/p>\n<ul>\n<li>V\u00e9rifier les all\u00e9gations de performance pour diff\u00e9rencier vos produits sur le march\u00e9<\/li>\n<li>Am\u00e9liorez votre temps de mise sur le march\u00e9 gr\u00e2ce \u00e0 nos experts r\u00e9actifs<\/li>\n<li>Tirer parti d&#8217;un ensemble complet de services am\u00e9lior\u00e9s qui r\u00e9pondent \u00e0 vos d\u00e9fis les plus complexes<\/li>\n<li>Acc\u00e9l\u00e9rer votre acc\u00e8s aux principaux march\u00e9s mondiaux gr\u00e2ce \u00e0 nos laboratoires mondiaux accr\u00e9dit\u00e9s<\/li>\n<\/ul>\n<p><a href=\"https:\/\/canada.ul.com\/fr\/contact-us\/\" target=\"_blank\" rel=\"noopener\"><img loading=\"lazy\" decoding=\"async\" class=\"alignnone wp-image-29497 \" src=\"https:\/\/canada.ul.com\/wp-content\/uploads\/sites\/11\/2020\/03\/Get-started-today_FR.jpg\" alt=\"\" width=\"242\" height=\"46\" srcset=\"https:\/\/canada.ul.com\/wp-content\/uploads\/sites\/11\/2020\/03\/Get-started-today_FR.jpg 469w, https:\/\/canada.ul.com\/wp-content\/uploads\/sites\/11\/2020\/03\/Get-started-today_FR-300x57.jpg 300w, https:\/\/canada.ul.com\/wp-content\/uploads\/sites\/11\/2020\/03\/Get-started-today_FR-400x76.jpg 400w\" sizes=\"auto, (max-width: 242px) 100vw, 242px\" \/><\/a><\/p>\n","protected":false},"excerpt":{"rendered":"<p>Nous sommes des experts de confiance en mati\u00e8re de s\u00e9curit\u00e9 des produits, de performance et de contr\u00f4le des \u00e9missions. Travaillez avec nous pour renforcer et prot\u00e9ger votre marque, et att\u00e9nuer les risques li\u00e9s \u00e0 la [&hellip;]<\/p>\n","protected":false},"author":22,"featured_media":33361,"parent":0,"menu_order":2,"comment_status":"closed","ping_status":"closed","template":"page-ulcprograms.php","meta":{"_acf_changed":false,"inline_featured_image":false,"footnotes":""},"class_list":["post-33843","page","type-page","status-publish","has-post-thumbnail","hentry"],"acf":[],"_links":{"self":[{"href":"https:\/\/canada.ul.com\/fr\/wp-json\/wp\/v2\/pages\/33843","targetHints":{"allow":["GET"]}}],"collection":[{"href":"https:\/\/canada.ul.com\/fr\/wp-json\/wp\/v2\/pages"}],"about":[{"href":"https:\/\/canada.ul.com\/fr\/wp-json\/wp\/v2\/types\/page"}],"author":[{"embeddable":true,"href":"https:\/\/canada.ul.com\/fr\/wp-json\/wp\/v2\/users\/22"}],"replies":[{"embeddable":true,"href":"https:\/\/canada.ul.com\/fr\/wp-json\/wp\/v2\/comments?post=33843"}],"version-history":[{"count":0,"href":"https:\/\/canada.ul.com\/fr\/wp-json\/wp\/v2\/pages\/33843\/revisions"}],"wp:featuredmedia":[{"embeddable":true,"href":"https:\/\/canada.ul.com\/fr\/wp-json\/wp\/v2\/media\/33361"}],"wp:attachment":[{"href":"https:\/\/canada.ul.com\/fr\/wp-json\/wp\/v2\/media?parent=33843"}],"curies":[{"name":"wp","href":"https:\/\/api.w.org\/{rel}","templated":true}]}}