{"id":33767,"date":"2021-03-03T15:55:10","date_gmt":"2021-03-03T15:55:10","guid":{"rendered":"https:\/\/canada.ul.com\/?page_id=33767"},"modified":"2021-03-03T16:11:39","modified_gmt":"2021-03-03T16:11:39","slug":"services-dessai-et-de-certification-de-leclairage","status":"publish","type":"page","link":"https:\/\/canada.ul.com\/fr\/programmesulc\/services-dessai-et-de-certification-de-leclairage\/","title":{"rendered":"Services d\u2019essai et de certification de l\u2019\u00e9clairage"},"content":{"rendered":"<h6><span style=\"color: #800000\">UL poss\u00e8de des connaissances fiables, et notre expertise et notre int\u00e9grit\u00e9, ainsi que notre port\u00e9e et notre acc\u00e8s \u00e0 l\u2019\u00e9chelle mondiale, font de nous le fournisseur unique de confiance pour le secteur de l\u2019\u00e9clairage.<\/span><\/h6>\n<p><a href=\"https:\/\/canada.ul.com\/fr\/contact-us\/\" target=\"_blank\" rel=\"noopener\"><img loading=\"lazy\" decoding=\"async\" class=\"alignnone wp-image-29497\" src=\"https:\/\/canada.ul.com\/wp-content\/uploads\/sites\/11\/2020\/03\/Get-started-today_FR.jpg\" alt=\"\" width=\"240\" height=\"46\" srcset=\"https:\/\/canada.ul.com\/wp-content\/uploads\/sites\/11\/2020\/03\/Get-started-today_FR.jpg 469w, https:\/\/canada.ul.com\/wp-content\/uploads\/sites\/11\/2020\/03\/Get-started-today_FR-300x57.jpg 300w, https:\/\/canada.ul.com\/wp-content\/uploads\/sites\/11\/2020\/03\/Get-started-today_FR-400x76.jpg 400w\" sizes=\"auto, (max-width: 240px) 100vw, 240px\" \/><\/a><\/p>\n<p><img loading=\"lazy\" decoding=\"async\" class=\"wp-image-28845\" src=\"https:\/\/canada.ul.com\/wp-content\/uploads\/sites\/11\/2019\/09\/iStock-1169608491_2400x1600-.jpg\" alt=\"\" width=\"790\" height=\"527\" srcset=\"https:\/\/canada.ul.com\/wp-content\/uploads\/sites\/11\/2019\/09\/iStock-1169608491_2400x1600-.jpg 2400w, https:\/\/canada.ul.com\/wp-content\/uploads\/sites\/11\/2019\/09\/iStock-1169608491_2400x1600--300x200.jpg 300w, https:\/\/canada.ul.com\/wp-content\/uploads\/sites\/11\/2019\/09\/iStock-1169608491_2400x1600--768x512.jpg 768w, https:\/\/canada.ul.com\/wp-content\/uploads\/sites\/11\/2019\/09\/iStock-1169608491_2400x1600--1024x683.jpg 1024w, https:\/\/canada.ul.com\/wp-content\/uploads\/sites\/11\/2019\/09\/iStock-1169608491_2400x1600--390x260.jpg 390w\" sizes=\"auto, (max-width: 790px) 100vw, 790px\" \/><\/p>\n<h6><span style=\"color: #800000\">Vue de l&#8217;ensemble des tests et de la certification<\/span><\/h6>\n<p>Travaillez avec nous pour obtenir le plus haut niveau de service en mati\u00e8re d\u2019essais d\u2019\u00e9clairage, de certification de s\u00e9curit\u00e9, de v\u00e9rification du rendement, d\u2019assurance qualit\u00e9, de services de conseil et autres. Nous vous renseignons et vous instruisons sur les exigences, en gardant une longueur d\u2019avance sur les questions susceptibles de modifier le flux des stocks. La combinaison de notre port\u00e9e mondiale et de notre pr\u00e9sence locale nous permet de fournir des solutions innovantes et personnalis\u00e9es pour rationaliser les essais et simplifier le processus de certification.<\/p>\n<p>D\u00e9couvrez comment nos ing\u00e9nieurs experts vous aideront \u00e0 maximiser votre retour sur investissement dans le domaine de l\u2019\u00e9clairage.<\/p>\n<ul>\n<li>Certification de s\u00e9curit\u00e9<\/li>\n<li>Rendements, essais et v\u00e9rification de l\u2019efficacit\u00e9 \u00e9nerg\u00e9tique<\/li>\n<li>Services consultatifs<\/li>\n<li>Acc\u00e8s au march\u00e9 mondial<\/li>\n<li>Service d\u2019inscriptions multiples pour les produits certifi\u00e9s UL<\/li>\n<li>Contr\u00f4le de la qualit\u00e9 et essais de rendement des emballages<\/li>\n<li>Cybers\u00e9curit\u00e9<\/li>\n<li>Interop\u00e9rabilit\u00e9<\/li>\n<li>Compatibilit\u00e9 \u00e9lectromagn\u00e9tique et essais sans fil<\/li>\n<\/ul>\n<h6><span style=\"color: #800000\">Avantages des essais et de la certification de l\u2019\u00e9clairage UL<\/span><\/h6>\n<p>Nos \u00e9quipes d\u2019ing\u00e9nieurs exp\u00e9riment\u00e9s comprennent la complexit\u00e9 croissante des produits et des syst\u00e8mes d\u2019\u00e9clairage, comme en t\u00e9moignent notre participation active et notre r\u00f4le moteur dans l\u2019\u00e9laboration des normes, les comit\u00e9s techniques et les groupes de travail industriels.<\/p>\n<p>Nous entretenons des relations de confiance avec l\u2019ensemble de la cha\u00eene d\u2019approvisionnement en \u00e9clairage, y compris les fabricants, les d\u00e9taillants, les salles d\u2019exposition, les concepteurs, les organismes de r\u00e9glementation, les organismes gouvernementaux et les consommateurs.<\/p>\n<p>Tirez parti de notre expertise en mati\u00e8re de sciences de la s\u00e9curit\u00e9 dans les nombreux segments du march\u00e9 de l\u2019\u00e9clairage \u00e0 travers le monde pour obtenir un acc\u00e8s acc\u00e9l\u00e9r\u00e9 au march\u00e9 mondial et maximiser la valeur de votre marque.<\/p>\n<ul>\n<li>R\u00e9sidentiel et consommateurs<\/li>\n<li>Commercial et professionnel<\/li>\n<li>Infrastructure<\/li>\n<li>Transport<\/li>\n<\/ul>\n<h6><span style=\"color: #800000\">Pourquoi UL pour les essais et la certification des produits<\/span><\/h6>\n<p>Dans un secteur en constante expansion et \u00e9volution, nous pouvons vous aider \u00e0 maximiser votre gamme de marques pour le march\u00e9 actuel et l\u2019avenir de l\u2019\u00e9clairage.<\/p>\n<ul>\n<li>Nous fournissons des solutions personnalis\u00e9es et un acc\u00e8s facile au march\u00e9 mondial tout en vous apportant un service personnalis\u00e9 avec des experts locaux en ing\u00e9nierie pour am\u00e9liorer votre rapidit\u00e9 de mise sur le march\u00e9.<\/li>\n<li>Nous vous aidons \u00e0 mettre rapidement sur le march\u00e9 des produits innovants, en travaillant avec vous d\u00e8s la phase de conception du produit pour anticiper les probl\u00e8mes potentiels et \u00e9viter les probl\u00e8mes de production tardifs susceptibles de donner lieu \u00e0 des rappels et \u00e0 des retours qui nuisent \u00e0 vos r\u00e9sultats.<\/li>\n<li>La marque UL, en tant que certificateur d\u2019\u00e9clairage le plus reconnu en Am\u00e9rique du Nord, aide vos clients \u00e0 distinguer les produits de haute qualit\u00e9 et constitue un important facteur de diff\u00e9renciation sur un march\u00e9 tr\u00e8s fr\u00e9quent\u00e9.<\/li>\n<li>La marque UL est reconnue et accept\u00e9e dans le monde entier.<\/li>\n<\/ul>\n<p><a href=\"https:\/\/canada.ul.com\/fr\/contact-us\/\" target=\"_blank\" rel=\"noopener\"><img loading=\"lazy\" decoding=\"async\" class=\"alignnone wp-image-29497\" src=\"https:\/\/canada.ul.com\/wp-content\/uploads\/sites\/11\/2020\/03\/Get-started-today_FR.jpg\" alt=\"\" width=\"240\" height=\"46\" srcset=\"https:\/\/canada.ul.com\/wp-content\/uploads\/sites\/11\/2020\/03\/Get-started-today_FR.jpg 469w, https:\/\/canada.ul.com\/wp-content\/uploads\/sites\/11\/2020\/03\/Get-started-today_FR-300x57.jpg 300w, https:\/\/canada.ul.com\/wp-content\/uploads\/sites\/11\/2020\/03\/Get-started-today_FR-400x76.jpg 400w\" sizes=\"auto, (max-width: 240px) 100vw, 240px\" \/><\/a><\/p>\n","protected":false},"excerpt":{"rendered":"<p>UL poss\u00e8de des connaissances fiables, et notre expertise et notre int\u00e9grit\u00e9, ainsi que notre port\u00e9e et notre acc\u00e8s \u00e0 l\u2019\u00e9chelle mondiale, font de nous le fournisseur unique de confiance pour le secteur de l\u2019\u00e9clairage. Vue [&hellip;]<\/p>\n","protected":false},"author":22,"featured_media":28845,"parent":877,"menu_order":0,"comment_status":"closed","ping_status":"closed","template":"","meta":{"_acf_changed":false,"inline_featured_image":false,"footnotes":""},"class_list":["post-33767","page","type-page","status-publish","has-post-thumbnail","hentry"],"acf":[],"_links":{"self":[{"href":"https:\/\/canada.ul.com\/fr\/wp-json\/wp\/v2\/pages\/33767","targetHints":{"allow":["GET"]}}],"collection":[{"href":"https:\/\/canada.ul.com\/fr\/wp-json\/wp\/v2\/pages"}],"about":[{"href":"https:\/\/canada.ul.com\/fr\/wp-json\/wp\/v2\/types\/page"}],"author":[{"embeddable":true,"href":"https:\/\/canada.ul.com\/fr\/wp-json\/wp\/v2\/users\/22"}],"replies":[{"embeddable":true,"href":"https:\/\/canada.ul.com\/fr\/wp-json\/wp\/v2\/comments?post=33767"}],"version-history":[{"count":0,"href":"https:\/\/canada.ul.com\/fr\/wp-json\/wp\/v2\/pages\/33767\/revisions"}],"up":[{"embeddable":true,"href":"https:\/\/canada.ul.com\/fr\/wp-json\/wp\/v2\/pages\/877"}],"wp:featuredmedia":[{"embeddable":true,"href":"https:\/\/canada.ul.com\/fr\/wp-json\/wp\/v2\/media\/28845"}],"wp:attachment":[{"href":"https:\/\/canada.ul.com\/fr\/wp-json\/wp\/v2\/media?parent=33767"}],"curies":[{"name":"wp","href":"https:\/\/api.w.org\/{rel}","templated":true}]}}