{"id":33485,"date":"2021-01-12T14:11:08","date_gmt":"2021-01-12T14:11:08","guid":{"rendered":"https:\/\/canada.ul.com\/?page_id=33485"},"modified":"2021-12-08T14:29:50","modified_gmt":"2021-12-08T14:29:50","slug":"bulletins-de-certification-2021","status":"publish","type":"page","link":"https:\/\/canada.ul.com\/fr\/organismesresponsabledescodes\/certificationbulletins\/bulletins-de-certification-2021\/","title":{"rendered":"Bulletins de Certification 2021"},"content":{"rendered":"<p><a href=\"https:\/\/canada.ul.com\/wp-content\/uploads\/sites\/11\/2021\/12\/Bulletin-de-Certification-2021-13FRN-ULC-ORD-C180Remplace.pdf\" target=\"\" rel=\"noopener\">Bulletin De Certification 2021 13(FRN) ULC ORD C180(Remplac\u00e9)<\/a>\u00a0 ULC\/ORD-C180, Jauges et indicateurs de niveau de liquide pour les r\u00e9servoirs de mazout et d\u2019huile de graissage a \u00e9t\u00e9 remplac\u00e9 par ANSI\/CAN\/UL\/ULC 180\u00a0:\u00a02021<\/p>\n<p><a href=\"https:\/\/canada.ul.com\/wp-content\/uploads\/sites\/11\/2021\/12\/Bulletin-de-Certification-2021-12FRN-ULC-ORD-C1275Remplace.pdf\" target=\"\" rel=\"noopener\">Bulletin De Certification 2021 12(FRN) ULC ORD C1275(Remplac\u00e9)<\/a> ULC\/ORD-C1275, Guide pour l&#8217;enqu\u00eate sur les armoires de stockage pour contenants de liquides inflammables a \u00e9t\u00e9 remplac\u00e9 par ANSI\/CAN\/UL\/ULC 1275\u00a0: 2021<\/p>\n<p><a href=\"https:\/\/canada.ul.com\/wp-content\/uploads\/sites\/11\/2021\/12\/Bulletin-de-Certification-2021-11FRN-ULC-ORD-C536-Remplace.pdf\" target=\"\" rel=\"noopener\">Bulletin De Certification 2021 11(FRN) ULC ORD C536 (Remplac\u00e9)<\/a>ULC\/ORD-C536, Tuyau m\u00e9tallique flexible a \u00e9t\u00e9 remplac\u00e9 par ANSI\/CAN\/UL 536\u00a0: 2021<\/p>\n<p><a href=\"https:\/\/canada.ul.com\/wp-content\/uploads\/sites\/11\/2021\/12\/Bulletin-de-Certification-2021-10FRN-ULC-ORD-C132-Remplace.pdf\" target=\"\" rel=\"noopener\">Bulletin De Certification 2021 10(FRN) ULC ORD C132 (Remplac\u00e9)<\/a>ULC\/ORD-C 132, Soupapes de d\u00e9charge de s\u00e9curit\u00e9 pour l&#8217;ammoniac anhydre et le propane a \u00e9t\u00e9 remplac\u00e9 par ANSI\/CAN\/UL 132: 2021<\/p>\n<p><a href=\"https:\/\/canada.ul.com\/wp-content\/uploads\/sites\/11\/2021\/06\/Bulletin-de-Certification-2021-09FRN-ULC-ORD-C142.14Remplace.pdf\" target=\"\" rel=\"noopener\">Bulletin De Certification 2021 09(FRN) ULC ORD C142.14(Remplac\u00e9)<\/a> \u00a0ULC\/ORD-C142.14 pour les contenants volumiques non m\u00e9talliques pour le stockage et la distribution de liquides combustibles et non combustibles a \u00e9t\u00e9 remplac\u00e9e ANSI\/CAN\/ULC-2152:2021<\/p>\n<p><a href=\"https:\/\/canada.ul.com\/wp-content\/uploads\/sites\/11\/2021\/06\/Bulletin-dInformation-2021-08FRN-CAN-ULC-S515-Quebec-MSP-Guide.pdf\" target=\"\" rel=\"noopener\">Bulletin D&#8217;Information 2021 08(FRN) CAN ULC S515 Quebec MSP Guide<\/a> Annonce de changement \u00e0 l\u2019offre de service conform\u00e9ment au Guide MSP du Qu\u00e9bec<\/p>\n<p><a href=\"https:\/\/canada.ul.com\/wp-content\/uploads\/sites\/11\/2021\/06\/Bulletin-dInformation-2021-07FRN-CAN-ULC-S515-VIP-S515.pdf\" target=\"\" rel=\"noopener\">Bulletin D&#8217;Information 2021 07(FRN) CAN ULC S515 (VIP S515)<\/a> Programme d\u2019inspection des v\u00e9hicules &#8211; S515 (VIP-S515)<\/p>\n<p><a href=\"https:\/\/canada.ul.com\/wp-content\/uploads\/sites\/11\/2021\/05\/Bulletin-de-Certification-2021-06FRN-ULC-ORD-C263.1Remplace.pdf\" target=\"\" rel=\"noopener\">Bulletin De Certification 2021 06(FRN) ULC ORD C263.1(Remplac\u00e9)<\/a> ULC\/ORD-C263.1\u00a0 Syst\u00e8mes de fen\u00eatres prot\u00e9g\u00e9s par des sprinkleurs ont \u00e9t\u00e9 remplac\u00e9 par CAN\/ULC-S136:2021<\/p>\n<p><a href=\"https:\/\/canada.ul.com\/wp-content\/uploads\/sites\/11\/2021\/04\/Bulletin-de-Certification-2021-05FRN-ULC-ORD-C7952021.pdf\" target=\"\" rel=\"noopener\">Bulletin De Certification 2021 05(FRN) ULC ORD C795(2021)<\/a> ULC\/ORD-C795 (2021), Premi\u00e8re \u00e9dition &#8211; Commercial &#8211; Gaz industriel &#8211; Chaudi\u00e8res \u00e0 gaz<\/p>\n<p><a href=\"https:\/\/canada.ul.com\/wp-content\/uploads\/sites\/11\/2021\/03\/Bulletin-de-Certification-2021-04FRN-ULC-ORD-C448-Remplace.pdf\" target=\"\" rel=\"noopener\">Bulletin De Certification 2021 04(FRN) ULC ORD C448 (Remplac\u00e9)<\/a>\u00a0ULC\/ORD-C448, Guide d&#8217;enqu\u00eate sur les pompes pour le service de protection incendie a \u00e9t\u00e9 remplac\u00e9e par ANSI\/CAN\/UL 448:2020<\/p>\n<p><a href=\"https:\/\/canada.ul.com\/wp-content\/uploads\/sites\/11\/2021\/03\/Bulletin-de-Certification-2021-03FRN-ULC-ORD-C567-Remplace.pdf\" target=\"\" rel=\"noopener\">Bulletin De Certification 2021 03(FRN) ULC ORD C567 (Remplac\u00e9)<\/a>\u00a0 ULC\/ORD-C567-74, Guide d&#8217;enqu\u00eate sur les connecteurs de tuyaux pour les liquides inflammables et le GPL a \u00e9t\u00e9 remplac\u00e9e par ANSI\/CAN\/UL\/ULC 567<\/p>\n<p><a href=\"https:\/\/canada.ul.com\/wp-content\/uploads\/sites\/11\/2021\/03\/Bulletin-de-Certification-2021-02FRN-ULC-ORD-C144-Remplace.pdf\" target=\"\" rel=\"noopener\">Bulletin De Certification 2021 02(FRN) ULC ORD C144 (Remplac\u00e9)<\/a>\u00a0ULC\/ORD-C144, Guide d&#8217;enqu\u00eate sur les vannes de r\u00e9gulation de pression a \u00e9t\u00e9 remplac\u00e9e par ANSI\/CAN\/UL 144<\/p>\n<p><a href=\"https:\/\/canada.ul.com\/wp-content\/uploads\/sites\/11\/2021\/02\/Bulletin-de-Certification-2021-01FRNCAN-ULC-S1981-2020.pdf\" target=\"\" rel=\"noopener\">Bulletin de Certification 2021-01(FRN)CAN-ULC-S1981-2020<\/a>\u00a0 Premi\u00e8re \u00e9dition de la norme CAN\/ULC-S1981:2020, NORME RELATIVE AU SYST\u00c8ME D\u2019AUTOMATISATION DE LA CENTRALE DE R\u00c9CEPTION D\u2019ALARME<\/p>\n","protected":false},"excerpt":{"rendered":"<p>Bulletin De Certification 2021 13(FRN) ULC ORD C180(Remplac\u00e9)\u00a0 ULC\/ORD-C180, Jauges et indicateurs de niveau de liquide pour les r\u00e9servoirs de mazout et d\u2019huile de graissage a \u00e9t\u00e9 remplac\u00e9 par ANSI\/CAN\/UL\/ULC 180\u00a0:\u00a02021 Bulletin De Certification 2021 [&hellip;]<\/p>\n","protected":false},"author":22,"featured_media":0,"parent":871,"menu_order":0,"comment_status":"closed","ping_status":"closed","template":"","meta":{"_acf_changed":false,"inline_featured_image":false,"footnotes":""},"class_list":["post-33485","page","type-page","status-publish","hentry"],"acf":[],"_links":{"self":[{"href":"https:\/\/canada.ul.com\/fr\/wp-json\/wp\/v2\/pages\/33485","targetHints":{"allow":["GET"]}}],"collection":[{"href":"https:\/\/canada.ul.com\/fr\/wp-json\/wp\/v2\/pages"}],"about":[{"href":"https:\/\/canada.ul.com\/fr\/wp-json\/wp\/v2\/types\/page"}],"author":[{"embeddable":true,"href":"https:\/\/canada.ul.com\/fr\/wp-json\/wp\/v2\/users\/22"}],"replies":[{"embeddable":true,"href":"https:\/\/canada.ul.com\/fr\/wp-json\/wp\/v2\/comments?post=33485"}],"version-history":[{"count":0,"href":"https:\/\/canada.ul.com\/fr\/wp-json\/wp\/v2\/pages\/33485\/revisions"}],"up":[{"embeddable":true,"href":"https:\/\/canada.ul.com\/fr\/wp-json\/wp\/v2\/pages\/871"}],"wp:attachment":[{"href":"https:\/\/canada.ul.com\/fr\/wp-json\/wp\/v2\/media?parent=33485"}],"curies":[{"name":"wp","href":"https:\/\/api.w.org\/{rel}","templated":true}]}}