{"id":32802,"date":"2020-09-10T17:29:03","date_gmt":"2020-09-10T17:29:03","guid":{"rendered":"https:\/\/canada.ul.com\/?page_id=32802"},"modified":"2020-12-18T19:46:01","modified_gmt":"2020-12-18T19:46:01","slug":"troilus","status":"publish","type":"page","link":"https:\/\/canada.ul.com\/fr\/programmesulc\/explores\/troilus\/","title":{"rendered":"Troilus Gold Corp. re\u00e7oit la premi\u00e8re certification du programme ECOLOGO\u00ae pour le d\u00e9veloppement responsable visant les entreprises d&#8217;exploration mini\u00e8re"},"content":{"rendered":"\r\n<p><strong>La certification ECOLOGO<sup>\u00ae<\/sup>\u00a0d&#8217;UL visant les entreprises d&#8217;exploration mini\u00e8re montre l&#8217;engagement envers les pratiques exemplaires sur les plans environnemental et social.<\/strong><\/p>\r\n\r\n\r\n\r\n<p>TORONTO, 26\u00a0ao\u00fbt 2020 \/CNW\/ &#8211;\u00a0La soci\u00e9t\u00e9 UL est heureuse d&#8217;annoncer que Troilus Gold Corp., une soci\u00e9t\u00e9 d&#8217;exploration mini\u00e8re ayant son si\u00e8ge social \u00e0 Toronto, en Ontario, et menant ses activit\u00e9s au Qu\u00e9bec, est la premi\u00e8re soci\u00e9t\u00e9 \u00e0 \u00eatre accr\u00e9dit\u00e9e en vertu du programme de certification ECOLOGO<strong><sup>\u00ae<\/sup><\/strong>\u00a0UL\u00a02723 pour le d\u00e9veloppement responsable visant les entreprises d&#8217;exploration mini\u00e8re.<\/p>\r\n\r\n\r\n\r\n<p>Lanc\u00e9 en 2019 en collaboration avec l&#8217;Association de l&#8217;exploration mini\u00e8re du Qu\u00e9bec, le programme de certification ECOLOGO<strong><sup>\u00ae<\/sup><\/strong>\u00a0UL\u00a02723 pour le d\u00e9veloppement responsable visant les entreprises d&#8217;exploration mini\u00e8re, de m\u00eame que le programme de certification ECOLOGO<strong><sup>\u00ae<\/sup><\/strong>\u00a0UL\u00a02724 pour les fournisseurs du secteur de l&#8217;exploration mini\u00e8re, sont les deux premiers programmes au Canada visant les soci\u00e9t\u00e9s d&#8217;exploration mini\u00e8re et leurs fournisseurs de services qui int\u00e8grent une accr\u00e9ditation de leurs pratiques environnementales, sociales et \u00e9conomiques accord\u00e9e par une tierce partie.<\/p>\r\n\r\n\r\n\r\n<p>La certification UL\u00a02723 fournit \u00e0 Troilus Gold Corp. les renseignements dont l&#8217;entreprise a besoin pour cerner, g\u00e9rer et promouvoir ses processus responsables. Le proc\u00e9d\u00e9 de v\u00e9rification permet aussi aux soci\u00e9t\u00e9s de mieux conna\u00eetre leurs op\u00e9rations, ce qui aide \u00e0 identifier les probl\u00e8mes \u00e0 un stade pr\u00e9coce afin de les r\u00e9soudre avant que ne surviennent des crises li\u00e9es \u00e0 la s\u00e9curit\u00e9 ou de nature sociale ou environnementale.<\/p>\r\n\r\n\r\n\r\n<p>Justin Reid, administrateur et chef de la direction de Troilus, d\u00e9clare\u00a0: \u00ab\u00a0Nous sommes fiers de voir notre soci\u00e9t\u00e9 devenir la premi\u00e8re entreprise d&#8217;exploration mini\u00e8re \u00e9tablie au Qu\u00e9bec \u00e0 obtenir la certification ECOLOGO. Troilus s&#8217;appuie sur un h\u00e9ritage de g\u00e9rance de l&#8217;environnement, de solides liens communautaires et un engagement envers le d\u00e9veloppement responsable que nous continuerons de mettre de l&#8217;avant \u00e0 mesure que nous travaillerons sur ce projet. La certification ECOLOGO<strong><sup>\u00ae<\/sup><\/strong>\u00a0montre \u00e0 nos partenaires et \u00e0 nos investisseurs qu&#8217;une tierce partie a minutieusement \u00e9valu\u00e9 nos activit\u00e9s et nos proc\u00e9dures et a reconnu nos pratiques viables. Notre engagement envers des pratiques exemplaires sur les plans environnemental, social et \u00e9conomique est, \u00e0 notre avis, un fondement essentiel d&#8217;une soci\u00e9t\u00e9 florissante.\u00a0\u00bb<\/p>\r\n\r\n\r\n\r\n<p>\u00ab\u00a0UL f\u00e9licite la soci\u00e9t\u00e9 Troilus pour cette r\u00e9ussite alors qu&#8217;elle devient la premi\u00e8re entreprise d&#8217;exploration mini\u00e8re \u00e0 recevoir la certification ECOLOGO<strong><sup>\u00ae<\/sup><\/strong>\u00a0en raison de son engagement \u00e0 l&#8217;\u00e9gard de pratiques commerciales responsables\u00a0\u00bb, affirme Joseph Hosey, vice-pr\u00e9sident et directeur g\u00e9n\u00e9ral pour UL au Canada. \u00ab\u00a0La certification ECOLOGO<strong><sup>\u00ae<\/sup><\/strong>\u00a0peut aider les entreprises d&#8217;exploration mini\u00e8re avec leurs pratiques de responsabilit\u00e9 sociale tout en faisant montre de leurs valeurs internes et en contribuant au d\u00e9veloppement responsable de leurs environnements locaux.\u00a0\u00bb<\/p>\r\n\r\n\r\n\r\n<p>Ce programme repose sur une d\u00e9marche comprenant un examen approfondi de la documentation relative \u00e0 la certification qui peut mener \u00e0 des visites in situ. La certification ECOLOGO<strong><sup>\u00ae<\/sup><\/strong>\u00a0procure aux entreprises d&#8217;exploration mini\u00e8re et \u00e0 leurs fournisseurs les constatations dont ils ont besoin pour cerner, g\u00e9rer et promouvoir leurs processus responsables.<\/p>\r\n\r\n\r\n\r\n<p>Pour en savoir plus sur la mani\u00e8re dont UL aide les soci\u00e9t\u00e9s \u00e0 mesurer, \u00e0 d\u00e9montrer et \u00e0 communiquer leurs pratiques responsables en mati\u00e8re d&#8217;exploration mini\u00e8re, consultez le <a href=\"https:\/\/canada.ul.com\/fr\/programmesulc\/explores\/\" target=\"_blank\" rel=\"noreferrer noopener\">Canada.ul.com\/fr\/programmesulc\/explores\/<\/a>\u00a0ou envoyez un courriel \u00e0 l&#8217;adresse <a href=\"mailto:info.canada@ul.com\" target=\"_blank\" rel=\"noreferrer noopener\">info.canada@ul.com<\/a>.<\/p>\r\n","protected":false},"excerpt":{"rendered":"<p>La certification ECOLOGO\u00ae\u00a0d&#8217;UL visant les entreprises d&#8217;exploration mini\u00e8re montre l&#8217;engagement envers les pratiques exemplaires sur les plans environnemental et social. TORONTO, 26\u00a0ao\u00fbt 2020 \/CNW\/ &#8211;\u00a0La soci\u00e9t\u00e9 UL est heureuse d&#8217;annoncer que Troilus Gold Corp., une [&hellip;]<\/p>\n","protected":false},"author":36,"featured_media":32346,"parent":28119,"menu_order":0,"comment_status":"closed","ping_status":"closed","template":"page-programmesulc.php","meta":{"_acf_changed":false,"inline_featured_image":false,"footnotes":""},"class_list":["post-32802","page","type-page","status-publish","has-post-thumbnail","hentry"],"acf":[],"_links":{"self":[{"href":"https:\/\/canada.ul.com\/fr\/wp-json\/wp\/v2\/pages\/32802","targetHints":{"allow":["GET"]}}],"collection":[{"href":"https:\/\/canada.ul.com\/fr\/wp-json\/wp\/v2\/pages"}],"about":[{"href":"https:\/\/canada.ul.com\/fr\/wp-json\/wp\/v2\/types\/page"}],"author":[{"embeddable":true,"href":"https:\/\/canada.ul.com\/fr\/wp-json\/wp\/v2\/users\/36"}],"replies":[{"embeddable":true,"href":"https:\/\/canada.ul.com\/fr\/wp-json\/wp\/v2\/comments?post=32802"}],"version-history":[{"count":0,"href":"https:\/\/canada.ul.com\/fr\/wp-json\/wp\/v2\/pages\/32802\/revisions"}],"up":[{"embeddable":true,"href":"https:\/\/canada.ul.com\/fr\/wp-json\/wp\/v2\/pages\/28119"}],"wp:featuredmedia":[{"embeddable":true,"href":"https:\/\/canada.ul.com\/fr\/wp-json\/wp\/v2\/media\/32346"}],"wp:attachment":[{"href":"https:\/\/canada.ul.com\/fr\/wp-json\/wp\/v2\/media?parent=32802"}],"curies":[{"name":"wp","href":"https:\/\/api.w.org\/{rel}","templated":true}]}}