{"id":30997,"date":"2020-07-29T04:51:40","date_gmt":"2020-07-29T04:51:40","guid":{"rendered":"https:\/\/canada.ul.com\/?page_id=30997"},"modified":"2021-03-01T16:23:23","modified_gmt":"2021-03-01T16:23:23","slug":"iso-iwa-37","status":"publish","type":"page","link":"https:\/\/canada.ul.com\/fr\/iso-iwa-37\/","title":{"rendered":"ACCORD D&#8217;ATELIER INTERNATIONAL DE L&#8217;ISO (ISO IWA 37)"},"content":{"rendered":"\r\n<p><strong><em>S\u00fbret\u00e9, s\u00e9curit\u00e9 et durabilit\u00e9 des installations et des op\u00e9rations de cannabis<\/em><\/strong><\/p>\r\n\r\n\r\n\r\n<figure class=\"wp-block-image size-large is-resized\"><img loading=\"lazy\" decoding=\"async\" src=\"https:\/\/canada.ul.com\/wp-content\/uploads\/sites\/11\/2020\/07\/combo-logo-FRE-1024x343.png\" alt=\"\" class=\"wp-image-30998\" width=\"683\" height=\"228\" srcset=\"https:\/\/canada.ul.com\/wp-content\/uploads\/sites\/11\/2020\/07\/combo-logo-FRE-1024x343.png 1024w, https:\/\/canada.ul.com\/wp-content\/uploads\/sites\/11\/2020\/07\/combo-logo-FRE-300x101.png 300w, https:\/\/canada.ul.com\/wp-content\/uploads\/sites\/11\/2020\/07\/combo-logo-FRE-768x257.png 768w, https:\/\/canada.ul.com\/wp-content\/uploads\/sites\/11\/2020\/07\/combo-logo-FRE-1536x515.png 1536w, https:\/\/canada.ul.com\/wp-content\/uploads\/sites\/11\/2020\/07\/combo-logo-FRE-400x134.png 400w, https:\/\/canada.ul.com\/wp-content\/uploads\/sites\/11\/2020\/07\/combo-logo-FRE.png 1943w\" sizes=\"auto, (max-width: 683px) 100vw, 683px\" \/><\/figure>\r\n\r\n\r\n\r\n<p>La demande de cannabis m\u00e9dical et r\u00e9cr\u00e9atif conna\u00eet une croissance fulgurante&nbsp;: on estime que d\u2019ici 2024, elle pourrait se chiffrer \u00e0 103,9&nbsp;G$&nbsp;US par ann\u00e9e. Vu l\u2019essor du secteur et les d\u00e9fis vis-\u00e0-vis de la s\u00fbret\u00e9, de la s\u00e9curit\u00e9 et de la durabilit\u00e9 des installations et des op\u00e9rations qui s\u2019y rapportent, le Canada animera un atelier international de l\u2019ISO pour mettre au point des directives qui encadreront le domaine.&nbsp;<\/p>\r\n\r\n\r\n\r\n<p>Le Canada est particuli\u00e8rement bien plac\u00e9 pour aiguiller les r\u00e9flexions mondiales. Depuis la l\u00e9galisation du cannabis r\u00e9cr\u00e9atif au pays en 2018, le Canada anime des initiatives qui abordent les questions de la s\u00fbret\u00e9, de la s\u00e9curit\u00e9 et de la durabilit\u00e9 en concertation avec autorit\u00e9s r\u00e9glementaires, administrations publiques et acteurs du domaine.<\/p>\r\n\r\n\r\n\r\n<p>Le Conseil canadien des normes (CCN) et UL sont fiers de s\u2019associer pour faciliter une r\u00e9flexion internationale \u00e0 l\u2019ISO et poser un cadre align\u00e9 sur les int\u00e9r\u00eats du march\u00e9 global. Les int\u00e9ress\u00e9s sont invit\u00e9s \u00e0 participer \u00e0 l\u2019atelier pour \u00e9laborer trois (3)&nbsp;documents portant sur la s\u00fbret\u00e9, sur la s\u00e9curit\u00e9 et sur la durabilit\u00e9 des installations, des \u00e9quipements et des syst\u00e8mes destin\u00e9s \u00e0 la culture, \u00e0 la production, \u00e0 la transformation, au transport et \u00e0 la vente de cannabis et de produits cannabiques.<\/p>\r\n\r\n\r\n\r\n<p>Voici les trois documents d\u2019atelier :<\/p>\r\n\r\n\r\n\r\n<ul class=\"wp-block-list\"><li>Document d\u2019atelier 1 \u2013 Guide technique pour la s\u00e9curit\u00e9 des installations, des \u00e9quipements et des proc\u00e9d\u00e9s d\u2019extraction d\u2019huile de cannabis<\/li><li>Document d\u2019atelier 2 \u2013 Guide technique pour la manipulation s\u00fbre du cannabis et de produits cannabiques<\/li><li>Document d\u2019atelier 3 \u2013 Guide de bonnes pratiques de production (BPM) de cannabis<\/li><\/ul>\r\n\r\n\r\n\r\n<h4 class=\"wp-block-heading\">Programme De L&#8217;atelier:<\/h4>\r\n\r\n\r\n\r\n<figure class=\"wp-block-table is-style-stripes\"><table><tbody><tr><td><strong>Date<\/strong><\/td><td><strong>Temps<\/strong><\/td><td><strong>La description<\/strong><\/td><\/tr><tr><td>30 septembre 2020<\/td><td><\/td><td>Fin de la p\u00e9riode d\u2019inscription<\/td><\/tr><tr><td>30 novembre &#8211; 4 d\u00e9cembre 2020<\/td><td>9 h 00 &#8211; 13 h 00<\/td><td>R\u00e9union IWA 1 (Zoom)<br>R\u00e9union pl\u00e9ni\u00e8re et r\u00e9unions du groupe de travail<\/td><\/tr><tr><td>d\u00e9cembre 2020 &#8211; janvier 2021<\/td><td>\u00c0 l\u2019appel des animateurs du GT<\/td><td>R\u00e9unions de groupe de travail (Zoom)<\/td><\/tr><tr><td>28 janvier 2021<\/td><td>\u00c0 d\u00e9terminer<\/td><td>R\u00e9union IWA 2 (Zoom)<\/td><\/tr><tr><td>f\u00e9vrier &#8211; mai 2021<\/td><td>\u00c0 l\u2019appel des animateurs du GT<\/td><td>R\u00e9unions de groupe de travail (Zoom)<\/td><\/tr><tr><td>3 mai &#8211; 7 mai 2021<\/td><td>R\u00e9unions d&#8217;une journ\u00e9e<\/td><td>R\u00e9union IWA 3 (possiblement pr\u00e9sentielle)<br>Ottawa, Canada<br>R\u00e9union pl\u00e9ni\u00e8re et r\u00e9unions du groupe de travail<\/td><\/tr><tr><td>20 juin 2021<\/td><td><\/td><td>Date de publication provisoire<\/td><\/tr><\/tbody><\/table><figcaption><em>Remarque: t<em>outes les r\u00e9unions sont programm\u00e9es selon l\u2019heure du fuseau horaire de l\u2019Est et se d\u00e9rouleront en anglais<\/em><\/em><\/figcaption><\/figure>\r\n\r\n\r\n\r\n<p><\/p>\r\n\r\n\r\n\r\n<p>Pour participer \u00e0 l\u2019atelier, se porter volontaire ici &#8211; <a aria-label=\"undefined (opens in a new tab)\" href=\"https:\/\/events.ul.com\/ISOInternationalWorkshop\" target=\"_blank\" rel=\"noreferrer noopener\">https:\/\/events.ul.com\/ISOInternationalWorkshop<\/a><\/p>\r\n\r\n\r\n\r\n<p>La p\u00e9riode d\u2019inscription prendra fin le&nbsp;<strong>mercredi 30 septembre 2020<\/strong>. Signaler votre inscription \u00e0 votre &nbsp;<a href=\"https:\/\/www.iso.org\/fr\/members.html\" target=\"_blank\" rel=\"noreferrer noopener\">organisme national de normalisation (ONN)<\/a>.<\/p>\r\n","protected":false},"excerpt":{"rendered":"<p>S\u00fbret\u00e9, s\u00e9curit\u00e9 et durabilit\u00e9 des installations et des op\u00e9rations de cannabis La demande de cannabis m\u00e9dical et r\u00e9cr\u00e9atif conna\u00eet une croissance fulgurante&nbsp;: on estime que d\u2019ici 2024, elle pourrait se chiffrer \u00e0 103,9&nbsp;G$&nbsp;US par ann\u00e9e. [&hellip;]<\/p>\n","protected":false},"author":36,"featured_media":31016,"parent":0,"menu_order":0,"comment_status":"closed","ping_status":"closed","template":"","meta":{"_acf_changed":false,"inline_featured_image":false,"footnotes":""},"class_list":["post-30997","page","type-page","status-publish","has-post-thumbnail","hentry"],"acf":[],"_links":{"self":[{"href":"https:\/\/canada.ul.com\/fr\/wp-json\/wp\/v2\/pages\/30997","targetHints":{"allow":["GET"]}}],"collection":[{"href":"https:\/\/canada.ul.com\/fr\/wp-json\/wp\/v2\/pages"}],"about":[{"href":"https:\/\/canada.ul.com\/fr\/wp-json\/wp\/v2\/types\/page"}],"author":[{"embeddable":true,"href":"https:\/\/canada.ul.com\/fr\/wp-json\/wp\/v2\/users\/36"}],"replies":[{"embeddable":true,"href":"https:\/\/canada.ul.com\/fr\/wp-json\/wp\/v2\/comments?post=30997"}],"version-history":[{"count":0,"href":"https:\/\/canada.ul.com\/fr\/wp-json\/wp\/v2\/pages\/30997\/revisions"}],"wp:featuredmedia":[{"embeddable":true,"href":"https:\/\/canada.ul.com\/fr\/wp-json\/wp\/v2\/media\/31016"}],"wp:attachment":[{"href":"https:\/\/canada.ul.com\/fr\/wp-json\/wp\/v2\/media?parent=30997"}],"curies":[{"name":"wp","href":"https:\/\/api.w.org\/{rel}","templated":true}]}}