{"id":30125,"date":"2020-07-07T16:58:13","date_gmt":"2020-07-07T16:58:13","guid":{"rendered":"https:\/\/canada.ul.com\/?page_id=30125"},"modified":"2020-07-07T16:58:13","modified_gmt":"2020-07-07T16:58:13","slug":"evaluations-sur-place-des-appareils-et-systemes-electromedicaux-au-canada","status":"publish","type":"page","link":"https:\/\/canada.ul.com\/fr\/programmesulc\/fieldevaluation\/evaluations-sur-place-des-appareils-et-systemes-electromedicaux-au-canada\/","title":{"rendered":"\u00c9valuations sur place des appareils et syst\u00e8mes \u00e9lectrom\u00e9dicaux au Canada"},"content":{"rendered":"<h6><span style=\"color: #800000\">Le programme d\u2019\u00e9valuation sur place propos\u00e9 par ULC vous offre la commodit\u00e9 d\u2019une \u00e9valuation de vos appareils et syst\u00e8mes \u00e9lectrom\u00e9dicaux avant ou apr\u00e8s installation, sur place ou \u00e0 l\u2019emplacement de votre choix.<\/span><\/h6>\n<p><a href=\"https:\/\/canada.ul.com\/fr\/contact-us\/\" target=\"_blank\" rel=\"noopener\"><img loading=\"lazy\" decoding=\"async\" class=\"alignnone wp-image-29498\" src=\"https:\/\/canada.ul.com\/wp-content\/uploads\/sites\/11\/2020\/03\/Get-started-today_FR.jpg\" alt=\"\" width=\"240\" height=\"46\" srcset=\"https:\/\/canada.ul.com\/wp-content\/uploads\/sites\/11\/2020\/03\/Get-started-today_FR.jpg 469w, https:\/\/canada.ul.com\/wp-content\/uploads\/sites\/11\/2020\/03\/Get-started-today_FR-300x57.jpg 300w, https:\/\/canada.ul.com\/wp-content\/uploads\/sites\/11\/2020\/03\/Get-started-today_FR-400x76.jpg 400w\" sizes=\"auto, (max-width: 240px) 100vw, 240px\" \/><\/a><\/p>\n<p><img loading=\"lazy\" decoding=\"async\" class=\"alignnone wp-image-29955\" src=\"https:\/\/canada.ul.com\/wp-content\/uploads\/sites\/11\/2020\/06\/iStock-1015934992.jpg\" alt=\"\" width=\"791\" height=\"445\" srcset=\"https:\/\/canada.ul.com\/wp-content\/uploads\/sites\/11\/2020\/06\/iStock-1015934992.jpg 5120w, https:\/\/canada.ul.com\/wp-content\/uploads\/sites\/11\/2020\/06\/iStock-1015934992-300x169.jpg 300w, https:\/\/canada.ul.com\/wp-content\/uploads\/sites\/11\/2020\/06\/iStock-1015934992-768x432.jpg 768w, https:\/\/canada.ul.com\/wp-content\/uploads\/sites\/11\/2020\/06\/iStock-1015934992-1024x576.jpg 1024w, https:\/\/canada.ul.com\/wp-content\/uploads\/sites\/11\/2020\/06\/iStock-1015934992-400x225.jpg 400w\" sizes=\"auto, (max-width: 791px) 100vw, 791px\" \/><\/p>\n<p>Bien que l\u2019\u00e9valuation sur place ne vise pas \u00e0 remplacer la certification normale, ULC a con\u00e7u ce programme tout sp\u00e9cialement pour les fabricants, les importateurs et m\u00eame les utilisateurs finaux d&#8217;appareils et de syst\u00e8mes \u00e9lectrom\u00e9dicaux uniques ou fabriqu\u00e9s en quantit\u00e9s limit\u00e9es.<\/p>\n<p>L\u2019\u00e9valuation sur place propos\u00e9e par ULC fournit une \u00e9valuation unique des appareils et des syst\u00e8mes \u00e9lectrom\u00e9dicaux; de plus, s&#8217;ils r\u00e9pondent aux exigences du code type\u00a0SPE-3000, l\u2019\u00e9tiquette d\u2019\u00e9valuation \u00e9lectrique effectu\u00e9e sur place par ULC et portant un num\u00e9ro de s\u00e9rie y est imm\u00e9diatement appos\u00e9e. Vous recevrez \u00e9galement en m\u00eame temps sur place le rapport final pour satisfaire les autorit\u00e9s de l\u2019\u00e9lectricit\u00e9!<\/p>\n<p>L\u2019\u00e9tiquette d\u2019\u00e9valuation \u00e9lectrique effectu\u00e9e sur place par ULC et le rapport final constituent la preuve de conformit\u00e9 que les autorit\u00e9s de l\u2019\u00e9lectricit\u00e9 locales exigent de vous avant que les appareils et les syst\u00e8mes ne puissent \u00eatre utilis\u00e9s. Mais surtout, ULC est accr\u00e9dit\u00e9 par le Conseil canadien des normes et l\u2019\u00e9tiquette d\u2019\u00e9valuation \u00e9lectrique effectu\u00e9e sur place par ULC est reconnue et accept\u00e9e par les autorit\u00e9s canadiennes de l\u2019\u00e9lectricit\u00e9 \u00e0 travers le pays. Vous pouvez \u00eatre s\u00fbrs que lorsque vous travaillez avec ULC, vous collaborez avec un organisme qui \u0153uvre \u00e0\u00a0la s\u00e9curit\u00e9 \u00e9lectrique au Canada depuis 100\u00a0ans!<\/p>\n<p><img loading=\"lazy\" decoding=\"async\" class=\"alignnone wp-image-29962\" src=\"https:\/\/canada.ul.com\/wp-content\/uploads\/sites\/11\/2020\/06\/SPE-3000-label-LR.jpg\" alt=\"\" width=\"506\" height=\"263\" srcset=\"https:\/\/canada.ul.com\/wp-content\/uploads\/sites\/11\/2020\/06\/SPE-3000-label-LR.jpg 612w, https:\/\/canada.ul.com\/wp-content\/uploads\/sites\/11\/2020\/06\/SPE-3000-label-LR-300x156.jpg 300w, https:\/\/canada.ul.com\/wp-content\/uploads\/sites\/11\/2020\/06\/SPE-3000-label-LR-400x208.jpg 400w\" sizes=\"auto, (max-width: 506px) 100vw, 506px\" \/><\/p>\n<h6><span style=\"color: #800000\"><strong>Le code type SPE-3000\u00a0\u2013 Ce que vous devez savoir<\/strong><\/span><\/h6>\n<p>Le code type SPE-3000 sp\u00e9cifie les exigences minimales en mati\u00e8re de construction, d\u2019essais et\u00a0de marquage pour assurer la s\u00e9curit\u00e9 des appareils et des syst\u00e8mes \u00e9lectrom\u00e9dicaux, tout en tenant compte des risques potentiels pour le public et les biens. L\u2019\u00e9valuation sur place comprend une \u00e9valuation de la conformit\u00e9 aux exigences obligatoires en mati\u00e8re de construction et de marquage, ainsi qu\u2019une \u00e9valuation du rendement lors des essais non destructifs applicables, comme sp\u00e9cifi\u00e9s dans le code SPE-3000. Les essais requis varient en fonction du type d\u2019appareil et de l\u2019emplacement de l\u2019installation.<\/p>\n<h6><span style=\"color: #800000\"><strong>\u00c0 quel moment envisager une \u00e9valuation sur place \u00e0 effectuer par ULC au Canada?<\/strong><\/span><\/h6>\n<ul>\n<li>Vous avez d\u00e9j\u00e0 exp\u00e9di\u00e9 ou install\u00e9 les appareils et les syst\u00e8mes \u00e9lectrom\u00e9dicaux \u00e0 la destination finale.<\/li>\n<li>Vous produisez un faible volume, des quantit\u00e9s limit\u00e9es ou des lots en quantit\u00e9s maximales.<\/li>\n<li>Les appareils et les syst\u00e8mes \u00e9lectrom\u00e9dicaux sont con\u00e7us sur mesure.<\/li>\n<li>Vous \u00eates en train d\u2019\u00e9laborer un nouvel appareil \u00e9lectrom\u00e9dical et souhaitez savoir s\u2019il r\u00e9pond aux exigences applicables en mati\u00e8re de s\u00e9curit\u00e9 \u00e9lectrique.<\/li>\n<li>Il se peut que vous ayez besoin d\u2019une certification compl\u00e8te pour un nouvel appareil \u00e9lectrom\u00e9dical en cours de conception, mais vous voulez d\u2019abord le mettre \u00e0 l\u2019essai sur le\u00a0march\u00e9.<\/li>\n<li>Vous voulez demander une certification compl\u00e8te, mais vous souhaitez d\u2019abord vous assurer que vos prototypes et \u00e9chantillons pour essai sont conformes aux exigences essentielles du code SPE-3000.<\/li>\n<li>Vous avez modifi\u00e9 un appareil ou un syst\u00e8me \u00e9lectrom\u00e9dical d\u00e9j\u00e0 existant.<\/li>\n<li>Il n\u2019existe pas de norme de certification \u00e9lectrique applicable \u00e0 vos appareils ou syst\u00e8mes \u00e9lectrom\u00e9dicaux.<\/li>\n<li>Le temps de mise sur le march\u00e9 est un facteur critique et la certification compl\u00e8te n\u2019est pas une solution pratique.<\/li>\n<\/ul>\n<h6><span style=\"color: #800000\"><strong>\u00a0<\/strong><strong>Types d\u2019appareils et de syst\u00e8mes \u00e9lectrom\u00e9dicaux admissibles<\/strong><\/span><\/h6>\n<p>La majorit\u00e9 des appareils et des syst\u00e8mes \u00e9lectrom\u00e9dicaux peuvent faire l&#8217;objet d&#8217;une \u00e9valuation sur place, y compris\u00a0:<\/p>\n<ul>\n<li>Les appareils de production de cosm\u00e9tiques ou de produits d&#8217;hygi\u00e8ne<\/li>\n<li>Les chaises de dialyse<\/li>\n<li>Les syst\u00e8mes et appareils \u00e0 rayons\u00a0X<\/li>\n<li>L&#8217;\u00e9quipement laser<\/li>\n<li>Les IRM et tomodensitom\u00e8tres<\/li>\n<li>Les lits d&#8217;h\u00f4pital<\/li>\n<li>Les \u00e9clairages op\u00e9ratoires<\/li>\n<li>Les appareils d&#8217;\u00e9chographie diagnostique<\/li>\n<\/ul>\n<p>Et bien plus encore!<\/p>\n<h6><span style=\"color: #800000\"><strong>Pourquoi l\u2019\u00e9valuation sur place propos\u00e9e par ULC est-elle la meilleure option au Canada?<\/strong><\/span><\/h6>\n<ul>\n<li>Service et d\u00e9lai d\u2019ex\u00e9cution rapides \u2013 notre \u00e9quipe peut \u00eatre sur place en 24\u00a0heures. Nous\u00a0travaillons \u00e9troitement avec vous et avec les autorit\u00e9s comp\u00e9tentes locales afin de\u00a0respecter vos dates butoirs.<\/li>\n<li>Expertise technique\u00a0\u2013 L&#8217;\u00e9quipe d&#8217;UL au Canada poss\u00e8de une vaste exp\u00e9rience. Il y a tr\u00e8s peu d&#8217;\u00e9quipements que nous n&#8217;avons jamais vus. Nous connaissons parfaitement le code SPE-3000 et les exigences relatives \u00e0 l&#8217;\u00e9quipement connexes.<\/li>\n<li>Soutien technique\u00a0\u2013 Notre \u00e9quipe vous apportera un soutien technique tout au long du processus pour s&#8217;assurer que vos \u00e9quipements r\u00e9pondent aux exigences.<\/li>\n<li>Renforcer la confiance en la s\u00e9curit\u00e9\u00a0\u2013 la marque de s\u00e9curit\u00e9 la plus accept\u00e9e en Am\u00e9rique du Nord sera appos\u00e9e sur votre produit. Les autorit\u00e9s \u00e9lectriques canadiennes connaissent et acceptent l\u2019\u00e9tiquette d\u2019\u00e9valuation \u00e9lectrique effectu\u00e9e sur place d\u2019ULC et\u00a0elles lui font confiance.<\/li>\n<li>Vaste exp\u00e9rience \u2013 Nous \u0153uvrons au Canada depuis 100\u00a0ans et travaillons \u00e0 l\u2019av\u00e8nement d\u2019un monde plus s\u00fbr.<\/li>\n<\/ul>\n<h6><span style=\"color: #800000\"><strong>\u00a0<\/strong><strong>Processus d\u2019acceptation par les autorit\u00e9s comp\u00e9tentes<\/strong><\/span><\/h6>\n<p>Les appareils et syst\u00e8mes \u00e9lectrom\u00e9dicaux destin\u00e9s \u00e0 une utilisation au Canada doivent \u00eatre approuv\u00e9s et doivent r\u00e9pondre aux exigences de s\u00e9curit\u00e9 du Code canadien de l\u2019\u00e9lectricit\u00e9. Vos\u00a0appareils et syst\u00e8mes \u00e9lectrom\u00e9dicaux n\u2019ont pas n\u00e9cessairement besoin de passer par le processus complet de certification des produits, qui peut comprendre des essais destructifs. Par\u00a0contre, vous pouvez choisir de faire \u00e9valuer et approuver vos appareils et vos syst\u00e8mes en faisant appel au programme d\u2019\u00e9valuation sur place des Laboratoires des assureurs du Canada (ULC) afin d\u2019\u00e9valuer les produits par rapport aux exigences du code SPE-3000, qui est le code type pour l\u2019\u00e9valuation sur place des \u00e9quipements et des syst\u00e8mes \u00e9lectriques m\u00e9dicaux.<\/p>\n<p>Communiquez avec nous pour discuter de votre projet et de la fa\u00e7on dont ULC peut vous aider \u00e0\u00a0satisfaire aux exigences requises par les autorit\u00e9s de l\u2019\u00e9lectricit\u00e9 \u00e0 travers le pays.<\/p>\n<p><a href=\"https:\/\/canada.ul.com\/fr\/contact-us\/\" target=\"_blank\" rel=\"noopener\"><img loading=\"lazy\" decoding=\"async\" class=\"alignnone wp-image-29498\" src=\"https:\/\/canada.ul.com\/wp-content\/uploads\/sites\/11\/2020\/03\/Get-started-today_FR.jpg\" alt=\"\" width=\"240\" height=\"46\" srcset=\"https:\/\/canada.ul.com\/wp-content\/uploads\/sites\/11\/2020\/03\/Get-started-today_FR.jpg 469w, https:\/\/canada.ul.com\/wp-content\/uploads\/sites\/11\/2020\/03\/Get-started-today_FR-300x57.jpg 300w, https:\/\/canada.ul.com\/wp-content\/uploads\/sites\/11\/2020\/03\/Get-started-today_FR-400x76.jpg 400w\" sizes=\"auto, (max-width: 240px) 100vw, 240px\" \/><\/a><\/p>\n<p>&nbsp;<\/p>\n","protected":false},"excerpt":{"rendered":"<p>Le programme d\u2019\u00e9valuation sur place propos\u00e9 par ULC vous offre la commodit\u00e9 d\u2019une \u00e9valuation de vos appareils et syst\u00e8mes \u00e9lectrom\u00e9dicaux avant ou apr\u00e8s installation, sur place ou \u00e0 l\u2019emplacement de votre choix. Bien que l\u2019\u00e9valuation [&hellip;]<\/p>\n","protected":false},"author":69,"featured_media":29956,"parent":901,"menu_order":0,"comment_status":"closed","ping_status":"closed","template":"page-ulcp.php","meta":{"_acf_changed":false,"inline_featured_image":false,"footnotes":""},"class_list":["post-30125","page","type-page","status-publish","has-post-thumbnail","hentry"],"acf":[],"_links":{"self":[{"href":"https:\/\/canada.ul.com\/fr\/wp-json\/wp\/v2\/pages\/30125","targetHints":{"allow":["GET"]}}],"collection":[{"href":"https:\/\/canada.ul.com\/fr\/wp-json\/wp\/v2\/pages"}],"about":[{"href":"https:\/\/canada.ul.com\/fr\/wp-json\/wp\/v2\/types\/page"}],"author":[{"embeddable":true,"href":"https:\/\/canada.ul.com\/fr\/wp-json\/wp\/v2\/users\/69"}],"replies":[{"embeddable":true,"href":"https:\/\/canada.ul.com\/fr\/wp-json\/wp\/v2\/comments?post=30125"}],"version-history":[{"count":0,"href":"https:\/\/canada.ul.com\/fr\/wp-json\/wp\/v2\/pages\/30125\/revisions"}],"up":[{"embeddable":true,"href":"https:\/\/canada.ul.com\/fr\/wp-json\/wp\/v2\/pages\/901"}],"wp:featuredmedia":[{"embeddable":true,"href":"https:\/\/canada.ul.com\/fr\/wp-json\/wp\/v2\/media\/29956"}],"wp:attachment":[{"href":"https:\/\/canada.ul.com\/fr\/wp-json\/wp\/v2\/media?parent=30125"}],"curies":[{"name":"wp","href":"https:\/\/api.w.org\/{rel}","templated":true}]}}