{"id":30047,"date":"2020-06-26T18:37:09","date_gmt":"2020-06-26T18:37:09","guid":{"rendered":"https:\/\/canada.ul.com\/?page_id=30047"},"modified":"2024-04-29T18:53:16","modified_gmt":"2024-04-29T18:53:16","slug":"ul-canada-un-lieu-de-travail-par-excellence","status":"publish","type":"page","link":"https:\/\/canada.ul.com\/fr\/ul-canada-un-lieu-de-travail-par-excellence\/","title":{"rendered":"UL Canada &#8211; Un lieu de travail par excellence"},"content":{"rendered":"<p>&nbsp;<\/p>\n<p><img loading=\"lazy\" decoding=\"async\" class=\"size-medium wp-image-33858 alignnone\" src=\"https:\/\/canada.ul.com\/wp-content\/uploads\/sites\/11\/2021\/03\/Best-Workplace-Women-FRE-261x300.png\" alt=\"\" width=\"261\" height=\"300\" srcset=\"https:\/\/canada.ul.com\/wp-content\/uploads\/sites\/11\/2021\/03\/Best-Workplace-Women-FRE-261x300.png 261w, https:\/\/canada.ul.com\/wp-content\/uploads\/sites\/11\/2021\/03\/Best-Workplace-Women-FRE-890x1024.png 890w, https:\/\/canada.ul.com\/wp-content\/uploads\/sites\/11\/2021\/03\/Best-Workplace-Women-FRE-768x883.png 768w, https:\/\/canada.ul.com\/wp-content\/uploads\/sites\/11\/2021\/03\/Best-Workplace-Women-FRE-1336x1536.png 1336w, https:\/\/canada.ul.com\/wp-content\/uploads\/sites\/11\/2021\/03\/Best-Workplace-Women-FRE-1781x2048.png 1781w, https:\/\/canada.ul.com\/wp-content\/uploads\/sites\/11\/2021\/03\/Best-Workplace-Women-FRE-226x260.png 226w, https:\/\/canada.ul.com\/wp-content\/uploads\/sites\/11\/2021\/03\/Best-Workplace-Women-FRE-174x200.png 174w\" sizes=\"auto, (max-width: 261px) 100vw, 261px\" \/><\/p>\n<p>Nous sommes fiers d&#8217;annoncer que nous avons \u00e9t\u00e9 nomm\u00e9s sur la liste 2021 des meilleurs lieux de travail \u2122 pour les femmes. Sur la base d&#8217;un retour d&#8217;information direct, 94% des employ\u00e9s conviennent que les gens sont trait\u00e9s \u00e9quitablement, quel que soit leur sexe.<\/p>\n<p>De plus, UL au Canada \u00e9tait auparavant certifi\u00e9e comme l\u2019un des meilleurs endroits o\u00f9 travailler au Canada.<\/p>\n<p>Selon Great Place to Work\u00ae, \u00abun excellent lieu de travail d\u00e9pend du niveau de confiance que les employ\u00e9s \u00e9prouvent envers leurs dirigeants, du niveau de fiert\u00e9 qu&#8217;ils ont dans leur travail et de la mesure dans laquelle ils appr\u00e9cient leurs coll\u00e8gues\u00bb.<\/p>\n<p>UL Canada est honor\u00e9 que notre personnel estime, \u00e0 travers ses r\u00e9ponses au sondage, que cette reconnaissance est m\u00e9rit\u00e9e. UL, en tant qu&#8217;organisation mondiale, favorise un lieu de travail qui encourage le personnel \u00e0 r\u00eaver grand, \u00e0 tester les limites de ce qu&#8217;il peut faire, \u00e0 apprendre des erreurs et \u00e0 s&#8217;am\u00e9liorer chaque jour. La croissance et le d\u00e9veloppement font partie de notre ADN.<\/p>\n<p>\u00abCette certification t\u00e9moigne de notre personnel au Canada. Notre organisation d\u00e9montre constamment son esprit d&#8217;entreprise et son d\u00e9sir d&#8217;aller au-del\u00e0 pour assurer le succ\u00e8s de cette \u00e9quipe et au cours des derniers mois, cela n&#8217;a jamais \u00e9t\u00e9 aussi \u00e9vident \u00bb, a d\u00e9clar\u00e9 Joe Hosey, vice-pr\u00e9sident et directeur g\u00e9n\u00e9ral, UL Canada. \u00abLa diversit\u00e9 de notre \u00e9quipe d\u00e9finit notre culture &#8211; quelque chose que nous utilisons dans chaque interaction les uns avec les autres et lors de la prestation d&#8217;un service exceptionnel \u00e0 nos clients. Nous avons doubl\u00e9 notre croissance au cours des cinq derni\u00e8res ann\u00e9es et je ne doute pas qu&#8217;en raison de notre personnel, nous continuerons \u00e0 voir les m\u00eames r\u00e9sultats au cours des cinq prochaines ann\u00e9es. \u00bb<\/p>\n<p>UL est un endroit qui offre de grandes possibilit\u00e9s de croissance. Nous encourageons \u00e0 repousser les limites, \u00e0 la curiosit\u00e9 active et \u00e0 poser les questions difficiles &#8211; \u00e0 la fois dans votre vie de tous les jours et au fur et \u00e0 mesure que vous \u00e9voluez avec nous. Nous savons que nous obtiendrons d&#8217;excellents r\u00e9sultats de cette fa\u00e7on, et vous serez aussi plus heureux, ce qui est gagnant-gagnant dans notre livre.<\/p>\n<p>Si vous \u00eates int\u00e9ress\u00e9 \u00e0 rejoindre UL Canada, <a href=\"https:\/\/www.ul.com\/about\/careers\">veuillez visiter notre page Carri\u00e8res<\/a>. Veuillez noter que cette page est sur notre site Web mondial et est en anglais uniquement.<\/p>\n","protected":false},"excerpt":{"rendered":"<p>&nbsp; Nous sommes fiers d&#8217;annoncer que nous avons \u00e9t\u00e9 nomm\u00e9s sur la liste 2021 des meilleurs lieux de travail \u2122 pour les femmes. Sur la base d&#8217;un retour d&#8217;information direct, 94% des employ\u00e9s conviennent que [&hellip;]<\/p>\n","protected":false},"author":6,"featured_media":0,"parent":0,"menu_order":0,"comment_status":"closed","ping_status":"closed","template":"","meta":{"_acf_changed":false,"inline_featured_image":false,"footnotes":""},"class_list":["post-30047","page","type-page","status-publish","hentry"],"acf":[],"_links":{"self":[{"href":"https:\/\/canada.ul.com\/fr\/wp-json\/wp\/v2\/pages\/30047","targetHints":{"allow":["GET"]}}],"collection":[{"href":"https:\/\/canada.ul.com\/fr\/wp-json\/wp\/v2\/pages"}],"about":[{"href":"https:\/\/canada.ul.com\/fr\/wp-json\/wp\/v2\/types\/page"}],"author":[{"embeddable":true,"href":"https:\/\/canada.ul.com\/fr\/wp-json\/wp\/v2\/users\/6"}],"replies":[{"embeddable":true,"href":"https:\/\/canada.ul.com\/fr\/wp-json\/wp\/v2\/comments?post=30047"}],"version-history":[{"count":1,"href":"https:\/\/canada.ul.com\/fr\/wp-json\/wp\/v2\/pages\/30047\/revisions"}],"predecessor-version":[{"id":36004,"href":"https:\/\/canada.ul.com\/fr\/wp-json\/wp\/v2\/pages\/30047\/revisions\/36004"}],"wp:attachment":[{"href":"https:\/\/canada.ul.com\/fr\/wp-json\/wp\/v2\/media?parent=30047"}],"curies":[{"name":"wp","href":"https:\/\/api.w.org\/{rel}","templated":true}]}}