{"id":29834,"date":"2020-06-03T13:47:50","date_gmt":"2020-06-03T13:47:50","guid":{"rendered":"https:\/\/canada.ul.com\/?page_id=29834"},"modified":"2020-07-17T13:47:16","modified_gmt":"2020-07-17T13:47:16","slug":"glass","status":"publish","type":"page","link":"https:\/\/canada.ul.com\/fr\/glass\/","title":{"rendered":"Une offre sp\u00e9ciale pour les auditeurs de podcasts de Glass Canada"},"content":{"rendered":"<h3>\u00c0 titre de promotion sp\u00e9ciale, UL offre aux auditeurs de Glass Canada un temps limit\u00e9 pour recevoir une consultation sur le projet. Pour profiter de cette offre, veuillez envoyer un courriel \u00e0 <span style=\"color: #3366ff\"><a style=\"color: #3366ff\" href=\"mailto:Haya.Soghrati@ul.com\">Haya.Soghrati@ul.com<\/a><\/span> et indiquer \u00abGlass Canada\u00bb.<\/h3>\n<h3><strong>Survol<\/strong><\/h3>\n<p>Les produits de fenestration, incluant les fen\u00eatres, les portes, les murs rideaux et les lanterneaux, sont con\u00e7us pour r\u00e9sister aux impacts du feu, du vent, de la pluie, de la gr\u00eale, des temp\u00e9ratures extr\u00eames et bien plus encore.\u00a0 Nous comprenons ces d\u00e9fis.<\/p>\n<p>Nous offrons des services de formation en mati\u00e8re de r\u00e9glementation, services d\u2019assistance ainsi que des essais, de v\u00e9rification, d\u2019inspection et de certification pour les produits de fenestration pour vous aider \u00e0 commercialiser vos produits rapidement.<\/p>\n<p>Nous aidons \u00e9galement les propri\u00e9taires d\u2019immeubles \u00e0 participer \u00e0 l\u2019\u00e9valuation technique, la mise en service et l\u2019analyse afin de s\u2019assurer que le rendement du b\u00e2timent r\u00e9pond aux exigences requises.<\/p>\n<h3><strong>Avantages<\/strong><\/h3>\n<p>Pour les fen\u00eatres, les portes, les murs-rideaux et les lanterneaux commerciaux et r\u00e9sidentiels, nos services offrent la conformit\u00e9 de performance, la fiabilit\u00e9, la durabilit\u00e9, la viabilit\u00e9 et la s\u00e9curit\u00e9 des produits.<\/p>\n<p>Nos services d\u2019essais couvrent toute la gamme d\u2019essais de performance requise, notamment\u00a0:<\/p>\n<ul>\n<li>Essais de performance \u00e0 l\u2019air, \u00e0 l\u2019eau et structural selon les exigences de la norme NAFS.<\/li>\n<li>Essai sur mat\u00e9riaux et syst\u00e8me pare-air (CAN\/ULC S741\/S742)<\/li>\n<li>Essai de r\u00e9sistance aux impacts et aux temp\u00eates (ouragan et tornade) (ASTM et TSA)<\/li>\n<li>Essai thermique (ASTM E1363)<\/li>\n<li>Essai acoustique<\/li>\n<\/ul>\n<p>Nous sommes enti\u00e8rement accr\u00e9dit\u00e9s pour vous aider \u00e0 obtenir des services de certification, incluant\u00a0: American Architectural Manufacturers Association (AAMA), Window and Door Manufacturers Association (WDMA), Keystone, NAMI, Association canadienne de normalisation (CSA), Miami-Dade, Florida Validation Services, Texas Department of Insurance (TDI) et National Fenestration Rating Council (NFRC).<\/p>\n<p>Nos services de certification environnementale vous apportent les preuves de durabilit\u00e9 n\u00e9cessaires \u00e0 la diff\u00e9renciation des produits et \u00e0 leur acceptation sur le march\u00e9\u00a0:<\/p>\n<ul>\n<li>Certification UL GREENGUARD\u00ae<\/li>\n<li>D\u00e9claration environnementale de produit (DEP)<\/li>\n<li>D\u00e9claration des r\u00e9clamations environnementales (Environmental Claim Validations (ECV))<\/li>\n<li>\u00c9valuation technique et services d\u2019assistance<\/li>\n<\/ul>\n<p>Nos services d\u2019essais sur prototype de pr\u00e9-construction permettent aux propri\u00e9taires de b\u00e2timents, aux architectes, aux consultants et aux entrepreneurs d\u2019avoir l\u2019assurance que la conception du b\u00e2timent sera concevable et qu\u2019elle r\u00e9pondra aux attentes. Les essais comprennent\u00a0:<\/p>\n<ul>\n<li>Air, eau, structural (ASTM)<\/li>\n<li>Thermique (AAMA et CSA)<\/li>\n<li>Sismique (AAMA)<\/li>\n<li>Et plus encore<\/li>\n<\/ul>\n<p>Nos services d\u2019inspection en chantier permettent aux propri\u00e9taires de b\u00e2timents et aux entrepreneurs d\u2019avoir l\u2019assurance que les produits de fenestration ont \u00e9t\u00e9 install\u00e9s correctement et que les b\u00e2timents seront conformes aux exigences:<\/p>\n<ul>\n<li>Essai d\u2019infiltrom\u00e9trie (ASTM E1827\/E779)<\/li>\n<li>Essai en chantier (ASTM\u00a0E783\/E1105)<\/li>\n<li>Services d\u2019inspection de b\u00e2timent (incendie, s\u00e9curit\u00e9 des personnes, s\u00e9curit\u00e9)<\/li>\n<\/ul>\n<h3><strong>Pourquoi UL<\/strong><\/h3>\n<p>Nos services d\u2019essais couvrent un large \u00e9ventail de normes \u00e9valuant la performance des produits en fonctions de toutes les exigences n\u00e9cessaires afin de donner confiance \u00e0 la performance des produits.\u00a0\u00a0Nos services de validation de la durabilit\u00e9 environnementale permettent aux architectes et aux concepteurs de v\u00e9rifier que les produits de toiture r\u00e9pondent \u00e0 leurs exigences environnementales.<\/p>\n<p><a href=\"https:\/\/www.ul.com\/contact-us\/731\"><img loading=\"lazy\" decoding=\"async\" class=\"alignleft wp-image-29492 size-medium\" src=\"https:\/\/canada.ul.com\/wp-content\/uploads\/sites\/11\/2019\/10\/Contact-us_FR-300x57.jpg\" alt=\"\" width=\"300\" height=\"57\" srcset=\"https:\/\/canada.ul.com\/wp-content\/uploads\/sites\/11\/2019\/10\/Contact-us_FR-300x57.jpg 300w, https:\/\/canada.ul.com\/wp-content\/uploads\/sites\/11\/2019\/10\/Contact-us_FR-400x76.jpg 400w, https:\/\/canada.ul.com\/wp-content\/uploads\/sites\/11\/2019\/10\/Contact-us_FR.jpg 469w\" sizes=\"auto, (max-width: 300px) 100vw, 300px\" \/><\/a><\/p>\n","protected":false},"excerpt":{"rendered":"<p>\u00c0 titre de promotion sp\u00e9ciale, UL offre aux auditeurs de Glass Canada un temps limit\u00e9 pour recevoir une consultation sur le projet. Pour profiter de cette offre, veuillez envoyer un courriel \u00e0 Haya.Soghrati@ul.com et indiquer [&hellip;]<\/p>\n","protected":false},"author":294,"featured_media":27680,"parent":0,"menu_order":0,"comment_status":"closed","ping_status":"closed","template":"","meta":{"_acf_changed":false,"inline_featured_image":false,"footnotes":""},"class_list":["post-29834","page","type-page","status-publish","has-post-thumbnail","hentry"],"acf":[],"_links":{"self":[{"href":"https:\/\/canada.ul.com\/fr\/wp-json\/wp\/v2\/pages\/29834","targetHints":{"allow":["GET"]}}],"collection":[{"href":"https:\/\/canada.ul.com\/fr\/wp-json\/wp\/v2\/pages"}],"about":[{"href":"https:\/\/canada.ul.com\/fr\/wp-json\/wp\/v2\/types\/page"}],"author":[{"embeddable":true,"href":"https:\/\/canada.ul.com\/fr\/wp-json\/wp\/v2\/users\/294"}],"replies":[{"embeddable":true,"href":"https:\/\/canada.ul.com\/fr\/wp-json\/wp\/v2\/comments?post=29834"}],"version-history":[{"count":0,"href":"https:\/\/canada.ul.com\/fr\/wp-json\/wp\/v2\/pages\/29834\/revisions"}],"wp:featuredmedia":[{"embeddable":true,"href":"https:\/\/canada.ul.com\/fr\/wp-json\/wp\/v2\/media\/27680"}],"wp:attachment":[{"href":"https:\/\/canada.ul.com\/fr\/wp-json\/wp\/v2\/media?parent=29834"}],"curies":[{"name":"wp","href":"https:\/\/api.w.org\/{rel}","templated":true}]}}