{"id":29795,"date":"2020-05-26T05:15:12","date_gmt":"2020-05-26T05:15:12","guid":{"rendered":"https:\/\/canada.ul.com\/?page_id=29795"},"modified":"2024-10-01T16:33:38","modified_gmt":"2024-10-01T16:33:38","slug":"evaluations-sur-place-des-produits-electriques","status":"publish","type":"page","link":"https:\/\/canada.ul.com\/fr\/programmesulc\/fieldevaluation\/evaluations-sur-place-des-produits-electriques\/","title":{"rendered":"\u00c9valuations sur place des produits \u00e9lectriques"},"content":{"rendered":"<h6><span style=\"color: #800000;\">Le programme d\u2019\u00e9valuation sur place propos\u00e9 par ULC vous offre la commodit\u00e9 d\u2019une \u00e9valuation de votre \u00e9quipement \u00e9lectrique avant ou apr\u00e8s installation, sur place ou \u00e0 l\u2019emplacement de votre choix.<\/span><\/h6>\n<p>Pour programmer une inspection sp\u00e9ciale, un service d\u2019\u00e9valuation in-situ, veuillez cliquer sur \u00ab Commencez d\u00e8s aujourd\u2019hui \u00bb pour fournir vos coordonn\u00e9es ou contactez-nous au <a href=\"tel:+18554317884\">1-855-431-7884<\/a>.<\/p>\n<p><a href=\"https:\/\/canada.ul.com\/fr\/contact-us\/\" target=\"_blank\" rel=\"noopener noreferrer\"><img loading=\"lazy\" decoding=\"async\" class=\"alignnone wp-image-29497\" src=\"https:\/\/canada.ul.com\/wp-content\/uploads\/sites\/11\/2020\/03\/Get-started-today_FR.jpg\" alt=\"\" width=\"240\" height=\"46\" srcset=\"https:\/\/canada.ul.com\/wp-content\/uploads\/sites\/11\/2020\/03\/Get-started-today_FR.jpg 469w, https:\/\/canada.ul.com\/wp-content\/uploads\/sites\/11\/2020\/03\/Get-started-today_FR-300x57.jpg 300w, https:\/\/canada.ul.com\/wp-content\/uploads\/sites\/11\/2020\/03\/Get-started-today_FR-400x76.jpg 400w\" sizes=\"auto, (max-width: 240px) 100vw, 240px\" \/><\/a><\/p>\n<p><img loading=\"lazy\" decoding=\"async\" class=\"alignnone wp-image-308\" src=\"https:\/\/canada.ul.com\/wp-content\/uploads\/sites\/11\/2016\/09\/knowledgesolutions.jpg\" alt=\"\" width=\"789\" height=\"253\" srcset=\"https:\/\/canada.ul.com\/wp-content\/uploads\/sites\/11\/2016\/09\/knowledgesolutions.jpg 1280w, https:\/\/canada.ul.com\/wp-content\/uploads\/sites\/11\/2016\/09\/knowledgesolutions-300x96.jpg 300w, https:\/\/canada.ul.com\/wp-content\/uploads\/sites\/11\/2016\/09\/knowledgesolutions-768x246.jpg 768w, https:\/\/canada.ul.com\/wp-content\/uploads\/sites\/11\/2016\/09\/knowledgesolutions-1024x328.jpg 1024w, https:\/\/canada.ul.com\/wp-content\/uploads\/sites\/11\/2016\/09\/knowledgesolutions-400x128.jpg 400w\" sizes=\"auto, (max-width: 789px) 100vw, 789px\" \/><\/p>\n<p>Bien que l\u2019\u00e9valuation sur place ne vise pas \u00e0 remplacer la certification normale, ULC a con\u00e7u ce programme tout sp\u00e9cialement pour les fabricants, les importateurs et m\u00eame les utilisateurs finaux d\u2019\u00e9quipements \u00e9lectriques uniques et de produits et \u00e9quipements \u00e9lectriques fabriqu\u00e9s en quantit\u00e9s limit\u00e9es.<\/p>\n<p>L\u2019\u00e9valuation sur place propos\u00e9e par ULC fournit une \u00e9valuation unique de l\u2019\u00e9quipement \u00e9lectrique; de plus, si l\u2019\u00e9quipement r\u00e9pond aux exigences du code type\u00a0SPE-1000, l\u2019\u00e9tiquette d\u2019\u00e9valuation \u00e9lectrique effectu\u00e9e sur place par ULC et portant un num\u00e9ro de s\u00e9rie y est imm\u00e9diatement appos\u00e9e. Vous recevrez \u00e9galement en m\u00eame temps sur place le rapport final pour satisfaire les autorit\u00e9s de l\u2019\u00e9lectricit\u00e9! L\u2019\u00e9tiquette d\u2019\u00e9valuation \u00e9lectrique effectu\u00e9e sur place par ULC et le rapport final constituent la preuve de conformit\u00e9 que les autorit\u00e9s de l\u2019\u00e9lectricit\u00e9 locales exigent de vous avant que l\u2019\u00e9quipement ne puisse \u00eatre utilis\u00e9. Mais surtout, ULC est accr\u00e9dit\u00e9 par le Conseil canadien des normes et l\u2019\u00e9tiquette d\u2019\u00e9valuation \u00e9lectrique effectu\u00e9e sur place par ULC est reconnue et accept\u00e9e par les autorit\u00e9s canadiennes de l\u2019\u00e9lectricit\u00e9 \u00e0 travers le pays. Vous pouvez \u00eatre s\u00fbrs que lorsque vous travaillez avec ULC, vous collaborez avec un organisme qui \u0153uvre \u00e0 la s\u00e9curit\u00e9 \u00e9lectrique au Canada depuis 100\u00a0ans!<\/p>\n<p><img loading=\"lazy\" decoding=\"async\" class=\"alignnone wp-image-25748\" src=\"https:\/\/canada.ul.com\/wp-content\/uploads\/sites\/11\/2017\/11\/ACME_XXXXX-ULCSPE1000_Fiel4E66B2D.jpg\" alt=\"\" width=\"499\" height=\"250\" srcset=\"https:\/\/canada.ul.com\/wp-content\/uploads\/sites\/11\/2017\/11\/ACME_XXXXX-ULCSPE1000_Fiel4E66B2D.jpg 564w, https:\/\/canada.ul.com\/wp-content\/uploads\/sites\/11\/2017\/11\/ACME_XXXXX-ULCSPE1000_Fiel4E66B2D-300x151.jpg 300w, https:\/\/canada.ul.com\/wp-content\/uploads\/sites\/11\/2017\/11\/ACME_XXXXX-ULCSPE1000_Fiel4E66B2D-400x201.jpg 400w\" sizes=\"auto, (max-width: 499px) 100vw, 499px\" \/><\/p>\n<h6><span style=\"color: #800000;\">\u00c0 quel moment envisager une \u00e9valuation sur place \u00e0 effectuer par ULC au Canada?<\/span><\/h6>\n<ul>\n<li>Vous avez exp\u00e9di\u00e9 ou install\u00e9 l\u2019\u00e9quipement \u00e0 la destination finale.<\/li>\n<li>Vous produisez un faible volume, des quantit\u00e9s limit\u00e9es ou des lots d\u2019\u00e9quipement en quantit\u00e9s maximales annuelles de 500\u00a0unit\u00e9s par mod\u00e8le.<\/li>\n<li>L\u2019\u00e9quipement est con\u00e7u sur mesure.<\/li>\n<li>Vous \u00eates en train d\u2019\u00e9laborer un nouveau produit et souhaitez savoir s\u2019il r\u00e9pond aux exigences applicables en mati\u00e8re de s\u00e9curit\u00e9 \u00e9lectrique.<\/li>\n<li>Il se peut que vous ayez besoin d\u2019une certification compl\u00e8te pour un nouveau produit en cours de conception, mais vous voulez d\u2019abord le mettre \u00e0 l\u2019essai sur le march\u00e9.<\/li>\n<li>Vous voulez demander une certification compl\u00e8te, mais vous souhaitez d\u2019abord vous assurer que vos prototypes et \u00e9chantillons pour essai sont conformes aux exigences essentielles du code\u00a0SPE-1000.<\/li>\n<li>Vous avez modifi\u00e9 un \u00e9quipement d\u00e9j\u00e0 existant.<\/li>\n<li>Il n\u2019existe pas de norme de certification \u00e9lectrique applicable \u00e0 votre produit.<\/li>\n<li>Le temps de mise sur le march\u00e9 est un facteur critique et la certification compl\u00e8te n\u2019est pas une solution pratique.<\/li>\n<\/ul>\n<h6><span style=\"color: #800000;\">Types d\u2019\u00e9quipements \u00e9lectriques admissibles<\/span><\/h6>\n<p>La majorit\u00e9 des \u00e9quipements \u00e9lectriques admissibles pour une \u00e9valuation sur place comprennent\u00a0:<\/p>\n<ul>\n<li>Les panneaux de commande industriels (ICP)<\/li>\n<li>L\u2019\u00e9quipement de fabrication, d\u2019assemblage et d\u2019emballage automatis\u00e9<\/li>\n<li>L\u2019\u00e9quipement de stockage d&#8217;\u00e9nergie<\/li>\n<li>Les luminaires, les panneaux et les vitrines<\/li>\n<li>Les tableaux de distribution, les panneaux et les centres de commande des moteurs<\/li>\n<li>Les v\u00e9hicules \u00e0 guidage automatique (VGA), les dispositifs d\u2019assistance intelligents (IAD), les robots et l\u2019\u00e9quipement robotique<\/li>\n<li>L\u2019\u00e9quipement de chauffage et de refroidissement<\/li>\n<li>L\u2019\u00e9quipement de service de restauration et de cuisine commerciale<\/li>\n<li>L\u2019\u00e9quipement de production d\u00e9centralis\u00e9e<\/li>\n<li>L\u2019\u00e9quipement de technologie de l\u2019information<\/li>\n<li>L\u2019\u00e9quipement de laboratoire<\/li>\n<\/ul>\n<p>Et bien plus encore!<\/p>\n<h6><span style=\"color: #800000;\">Le code type\u00a0SPE-1000 \u2013 Ce que vous devez savoir<\/span><\/h6>\n<p>Le code type\u00a0SPE-1000 sp\u00e9cifie les exigences minimales en mati\u00e8re de construction, d\u2019essais et de marquage pour assurer la s\u00e9curit\u00e9 des \u00e9quipements \u00e9lectriques, tout en tenant compte des risques potentiels pour le public et les biens. L\u2019\u00e9valuation sur place comprend une \u00e9valuation de la conformit\u00e9 aux exigences obligatoires en mati\u00e8re de construction et de marquage, ainsi qu\u2019une \u00e9valuation du rendement lors des essais non destructifs applicables, comme sp\u00e9cifi\u00e9s dans le code\u00a0SPE-1000. Les essais requis varient en fonction du type d\u2019\u00e9quipement et de l\u2019emplacement de l\u2019installation.<\/p>\n<h6><span style=\"color: #800000;\">Processus d\u2019acceptation par les autorit\u00e9s comp\u00e9tentes<\/span><\/h6>\n<p>L\u2019\u00e9quipement \u00e9lectrique destin\u00e9 \u00e0 une utilisation au Canada doit \u00eatre approuv\u00e9 et doit r\u00e9pondre aux exigences de s\u00e9curit\u00e9 du Code canadien de l\u2019\u00e9lectricit\u00e9. Votre \u00e9quipement \u00e9lectrique n\u2019a pas n\u00e9cessairement besoin de passer par le processus complet de certification des produits, qui peut comprendre des essais destructifs. Par contre, vous pouvez choisir de faire \u00e9valuer et approuver votre \u00e9quipement en faisant appel au programme d\u2019\u00e9valuation sur place des Laboratoires des assureurs du Canada (ULC) afin d\u2019\u00e9valuer l\u2019\u00e9quipement par rapport aux exigences du code\u00a0SPE-1000, qui est le code type pour l\u2019\u00e9valuation sur place des \u00e9quipements \u00e9lectriques.<\/p>\n<h6><span style=\"color: #800000;\">Pourquoi l\u2019\u00e9valuation sur place propos\u00e9e par ULC est-elle la meilleure option au Canada<\/span><\/h6>\n<ul>\n<li>Service et d\u00e9lai d\u2019ex\u00e9cution rapides \u2013 l\u2019\u00e9quipe d\u2019ULC peut \u00eatre sur place dans les 24\u00a0heures. Nous collaborons \u00e9troitement avec vous et les autorit\u00e9s locales (autorit\u00e9s comp\u00e9tentes) pour respecter vos d\u00e9lais serr\u00e9s.<\/li>\n<li>Expertise technique \u2013 l\u2019\u00e9quipe d\u2019ULC poss\u00e8de une vaste exp\u00e9rience et il y a tr\u00e8s peu d\u2019\u00e9quipements que nous n\u2019avons pas vus. Nous connaissons parfaitement le code\u00a0SPE-1000 et les exigences connexes!<\/li>\n<li>Soutien technique \u2013 l\u2019\u00e9quipe d\u2019ULC apportera son soutien technique tout au long du processus afin de veiller \u00e0 ce que votre \u00e9quipement r\u00e9ponde aux exigences.<\/li>\n<li>Renforcer la confiance dans la s\u00e9curit\u00e9 \u2013 la marque de s\u00e9curit\u00e9 la plus accept\u00e9e en Am\u00e9rique du Nord sera appos\u00e9e sur votre produit.<\/li>\n<li>Les autorit\u00e9s \u00e9lectriques canadiennes connaissent et acceptent l\u2019\u00e9tiquette d\u2019\u00e9valuation \u00e9lectrique effectu\u00e9e sur place d\u2019ULC et elles lui font confiance.<\/li>\n<li>Nous \u0153uvrons au Canada depuis 100\u00a0ans et travaillons \u00e0 l\u2019av\u00e8nement d\u2019un monde plus s\u00fbr!<\/li>\n<\/ul>\n<p>Communiquez avec nous pour discuter de votre projet et de la fa\u00e7on dont ULC peut vous aider \u00e0 satisfaire aux exigences requises par les autorit\u00e9s de l\u2019\u00e9lectricit\u00e9 \u00e0 travers le pays. Pour programmer une inspection sp\u00e9ciale, un service d\u2019\u00e9valuation in-situ, veuillez cliquer sur \u00ab Commencez d\u00e8s aujourd\u2019hui \u00bb pour fournir vos coordonn\u00e9es ou contactez-nous au <a href=\"tel:+18554317884\">1-855-431-7884<\/a>.<\/p>\n<p><a href=\"https:\/\/canada.ul.com\/fr\/contact-us\/\" target=\"_blank\" rel=\"noopener noreferrer\"><img loading=\"lazy\" decoding=\"async\" class=\"alignnone wp-image-29497\" src=\"https:\/\/canada.ul.com\/wp-content\/uploads\/sites\/11\/2020\/03\/Get-started-today_FR.jpg\" alt=\"\" width=\"240\" height=\"46\" srcset=\"https:\/\/canada.ul.com\/wp-content\/uploads\/sites\/11\/2020\/03\/Get-started-today_FR.jpg 469w, https:\/\/canada.ul.com\/wp-content\/uploads\/sites\/11\/2020\/03\/Get-started-today_FR-300x57.jpg 300w, https:\/\/canada.ul.com\/wp-content\/uploads\/sites\/11\/2020\/03\/Get-started-today_FR-400x76.jpg 400w\" sizes=\"auto, (max-width: 240px) 100vw, 240px\" \/><\/a><\/p>\n","protected":false},"excerpt":{"rendered":"<p>Le programme d\u2019\u00e9valuation sur place propos\u00e9 par ULC vous offre la commodit\u00e9 d\u2019une \u00e9valuation de votre \u00e9quipement \u00e9lectrique avant ou apr\u00e8s installation, sur place ou \u00e0 l\u2019emplacement de votre choix. Pour programmer une inspection sp\u00e9ciale, [&hellip;]<\/p>\n","protected":false},"author":69,"featured_media":658,"parent":901,"menu_order":0,"comment_status":"closed","ping_status":"closed","template":"page-ulcp.php","meta":{"_acf_changed":false,"inline_featured_image":false,"footnotes":""},"class_list":["post-29795","page","type-page","status-publish","has-post-thumbnail","hentry"],"acf":[],"_links":{"self":[{"href":"https:\/\/canada.ul.com\/fr\/wp-json\/wp\/v2\/pages\/29795","targetHints":{"allow":["GET"]}}],"collection":[{"href":"https:\/\/canada.ul.com\/fr\/wp-json\/wp\/v2\/pages"}],"about":[{"href":"https:\/\/canada.ul.com\/fr\/wp-json\/wp\/v2\/types\/page"}],"author":[{"embeddable":true,"href":"https:\/\/canada.ul.com\/fr\/wp-json\/wp\/v2\/users\/69"}],"replies":[{"embeddable":true,"href":"https:\/\/canada.ul.com\/fr\/wp-json\/wp\/v2\/comments?post=29795"}],"version-history":[{"count":2,"href":"https:\/\/canada.ul.com\/fr\/wp-json\/wp\/v2\/pages\/29795\/revisions"}],"predecessor-version":[{"id":36376,"href":"https:\/\/canada.ul.com\/fr\/wp-json\/wp\/v2\/pages\/29795\/revisions\/36376"}],"up":[{"embeddable":true,"href":"https:\/\/canada.ul.com\/fr\/wp-json\/wp\/v2\/pages\/901"}],"wp:featuredmedia":[{"embeddable":true,"href":"https:\/\/canada.ul.com\/fr\/wp-json\/wp\/v2\/media\/658"}],"wp:attachment":[{"href":"https:\/\/canada.ul.com\/fr\/wp-json\/wp\/v2\/media?parent=29795"}],"curies":[{"name":"wp","href":"https:\/\/api.w.org\/{rel}","templated":true}]}}