{"id":29788,"date":"2020-05-26T05:02:59","date_gmt":"2020-05-26T05:02:59","guid":{"rendered":"https:\/\/canada.ul.com\/?page_id=29788"},"modified":"2020-07-07T16:35:41","modified_gmt":"2020-07-07T16:35:41","slug":"evaluations-sur-place-pour-les-equipements-au-gaz","status":"publish","type":"page","link":"https:\/\/canada.ul.com\/fr\/programmesulc\/fieldevaluation\/evaluations-sur-place-pour-les-equipements-au-gaz\/","title":{"rendered":"\u00c9valuations sur place pour les \u00e9quipements au gaz"},"content":{"rendered":"<h6><span style=\"color: #800000\">Le programme d\u2019\u00e9valuation sur place propos\u00e9 par ULC vous offre la commodit\u00e9 de faire \u00e9valuer votre \u00e9quipement au gaz sur le site d\u2019installation. Vous pouvez faire pr\u00e9-\u00e9valuer votre \u00e9quipement \u00e0 l\u2019emplacement de votre choix, et l\u2019inspection finale peut ensuite avoir lieu sur le site d\u2019installation.<\/span><\/h6>\n<p><a href=\"https:\/\/canada.ul.com\/fr\/contact-us\/\" target=\"_blank\" rel=\"noopener\"><img loading=\"lazy\" decoding=\"async\" class=\"alignnone wp-image-29497\" src=\"https:\/\/canada.ul.com\/wp-content\/uploads\/sites\/11\/2020\/03\/Get-started-today_FR.jpg\" alt=\"\" width=\"240\" height=\"46\" srcset=\"https:\/\/canada.ul.com\/wp-content\/uploads\/sites\/11\/2020\/03\/Get-started-today_FR.jpg 469w, https:\/\/canada.ul.com\/wp-content\/uploads\/sites\/11\/2020\/03\/Get-started-today_FR-300x57.jpg 300w, https:\/\/canada.ul.com\/wp-content\/uploads\/sites\/11\/2020\/03\/Get-started-today_FR-400x76.jpg 400w\" sizes=\"auto, (max-width: 240px) 100vw, 240px\" \/><\/a><\/p>\n<p><img loading=\"lazy\" decoding=\"async\" class=\" wp-image-28608\" src=\"https:\/\/canada.ul.com\/wp-content\/uploads\/sites\/11\/2019\/08\/iStock-1097561140-1024x328.jpg\" alt=\"\" width=\"769\" height=\"246\" srcset=\"https:\/\/canada.ul.com\/wp-content\/uploads\/sites\/11\/2019\/08\/iStock-1097561140-1024x328.jpg 650w, https:\/\/canada.ul.com\/wp-content\/uploads\/sites\/11\/2019\/08\/iStock-1097561140-1024x328-300x96.jpg 300w, https:\/\/canada.ul.com\/wp-content\/uploads\/sites\/11\/2019\/08\/iStock-1097561140-1024x328-400x128.jpg 400w\" sizes=\"auto, (max-width: 769px) 100vw, 769px\" \/><\/p>\n<p>Bien que l\u2019\u00e9valuation sur place ne vise pas \u00e0 remplacer la certification normale, ULC a con\u00e7u ce programme sp\u00e9cialement pour les \u00e9quipements au gaz uniques et pour les \u00e9quipements au gaz qui sont produits en quantit\u00e9s limit\u00e9es et qui ne sont pas couverts par le champ d\u2019application d\u2019une norme de certification compl\u00e8te. L\u2019\u00e9valuation sur place propos\u00e9e par ULC fournit une \u00e9valuation unique de l\u2019\u00e9quipement au gaz sp\u00e9cifique; de plus, si l\u2019\u00e9quipement r\u00e9pond aux exigences du Code d\u2019approbation sur place des composants relatifs au combustible des appareils et appareillages B149.3, l\u2019\u00e9tiquette d\u2019\u00e9valuation d\u2019\u00e9quipement au gaz effectu\u00e9e sur le terrain par ULC et portant un num\u00e9ro de s\u00e9rie sera appliqu\u00e9e imm\u00e9diatement sur l\u2019\u00e9quipement. Vous recevrez \u00e9galement le rapport final pour satisfaire les autorit\u00e9s locales!<\/p>\n<p><img loading=\"lazy\" decoding=\"async\" class=\"alignnone wp-image-25753\" src=\"https:\/\/canada.ul.com\/wp-content\/uploads\/sites\/11\/2017\/11\/Underwriters_Field-5683212-002.jpg\" alt=\"\" width=\"485\" height=\"244\" srcset=\"https:\/\/canada.ul.com\/wp-content\/uploads\/sites\/11\/2017\/11\/Underwriters_Field-5683212-002.jpg 602w, https:\/\/canada.ul.com\/wp-content\/uploads\/sites\/11\/2017\/11\/Underwriters_Field-5683212-002-300x151.jpg 300w, https:\/\/canada.ul.com\/wp-content\/uploads\/sites\/11\/2017\/11\/Underwriters_Field-5683212-002-400x201.jpg 400w\" sizes=\"auto, (max-width: 485px) 100vw, 485px\" \/><\/p>\n<p>L\u2019\u00e9tiquette d\u2019\u00e9valuation d\u2019\u00e9quipement au gaz effectu\u00e9e sur place par ULC et le rapport final constituent la preuve de conformit\u00e9 que les autorit\u00e9s locales exigent de vous avant que l\u2019\u00e9quipement ne puisse \u00eatre utilis\u00e9. Mais surtout, ULC est accr\u00e9dit\u00e9 par le Conseil canadien des normes et l\u2019\u00e9tiquette d\u2019\u00e9valuation effectu\u00e9e sur place par ULC est reconnue et accept\u00e9e par de nombreuses autorit\u00e9s canadiennes de gaz. Lorsque vous travaillez avec ULC, vous collaborez avec un organisme qui \u0153uvre \u00e0 la s\u00e9curit\u00e9 du public au Canada depuis 100\u00a0ans!<\/p>\n<h6><span style=\"color: #800000\">Le code d\u2019approbation sur place des composants relatifs au combustible des appareils et appareillages B149.3 \u2013 Ce que vous devez savoir<\/span><\/h6>\n<p>Le code d\u2019approbation sur place des composants relatifs au combustible des appareils et appareillages B149.3 sp\u00e9cifie les exigences minimales en mati\u00e8re de construction, d\u2019essais et de marquage pour assurer la s\u00e9curit\u00e9 des \u00e9quipements au gaz, tout en tenant compte des risques potentiels pour le public et les biens. L\u2019\u00e9valuation sur place comprend une \u00e9valuation de la conformit\u00e9 aux exigences obligatoires en mati\u00e8re de construction et de marquage, ainsi qu\u2019une \u00e9valuation du rendement lors des essais non destructifs applicables. Les essais requis varient en fonction du type d\u2019\u00e9quipement et de l\u2019emplacement de l\u2019installation. L\u2019inspection finale doit \u00eatre effectu\u00e9e sur le site d\u2019installation et nous pouvons \u00e9valuer l\u2019\u00e9quipement avant l\u2019installation.<\/p>\n<h6><span style=\"color: #800000\">\u00c0 quel moment envisager une \u00e9valuation sur place \u00e0 effectuer par ULC au Canada?<\/span><\/h6>\n<ul>\n<li>L\u2019\u00e9quipement est con\u00e7u sur mesure.<\/li>\n<li>Vous d\u00e9veloppez un nouveau produit pour lequel il n\u2019existe aucune norme de s\u00e9curit\u00e9 d\u00e9di\u00e9e et vous souhaitez \u00e9valuer si votre produit r\u00e9pond aux exigences de s\u00e9curit\u00e9 applicables.<\/li>\n<li>Vous avez modifi\u00e9 un \u00e9quipement d\u00e9j\u00e0 existant.<\/li>\n<li>Il n\u2019existe pas de norme de certification applicable \u00e0 votre produit.<\/li>\n<\/ul>\n<h6><span style=\"color: #800000\">Types d\u2019\u00e9quipements fonctionnant au gaz qui sont admissibles \u00e0 l\u2019\u00e9valuation sur place effectu\u00e9e par ULC<\/span><\/h6>\n<p>De nombreux types d\u2019\u00e9quipements au gaz sont admissibles \u00e0 une \u00e9valuation sur place s\u2019il n\u2019y a pas de norme de certification compl\u00e8te couvrant le type d\u2019\u00e9quipement sp\u00e9cifique. On retrouve notamment\u00a0:<\/p>\n<ul>\n<li>Les appareils ou \u00e9quipements qui consomment du gaz<\/li>\n<li>Les appareils fixes \u00e0 gaz<\/li>\n<li>Certains types d\u2019\u00e9quipements mobiles sur autorisation des autorit\u00e9s comp\u00e9tentes<\/li>\n<\/ul>\n<h6><span style=\"color: #800000\">Pourquoi l\u2019\u00e9valuation sur place propos\u00e9e par ULC est-elle la meilleure option au Canada?<\/span><\/h6>\n<ul>\n<li>Service et d\u00e9lai d\u2019ex\u00e9cution rapides \u2013 l\u2019\u00e9quipe d\u2019ULC peut \u00eatre sur place en temps opportun. Nous collaborons \u00e9troitement avec vous et les autorit\u00e9s locales (autorit\u00e9s comp\u00e9tentes) pour respecter vos d\u00e9lais serr\u00e9s.<\/li>\n<li>Expertise technique \u2013 l\u2019\u00e9quipe d\u2019ULC poss\u00e8de une vaste exp\u00e9rience et un vaste r\u00e9seau de soutien pour tous les types d\u2019\u00e9quipements au gaz. Et nous connaissons parfaitement les exigences du code d\u2019approbation sur place des composants relatifs au combustible des appareils et appareillages B149.3!<\/li>\n<li>Soutien technique \u2013 l\u2019\u00e9quipe d\u2019ULC apportera son soutien technique tout au long du processus afin de veiller \u00e0 ce que votre \u00e9quipement r\u00e9ponde aux exigences.<\/li>\n<li>Renforcer la confiance dans la s\u00e9curit\u00e9 \u2013 la marque de s\u00e9curit\u00e9 la plus accept\u00e9e en Am\u00e9rique du Nord sera appos\u00e9e sur votre produit.<\/li>\n<li>Les autorit\u00e9s du gaz canadiennes connaissent et acceptent l\u2019\u00e9tiquette d\u2019\u00e9valuation effectu\u00e9e sur place d\u2019ULC et elles lui font confiance.<\/li>\n<li>Nous \u0153uvrons au Canada depuis 100\u00a0ans et travaillons \u00e0 l\u2019av\u00e8nement d\u2019un monde plus s\u00fbr!<\/li>\n<\/ul>\n<p>Communiquez avec nous pour discuter de votre projet et de la fa\u00e7on dont ULC peut vous aider \u00e0 satisfaire aux exigences requises par les autorit\u00e9s du gaz \u00e0 travers le pays.<\/p>\n<p><a href=\"https:\/\/canada.ul.com\/fr\/contact-us\/\" target=\"_blank\" rel=\"noopener\"><img loading=\"lazy\" decoding=\"async\" class=\"alignnone wp-image-29497\" src=\"https:\/\/canada.ul.com\/wp-content\/uploads\/sites\/11\/2020\/03\/Get-started-today_FR.jpg\" alt=\"\" width=\"240\" height=\"46\" srcset=\"https:\/\/canada.ul.com\/wp-content\/uploads\/sites\/11\/2020\/03\/Get-started-today_FR.jpg 469w, https:\/\/canada.ul.com\/wp-content\/uploads\/sites\/11\/2020\/03\/Get-started-today_FR-300x57.jpg 300w, https:\/\/canada.ul.com\/wp-content\/uploads\/sites\/11\/2020\/03\/Get-started-today_FR-400x76.jpg 400w\" sizes=\"auto, (max-width: 240px) 100vw, 240px\" \/><\/a><\/p>\n","protected":false},"excerpt":{"rendered":"<p>Le programme d\u2019\u00e9valuation sur place propos\u00e9 par ULC vous offre la commodit\u00e9 de faire \u00e9valuer votre \u00e9quipement au gaz sur le site d\u2019installation. Vous pouvez faire pr\u00e9-\u00e9valuer votre \u00e9quipement \u00e0 l\u2019emplacement de votre choix, et [&hellip;]<\/p>\n","protected":false},"author":69,"featured_media":28609,"parent":901,"menu_order":0,"comment_status":"closed","ping_status":"closed","template":"page-ulcp.php","meta":{"_acf_changed":false,"inline_featured_image":false,"footnotes":""},"class_list":["post-29788","page","type-page","status-publish","has-post-thumbnail","hentry"],"acf":[],"_links":{"self":[{"href":"https:\/\/canada.ul.com\/fr\/wp-json\/wp\/v2\/pages\/29788","targetHints":{"allow":["GET"]}}],"collection":[{"href":"https:\/\/canada.ul.com\/fr\/wp-json\/wp\/v2\/pages"}],"about":[{"href":"https:\/\/canada.ul.com\/fr\/wp-json\/wp\/v2\/types\/page"}],"author":[{"embeddable":true,"href":"https:\/\/canada.ul.com\/fr\/wp-json\/wp\/v2\/users\/69"}],"replies":[{"embeddable":true,"href":"https:\/\/canada.ul.com\/fr\/wp-json\/wp\/v2\/comments?post=29788"}],"version-history":[{"count":0,"href":"https:\/\/canada.ul.com\/fr\/wp-json\/wp\/v2\/pages\/29788\/revisions"}],"up":[{"embeddable":true,"href":"https:\/\/canada.ul.com\/fr\/wp-json\/wp\/v2\/pages\/901"}],"wp:featuredmedia":[{"embeddable":true,"href":"https:\/\/canada.ul.com\/fr\/wp-json\/wp\/v2\/media\/28609"}],"wp:attachment":[{"href":"https:\/\/canada.ul.com\/fr\/wp-json\/wp\/v2\/media?parent=29788"}],"curies":[{"name":"wp","href":"https:\/\/api.w.org\/{rel}","templated":true}]}}