{"id":29419,"date":"2020-02-12T16:44:11","date_gmt":"2020-02-12T16:44:11","guid":{"rendered":"https:\/\/canada.ul.com\/?page_id=29419"},"modified":"2024-05-24T14:38:19","modified_gmt":"2024-05-24T14:38:19","slug":"solutions-energetiques-et-industrielles","status":"publish","type":"page","link":"https:\/\/canada.ul.com\/fr\/programmesulc\/solutions-energetiques-et-industrielles\/","title":{"rendered":"Solutions \u00e9nerg\u00e9tiques et industrielles"},"content":{"rendered":"<h4><span style=\"color: #800000;\">Le nouveau Laboratoire et Centre de service \u00e0 la client\u00e8le d&#8217;UL \u00e0 Edmonton est d\u00e9sormais ouvert pour acc\u00e9l\u00e9rer la s\u00e9curit\u00e9 de la fabrication et de la cha\u00eene d\u2019approvisionnement dans l&#8217;Ouest du Canada.<\/span><\/h4>\n<p><strong>L&#8217;acc\u00e8s \u00e0 des services locaux d&#8217;essais et de certification, destin\u00e9s aux fabricants du Canada, est essentiel \u00e0 la bonne marche de votre entreprise. En travaillant avec UL, vous d\u00e9couvrirez un processus simplifi\u00e9 qui vous fera gagner un temps pr\u00e9cieux. Notre \u00e9quipe technique locale travaillera de concert avec vous \u00e0 toutes les \u00e9tapes du processus pour en garantir le bon d\u00e9roulement.<\/strong><\/p>\n<p><a href=\"https:\/\/canada.ul.com\/fr\/contact-us\/\" target=\"_blank\" rel=\"noopener\"><img loading=\"lazy\" decoding=\"async\" class=\"alignnone wp-image-29497\" src=\"https:\/\/canada.ul.com\/wp-content\/uploads\/sites\/11\/2020\/03\/Get-started-today_FR.jpg\" alt=\"\" width=\"242\" height=\"46\" srcset=\"https:\/\/canada.ul.com\/wp-content\/uploads\/sites\/11\/2020\/03\/Get-started-today_FR.jpg 469w, https:\/\/canada.ul.com\/wp-content\/uploads\/sites\/11\/2020\/03\/Get-started-today_FR-300x57.jpg 300w, https:\/\/canada.ul.com\/wp-content\/uploads\/sites\/11\/2020\/03\/Get-started-today_FR-400x76.jpg 400w\" sizes=\"auto, (max-width: 242px) 100vw, 242px\" \/><\/a><\/p>\n<p><img loading=\"lazy\" decoding=\"async\" class=\"wp-image-28941\" src=\"https:\/\/canada.ul.com\/wp-content\/uploads\/sites\/11\/2019\/10\/iStock-916414170-2400x1400.jpg\" alt=\"\" width=\"791\" height=\"454\" srcset=\"https:\/\/canada.ul.com\/wp-content\/uploads\/sites\/11\/2019\/10\/iStock-916414170-2400x1400.jpg 2400w, https:\/\/canada.ul.com\/wp-content\/uploads\/sites\/11\/2019\/10\/iStock-916414170-2400x1400-300x172.jpg 300w, https:\/\/canada.ul.com\/wp-content\/uploads\/sites\/11\/2019\/10\/iStock-916414170-2400x1400-768x440.jpg 768w, https:\/\/canada.ul.com\/wp-content\/uploads\/sites\/11\/2019\/10\/iStock-916414170-2400x1400-1024x587.jpg 1024w, https:\/\/canada.ul.com\/wp-content\/uploads\/sites\/11\/2019\/10\/iStock-916414170-2400x1400-400x229.jpg 400w\" sizes=\"auto, (max-width: 791px) 100vw, 791px\" \/><\/p>\n<p>UL soutient l&#8217;\u00e9volution rapide de l&#8217;industrie et l&#8217;innovation. Nous travaillons de concert avec les fabricants, les propri\u00e9taires d&#8217;installations et les op\u00e9rateurs du monde entier pour garantir la conformit\u00e9 en mati\u00e8re de s\u00e9curit\u00e9. Nos services d&#8217;essais, d&#8217;inspection et de certification pour les secteurs industriels et de l&#8217;\u00e9nergie fournissent une gamme compl\u00e8te de solutions en mati\u00e8re de s\u00e9curit\u00e9 et de durabilit\u00e9 destin\u00e9es \u00e0 diverses industries, dont les suivantes\u00a0:<\/p>\n<ul>\n<li><a href=\"https:\/\/www.ul.com\/industries\/energy-and-utilities\/oil-and-gas\">P\u00e9trole et gaz<\/a><\/li>\n<li><a href=\"https:\/\/www.ul.com\/industries\/industrial-products-and-systems\">Machines et fabrication industrielle<\/a><\/li>\n<li><a href=\"https:\/\/www.ul.com\/industries\/energy-and-utilities\/power-distribution\">Distribution de l&#8217;alimentation<\/a><\/li>\n<li><a href=\"https:\/\/www.ul.com\/industries\/energy-and-utilities\/renewables\">\u00c9nergie renouvelable<\/a><\/li>\n<li><a href=\"https:\/\/www.ul.com\/services\/industrial-battery-and-energy-storage-services\">Batterie et stockage d&#8217;\u00e9nergie<\/a><\/li>\n<li><a href=\"https:\/\/www.ul.com\/services\/e-mobility-testing-and-certification\">Mobilit\u00e9 \u00e9lectrique<\/a><\/li>\n<\/ul>\n<p><strong>Nous sommes pr\u00eats \u00e0 offrir des solutions en mati\u00e8re de s\u00e9curit\u00e9 et de durabilit\u00e9, notamment celles qui suivent\u00a0:<\/strong><\/p>\n<ul>\n<li>Essais et certification de l&#8217;\u00e9quipement dans les emplacements ordinaires<\/li>\n<li>Essais et certification de l&#8217;\u00e9quipement dans les emplacements dangereux<\/li>\n<li>Essais et certification de l&#8217;\u00e9quipement et des tableaux de commande industriels<\/li>\n<li>Essais et certification des syst\u00e8mes, des produits et des composants industriels<\/li>\n<li>Services de syst\u00e8mes et de produits de distribution de l&#8217;alimentation<\/li>\n<li>Services de s\u00e9curit\u00e9 fonctionnelle<\/li>\n<li>Services d&#8217;\u00e9valuation du risque machine<\/li>\n<li>Acc\u00e8s au march\u00e9 mondial\u00a0\u2013 Certifications nord-am\u00e9ricaines et internationales, y compris UL, cUL, INMETRO, ATEX et IECEx<\/li>\n<li>\u00c9valuations sur le terrain effectu\u00e9es conform\u00e9ment aux codes SPE\u00a01000 et B149.3<\/li>\n<li>Certifications sur place<\/li>\n<li>Essais et certification de la batterie et du stockage d&#8217;\u00e9nergie<\/li>\n<li>Certification des \u00e9nergies renouvelables\u00a0\u2013 \u00c9nergie \u00e9olienne et solaire<\/li>\n<li>Essai et certification en mati\u00e8re de mobilit\u00e9 \u00e9lectrique<\/li>\n<li>Assurance de la cybers\u00e9curit\u00e9 et conformit\u00e9<\/li>\n<li>Audits des emplacements dangereux, validation, enseignement technique et formation<\/li>\n<\/ul>\n<p><strong>Pourquoi choisir UL?<\/strong><\/p>\n<ul>\n<li>Service et temps de traitement rapides\u00a0\u2013 L&#8217;\u00e9quipe d&#8217;UL au Canada peut \u00eatre sur place en 24\u00a0heures. Nous travaillons \u00e9troitement avec vous et avec les autorit\u00e9s comp\u00e9tentes locales afin de respecter vos dates butoirs.<\/li>\n<li>Expertise technique\u00a0\u2013 L&#8217;\u00e9quipe d&#8217;UL au Canada poss\u00e8de une vaste exp\u00e9rience. Il y a tr\u00e8s peu d&#8217;\u00e9quipements que nous n&#8217;avons jamais vus. Nous connaissons les normes connexes et les exigences relatives aux produits de fond en comble!<\/li>\n<li>Soutien technique\u00a0\u2013 L&#8217;\u00e9quipe d&#8217;UL au Canada vous apportera un soutien technique tout au long du processus pour s&#8217;assurer que vos \u00e9quipements et vos produits \u00e9lectriques r\u00e9pondent aux exigences.<\/li>\n<li>Renforcer la confiance en la s\u00e9curit\u00e9\u00a0\u2013 Vos \u00e9quipements et vos produits \u00e9lectriques afficheront les marques de s\u00e9curit\u00e9 accept\u00e9es les plus reconnues en Am\u00e9rique du Nord.<\/li>\n<li>Les autorit\u00e9s canadiennes connaissent et acceptent les marques d&#8217;UL et y font confiance.<\/li>\n<li>Nous offrons des services d&#8217;essais et de certifications au Canada depuis 100\u00a0ans! Nous travaillons \u00e0 l&#8217;av\u00e8nement d&#8217;un monde plus s\u00fbr!<\/li>\n<\/ul>\n<p><strong><span style=\"color: #800000;\">Le nouveau Laboratoire et Centre de service \u00e0 la client\u00e8le d&#8217;UL \u00e0 Edmonton se trouve au 1040 Parsons Road SW, Edmonton, Alberta T6X 0J4. Notre \u00e9quipe locale est pr\u00eate \u00e0 discuter de votre prochain projet.<\/span><\/strong><\/p>\n<p><a href=\"https:\/\/canada.ul.com\/fr\/contact-us\/\" target=\"_blank\" rel=\"noopener\"><img loading=\"lazy\" decoding=\"async\" class=\"alignnone wp-image-29497\" src=\"https:\/\/canada.ul.com\/wp-content\/uploads\/sites\/11\/2020\/03\/Get-started-today_FR.jpg\" alt=\"\" width=\"242\" height=\"46\" srcset=\"https:\/\/canada.ul.com\/wp-content\/uploads\/sites\/11\/2020\/03\/Get-started-today_FR.jpg 469w, https:\/\/canada.ul.com\/wp-content\/uploads\/sites\/11\/2020\/03\/Get-started-today_FR-300x57.jpg 300w, https:\/\/canada.ul.com\/wp-content\/uploads\/sites\/11\/2020\/03\/Get-started-today_FR-400x76.jpg 400w\" sizes=\"auto, (max-width: 242px) 100vw, 242px\" \/><\/a><\/p>\n<p>&nbsp;<\/p>\n","protected":false},"excerpt":{"rendered":"<p>Le nouveau Laboratoire et Centre de service \u00e0 la client\u00e8le d&#8217;UL \u00e0 Edmonton est d\u00e9sormais ouvert pour acc\u00e9l\u00e9rer la s\u00e9curit\u00e9 de la fabrication et de la cha\u00eene d\u2019approvisionnement dans l&#8217;Ouest du Canada. L&#8217;acc\u00e8s \u00e0 des [&hellip;]<\/p>\n","protected":false},"author":69,"featured_media":28943,"parent":877,"menu_order":5,"comment_status":"closed","ping_status":"closed","template":"page-ulcp.php","meta":{"_acf_changed":false,"inline_featured_image":false,"footnotes":""},"class_list":["post-29419","page","type-page","status-publish","has-post-thumbnail","hentry"],"acf":[],"_links":{"self":[{"href":"https:\/\/canada.ul.com\/fr\/wp-json\/wp\/v2\/pages\/29419","targetHints":{"allow":["GET"]}}],"collection":[{"href":"https:\/\/canada.ul.com\/fr\/wp-json\/wp\/v2\/pages"}],"about":[{"href":"https:\/\/canada.ul.com\/fr\/wp-json\/wp\/v2\/types\/page"}],"author":[{"embeddable":true,"href":"https:\/\/canada.ul.com\/fr\/wp-json\/wp\/v2\/users\/69"}],"replies":[{"embeddable":true,"href":"https:\/\/canada.ul.com\/fr\/wp-json\/wp\/v2\/comments?post=29419"}],"version-history":[{"count":2,"href":"https:\/\/canada.ul.com\/fr\/wp-json\/wp\/v2\/pages\/29419\/revisions"}],"predecessor-version":[{"id":36130,"href":"https:\/\/canada.ul.com\/fr\/wp-json\/wp\/v2\/pages\/29419\/revisions\/36130"}],"up":[{"embeddable":true,"href":"https:\/\/canada.ul.com\/fr\/wp-json\/wp\/v2\/pages\/877"}],"wp:featuredmedia":[{"embeddable":true,"href":"https:\/\/canada.ul.com\/fr\/wp-json\/wp\/v2\/media\/28943"}],"wp:attachment":[{"href":"https:\/\/canada.ul.com\/fr\/wp-json\/wp\/v2\/media?parent=29419"}],"curies":[{"name":"wp","href":"https:\/\/api.w.org\/{rel}","templated":true}]}}