{"id":29400,"date":"2020-02-10T23:37:58","date_gmt":"2020-02-10T23:37:58","guid":{"rendered":"https:\/\/canada.ul.com\/?page_id=29400"},"modified":"2025-09-15T14:39:40","modified_gmt":"2025-09-15T14:39:40","slug":"100ans","status":"publish","type":"page","link":"https:\/\/canada.ul.com\/fr\/100ans\/","title":{"rendered":"UN SI\u00c8CLE DE CONFIANCE \u2013 105 ANS AU CANADA"},"content":{"rendered":"<h2>Nous c\u00e9l\u00e9brons 105 ans au canada<\/h2>\n<p>&nbsp;<\/p>\n<p>Fond\u00e9e en 1920, UL Solutions au Canada a r\u00e9sist\u00e9 \u00e0 l\u2019\u00e9preuve du temps en faisant progresser la s\u00e9curit\u00e9, la s\u00e9curit\u00e9 et la durabilit\u00e9 dans un monde en \u00e9volution rapide. Revisitons bri\u00e8vement notre histoire et revenons sur un parcours de confiance et d\u2019accomplissements :<\/p>\n<p>1893 \u2013 William Henry Merrill (Fondateur de UL) est envoy\u00e9 \u00e0 Chicago par New England Insurance Interests pour effectuer une \u00e9tude syst\u00e9matique sur les risques li\u00e9s \u00e0 l\u2019\u00e9quipement d\u2019\u00e9clairage \u00e9lectrique.<\/p>\n<p>1894 &#8211; Merrill \u00e9quipe un laboratoire d\u2019essais \u00e9lectriques dans une petite pi\u00e8ce au deuxi\u00e8me \u00e9tage d\u2019une caserne de pompiers dans le centre-ville de Chicago.<\/p>\n<p>1910 \u2013 Des essais, inspections et \u00e9tiquetages d\u2019appareils par UL sont effectu\u00e9s dans plusieurs usines canadiennes.<\/p>\n<p>1910 \u2013 Des centres d\u2019inspection sont \u00e9tablis \u00e0 Montr\u00e9al, Toronto, Winnipeg dans d\u2019autres grandes villes canadiennes<\/p>\n<p>1920 \u2013 En raison de la croissance de l\u2019industrie canadienne et de la demande de nos services. UL Solutions au Canada a \u00e9t\u00e9 incorpor\u00e9e en vertu d\u2019une charte f\u00e9d\u00e9rale accord\u00e9e par le Secr\u00e9taire d\u2019\u00c9tat du Canada.<\/p>\n<div class='wpmf-gallerys'><div id='gallery-1' data-gutter-width='10' data-wpmfcolumns='3' class='gallery gallery-link-file gallery-masonry gallery-portfolio galleryid-29400 gallery-columns-3 gallery-size-medium wpmf-gallery-bottomspace-default wpmf-gallery-clear'><div class='wpmf-gallery-item wpmf-gallery-item-position-1 wpmf-gallery-item-attachment-29409'><div class='gallery-icon landscape'><a data-lightbox='1' href='https:\/\/canada.ul.com\/wp-content\/uploads\/sites\/11\/2020\/02\/Articles-of-Incorporation-1-1024x578.png' title='Articles d&rsquo;incorporation' class='hover_img  not_video'><\/a><a data-lightbox='1' class='portfolio_lightbox  not_video' href='https:\/\/canada.ul.com\/wp-content\/uploads\/sites\/11\/2020\/02\/Articles-of-Incorporation-1-1024x578.png' title='Articles d&rsquo;incorporation'>+<\/a> <a class=' not_video' data-lightbox='1' href='https:\/\/canada.ul.com\/wp-content\/uploads\/sites\/11\/2020\/02\/Articles-of-Incorporation-1-1024x578.png' title='Articles d\u2019incorporation' target=''><img loading=\"lazy\" decoding=\"async\" width=\"300\" height=\"169\" src=\"https:\/\/canada.ul.com\/wp-content\/uploads\/sites\/11\/2020\/02\/Articles-of-Incorporation-1-300x169.png\" class=\"attachment-medium size-medium\" alt=\"\" srcset=\"https:\/\/canada.ul.com\/wp-content\/uploads\/sites\/11\/2020\/02\/Articles-of-Incorporation-1-300x169.png 300w, https:\/\/canada.ul.com\/wp-content\/uploads\/sites\/11\/2020\/02\/Articles-of-Incorporation-1-768x434.png 768w, https:\/\/canada.ul.com\/wp-content\/uploads\/sites\/11\/2020\/02\/Articles-of-Incorporation-1-1024x578.png 1024w, https:\/\/canada.ul.com\/wp-content\/uploads\/sites\/11\/2020\/02\/Articles-of-Incorporation-1-400x226.png 400w, https:\/\/canada.ul.com\/wp-content\/uploads\/sites\/11\/2020\/02\/Articles-of-Incorporation-1.png 1071w\" sizes=\"auto, (max-width: 300px) 100vw, 300px\" \/><\/a><\/div><div class='wpmf-caption-text wpmf-gallery-caption'>\n                        <span class='title'>Articles d&rsquo;incorporation <\/span><br>\n                        <span class='excerpt'>Articles d\u2019incorporation<\/span>\n                        <\/div><\/div><div class='wpmf-gallery-item wpmf-gallery-item-position-2 wpmf-gallery-item-attachment-29407'><div class='gallery-icon portrait'><a data-lightbox='1' href='https:\/\/canada.ul.com\/wp-content\/uploads\/sites\/11\/2020\/02\/340-Richmond-1st-office-1.png' title='1er bureau au 340 Richmond' class='hover_img  not_video'><\/a><a data-lightbox='1' class='portfolio_lightbox  not_video' href='https:\/\/canada.ul.com\/wp-content\/uploads\/sites\/11\/2020\/02\/340-Richmond-1st-office-1.png' title='1er bureau au 340 Richmond'>+<\/a> <a class=' not_video' data-lightbox='1' href='https:\/\/canada.ul.com\/wp-content\/uploads\/sites\/11\/2020\/02\/340-Richmond-1st-office-1.png' title='1er bureau au 340 Richmond' target=''><img loading=\"lazy\" decoding=\"async\" width=\"239\" height=\"300\" src=\"https:\/\/canada.ul.com\/wp-content\/uploads\/sites\/11\/2020\/02\/340-Richmond-1st-office-1-239x300.png\" class=\"attachment-medium size-medium\" alt=\"\" srcset=\"https:\/\/canada.ul.com\/wp-content\/uploads\/sites\/11\/2020\/02\/340-Richmond-1st-office-1-239x300.png 239w, https:\/\/canada.ul.com\/wp-content\/uploads\/sites\/11\/2020\/02\/340-Richmond-1st-office-1-207x260.png 207w, https:\/\/canada.ul.com\/wp-content\/uploads\/sites\/11\/2020\/02\/340-Richmond-1st-office-1-159x200.png 159w, https:\/\/canada.ul.com\/wp-content\/uploads\/sites\/11\/2020\/02\/340-Richmond-1st-office-1.png 504w\" sizes=\"auto, (max-width: 239px) 100vw, 239px\" \/><\/a><\/div><div class='wpmf-caption-text wpmf-gallery-caption'>\n                        <span class='title'>1er bureau au 340 Richmond <\/span><br>\n                        <span class='excerpt'>Premi\u00e8re installation d\u2019essais, 1950<\/span>\n                        <\/div><\/div><div class='wpmf-gallery-item wpmf-gallery-item-position-3 wpmf-gallery-item-attachment-29413'><div class='gallery-icon landscape'><a data-lightbox='1' href='https:\/\/canada.ul.com\/wp-content\/uploads\/sites\/11\/2020\/02\/Ground-Breaking-1.jpg' title='Pellet&eacute;e de terre' class='hover_img  not_video'><\/a><a data-lightbox='1' class='portfolio_lightbox  not_video' href='https:\/\/canada.ul.com\/wp-content\/uploads\/sites\/11\/2020\/02\/Ground-Breaking-1.jpg' title='Pellet&eacute;e de terre'>+<\/a> <a class=' not_video' data-lightbox='1' href='https:\/\/canada.ul.com\/wp-content\/uploads\/sites\/11\/2020\/02\/Ground-Breaking-1.jpg' title='Pellet\u00e9e de terre' target=''><img loading=\"lazy\" decoding=\"async\" width=\"300\" height=\"236\" src=\"https:\/\/canada.ul.com\/wp-content\/uploads\/sites\/11\/2020\/02\/Ground-Breaking-1-300x236.jpg\" class=\"attachment-medium size-medium\" alt=\"\" srcset=\"https:\/\/canada.ul.com\/wp-content\/uploads\/sites\/11\/2020\/02\/Ground-Breaking-1-300x236.jpg 300w, https:\/\/canada.ul.com\/wp-content\/uploads\/sites\/11\/2020\/02\/Ground-Breaking-1-768x603.jpg 768w, https:\/\/canada.ul.com\/wp-content\/uploads\/sites\/11\/2020\/02\/Ground-Breaking-1-331x260.jpg 331w, https:\/\/canada.ul.com\/wp-content\/uploads\/sites\/11\/2020\/02\/Ground-Breaking-1-255x200.jpg 255w, https:\/\/canada.ul.com\/wp-content\/uploads\/sites\/11\/2020\/02\/Ground-Breaking-1.jpg 814w\" sizes=\"auto, (max-width: 300px) 100vw, 300px\" \/><\/a><\/div><div class='wpmf-caption-text wpmf-gallery-caption'>\n                        <span class='title'>Pellet&eacute;e de terre <\/span><br>\n                        <span class='excerpt'>Pellet\u00e9e de terre, Scarborough, ON \u2013 1953<\/span>\n                        <\/div><\/div><div class='wpmf-gallery-item wpmf-gallery-item-position-4 wpmf-gallery-item-attachment-29415'><div class='gallery-icon landscape'><a data-lightbox='1' href='https:\/\/canada.ul.com\/wp-content\/uploads\/sites\/11\/2020\/02\/UL-Office-Scarbourough-Phase-1-1.jpg' title='Bureau de UL Solutions, Scarborough, ON, phase 1' class='hover_img  not_video'><\/a><a data-lightbox='1' class='portfolio_lightbox  not_video' href='https:\/\/canada.ul.com\/wp-content\/uploads\/sites\/11\/2020\/02\/UL-Office-Scarbourough-Phase-1-1.jpg' title='Bureau de UL Solutions, Scarborough, ON, phase 1'>+<\/a> <a class=' not_video' data-lightbox='1' href='https:\/\/canada.ul.com\/wp-content\/uploads\/sites\/11\/2020\/02\/UL-Office-Scarbourough-Phase-1-1.jpg' title='Bureau de UL Solutions, Scarborough, ON, phase 1' target=''><img loading=\"lazy\" decoding=\"async\" width=\"300\" height=\"204\" src=\"https:\/\/canada.ul.com\/wp-content\/uploads\/sites\/11\/2020\/02\/UL-Office-Scarbourough-Phase-1-1-300x204.jpg\" class=\"attachment-medium size-medium\" alt=\"Bureau de UL Solutions, Scarborough, ON, phase 1\" srcset=\"https:\/\/canada.ul.com\/wp-content\/uploads\/sites\/11\/2020\/02\/UL-Office-Scarbourough-Phase-1-1-300x204.jpg 300w, https:\/\/canada.ul.com\/wp-content\/uploads\/sites\/11\/2020\/02\/UL-Office-Scarbourough-Phase-1-1-768x523.jpg 768w, https:\/\/canada.ul.com\/wp-content\/uploads\/sites\/11\/2020\/02\/UL-Office-Scarbourough-Phase-1-1-381x260.jpg 381w, https:\/\/canada.ul.com\/wp-content\/uploads\/sites\/11\/2020\/02\/UL-Office-Scarbourough-Phase-1-1-680x460.jpg 680w, https:\/\/canada.ul.com\/wp-content\/uploads\/sites\/11\/2020\/02\/UL-Office-Scarbourough-Phase-1-1-293x200.jpg 293w, https:\/\/canada.ul.com\/wp-content\/uploads\/sites\/11\/2020\/02\/UL-Office-Scarbourough-Phase-1-1.jpg 914w\" sizes=\"auto, (max-width: 300px) 100vw, 300px\" \/><\/a><\/div><div class='wpmf-caption-text wpmf-gallery-caption'>\n                        <span class='title'>Bureau de UL Solutions, Scarborough, ON, phase 1 <\/span><br>\n                        <span class='excerpt'>Bureau de UL Solutions au Canada, phase 1 &#8211; 1954<\/span>\n                        <\/div><\/div><div class='wpmf-gallery-item wpmf-gallery-item-position-5 wpmf-gallery-item-attachment-29411'><div class='gallery-icon landscape'><a data-lightbox='1' href='https:\/\/canada.ul.com\/wp-content\/uploads\/sites\/11\/2020\/02\/Current-Office-1.jpg' title='Bureau actuel' class='hover_img  not_video'><\/a><a data-lightbox='1' class='portfolio_lightbox  not_video' href='https:\/\/canada.ul.com\/wp-content\/uploads\/sites\/11\/2020\/02\/Current-Office-1.jpg' title='Bureau actuel'>+<\/a> <a class=' not_video' data-lightbox='1' href='https:\/\/canada.ul.com\/wp-content\/uploads\/sites\/11\/2020\/02\/Current-Office-1.jpg' title='Bureau actuel' target=''><img loading=\"lazy\" decoding=\"async\" width=\"300\" height=\"200\" src=\"https:\/\/canada.ul.com\/wp-content\/uploads\/sites\/11\/2020\/02\/Current-Office-1-300x200.jpg\" class=\"attachment-medium size-medium\" alt=\"\" srcset=\"https:\/\/canada.ul.com\/wp-content\/uploads\/sites\/11\/2020\/02\/Current-Office-1-300x200.jpg 300w, https:\/\/canada.ul.com\/wp-content\/uploads\/sites\/11\/2020\/02\/Current-Office-1-389x260.jpg 389w, https:\/\/canada.ul.com\/wp-content\/uploads\/sites\/11\/2020\/02\/Current-Office-1.jpg 440w\" sizes=\"auto, (max-width: 300px) 100vw, 300px\" \/><\/a><\/div><div class='wpmf-caption-text wpmf-gallery-caption'>\n                        <span class='title'>Bureau actuel <\/span><br>\n                        <span class='excerpt'>Bureau actuel de UL Solutions au Canada<\/span>\n                        <\/div><\/div><\/div><\/div>\n\n<p>1949 \u2013 Le si\u00e8ge social et laboratoire d\u2019essais de UL Solutions au Canada est ouvert au 340 Richmond St. West, \u00e0 Toronto.<\/p>\n<p>1953 \u2013 Un terrain est achet\u00e9 \u00e0 Scarborough, ON et le nouveau b\u00e2timent est commenc\u00e9<\/p>\n<p>1954 \u2013 UL Solutions au Canada prend possession de son nouveau b\u00e2timent \u00e0 Scarborough, ON.<\/p>\n<p>1995 \u2013 UL Solutions au Canada ouvre deux bureaux au Canada\u00a0: Vancouver et Montr\u00e9al<\/p>\n<p>2003 \u2013 UL Solutions au Canada ouvre un bureau \u00e0 Ottawa<\/p>\n<p>2006 \u2013 Lancement d\u2019un nouveau laboratoire \u00e9lectrique \u00e0 Toronto<\/p>\n<p>2016 \u2013 Lancement d\u2019un nouveau laboratoire d\u2019essais de combustion de combustible \u00e0 Toronto<\/p>\n<p>2017 \u2013 UL Solutions fait l\u2019acquisition de CLEB et ajoute un laboratoire d\u2019essais d\u2019enveloppes de b\u00e2timent \u00e0 Montr\u00e9al<\/p>\n<p>2018 \u2013\u00a0Lancement d\u2019un nouveau laboratoire d\u2019essais d\u2019enveloppes de b\u00e2timent et de fenestration \u00e0 Toronto.<\/p>\n<p>2019 \u2013 UL Solutions au Canada ouvre un bureau \u00e0 Edmonton.<\/p>\n<p>2025 \u2013 Un si\u00e8cle de confiance. UL Solutions au Canada c\u00e9l\u00e8bre 105 ans au Canada au service des Canadiens!<\/p>\n<p>Aujourd\u2019hui, UL Solutions au Canada joue un r\u00f4le de premier plan dans l\u2019innovation de solutions de s\u00e9curit\u00e9 qui font progresser le bien-\u00eatre de la soci\u00e9t\u00e9, de l\u2019adoption publique de l\u2019\u00e9lectricit\u00e9 aux perc\u00e9es en nanotechnologie. Les temps changent, la confiance demeure. Nous sommes impatients de continuer \u00e0 servir les Canadiens et \u00e0 faire progresser notre mission de s\u00e9curit\u00e9 publique.<\/p>\n<p>Visitez cette page souvent pour conna\u00eetre les \u00e9v\u00e9nements qui se produisent dans votre r\u00e9gion.<\/p>\n","protected":false},"excerpt":{"rendered":"<p>Nous c\u00e9l\u00e9brons 105 ans au canada &nbsp; Fond\u00e9e en 1920, UL Solutions au Canada a r\u00e9sist\u00e9 \u00e0 l\u2019\u00e9preuve du temps en faisant progresser la s\u00e9curit\u00e9, la s\u00e9curit\u00e9 et la durabilit\u00e9 dans un monde en \u00e9volution [&hellip;]<\/p>\n","protected":false},"author":144,"featured_media":0,"parent":0,"menu_order":0,"comment_status":"closed","ping_status":"closed","template":"","meta":{"_acf_changed":false,"inline_featured_image":false,"footnotes":""},"class_list":["post-29400","page","type-page","status-publish","hentry"],"acf":[],"_links":{"self":[{"href":"https:\/\/canada.ul.com\/fr\/wp-json\/wp\/v2\/pages\/29400","targetHints":{"allow":["GET"]}}],"collection":[{"href":"https:\/\/canada.ul.com\/fr\/wp-json\/wp\/v2\/pages"}],"about":[{"href":"https:\/\/canada.ul.com\/fr\/wp-json\/wp\/v2\/types\/page"}],"author":[{"embeddable":true,"href":"https:\/\/canada.ul.com\/fr\/wp-json\/wp\/v2\/users\/144"}],"replies":[{"embeddable":true,"href":"https:\/\/canada.ul.com\/fr\/wp-json\/wp\/v2\/comments?post=29400"}],"version-history":[{"count":3,"href":"https:\/\/canada.ul.com\/fr\/wp-json\/wp\/v2\/pages\/29400\/revisions"}],"predecessor-version":[{"id":36562,"href":"https:\/\/canada.ul.com\/fr\/wp-json\/wp\/v2\/pages\/29400\/revisions\/36562"}],"wp:attachment":[{"href":"https:\/\/canada.ul.com\/fr\/wp-json\/wp\/v2\/media?parent=29400"}],"curies":[{"name":"wp","href":"https:\/\/api.w.org\/{rel}","templated":true}]}}