{"id":29391,"date":"2020-02-10T15:20:03","date_gmt":"2020-02-10T15:20:03","guid":{"rendered":"https:\/\/canada.ul.com\/?page_id=29391"},"modified":"2020-07-07T17:20:43","modified_gmt":"2020-07-07T17:20:43","slug":"appareils-a-combustible","status":"publish","type":"page","link":"https:\/\/canada.ul.com\/fr\/programmesulc\/appareils-a-combustible\/","title":{"rendered":"Appareils \u00e0 combustible"},"content":{"rendered":"<p>Depuis plus de 100\u00a0ans, Underwriter\u2019s Laboratory (UL) est l\u2019un des prestataires canadiens les plus fiables en mati\u00e8re de s\u00e9curit\u00e9 des produits, de certification et autres renseignements connexes.<\/p>\n<p>Notre laboratoire de combustion dernier cri situ\u00e9 \u00e0 Toronto vous offre un service local sans \u00e9quivalent pour l\u2019homologation de vos appareils \u00e0 combustible au Canada, aux \u00c9tats-Unis ou sur d\u2019autres march\u00e9s dans le monde. Nos services d\u2019homologation simplifi\u00e9s vous aident \u00e0 commercialiser vos appareils \u00e0 combustible sur le march\u00e9 mondial plus rapidement, avec efficacit\u00e9 et en \u00e9conomisant \u00e0 la fois votre temps et votre argent.<\/p>\n<h6><span style=\"color: #800000\"><a href=\"https:\/\/canada.ul.com\/fr\/contact-us\/\" target=\"_blank\" rel=\"noopener\"><img loading=\"lazy\" decoding=\"async\" class=\"alignnone wp-image-29497\" src=\"https:\/\/canada.ul.com\/wp-content\/uploads\/sites\/11\/2020\/03\/Get-started-today_FR.jpg\" alt=\"\" width=\"242\" height=\"46\" srcset=\"https:\/\/canada.ul.com\/wp-content\/uploads\/sites\/11\/2020\/03\/Get-started-today_FR.jpg 469w, https:\/\/canada.ul.com\/wp-content\/uploads\/sites\/11\/2020\/03\/Get-started-today_FR-300x57.jpg 300w, https:\/\/canada.ul.com\/wp-content\/uploads\/sites\/11\/2020\/03\/Get-started-today_FR-400x76.jpg 400w\" sizes=\"auto, (max-width: 242px) 100vw, 242px\" \/><\/a><\/span><\/h6>\n<p>Le laboratoire de combustion de Toronto vient compl\u00e9ter les services existants d\u2019essai et de certification offerts par UL aux fabricants du Canada. Vous pouvez d\u00e9sormais escompter recevoir un niveau similaire d\u2019expertise technique pour vos appareils aliment\u00e9s au gaz, au mazout ou aux combustibles solides. Une fois homologu\u00e9s, vos appareils porteront la marque UL, la marque de certification la plus fiable d\u2019Am\u00e9rique du Nord.<\/p>\n<p><img loading=\"lazy\" decoding=\"async\" class=\"alignnone wp-image-27637 size-full\" src=\"https:\/\/canada.ul.com\/wp-content\/uploads\/sites\/11\/2019\/01\/iStock_2445972_SMALL.jpg\" alt=\"\" width=\"488\" height=\"214\" srcset=\"https:\/\/canada.ul.com\/wp-content\/uploads\/sites\/11\/2019\/01\/iStock_2445972_SMALL.jpg 488w, https:\/\/canada.ul.com\/wp-content\/uploads\/sites\/11\/2019\/01\/iStock_2445972_SMALL-300x132.jpg 300w, https:\/\/canada.ul.com\/wp-content\/uploads\/sites\/11\/2019\/01\/iStock_2445972_SMALL-400x175.jpg 400w\" sizes=\"auto, (max-width: 488px) 100vw, 488px\" \/><\/p>\n<h6><span style=\"color: #800000\">UL offre une gamme compl\u00e8te de services pour les appareils \u00e0 combustible<\/span><\/h6>\n<p>Nos experts techniques professionnels sont pr\u00eats \u00e0 vous fournir une gamme compl\u00e8te de solutions d\u2019ing\u00e9nierie de produits\u00a0:<\/p>\n<ul>\n<li>\u00c9valuation de performances et d\u2019homologations<\/li>\n<li>Homologations de lots ou d\u2019appareils seuls<\/li>\n<li>V\u00e9rification de l\u2019efficacit\u00e9 \u00e9nerg\u00e9tique<\/li>\n<li>Marque de v\u00e9rification pour les arguments de vente<\/li>\n<li>Essai acc\u00e9l\u00e9r\u00e9 de cycle de vie<\/li>\n<li>Acc\u00e8s au march\u00e9 mondial\u00a0\u2013 Europe, Australie, Asie Pacifique<\/li>\n<li>Certification de s\u00e9curit\u00e9 mondiale<\/li>\n<li>R\u00e8glements d\u2019efficacit\u00e9 \u00e9nerg\u00e9tique mondiaux<\/li>\n<li>ENERGY\u00a0STAR\u00ae<\/li>\n<li>Contr\u00f4le des \u00e9missions d\u2019oxyde nitreux<\/li>\n<li>Externalisation des \u00e9valuations (les essais peuvent \u00eatre effectu\u00e9s \u00e0 l\u2019installation du client ou d\u2019UL)<\/li>\n<li>\u00c9valuation personnalis\u00e9e des performances<\/li>\n<li>Certification sur place<\/li>\n<li>Programme d\u2019acceptation des donn\u00e9es<\/li>\n<\/ul>\n<h6><span style=\"color: #800000\">Le laboratoire d\u2019UL \u00e0 Toronto effectue des essais complets de combustion au gaz naturel, au propane, au butane, avec des m\u00e9langes de gaz, du mazout et des combustibles solides pour les appareils et les \u00e9quipements suivants, et bien d\u2019autres qui sont absents de cette liste\u00a0:<\/span><\/h6>\n<ul>\n<li>Chaudi\u00e8res r\u00e9sidentielles et commerciales<\/li>\n<li>Chauffe-eau r\u00e9sidentiels et commerciaux<\/li>\n<li>Fours<\/li>\n<li>\u00c9quipement commercial et industriel<\/li>\n<li>S\u00e9cheuse familiale et commerciale, etc.<\/li>\n<li>Appareils de cuisson familiaux et commerciaux<\/li>\n<li>Appareils de cuisson pour utilisation \u00e0 l\u2019ext\u00e9rieur<\/li>\n<li>Appareils d\u00e9coratifs<\/li>\n<li>Mat\u00e9riel de camping<\/li>\n<li>Commandes de combustion<\/li>\n<li>Pare-flammes<\/li>\n<li>Foyer au gaz<\/li>\n<\/ul>\n<h6><span style=\"color: #800000\">Solutions d\u2019acc\u00e8s au march\u00e9 mondial d\u2019UL\u00a0\u2013 Commercialisez vos produits rapidement et efficacement sur les march\u00e9s du monde entier<\/span><\/h6>\n<p>Le r\u00e9seau mondial d\u2019UL et son expertise en mati\u00e8re de conformit\u00e9 vous aident \u00e0 vous rep\u00e9rer parmi des exigences normatives nationales ou r\u00e9gionales particuli\u00e8res. Nous savons que les besoins de vos clients doivent \u00eatre satisfaits et notre objectif est de vous fournir des solutions de certification simplifi\u00e9es, o\u00f9 que vous vendiez vos produits. Nous pouvons faciliter votre conformit\u00e9 au march\u00e9 en regroupant les essais et les marques de certification des produits souhait\u00e9s pour la totalit\u00e9 des exigences et des march\u00e9s cibl\u00e9s. Ce processus simplifi\u00e9 vous fait \u00e9conomiser du temps et de l\u2019argent, et vous permet donc d\u2019acc\u00e9der plus vite aux march\u00e9s que vous ciblez. Notre service d\u2019acc\u00e8s au march\u00e9 mondial vous apportera des services efficaces dans le monde entier et des solutions uniques pour r\u00e9duire les t\u00e2ches administratives et de gestion de projet en g\u00e9n\u00e9ral.<\/p>\n<h6><span style=\"color: #800000\">Notre engagement\u00a0\u2013 La diff\u00e9rence\u00a0UL\u00a0\u2013 Un nom digne de confiance<\/span><\/h6>\n<p>Choisir UL, c\u2019est choisir l\u2019excellence en mati\u00e8re de s\u00e9curit\u00e9 et de qualit\u00e9. Quand votre r\u00e9ussite est en jeu, ne laissez rien au hasard\u00a0\u2013 mettez \u00e0 profit les vastes connaissances d\u2019ing\u00e9nierie, l\u2019expertise technique et la r\u00e9putation mondiale d\u2019UL.<\/p>\n<h6><span style=\"color: #800000\">Puisez dans nos connaissances<\/span><\/h6>\n<p>UL propose des s\u00e9minaires de formation personnalis\u00e9s en fonction des produits et des march\u00e9s de votre soci\u00e9t\u00e9. Nous travaillerons ensemble afin de concevoir un programme d\u2019\u00e9ducation sp\u00e9cialement pour vous. <span style=\"color: #000000\">Communiquez avec nous d\u00e8s aujourd\u2019hui pour d\u00e9couvrir comment UL peut vous aider dans vos projets d\u2019homologation d\u2019appareils \u00e0 gaz pour le march\u00e9 nord-am\u00e9ricain et international.<\/span><\/p>\n<p><a href=\"https:\/\/canada.ul.com\/fr\/contact-us\/\" target=\"_blank\" rel=\"noopener\"><img loading=\"lazy\" decoding=\"async\" class=\"alignnone wp-image-29497\" src=\"https:\/\/canada.ul.com\/wp-content\/uploads\/sites\/11\/2020\/03\/Get-started-today_FR.jpg\" alt=\"\" width=\"242\" height=\"46\" srcset=\"https:\/\/canada.ul.com\/wp-content\/uploads\/sites\/11\/2020\/03\/Get-started-today_FR.jpg 469w, https:\/\/canada.ul.com\/wp-content\/uploads\/sites\/11\/2020\/03\/Get-started-today_FR-300x57.jpg 300w, https:\/\/canada.ul.com\/wp-content\/uploads\/sites\/11\/2020\/03\/Get-started-today_FR-400x76.jpg 400w\" sizes=\"auto, (max-width: 242px) 100vw, 242px\" \/><\/a><\/p>\n","protected":false},"excerpt":{"rendered":"<p>Depuis plus de 100\u00a0ans, Underwriter\u2019s Laboratory (UL) est l\u2019un des prestataires canadiens les plus fiables en mati\u00e8re de s\u00e9curit\u00e9 des produits, de certification et autres renseignements connexes. Notre laboratoire de combustion dernier cri situ\u00e9 \u00e0 [&hellip;]<\/p>\n","protected":false},"author":69,"featured_media":26614,"parent":877,"menu_order":62,"comment_status":"closed","ping_status":"closed","template":"page-ulcp.php","meta":{"_acf_changed":false,"inline_featured_image":false,"footnotes":""},"class_list":["post-29391","page","type-page","status-publish","has-post-thumbnail","hentry"],"acf":[],"_links":{"self":[{"href":"https:\/\/canada.ul.com\/fr\/wp-json\/wp\/v2\/pages\/29391","targetHints":{"allow":["GET"]}}],"collection":[{"href":"https:\/\/canada.ul.com\/fr\/wp-json\/wp\/v2\/pages"}],"about":[{"href":"https:\/\/canada.ul.com\/fr\/wp-json\/wp\/v2\/types\/page"}],"author":[{"embeddable":true,"href":"https:\/\/canada.ul.com\/fr\/wp-json\/wp\/v2\/users\/69"}],"replies":[{"embeddable":true,"href":"https:\/\/canada.ul.com\/fr\/wp-json\/wp\/v2\/comments?post=29391"}],"version-history":[{"count":0,"href":"https:\/\/canada.ul.com\/fr\/wp-json\/wp\/v2\/pages\/29391\/revisions"}],"up":[{"embeddable":true,"href":"https:\/\/canada.ul.com\/fr\/wp-json\/wp\/v2\/pages\/877"}],"wp:featuredmedia":[{"embeddable":true,"href":"https:\/\/canada.ul.com\/fr\/wp-json\/wp\/v2\/media\/26614"}],"wp:attachment":[{"href":"https:\/\/canada.ul.com\/fr\/wp-json\/wp\/v2\/media?parent=29391"}],"curies":[{"name":"wp","href":"https:\/\/api.w.org\/{rel}","templated":true}]}}