{"id":29294,"date":"2020-01-09T14:14:23","date_gmt":"2020-01-09T14:14:23","guid":{"rendered":"https:\/\/canada.ul.com\/?page_id=29294"},"modified":"2025-06-09T17:54:18","modified_gmt":"2025-06-09T17:54:18","slug":"bulletins-de-certification-2019-2-2","status":"publish","type":"page","link":"https:\/\/canada.ul.com\/fr\/organismesresponsabledescodes\/certificationbulletins\/bulletins-de-certification-2019-2-2\/","title":{"rendered":"Bulletins de Certification 2020"},"content":{"rendered":"<p><a href=\"https:\/\/canada.ul.com\/wp-content\/uploads\/sites\/11\/2020\/10\/Bulletin-de-Certification-2020-15FRN-ULC-ORD-C125Remplac\u00e9.pdf\">Bulletin de Certification 2020-15(FRN)-ULC-ORD-C125(Remplac\u00e9)<\/a> Vannes pour l&#8217;ammoniac anhydre et le propane (autre que la s\u00fbret\u00e9) a \u00e9t\u00e9 remplac\u00e9 par ANSI\/CAN\/UL\/ULC 125, Vannes de contr\u00f4le de d\u00e9bit pour l&#8217;ammoniac anhydre et le gaz propane<\/p>\n<p><a href=\"https:\/\/canada.ul.com\/wp-content\/uploads\/sites\/11\/2020\/10\/Bulletin-de-Certification-2020-14FRN-ULC-ORD-C842Remplac\u00e9.pdf\">Bulletin de Certification 2020-14(FRN)-ULC-ORD-C842(Remplac\u00e9) <\/a> Vannes pour liquides inflammables et combustibles a \u00e9t\u00e9 remplac\u00e9 par ANSI\/CAN\/UL\/ULC 842, Vannes pour liquides inflammables et combustibles<\/p>\n<p><a href=\"https:\/\/canada.ul.com\/wp-content\/uploads\/sites\/11\/2020\/09\/Bulletin-dInformation-2020-13FRN-ULC-TG-44002.pdf\">Bulletin d &#8216;Information 2020-13(FRN)-ULC-TG-44002<\/a> Premi\u00e8re \u00e9dition de ULC TG-44002:2020, GUIDE TECHNIQUE NATIONAL DE L&#8217;ULC POUR<br \/>\nLA S\u00c9CURIT\u00c9 DES PROC\u00c9D\u00c9S D&#8217;EXTRACTION DE L&#8217;HUILE DE CANNABIS<\/p>\n<p><a href=\"https:\/\/canada.ul.com\/wp-content\/uploads\/sites\/11\/2020\/09\/Bulletin-de-Certification-2020-12FRN-ULC-ORD-C539.pdf\">Bulletin de Certification 2020-12(FRN)-ULC-ORD-C539<\/a> ULC\/ORD-C539(R2020) 1\u00e8re \u00e9dition \u2013 Simple et multiple Alarmes de chaleur de la station<\/p>\n<p><a href=\"https:\/\/canada.ul.com\/wp-content\/uploads\/sites\/11\/2020\/09\/Bulletin-de-Certification-2020-11FRN-ULC-ORD-C386-15.pdf\">Bulletin de Certification 2020-11(FRN)-ULC-ORD-C386-15<\/a> ULC\/ORD-C386-15(R2020) 1\u00e8re \u00e9dition \u2013 D\u00e9tecteurs de flamme<\/p>\n<p><a href=\"https:\/\/canada.ul.com\/wp-content\/uploads\/sites\/11\/2020\/09\/Bulletin-de-Certification-2020-10FRN-ULC-ORD-C13782020-1.pdf\">Bulletin de Certification 2020-10(FRN)-ULC-ORD-C1378(2020)<\/a> ULC\/ORD-C1378 (2020) 1\u00e8re \u00e9dition \u2013 aliment\u00e9e au gaz combin\u00e9e de chaleur et d&#8217;appareils d&#8217;alimentation<\/p>\n<p><a href=\"https:\/\/canada.ul.com\/wp-content\/uploads\/sites\/11\/2020\/09\/Bulletin-de-Certification-2020-09FRN-CAN-ULC-S561-20.pdf\">Bulletin de Certification 2020-09(FRN)-CAN-ULC-S561-20<\/a> Troisi\u00e8me \u00e9dition CAN\/ULC-S561:2020, NORME SUR L&#8217;INSTALLATION ET LES SERVICES \u2013 SYST\u00c8MES ET CENTRALES DE R\u00c9CEPTION D&#8217;ALARME INCENDIE<\/p>\n<p><a href=\"https:\/\/canada.ul.com\/wp-content\/uploads\/sites\/11\/2020\/05\/Bulletin-de-Certification-2020-08FRN-ULC-S1001.pdf\" target=\"\" rel=\"noopener noreferrer\">Bulletin De Certification 2020 08(FRN) ULC S1001<\/a> Le pr\u00e9sent document constitue la premi\u00e8re \u00e9dition de la norme CAN\/ULC-S1001-11 Rev1-2019, Essais int\u00e9gr\u00e9s de syst\u00e8mes de protection incendie et de s\u00e9curit\u00e9 des personnes<\/p>\n<p><a href=\"https:\/\/canada.ul.com\/wp-content\/uploads\/sites\/11\/2020\/04\/Bulletin-de-Certification-2020-07FRN-ULC-ORD-C343.pdf\" target=\"\" rel=\"noopener noreferrer\">Bulletin De Certification 2020 07(FRN) ULC ORD C343<\/a> ULC\/ORD-C343(2020) 1re Edition &#8211; Guide d&#8217;enqu\u00eate sur les pompes pour combustion au mazout appareils<\/p>\n<p><a href=\"https:\/\/canada.ul.com\/wp-content\/uploads\/sites\/11\/2020\/04\/Bulletin-de-Certification-2020-06FRN-ULC-ORD-C213-96-Remplac%C3%A9.pdf\" target=\"\" rel=\"noopener noreferrer\">Bulletin De Certification 2020 06(FRN) ULC ORD C213 96 (Remplac\u00e9)<\/a> ULC\/ORD-C213-96 Caoutchouc Gasketed Raccords pour Service de protection-incendie<\/p>\n<p><a href=\"https:\/\/canada.ul.com\/wp-content\/uploads\/sites\/11\/2020\/04\/Bulletin-de-Certification-2020-05FRN-ULC-ORD-C203-Remplac%C3%A9.pdf\" target=\"\" rel=\"noopener noreferrer\">Bulletin De Certification 2020 05(FRN) ULC ORD C203 (Remplac\u00e9)<\/a> ULC\/ORD-C203 Tuyau Hanger \u00e9quipement pour la protection contre les incendies a \u00e9t\u00e9 remplac\u00e9<\/p>\n<p><a href=\"https:\/\/canada.ul.com\/wp-content\/uploads\/sites\/11\/2020\/04\/Bulletin-de-Certification-2020-04FRN-ULC-ORD-C1389-Remplac%C3%A9.pdf\" target=\"\" rel=\"noopener noreferrer\">Bulletin De Certification 2020 04(FRN) ULC ORD C1389 (Remplac\u00e9)<\/a> ULC\/ORD-C1389 \u00c9quipement d&#8217;extraction d&#8217;huile pour installation et utilisation dans des emplacements ordinaires (non class\u00e9s) et dangereux (class\u00e9s)<\/p>\n<p><a href=\"https:\/\/canada.ul.com\/wp-content\/uploads\/sites\/11\/2020\/04\/Bulletin-de-Certification-2020-03FRN-ULC-S532.pdf\" target=\"\" rel=\"noopener noreferrer\">Bulletin De Certification 2020 03(FRN) ULC S532<\/a> Programme de certification des extincteurs agences de service &#8211; modification de la fr\u00e9quence d&#8217;inspection<\/p>\n<p><a href=\"https:\/\/canada.ul.com\/wp-content\/uploads\/sites\/11\/2020\/03\/Bulletin-de-Certification-2020-02FRN-ULC-ORD-C13732020.pdf\" target=\"\" rel=\"noopener noreferrer\">Bulletin De Certification 2020 02(FRN) ULC ORD C1373(2020)<\/a> ULC\/ORD-C1373 (2020) 1re Edition \u2013 Guide pour l&#8217;enqu\u00eate sur les appareils de gaz\u00e9ification de chauffage de l&#8217;eau construits en usine<\/p>\n<p><a href=\"https:\/\/canada.ul.com\/wp-content\/uploads\/sites\/11\/2020\/01\/Bulletin-de-Certification-2020-01FRNCAN-ULC-S301-18.pdf\" target=\"\" rel=\"noopener noreferrer\">Bulletin De Certification 2020 01(FRN)CAN ULC S301 18<\/a> Troisi\u00e8me \u00e9dition de CAN\/ULC-S301:2018 sur la norme relative aux configurations et aux op\u00e9rations des centrales de r\u00e9ception d&#8217;alarme<\/p>\n","protected":false},"excerpt":{"rendered":"<p>Bulletin de Certification 2020-15(FRN)-ULC-ORD-C125(Remplac\u00e9) Vannes pour l&#8217;ammoniac anhydre et le propane (autre que la s\u00fbret\u00e9) a \u00e9t\u00e9 remplac\u00e9 par ANSI\/CAN\/UL\/ULC 125, Vannes de contr\u00f4le de d\u00e9bit pour l&#8217;ammoniac anhydre et le gaz propane Bulletin de [&hellip;]<\/p>\n","protected":false},"author":105,"featured_media":0,"parent":871,"menu_order":0,"comment_status":"closed","ping_status":"closed","template":"","meta":{"_acf_changed":false,"inline_featured_image":false,"footnotes":""},"class_list":["post-29294","page","type-page","status-publish","hentry"],"acf":[],"_links":{"self":[{"href":"https:\/\/canada.ul.com\/fr\/wp-json\/wp\/v2\/pages\/29294","targetHints":{"allow":["GET"]}}],"collection":[{"href":"https:\/\/canada.ul.com\/fr\/wp-json\/wp\/v2\/pages"}],"about":[{"href":"https:\/\/canada.ul.com\/fr\/wp-json\/wp\/v2\/types\/page"}],"author":[{"embeddable":true,"href":"https:\/\/canada.ul.com\/fr\/wp-json\/wp\/v2\/users\/105"}],"replies":[{"embeddable":true,"href":"https:\/\/canada.ul.com\/fr\/wp-json\/wp\/v2\/comments?post=29294"}],"version-history":[{"count":3,"href":"https:\/\/canada.ul.com\/fr\/wp-json\/wp\/v2\/pages\/29294\/revisions"}],"predecessor-version":[{"id":36647,"href":"https:\/\/canada.ul.com\/fr\/wp-json\/wp\/v2\/pages\/29294\/revisions\/36647"}],"up":[{"embeddable":true,"href":"https:\/\/canada.ul.com\/fr\/wp-json\/wp\/v2\/pages\/871"}],"wp:attachment":[{"href":"https:\/\/canada.ul.com\/fr\/wp-json\/wp\/v2\/media?parent=29294"}],"curies":[{"name":"wp","href":"https:\/\/api.w.org\/{rel}","templated":true}]}}